{"id":12612,"date":"2026-04-10T12:01:15","date_gmt":"2026-04-10T10:01:15","guid":{"rendered":"https:\/\/serveiseducatius.xtec.cat\/cda-empuries\/?page_id=12612"},"modified":"2026-04-10T12:27:07","modified_gmt":"2026-04-10T10:27:07","slug":"moment-1-espai-dinteres-geologic-el-far-de-roses","status":"publish","type":"page","link":"https:\/\/serveiseducatius.xtec.cat\/cda-empuries\/moment-1-espai-dinteres-geologic-el-far-de-roses\/","title":{"rendered":"Moment 1. Espai d&#8217;inter\u00e8s Geol\u00f2gic el Far de Roses"},"content":{"rendered":"<p>Abans de venir a fer la sortida a l&#8217;Espai d\u2019inter\u00e8s Geol\u00f2gic el Far de Roses (<a href=\"https:\/\/mediambient.gencat.cat\/web\/.content\/home\/ambits_dactuacio\/patrimoni_natural\/sistemes_dinformacio\/inventari_despais_dinteres_geologic\/consulta_de_les_fitxes_descriptives_dels_eig\/documentos\/163_descrip.pdf\">ge\u00f2top 163<\/a>), el Treball de camp pr\u00f2piament dit, va b\u00e9 que els alumnes es familiaritzin amb alguns conceptes que treballaran. Quan ja coneixen una mica qu\u00e8 aniran a veure \u00e9s quan se\u2019ls desperta la curiositat i es fan les seves preguntes.\u00a0Per aix\u00f2 us proposem unes petites\u00a0<strong>activitats introduct\u00f2ries<\/strong>:<\/p>\n<p>Es podria treballar el cicle de les roques amb la pr\u00e0ctica de laboratori el\u00a0<a href=\"https:\/\/www.earthlearningidea.com\/PDF\/10_Catalan.pdf\">Cicle de les Roques en Cera<\/a><\/p>\n<p>Podeu fer un experiment molt senzill sobre la <a href=\"https:\/\/www.earthlearningidea.com\/PDF\/214_Catalan.pdf\">pluja \u00e0cida<\/a> que ajudar\u00e0 a comprendre la meteoritzaci\u00f3 de les roques i si no teniu temps ho podeu mirar en aquest breu <a href=\"https:\/\/www.earthlearningidea.com\/Video\/214_Catalan_Lst_weathering.html\">v\u00eddeo<\/a><\/p>\n<p>Tamb\u00e9 estaria b\u00e9 treballar una mica les propietats dels minerals i les roques si no s&#8217;ha fet pr\u00e8viament, encara que si cal es pot treballar a despr\u00e8s de la sortida. Us proposem alguns recursos que podeu trobar en la xarxa com ara:<\/p>\n<table style=\"width: 100%; border-collapse: collapse; border-style: solid; border-color: #000000;\">\n<tbody>\n<tr>\n<td style=\"width: 33.3333%; border-style: solid; border-color: #000000;\">Clau d&#8217;identificaci\u00f3 en preguntes tipus test digital de geoleg.cat<\/td>\n<td style=\"width: 33.3333%; border-style: solid; border-color: #000000;\">Guia de roques del Museu de ci\u00e8ncies Naturals de Barcelona<\/td>\n<td style=\"width: 33.3333%; border-style: solid; border-color: #000000;\">Activitats sobre les propietats dels minerals<\/td>\n<\/tr>\n<tr>\n<td style=\"width: 33.3333%; border-style: solid; border-color: #000000;\"><a href=\"https:\/\/forms.office.com\/pages\/responsepage.aspx?id=qzwxosOxOk-7ESFXRH3btM01BFSMfP1CgX4X17teGXRUMUpXUEJUVldYMDJORlBMMlBHSDEwR0NERi4u&amp;route=shorturl\"><img loading=\"lazy\" decoding=\"async\" class=\"alignnone wp-image-12617 size-medium\" src=\"https:\/\/serveiseducatius.xtec.cat\/cda-empuries\/wp-content\/uploads\/usu1383\/2026\/04\/geolog.cat_-300x168.jpg\" alt=\"\" width=\"300\" height=\"168\" srcset=\"https:\/\/serveiseducatius.xtec.cat\/cda-empuries\/wp-content\/uploads\/usu1383\/2026\/04\/geolog.cat_-300x168.jpg 300w, https:\/\/serveiseducatius.xtec.cat\/cda-empuries\/wp-content\/uploads\/usu1383\/2026\/04\/geolog.cat_-1024x573.jpg 1024w, https:\/\/serveiseducatius.xtec.cat\/cda-empuries\/wp-content\/uploads\/usu1383\/2026\/04\/geolog.cat_-768x429.jpg 768w, https:\/\/serveiseducatius.xtec.cat\/cda-empuries\/wp-content\/uploads\/usu1383\/2026\/04\/geolog.cat_.jpg 1175w\" sizes=\"auto, (max-width: 300px) 100vw, 300px\" \/><\/a><\/td>\n<td style=\"width: 33.3333%; border-style: solid; border-color: #000000;\"><a href=\"https:\/\/museuciencies.cat\/comunicacio\/publicacions\/divulgatives\/guia-de-roques\/\"><img loading=\"lazy\" decoding=\"async\" class=\"alignnone wp-image-12615 size-medium\" src=\"https:\/\/serveiseducatius.xtec.cat\/cda-empuries\/wp-content\/uploads\/usu1383\/2026\/04\/Guia-de-roques-212x300.jpg\" alt=\"\" width=\"212\" height=\"300\" srcset=\"https:\/\/serveiseducatius.xtec.cat\/cda-empuries\/wp-content\/uploads\/usu1383\/2026\/04\/Guia-de-roques-212x300.jpg 212w, https:\/\/serveiseducatius.xtec.cat\/cda-empuries\/wp-content\/uploads\/usu1383\/2026\/04\/Guia-de-roques.jpg 434w\" sizes=\"auto, (max-width: 212px) 100vw, 212px\" \/><\/a><\/td>\n<td style=\"width: 33.3333%; border-style: solid; border-color: #000000;\"><a href=\"https:\/\/issuu.com\/rosellminerals\/docs\/material_did__ctic_-_introducci___a\"><img loading=\"lazy\" decoding=\"async\" class=\"alignnone wp-image-12616 size-medium\" src=\"https:\/\/serveiseducatius.xtec.cat\/cda-empuries\/wp-content\/uploads\/usu1383\/2026\/04\/Introduccio-a-la-Mineralogia-300x203.jpg\" alt=\"\" width=\"300\" height=\"203\" srcset=\"https:\/\/serveiseducatius.xtec.cat\/cda-empuries\/wp-content\/uploads\/usu1383\/2026\/04\/Introduccio-a-la-Mineralogia-300x203.jpg 300w, https:\/\/serveiseducatius.xtec.cat\/cda-empuries\/wp-content\/uploads\/usu1383\/2026\/04\/Introduccio-a-la-Mineralogia.jpg 400w\" sizes=\"auto, (max-width: 300px) 100vw, 300px\" \/><\/a><\/td>\n<\/tr>\n<\/tbody>\n<\/table>\n<p>Podeu visualitzar algun d&#8217;aquests v\u00eddeos de la formaci\u00f3 geol\u00f2gica del Cap de Creus o dels Pirineus en general<\/p>\n<table style=\"border-collapse: collapse; width: 100%;\">\n<tbody>\n<tr>\n<td style=\"width: 50%;\"><a href=\"https:\/\/www.3cat.cat\/3cat\/geologia-cap-de-creus\/video\/5222331\/\"><img loading=\"lazy\" decoding=\"async\" class=\"wp-image-12621 alignnone\" src=\"https:\/\/serveiseducatius.xtec.cat\/cda-empuries\/wp-content\/uploads\/usu1383\/2026\/04\/video-300x157.png\" alt=\"\" width=\"449\" height=\"235\" srcset=\"https:\/\/serveiseducatius.xtec.cat\/cda-empuries\/wp-content\/uploads\/usu1383\/2026\/04\/video-300x157.png 300w, https:\/\/serveiseducatius.xtec.cat\/cda-empuries\/wp-content\/uploads\/usu1383\/2026\/04\/video-1024x535.png 1024w, https:\/\/serveiseducatius.xtec.cat\/cda-empuries\/wp-content\/uploads\/usu1383\/2026\/04\/video-768x401.png 768w, https:\/\/serveiseducatius.xtec.cat\/cda-empuries\/wp-content\/uploads\/usu1383\/2026\/04\/video.png 1341w\" sizes=\"auto, (max-width: 449px) 100vw, 449px\" \/><\/a><\/td>\n<td style=\"width: 50%;\"><a href=\"https:\/\/www.youtube.com\/watch?v=91ro3sc3nOE\"><img loading=\"lazy\" decoding=\"async\" class=\"alignnone wp-image-12626\" src=\"https:\/\/serveiseducatius.xtec.cat\/cda-empuries\/wp-content\/uploads\/usu1383\/2026\/04\/geopirineos-300x170.png\" alt=\"\" width=\"383\" height=\"217\" srcset=\"https:\/\/serveiseducatius.xtec.cat\/cda-empuries\/wp-content\/uploads\/usu1383\/2026\/04\/geopirineos-300x170.png 300w, https:\/\/serveiseducatius.xtec.cat\/cda-empuries\/wp-content\/uploads\/usu1383\/2026\/04\/geopirineos.png 644w\" sizes=\"auto, (max-width: 383px) 100vw, 383px\" \/><\/a><\/td>\n<\/tr>\n<\/tbody>\n<\/table>\n<p>&nbsp;<\/p>\n<p>&nbsp;<\/p>\n","protected":false},"excerpt":{"rendered":"<p>Abans de venir a fer la sortida a l&#8217;Espai d\u2019inter\u00e8s Geol\u00f2gic el Far de Roses (ge\u00f2top 163), el Treball de camp pr\u00f2piament dit, va b\u00e9 que els alumnes es familiaritzin amb alguns conceptes que treballaran. Quan ja coneixen una mica qu\u00e8 aniran a veure \u00e9s quan se\u2019ls desperta la curiositat i es fan les seves [&hellip;]<\/p>\n","protected":false},"author":1,"featured_media":0,"parent":0,"menu_order":0,"comment_status":"closed","ping_status":"closed","template":"","meta":{"_bbp_topic_count":0,"_bbp_reply_count":0,"_bbp_total_topic_count":0,"_bbp_total_reply_count":0,"_bbp_voice_count":0,"_bbp_anonymous_reply_count":0,"_bbp_topic_count_hidden":0,"_bbp_reply_count_hidden":0,"_bbp_forum_subforum_count":0,"site-sidebar-layout":"default","site-content-layout":"","ast-site-content-layout":"default","site-content-style":"default","site-sidebar-style":"default","ast-global-header-display":"","ast-banner-title-visibility":"","ast-main-header-display":"","ast-hfb-above-header-display":"","ast-hfb-below-header-display":"","ast-hfb-mobile-header-display":"","site-post-title":"","ast-breadcrumbs-content":"","ast-featured-img":"","footer-sml-layout":"","theme-transparent-header-meta":"default","adv-header-id-meta":"","stick-header-meta":"","header-above-stick-meta":"","header-main-stick-meta":"","header-below-stick-meta":"","astra-migrate-meta-layouts":"set","ast-page-background-enabled":"default","ast-page-background-meta":{"desktop":{"background-color":"var(--ast-global-color-4)","background-image":"","background-repeat":"repeat","background-position":"center center","background-size":"auto","background-attachment":"scroll","background-type":"","background-media":"","overlay-type":"","overlay-color":"","overlay-opacity":"","overlay-gradient":""},"tablet":{"background-color":"","background-image":"","background-repeat":"repeat","background-position":"center center","background-size":"auto","background-attachment":"scroll","background-type":"","background-media":"","overlay-type":"","overlay-color":"","overlay-opacity":"","overlay-gradient":""},"mobile":{"background-color":"","background-image":"","background-repeat":"repeat","background-position":"center center","background-size":"auto","background-attachment":"scroll","background-type":"","background-media":"","overlay-type":"","overlay-color":"","overlay-opacity":"","overlay-gradient":""}},"ast-content-background-meta":{"desktop":{"background-color":"var(--ast-global-color-5)","background-image":"","background-repeat":"repeat","background-position":"center center","background-size":"auto","background-attachment":"scroll","background-type":"","background-media":"","overlay-type":"","overlay-color":"","overlay-opacity":"","overlay-gradient":""},"tablet":{"background-color":"var(--ast-global-color-5)","background-image":"","background-repeat":"repeat","background-position":"center center","background-size":"auto","background-attachment":"scroll","background-type":"","background-media":"","overlay-type":"","overlay-color":"","overlay-opacity":"","overlay-gradient":""},"mobile":{"background-color":"var(--ast-global-color-5)","background-image":"","background-repeat":"repeat","background-position":"center center","background-size":"auto","background-attachment":"scroll","background-type":"","background-media":"","overlay-type":"","overlay-color":"","overlay-opacity":"","overlay-gradient":""}},"footnotes":""},"class_list":["post-12612","page","type-page","status-publish","hentry"],"post_mailing_queue_ids":[],"_links":{"self":[{"href":"https:\/\/serveiseducatius.xtec.cat\/cda-empuries\/wp-json\/wp\/v2\/pages\/12612","targetHints":{"allow":["GET"]}}],"collection":[{"href":"https:\/\/serveiseducatius.xtec.cat\/cda-empuries\/wp-json\/wp\/v2\/pages"}],"about":[{"href":"https:\/\/serveiseducatius.xtec.cat\/cda-empuries\/wp-json\/wp\/v2\/types\/page"}],"author":[{"embeddable":true,"href":"https:\/\/serveiseducatius.xtec.cat\/cda-empuries\/wp-json\/wp\/v2\/users\/1"}],"replies":[{"embeddable":true,"href":"https:\/\/serveiseducatius.xtec.cat\/cda-empuries\/wp-json\/wp\/v2\/comments?post=12612"}],"version-history":[{"count":6,"href":"https:\/\/serveiseducatius.xtec.cat\/cda-empuries\/wp-json\/wp\/v2\/pages\/12612\/revisions"}],"predecessor-version":[{"id":12640,"href":"https:\/\/serveiseducatius.xtec.cat\/cda-empuries\/wp-json\/wp\/v2\/pages\/12612\/revisions\/12640"}],"wp:attachment":[{"href":"https:\/\/serveiseducatius.xtec.cat\/cda-empuries\/wp-json\/wp\/v2\/media?parent=12612"}],"curies":[{"name":"wp","href":"https:\/\/api.w.org\/{rel}","templated":true}]}}