{"id":12515,"date":"2025-11-07T10:30:29","date_gmt":"2025-11-07T09:30:29","guid":{"rendered":"https:\/\/serveiseducatius.xtec.cat\/cda-empuries\/?page_id=12515"},"modified":"2025-11-07T10:30:29","modified_gmt":"2025-11-07T09:30:29","slug":"moment-2-geologia-i-biodiversitat-de-la-duna","status":"publish","type":"page","link":"https:\/\/serveiseducatius.xtec.cat\/cda-empuries\/moment-2-geologia-i-biodiversitat-de-la-duna\/","title":{"rendered":"Moment 2 Geologia i Biodiversitat de la Duna"},"content":{"rendered":"<p>L\u2019activitat consta de tres parts<\/p>\n<ul>\n<li>Una primera part introduct\u00f2ria a la <a href=\"https:\/\/maps.app.goo.gl\/nLq8fcTtikfBYqvr7\">platja del Rec<\/a> on es fa una primera activitat de grup per entendre els temps geol\u00f2gics i contextualitzar l&#8217;origen de la vida i la terra en l&#8217;entorn proper fent una <a href=\"https:\/\/serveiseducatius.xtec.cat\/cda-empuries\/wp-content\/uploads\/usu1383\/2025\/11\/LA-LINIA-DEL-TEMPS-GEOLOGIC-Empuries_compressed.pdf\">l\u00ednia del temps<\/a> al llarg de la platja<\/li>\n<li>La segona part, encara a la platja del Rec, es fa en dos grups per treballar:\n<ul style=\"list-style-type: circle;\">\n<li><strong>Ecosistema mar\u00ed<\/strong> a partir de la cerca, estudi i classificaci\u00f3 de la diversitat de rastres de fauna marina de la platja<\/li>\n<li><strong>Processos geol\u00f2gics<\/strong> a partir de l&#8217;an\u00e0lisis de la tipologia de la sorra (granulometria i mineralogia)<\/li>\n<\/ul>\n<\/li>\n<li>La tercera part \u00e9s un itinerari passant per la platja del <a style=\"font-size: 16px; background-color: #ffffff;\" href=\"https:\/\/maps.app.goo.gl\/oMorLfENoMw4L5vi8\">Pedrigolet<\/a><span style=\"font-size: 16px;\">, el\u00a0<\/span><a style=\"font-size: 16px; background-color: #ffffff;\" href=\"https:\/\/maps.app.goo.gl\/t6VVKuZ2sU1QdqKG7\">mirador de les coves<\/a><span style=\"font-size: 16px;\">\u00a0i l\u2019arc del\u00a0<\/span><a style=\"font-size: 16px; background-color: #ffffff;\" href=\"https:\/\/maps.app.goo.gl\/ZCFgXBqeg9DAbcvD7\">portitxol<\/a><span style=\"font-size: 16px;\">\u00a0on s\u2019aprofundeix amb la <strong>geologia i la bot\u00e0nica<\/strong> de la duna a trav\u00e9s d\u2019un\u00a0<\/span><a style=\"font-size: 16px; background-color: #ffffff;\" href=\"https:\/\/drive.google.com\/file\/d\/1msKJZ4VGXbaXM5TKhd_0Y-7ElocxPoxq\/view?usp=sharing\">joc de cartes<\/a><span style=\"font-size: 16px;\">\u00a0que han anat fent durant l\u2019activitat.<\/span><\/li>\n<\/ul>\n<p>Torneu a <a href=\"https:\/\/serveiseducatius.xtec.cat\/cda-empuries\/geologia-i-biodiversitat-de-la-duna\/\">Geologia i Biodiversitat de la duna<\/a><\/p>\n","protected":false},"excerpt":{"rendered":"<p>L\u2019activitat consta de tres parts Una primera part introduct\u00f2ria a la platja del Rec on es fa una primera activitat de grup per entendre els temps geol\u00f2gics i contextualitzar l&#8217;origen de la vida i la terra en l&#8217;entorn proper fent una l\u00ednia del temps al llarg de la platja La segona part, encara a la [&hellip;]<\/p>\n","protected":false},"author":1,"featured_media":0,"parent":0,"menu_order":0,"comment_status":"closed","ping_status":"closed","template":"","meta":{"_bbp_topic_count":0,"_bbp_reply_count":0,"_bbp_total_topic_count":0,"_bbp_total_reply_count":0,"_bbp_voice_count":0,"_bbp_anonymous_reply_count":0,"_bbp_topic_count_hidden":0,"_bbp_reply_count_hidden":0,"_bbp_forum_subforum_count":0,"site-sidebar-layout":"default","site-content-layout":"","ast-site-content-layout":"default","site-content-style":"default","site-sidebar-style":"default","ast-global-header-display":"","ast-banner-title-visibility":"","ast-main-header-display":"","ast-hfb-above-header-display":"","ast-hfb-below-header-display":"","ast-hfb-mobile-header-display":"","site-post-title":"","ast-breadcrumbs-content":"","ast-featured-img":"","footer-sml-layout":"","theme-transparent-header-meta":"default","adv-header-id-meta":"","stick-header-meta":"","header-above-stick-meta":"","header-main-stick-meta":"","header-below-stick-meta":"","astra-migrate-meta-layouts":"set","ast-page-background-enabled":"default","ast-page-background-meta":{"desktop":{"background-color":"var(--ast-global-color-4)","background-image":"","background-repeat":"repeat","background-position":"center center","background-size":"auto","background-attachment":"scroll","background-type":"","background-media":"","overlay-type":"","overlay-color":"","overlay-opacity":"","overlay-gradient":""},"tablet":{"background-color":"","background-image":"","background-repeat":"repeat","background-position":"center center","background-size":"auto","background-attachment":"scroll","background-type":"","background-media":"","overlay-type":"","overlay-color":"","overlay-opacity":"","overlay-gradient":""},"mobile":{"background-color":"","background-image":"","background-repeat":"repeat","background-position":"center center","background-size":"auto","background-attachment":"scroll","background-type":"","background-media":"","overlay-type":"","overlay-color":"","overlay-opacity":"","overlay-gradient":""}},"ast-content-background-meta":{"desktop":{"background-color":"var(--ast-global-color-5)","background-image":"","background-repeat":"repeat","background-position":"center center","background-size":"auto","background-attachment":"scroll","background-type":"","background-media":"","overlay-type":"","overlay-color":"","overlay-opacity":"","overlay-gradient":""},"tablet":{"background-color":"var(--ast-global-color-5)","background-image":"","background-repeat":"repeat","background-position":"center center","background-size":"auto","background-attachment":"scroll","background-type":"","background-media":"","overlay-type":"","overlay-color":"","overlay-opacity":"","overlay-gradient":""},"mobile":{"background-color":"var(--ast-global-color-5)","background-image":"","background-repeat":"repeat","background-position":"center center","background-size":"auto","background-attachment":"scroll","background-type":"","background-media":"","overlay-type":"","overlay-color":"","overlay-opacity":"","overlay-gradient":""}},"footnotes":""},"class_list":["post-12515","page","type-page","status-publish","hentry"],"post_mailing_queue_ids":[],"_links":{"self":[{"href":"https:\/\/serveiseducatius.xtec.cat\/cda-empuries\/wp-json\/wp\/v2\/pages\/12515","targetHints":{"allow":["GET"]}}],"collection":[{"href":"https:\/\/serveiseducatius.xtec.cat\/cda-empuries\/wp-json\/wp\/v2\/pages"}],"about":[{"href":"https:\/\/serveiseducatius.xtec.cat\/cda-empuries\/wp-json\/wp\/v2\/types\/page"}],"author":[{"embeddable":true,"href":"https:\/\/serveiseducatius.xtec.cat\/cda-empuries\/wp-json\/wp\/v2\/users\/1"}],"replies":[{"embeddable":true,"href":"https:\/\/serveiseducatius.xtec.cat\/cda-empuries\/wp-json\/wp\/v2\/comments?post=12515"}],"version-history":[{"count":4,"href":"https:\/\/serveiseducatius.xtec.cat\/cda-empuries\/wp-json\/wp\/v2\/pages\/12515\/revisions"}],"predecessor-version":[{"id":12520,"href":"https:\/\/serveiseducatius.xtec.cat\/cda-empuries\/wp-json\/wp\/v2\/pages\/12515\/revisions\/12520"}],"wp:attachment":[{"href":"https:\/\/serveiseducatius.xtec.cat\/cda-empuries\/wp-json\/wp\/v2\/media?parent=12515"}],"curies":[{"name":"wp","href":"https:\/\/api.w.org\/{rel}","templated":true}]}}