{"id":12310,"date":"2025-10-03T10:16:14","date_gmt":"2025-10-03T08:16:14","guid":{"rendered":"https:\/\/serveiseducatius.xtec.cat\/cda-empuries\/?page_id=12310"},"modified":"2025-10-09T13:11:06","modified_gmt":"2025-10-09T11:11:06","slug":"moment-2-els-aiguamolls-de-lemporda-cs","status":"publish","type":"page","link":"https:\/\/serveiseducatius.xtec.cat\/cda-empuries\/moment-2-els-aiguamolls-de-lemporda-cs\/","title":{"rendered":"Moment 2. Els aiguamolls de l&#8217;Empord\u00e0 CS"},"content":{"rendered":"<p>La visita consisteix amb una observaci\u00f3 naturalista d&#8217;aquest entorn natural, en especial a la diversitat ornitol\u00f2gica de la zona sense perdre de vista la import\u00e0ncia del gran <a href=\"https:\/\/parcsnaturals.gencat.cat\/ca\/xarxa-de-parcs\/aiguamolls-emporda\/el-parc\/patrimoni-natural-i-cultural\/\">patrimoni natural i cultural<\/a> del Parc Natural dels Aiguamolls de l&#8217;Empord\u00e0.<\/p>\n<p>Dep\u00e9n de les condicions meteor\u00f2logiques i les caracter\u00edsitques del grup seguirem un itinerari m\u00e9s llarg o m\u00e9s curt (vegeu <a href=\"https:\/\/serveiseducatius.xtec.cat\/cda-empuries\/wp-content\/uploads\/usu1383\/2025\/10\/MapaItineraris.pdf\">MapaItineraris<\/a>). L&#8217;itinerari preferent \u00e9s iniciar la ruta a la zona del <a href=\"https:\/\/maps.app.goo.gl\/g5V7kpgbgzdjpbJz7\">Mas Mat\u00e0<\/a> i es passa per diferents agua\u00efts fins arribar al <a href=\"https:\/\/maps.app.goo.gl\/AFWpVPs4JQfS51W37\">Cortalet<\/a>.\u00a0 Aquesta ruta s&#8217;acaba de pactar amb el professorat abans de la visita<\/p>\n<p>Als Aiguamolls, amb els alumnes de CS de prim\u00e0ria\u00a0 i ESO solem optar per anar sense Quadern de Camp, ja que estar pendents dels prism\u00e0tics, de no fer massa soroll i de fixar-se en els ocells ja \u00e9s suficient per a ells.<\/p>\n<p>En cas de voler utilitzar algun material de suport, us proposem dues opcions:<\/p>\n<p><a href=\"https:\/\/drive.google.com\/file\/d\/1IdA5cCcMhdUoHjkYwVqtrPu5BJskc76E\/view?usp=sharing\" target=\"_blank\" rel=\"noopener noreferrer\">Fitxa Aiguamolls\u00a0<\/a><\/p>\n<p><a href=\"https:\/\/serveiseducatius.xtec.cat\/cda-empuries\/wp-content\/uploads\/usu1383\/2025\/10\/NOVAFitxaCampAiguamolls2024.pdf\">Fitxa de Camp Aiguamolls llista ocells<\/a><\/p>\n<p><a href=\"https:\/\/drive.google.com\/file\/d\/1WACYREwFH_7--miHZ6llC0taACseCBXi\/view?usp=sharing\">Dossier de Camp<\/a><\/p>\n<p><a href=\"https:\/\/serveiseducatius.xtec.cat\/cda-empuries\/els-ecosistemes-dels-aiguamolls-de-lemporda-eso\/\"><img loading=\"lazy\" decoding=\"async\" class=\"alignnone wp-image-9667\" src=\"https:\/\/serveiseducatius.xtec.cat\/cda-empuries\/wp-content\/uploads\/usu1383\/2019\/07\/aiguamolls-ESO.jpg\" alt=\"\" width=\"151\" height=\"132\" srcset=\"https:\/\/serveiseducatius.xtec.cat\/cda-empuries\/wp-content\/uploads\/usu1383\/2019\/07\/aiguamolls-ESO.jpg 825w, https:\/\/serveiseducatius.xtec.cat\/cda-empuries\/wp-content\/uploads\/usu1383\/2019\/07\/aiguamolls-ESO-300x263.jpg 300w, https:\/\/serveiseducatius.xtec.cat\/cda-empuries\/wp-content\/uploads\/usu1383\/2019\/07\/aiguamolls-ESO-768x674.jpg 768w\" sizes=\"auto, (max-width: 151px) 100vw, 151px\" \/><\/a><\/p>\n<p style=\"text-align: center;\"><a href=\"https:\/\/serveiseducatius.xtec.cat\/cda-empuries\/aiguamolls-de-lemporda\/\">Torna a l&#8217;activitat &#8220;La Guita dels Aiguamolls&#8221;<\/a><\/p>\n","protected":false},"excerpt":{"rendered":"<p>La visita consisteix amb una observaci\u00f3 naturalista d&#8217;aquest entorn natural, en especial a la diversitat ornitol\u00f2gica de la zona sense perdre de vista la import\u00e0ncia del gran patrimoni natural i cultural del Parc Natural dels Aiguamolls de l&#8217;Empord\u00e0. Dep\u00e9n de les condicions meteor\u00f2logiques i les caracter\u00edsitques del grup seguirem un itinerari m\u00e9s llarg o m\u00e9s [&hellip;]<\/p>\n","protected":false},"author":1,"featured_media":0,"parent":0,"menu_order":0,"comment_status":"closed","ping_status":"closed","template":"","meta":{"_bbp_topic_count":0,"_bbp_reply_count":0,"_bbp_total_topic_count":0,"_bbp_total_reply_count":0,"_bbp_voice_count":0,"_bbp_anonymous_reply_count":0,"_bbp_topic_count_hidden":0,"_bbp_reply_count_hidden":0,"_bbp_forum_subforum_count":0,"site-sidebar-layout":"default","site-content-layout":"","ast-site-content-layout":"default","site-content-style":"default","site-sidebar-style":"default","ast-global-header-display":"","ast-banner-title-visibility":"","ast-main-header-display":"","ast-hfb-above-header-display":"","ast-hfb-below-header-display":"","ast-hfb-mobile-header-display":"","site-post-title":"","ast-breadcrumbs-content":"","ast-featured-img":"","footer-sml-layout":"","theme-transparent-header-meta":"default","adv-header-id-meta":"","stick-header-meta":"","header-above-stick-meta":"","header-main-stick-meta":"","header-below-stick-meta":"","astra-migrate-meta-layouts":"set","ast-page-background-enabled":"default","ast-page-background-meta":{"desktop":{"background-color":"var(--ast-global-color-4)","background-image":"","background-repeat":"repeat","background-position":"center center","background-size":"auto","background-attachment":"scroll","background-type":"","background-media":"","overlay-type":"","overlay-color":"","overlay-opacity":"","overlay-gradient":""},"tablet":{"background-color":"","background-image":"","background-repeat":"repeat","background-position":"center center","background-size":"auto","background-attachment":"scroll","background-type":"","background-media":"","overlay-type":"","overlay-color":"","overlay-opacity":"","overlay-gradient":""},"mobile":{"background-color":"","background-image":"","background-repeat":"repeat","background-position":"center center","background-size":"auto","background-attachment":"scroll","background-type":"","background-media":"","overlay-type":"","overlay-color":"","overlay-opacity":"","overlay-gradient":""}},"ast-content-background-meta":{"desktop":{"background-color":"var(--ast-global-color-5)","background-image":"","background-repeat":"repeat","background-position":"center center","background-size":"auto","background-attachment":"scroll","background-type":"","background-media":"","overlay-type":"","overlay-color":"","overlay-opacity":"","overlay-gradient":""},"tablet":{"background-color":"var(--ast-global-color-5)","background-image":"","background-repeat":"repeat","background-position":"center center","background-size":"auto","background-attachment":"scroll","background-type":"","background-media":"","overlay-type":"","overlay-color":"","overlay-opacity":"","overlay-gradient":""},"mobile":{"background-color":"var(--ast-global-color-5)","background-image":"","background-repeat":"repeat","background-position":"center center","background-size":"auto","background-attachment":"scroll","background-type":"","background-media":"","overlay-type":"","overlay-color":"","overlay-opacity":"","overlay-gradient":""}},"footnotes":""},"class_list":["post-12310","page","type-page","status-publish","hentry"],"post_mailing_queue_ids":[],"_links":{"self":[{"href":"https:\/\/serveiseducatius.xtec.cat\/cda-empuries\/wp-json\/wp\/v2\/pages\/12310","targetHints":{"allow":["GET"]}}],"collection":[{"href":"https:\/\/serveiseducatius.xtec.cat\/cda-empuries\/wp-json\/wp\/v2\/pages"}],"about":[{"href":"https:\/\/serveiseducatius.xtec.cat\/cda-empuries\/wp-json\/wp\/v2\/types\/page"}],"author":[{"embeddable":true,"href":"https:\/\/serveiseducatius.xtec.cat\/cda-empuries\/wp-json\/wp\/v2\/users\/1"}],"replies":[{"embeddable":true,"href":"https:\/\/serveiseducatius.xtec.cat\/cda-empuries\/wp-json\/wp\/v2\/comments?post=12310"}],"version-history":[{"count":4,"href":"https:\/\/serveiseducatius.xtec.cat\/cda-empuries\/wp-json\/wp\/v2\/pages\/12310\/revisions"}],"predecessor-version":[{"id":12419,"href":"https:\/\/serveiseducatius.xtec.cat\/cda-empuries\/wp-json\/wp\/v2\/pages\/12310\/revisions\/12419"}],"wp:attachment":[{"href":"https:\/\/serveiseducatius.xtec.cat\/cda-empuries\/wp-json\/wp\/v2\/media?parent=12310"}],"curies":[{"name":"wp","href":"https:\/\/api.w.org\/{rel}","templated":true}]}}