{"id":11857,"date":"2023-02-27T07:35:30","date_gmt":"2023-02-27T06:35:30","guid":{"rendered":"https:\/\/serveiseducatius.xtec.cat\/cda-empuries\/?page_id=11857"},"modified":"2023-02-27T13:17:46","modified_gmt":"2023-02-27T12:17:46","slug":"mites-de-plata-mitologia-i-numismatica-a-lantiga-grecia","status":"publish","type":"page","link":"https:\/\/serveiseducatius.xtec.cat\/cda-empuries\/mites-de-plata-mitologia-i-numismatica-a-lantiga-grecia\/","title":{"rendered":"Mites de plata: Mitologia i numism\u00e0tica a l&#8217;antiga Gr\u00e8cia"},"content":{"rendered":"<p><strong>Nivell educatiu:<\/strong>\u00a0ESO (adaptable a CS de Prim\u00e0ria)<\/p>\n<p><strong>Codi de l\u2019activitat:<\/strong> Ea10<\/p>\n<p>Com deia Plat\u00f3, els antics grecs vivien al voltant de la Mediterr\u00e0nia com les granotes al voltant d\u2019una bassa. I en cadascuna d\u2019aquestes ciutats encunyaven les seves monedes, totes diferents, com a senyal de llibertat i independ\u00e8ncia.\u00a0Aquestes monedes s\u00f3n un bon mostrari dels antics mites grecs, que sovint les il\u00b7lustren.<\/p>\n<p>En aquesta nova activitat \u2014adre\u00e7ada preferentement a alumnes d\u2019ESO i adaptable als de CS de Prim\u00e0ria\u2014 proposem acostar-nos al m\u00f3n de la\u00a0numism\u00e0tica grega de la m\u00e0 d\u2019alguna de les hist\u00f2ries m\u00e9s fascinants de l\u2019antiga mitologia, i per aix\u00f2 relacionem algunes monedes antigues \u2014les c\u00f2pies de les quals s\u00f3n facilidades als alumnes\u2014 amb els mites grecs que s&#8217;hi reprodueixen.<\/p>\n<p>Aquest taller es pot realizar tamb\u00e9 en el centre d&#8217;origen dels alumnes, com a activitat pr\u00e8via o posterior a la seva visita al jaciment d&#8217;Emp\u00faries.<\/p>\n<p>Nombre m\u00e0xim d\u2019alumnes: 25<\/p>\n<p class=\"Estilo2\">La visita t\u00e9 una durada d\u2019unes<strong> 2\u00a0hores.<\/strong><\/p>\n<p class=\"Estilo2\">En aquest enlla\u00e7 us podeu descarregar un resum dels <a href=\"https:\/\/drive.google.com\/file\/d\/1ErTqSbGqIne8gTz4Amm6B6IHjKmjDIac\/view?usp=share_link\">Mites treballats<\/a> i el <a href=\"https:\/\/drive.google.com\/file\/d\/1wuBykgJhvQbZd9fjSHh7oj0QKpyIMctE\/view?usp=share_link\">Full de respostes<\/a>.<\/p>\n<p>Aquesta activitat est\u00e0 directament relacionada amb:<\/p>\n<ul>\n<li><a href=\"https:\/\/serveiseducatius.xtec.cat\/cda-empuries\/empuries-mitologica\/\">Mitologia a Emp\u00faries<\/a><\/li>\n<li><a href=\"https:\/\/serveiseducatius.xtec.cat\/cda-empuries\/empuries-de-la-ma-dels-deus\/\">Emp\u00faries, de la m\u00e0 dels d\u00e9us<\/a><\/li>\n<li><a href=\"https:\/\/serveiseducatius.xtec.cat\/cda-empuries\/jaciment-grecoroma-dempuries-i-museu\/\">Jaciment grecorom\u00e0 d&#8217;Emp\u00faries i Museu<\/a><\/li>\n<\/ul>\n<p style=\"text-align: right;\"><a href=\"https:\/\/serveiseducatius.xtec.cat\/cda-empuries\/wp-content\/uploads\/usu1383\/2023\/02\/20221113_155914-copia.jpg\"><img loading=\"lazy\" decoding=\"async\" class=\"wp-image-11833\" src=\"https:\/\/serveiseducatius.xtec.cat\/cda-empuries\/wp-content\/uploads\/usu1383\/2023\/02\/20221113_155914-copia-983x1024.jpg\" alt=\"\" width=\"336\" height=\"350\" srcset=\"https:\/\/serveiseducatius.xtec.cat\/cda-empuries\/wp-content\/uploads\/usu1383\/2023\/02\/20221113_155914-copia-983x1024.jpg 983w, https:\/\/serveiseducatius.xtec.cat\/cda-empuries\/wp-content\/uploads\/usu1383\/2023\/02\/20221113_155914-copia-288x300.jpg 288w, https:\/\/serveiseducatius.xtec.cat\/cda-empuries\/wp-content\/uploads\/usu1383\/2023\/02\/20221113_155914-copia-768x800.jpg 768w, https:\/\/serveiseducatius.xtec.cat\/cda-empuries\/wp-content\/uploads\/usu1383\/2023\/02\/20221113_155914-copia.jpg 1208w\" sizes=\"auto, (max-width: 336px) 100vw, 336px\" \/><\/a><a href=\"https:\/\/serveiseducatius.xtec.cat\/cda-empuries\/wp-content\/uploads\/usu1383\/2023\/02\/IMG_20221113_134557-copia-1.jpg\"><img loading=\"lazy\" decoding=\"async\" class=\"wp-image-11830 alignleft\" src=\"https:\/\/serveiseducatius.xtec.cat\/cda-empuries\/wp-content\/uploads\/usu1383\/2023\/02\/IMG_20221113_134557-copia-1.jpg\" alt=\"\" width=\"348\" height=\"348\" srcset=\"https:\/\/serveiseducatius.xtec.cat\/cda-empuries\/wp-content\/uploads\/usu1383\/2023\/02\/IMG_20221113_134557-copia-1.jpg 633w, https:\/\/serveiseducatius.xtec.cat\/cda-empuries\/wp-content\/uploads\/usu1383\/2023\/02\/IMG_20221113_134557-copia-1-300x300.jpg 300w, https:\/\/serveiseducatius.xtec.cat\/cda-empuries\/wp-content\/uploads\/usu1383\/2023\/02\/IMG_20221113_134557-copia-1-150x150.jpg 150w\" sizes=\"auto, (max-width: 348px) 100vw, 348px\" \/><\/a><a href=\"https:\/\/serveiseducatius.xtec.cat\/cda-empuries\/wp-content\/uploads\/usu1383\/2023\/02\/IMG_20221113_134557-copia-1.jpg\">\u00a0 \u00a0 \u00a0 \u00a0 \u00a0 \u00a0 \u00a0 \u00a0 \u00a0 \u00a0 \u00a0 \u00a0 \u00a0 \u00a0<\/a><\/p>\n<p>&nbsp;<\/p>\n<p><a href=\"https:\/\/serveiseducatius.xtec.cat\/cda-empuries\/wp-content\/uploads\/usu1383\/2023\/02\/Oedipus_and_the_Sphinx_of_Thebes_Red_Figure_Kylix_c._470_BC_from_Vulci_attributed_to_the_Oedipus_Painter_Vatican_Museums_9665213064-copia-5.jpg\"><img loading=\"lazy\" decoding=\"async\" class=\" wp-image-11841\" src=\"https:\/\/serveiseducatius.xtec.cat\/cda-empuries\/wp-content\/uploads\/usu1383\/2023\/02\/Oedipus_and_the_Sphinx_of_Thebes_Red_Figure_Kylix_c._470_BC_from_Vulci_attributed_to_the_Oedipus_Painter_Vatican_Museums_9665213064-copia-5.jpg\" alt=\"\" width=\"467\" height=\"433\" srcset=\"https:\/\/serveiseducatius.xtec.cat\/cda-empuries\/wp-content\/uploads\/usu1383\/2023\/02\/Oedipus_and_the_Sphinx_of_Thebes_Red_Figure_Kylix_c._470_BC_from_Vulci_attributed_to_the_Oedipus_Painter_Vatican_Museums_9665213064-copia-5.jpg 686w, https:\/\/serveiseducatius.xtec.cat\/cda-empuries\/wp-content\/uploads\/usu1383\/2023\/02\/Oedipus_and_the_Sphinx_of_Thebes_Red_Figure_Kylix_c._470_BC_from_Vulci_attributed_to_the_Oedipus_Painter_Vatican_Museums_9665213064-copia-5-300x278.jpg 300w\" sizes=\"auto, (max-width: 467px) 100vw, 467px\" \/><\/a><a href=\"https:\/\/serveiseducatius.xtec.cat\/cda-empuries\/wp-content\/uploads\/usu1383\/2023\/02\/Caravaggio_-_Medusa_-_Google_Art_Project-copia.jpg\"><img loading=\"lazy\" decoding=\"async\" class=\"alignright wp-image-11875\" src=\"https:\/\/serveiseducatius.xtec.cat\/cda-empuries\/wp-content\/uploads\/usu1383\/2023\/02\/Caravaggio_-_Medusa_-_Google_Art_Project-copia-999x1024.jpg\" alt=\"\" width=\"423\" height=\"433\" srcset=\"https:\/\/serveiseducatius.xtec.cat\/cda-empuries\/wp-content\/uploads\/usu1383\/2023\/02\/Caravaggio_-_Medusa_-_Google_Art_Project-copia-999x1024.jpg 999w, https:\/\/serveiseducatius.xtec.cat\/cda-empuries\/wp-content\/uploads\/usu1383\/2023\/02\/Caravaggio_-_Medusa_-_Google_Art_Project-copia-293x300.jpg 293w, https:\/\/serveiseducatius.xtec.cat\/cda-empuries\/wp-content\/uploads\/usu1383\/2023\/02\/Caravaggio_-_Medusa_-_Google_Art_Project-copia-768x787.jpg 768w, https:\/\/serveiseducatius.xtec.cat\/cda-empuries\/wp-content\/uploads\/usu1383\/2023\/02\/Caravaggio_-_Medusa_-_Google_Art_Project-copia.jpg 1404w\" sizes=\"auto, (max-width: 423px) 100vw, 423px\" \/><\/a><\/p>\n","protected":false},"excerpt":{"rendered":"<p>Nivell educatiu:\u00a0ESO (adaptable a CS de Prim\u00e0ria) Codi de l\u2019activitat: Ea10 Com deia Plat\u00f3, els antics grecs vivien al voltant de la Mediterr\u00e0nia com les granotes al voltant d\u2019una bassa. I en cadascuna d\u2019aquestes ciutats encunyaven les seves monedes, totes diferents, com a senyal de llibertat i independ\u00e8ncia.\u00a0Aquestes monedes s\u00f3n un bon mostrari dels antics [&hellip;]<\/p>\n","protected":false},"author":1,"featured_media":0,"parent":0,"menu_order":0,"comment_status":"closed","ping_status":"closed","template":"","meta":{"_bbp_topic_count":0,"_bbp_reply_count":0,"_bbp_total_topic_count":0,"_bbp_total_reply_count":0,"_bbp_voice_count":0,"_bbp_anonymous_reply_count":0,"_bbp_topic_count_hidden":0,"_bbp_reply_count_hidden":0,"_bbp_forum_subforum_count":0,"site-sidebar-layout":"default","site-content-layout":"","ast-site-content-layout":"","site-content-style":"default","site-sidebar-style":"default","ast-global-header-display":"","ast-banner-title-visibility":"","ast-main-header-display":"","ast-hfb-above-header-display":"","ast-hfb-below-header-display":"","ast-hfb-mobile-header-display":"","site-post-title":"","ast-breadcrumbs-content":"","ast-featured-img":"","footer-sml-layout":"","theme-transparent-header-meta":"","adv-header-id-meta":"","stick-header-meta":"","header-above-stick-meta":"","header-main-stick-meta":"","header-below-stick-meta":"","astra-migrate-meta-layouts":"default","ast-page-background-enabled":"default","ast-page-background-meta":{"desktop":{"background-color":"var(--ast-global-color-4)","background-image":"","background-repeat":"repeat","background-position":"center center","background-size":"auto","background-attachment":"scroll","background-type":"","background-media":"","overlay-type":"","overlay-color":"","overlay-opacity":"","overlay-gradient":""},"tablet":{"background-color":"","background-image":"","background-repeat":"repeat","background-position":"center center","background-size":"auto","background-attachment":"scroll","background-type":"","background-media":"","overlay-type":"","overlay-color":"","overlay-opacity":"","overlay-gradient":""},"mobile":{"background-color":"","background-image":"","background-repeat":"repeat","background-position":"center center","background-size":"auto","background-attachment":"scroll","background-type":"","background-media":"","overlay-type":"","overlay-color":"","overlay-opacity":"","overlay-gradient":""}},"ast-content-background-meta":{"desktop":{"background-color":"var(--ast-global-color-5)","background-image":"","background-repeat":"repeat","background-position":"center center","background-size":"auto","background-attachment":"scroll","background-type":"","background-media":"","overlay-type":"","overlay-color":"","overlay-opacity":"","overlay-gradient":""},"tablet":{"background-color":"var(--ast-global-color-5)","background-image":"","background-repeat":"repeat","background-position":"center center","background-size":"auto","background-attachment":"scroll","background-type":"","background-media":"","overlay-type":"","overlay-color":"","overlay-opacity":"","overlay-gradient":""},"mobile":{"background-color":"var(--ast-global-color-5)","background-image":"","background-repeat":"repeat","background-position":"center center","background-size":"auto","background-attachment":"scroll","background-type":"","background-media":"","overlay-type":"","overlay-color":"","overlay-opacity":"","overlay-gradient":""}},"footnotes":""},"class_list":["post-11857","page","type-page","status-publish","hentry"],"post_mailing_queue_ids":[],"_links":{"self":[{"href":"https:\/\/serveiseducatius.xtec.cat\/cda-empuries\/wp-json\/wp\/v2\/pages\/11857","targetHints":{"allow":["GET"]}}],"collection":[{"href":"https:\/\/serveiseducatius.xtec.cat\/cda-empuries\/wp-json\/wp\/v2\/pages"}],"about":[{"href":"https:\/\/serveiseducatius.xtec.cat\/cda-empuries\/wp-json\/wp\/v2\/types\/page"}],"author":[{"embeddable":true,"href":"https:\/\/serveiseducatius.xtec.cat\/cda-empuries\/wp-json\/wp\/v2\/users\/1"}],"replies":[{"embeddable":true,"href":"https:\/\/serveiseducatius.xtec.cat\/cda-empuries\/wp-json\/wp\/v2\/comments?post=11857"}],"version-history":[{"count":4,"href":"https:\/\/serveiseducatius.xtec.cat\/cda-empuries\/wp-json\/wp\/v2\/pages\/11857\/revisions"}],"predecessor-version":[{"id":11880,"href":"https:\/\/serveiseducatius.xtec.cat\/cda-empuries\/wp-json\/wp\/v2\/pages\/11857\/revisions\/11880"}],"wp:attachment":[{"href":"https:\/\/serveiseducatius.xtec.cat\/cda-empuries\/wp-json\/wp\/v2\/media?parent=11857"}],"curies":[{"name":"wp","href":"https:\/\/api.w.org\/{rel}","templated":true}]}}