{"id":11796,"date":"2022-11-28T14:11:26","date_gmt":"2022-11-28T13:11:26","guid":{"rendered":"https:\/\/serveiseducatius.xtec.cat\/cda-empuries\/?page_id=11796"},"modified":"2023-04-17T16:11:21","modified_gmt":"2023-04-17T14:11:21","slug":"taller-de-rastres","status":"publish","type":"page","link":"https:\/\/serveiseducatius.xtec.cat\/cda-empuries\/taller-de-rastres\/","title":{"rendered":"Taller de rastres"},"content":{"rendered":"<header class=\"entry-header\"><strong>Nivell educatiu<\/strong>: Prim\u00e0ria i ESO<\/header>\n<header><\/header>\n<header><\/header>\n<header><\/header>\n<header><\/header>\n<header><\/header>\n<header><\/header>\n<header class=\"entry-header\"><strong>Codi de l\u2019activitat<\/strong>: Ns8<\/header>\n<header><\/header>\n<header><\/header>\n<header><\/header>\n<div class=\"entry-content\">\n<header>\n<pre><\/pre>\n<\/header>\n<div class=\"entry-content\">\n<div class=\"entry-content\">\n<p>&nbsp;<\/p>\n<p>A les platges d\u2019Emp\u00faries hi batega la vida, sobretot a pocs metres de fond\u00e0ria i a pocs metres de la costa hi viuen algues, posid\u00f2nia, peixos, crancs, mol\u00b7luscs i molts altres organismes. A la sorra de la platja podem trobar multitud des restes d\u2019aquets \u00e9ssers vius. Tamb\u00e9 trobem petjades de visitants espor\u00e0dics, com gavians, corbs marins o gossos; i encara podem trobar empremtes d\u2019animals que viuen a la duna, com llangardaixos, ratolins o el protegit corriol camanegre.<\/p>\n<p>A les pinedes propers tamb\u00e9 s\u2019hi amaguen animals poc vistosos, per\u00f2 que malgrat tot, deixen proves de la seva activitat: petjades, excrements, marques als arbres, fruits mossegats i altres rastres que els delaten.<\/p>\n<p>Saber llegir l&#8217;entorn per a detectar la pres\u00e8ncia d&#8217;aquests fantasmes del bosc no \u00e9s interessant nom\u00e9s per catalogar les esp\u00e8cies, de fet, es converteix en un repte personal del naturalista que vol aprendre a veure el paisatge amb uns ulls diferents.<\/p>\n<p><strong>Nivell educatiu recomanat:<\/strong> CM, CS\u00a0 de Prim\u00e0ria i 1r i 2n d&#8217;ESO<\/p>\n<p><strong>Durada:<\/strong>\u00a0150 \u00a0minuts aprox.<\/p>\n<p><strong>Tipus d\u2019activitat:<\/strong> activitat a la platja, a la pineda i a l\u2019aula.<\/p>\n<p><strong>OBJECTIUS<\/strong><\/p>\n<ol style=\"list-style-type: lower-roman;\">\n<li>Treballar en equip.<\/li>\n<li>Con\u00e8ixer la fauna que viu a l\u2019entorn natural del Camp d\u2019aprenentatge a trav\u00e9s de les seves restes i rastres \u00a0(nius, caus, petjades, excrements, etc.)<\/li>\n<li>Descobrir els seus costums, curiositats\u2026<\/li>\n<li>Prendre consci\u00e8ncia de les mol\u00e8sties i els problemes ocasionats per la pressi\u00f3 humana a aquesta poblaci\u00f3 animal.<\/li>\n<\/ol>\n<p>CONTINGUTS<\/p>\n<p>Presentaci\u00f3 dels animals m\u00e9s comuns de la comarca, amb l\u2019ajut de diapositives i altre material natural.<\/p>\n<p>Els rastres: Qu\u00e8 s\u00f3n? On i com els trobem? Com els tractem i els recollim? Ens convertim en investigadors i seguim les pistes fins a trobar-ne l\u2019autor.<\/p>\n<p>DESCRIPCI\u00d3<\/p>\n<p><strong>Treball previ al centre educatiu:<\/strong><\/p>\n<p>A partir d\u2019un power point, l\u2019alumnat s\u2019introdueix al coneixement dels principals rastres que deixen els \u00a0animals de l\u2019entorn, sobretot ocells i mam\u00edfers i\u00a0 de com viuen, qu\u00e8 mengen, quins rastres poden deixar al bosc, etc.<\/p>\n<p><strong>Durant l\u2019estada:<\/strong><\/p>\n<p>Els alumnes treballen en petit grup i realitzen un joc d\u2019identificaci\u00f3\u00a0 de rastres i senyals d\u2019animals. A partir d\u2019una explicaci\u00f3 pr\u00e8via, els alumnes disposaran de diferents caixes, cadascuna amb rastres d\u2019un animal diferent (petjades, pinyes rosegades, cranis, excrements, caus, etc). Hauran d\u2019investigar a quin animal corresponen els rastres de cadascuna de les caixes.<\/p>\n<p>&nbsp;<\/p>\n<p>Per a vincular-ho a la programaci\u00f3 del centre:<\/p>\n<p>Aportaci\u00f3 a les CCBB<\/p>\n<table style=\"width: 93.2662%; height: 759px;\" width=\"678\">\n<tbody>\n<tr style=\"height: 49px;\">\n<td style=\"width: 16.2757%; height: 49px;\" width=\"54\">NIVELL EDUCATIU<\/td>\n<td style=\"width: 19.8162%; height: 49px;\" width=\"47\">\u00c0MBIT<\/td>\n<td style=\"width: 33.8922%; height: 49px;\" width=\"265\">COMPET\u00c8NCIA<\/td>\n<td style=\"width: 58.4022%; height: 49px;\" width=\"312\">CONTINGUTS CLAU<\/td>\n<\/tr>\n<tr style=\"height: 152px;\">\n<td style=\"width: 16.2757%; height: 365px;\" rowspan=\"2\" width=\"54\">PRIM\u00c0RIA<\/td>\n<td style=\"width: 19.8162%; height: 365px;\" rowspan=\"2\" width=\"47\">CONEIXEMENT DEL MEDI<\/td>\n<td style=\"width: 33.8922%; height: 152px;\" width=\"265\">Compet\u00e8ncia 1. Plantejar-se preguntes sobre el medi, utilitzar estrat\u00e8gies de cerca de dades i analitzar resultats per trobar-nos respostes. (si la f\u00e9ssim des de l\u2019aigua).<\/td>\n<td style=\"width: 58.4022%; height: 152px;\" width=\"312\">Fases d\u2019una investigaci\u00f3:<\/p>\n<p>La formulaci\u00f3 d\u2019hip\u00f2tesis, l\u2019anticipaci\u00f3 de respostes, la curiositat cient\u00edfica<\/td>\n<\/tr>\n<tr style=\"height: 213px;\">\n<td style=\"width: 33.8922%; height: 213px;\" width=\"265\">Compet\u00e8ncia 4. Analitzar paisatges i ecosistemes tenint en compte els factors socials i naturals que els configuren, per valorar les actuacions que els afecten.<\/td>\n<td style=\"width: 58.4022%; height: 213px;\" width=\"312\">Biodiversitat i sostenibilitat:<\/p>\n<p>Els \u00e9ssers vius: classificaci\u00f3, funcions i adaptacions al medi.<\/p>\n<p>&#8211; Relaci\u00f3 entre les funcions vitals i estructura d&#8217;alguns animals, plantes i fongs.<\/td>\n<\/tr>\n<tr style=\"height: 227px;\">\n<td style=\"width: 16.2757%; height: 345px;\" rowspan=\"2\" width=\"54\">SECUND\u00c0RIA<\/p>\n<p>&nbsp;<\/td>\n<td style=\"width: 19.8162%; height: 345px;\" rowspan=\"2\" width=\"47\">Cientificotecnol\u00f2gic<\/td>\n<td style=\"width: 33.8922%; height: 227px;\" width=\"265\">C2: Identificar i caracteritzar els sistemes biol\u00f2gics i geol\u00f2gics des de la perspectiva dels<\/p>\n<p>models, per comunicar i predir el comportament dels fen\u00f2mens naturals.<\/td>\n<td style=\"width: 58.4022%; height: 345px;\" rowspan=\"2\" width=\"312\">La diversitat dels \u00e9ssers vius<\/p>\n<p>\u00b7\u00a0\u00a0\u00a0\u00a0\u00a0\u00a0\u00a0\u00a0\u00a0\u00a0\u00a0 Els cinc regnes. Els grans grups taxon\u00f2mics. Adaptacions d\u2019animals i plantes a diferents ecosistemes.<\/p>\n<p>\u00b7\u00a0\u00a0\u00a0\u00a0\u00a0\u00a0\u00a0\u00a0\u00a0\u00a0\u00a0 Import\u00e0ncia de mantenir la biodiversitat.<\/p>\n<p>\u00b7\u00a0\u00a0\u00a0\u00a0\u00a0\u00a0\u00a0\u00a0\u00a0\u00a0\u00a0 H\u00e0bitat i n\u00ednxol ecol\u00f2gic.<\/p>\n<p>\u00b7\u00a0\u00a0\u00a0\u00a0\u00a0\u00a0\u00a0\u00a0\u00a0\u00a0\u00a0 Impacte de l\u2019activitat humana en el medi ambient.<\/td>\n<\/tr>\n<tr style=\"height: 118px;\">\n<td style=\"width: 33.8922%; height: 118px;\" width=\"265\">C5: Resoldre problemes de la vida quotidiana aplicant el raonament cient\u00edfic.<\/p>\n<p>&nbsp;<\/td>\n<\/tr>\n<\/tbody>\n<\/table>\n<p><strong>\u00a0<\/strong><span style=\"font-family: inherit; font-size: 1em;\">Per dur a terme aquesta activitat partirem de la pregunta guia:<\/span><\/p>\n<p><a href=\"https:\/\/serveiseducatius.xtec.cat\/cda-empuries\/wp-content\/uploads\/usu1383\/2022\/11\/pregunta-guia-rastres.jpg\"><img loading=\"lazy\" decoding=\"async\" class=\"alignnone size-full wp-image-11798\" src=\"https:\/\/serveiseducatius.xtec.cat\/cda-empuries\/wp-content\/uploads\/usu1383\/2022\/11\/pregunta-guia-rastres.jpg\" alt=\"\" width=\"655\" height=\"124\" srcset=\"https:\/\/serveiseducatius.xtec.cat\/cda-empuries\/wp-content\/uploads\/usu1383\/2022\/11\/pregunta-guia-rastres.jpg 655w, https:\/\/serveiseducatius.xtec.cat\/cda-empuries\/wp-content\/uploads\/usu1383\/2022\/11\/pregunta-guia-rastres-300x57.jpg 300w\" sizes=\"auto, (max-width: 655px) 100vw, 655px\" \/><\/a><\/p>\n<p>\u00c9s important que mireu amb els alumnes la presentaci\u00f3 que us enviem per tal de comen\u00e7ar a preparar el terreny i crear inter\u00e8s i curiositat.<\/p>\n<table>\n<tbody>\n<tr>\n<td><a href=\"https:\/\/drive.google.com\/file\/d\/1a0ycU97vs6bdNWoNVoPVm7gHFdltFcWd\/view?usp=sharing\" target=\"_blank\" rel=\"noopener\"><img loading=\"lazy\" decoding=\"async\" class=\"alignnone wp-image-9050 size-full\" src=\"https:\/\/serveiseducatius.xtec.cat\/cda-empuries\/wp-content\/uploads\/usu1383\/2019\/06\/1.jpg\" alt=\"\" width=\"207\" height=\"289\" \/><\/a><\/td>\n<td><a href=\"https:\/\/drive.google.com\/file\/d\/1l162i2oJK04-_-nAqXWGJZ2_Jp2lVSoj\/view?usp=sharing\" target=\"_blank\" rel=\"noopener\"><img loading=\"lazy\" decoding=\"async\" class=\"alignnone wp-image-9051 size-full\" src=\"https:\/\/serveiseducatius.xtec.cat\/cda-empuries\/wp-content\/uploads\/usu1383\/2019\/06\/2.jpg\" alt=\"\" width=\"206\" height=\"290\" \/><\/a><\/td>\n<td><img loading=\"lazy\" decoding=\"async\" class=\"alignnone size-full wp-image-9052\" src=\"https:\/\/serveiseducatius.xtec.cat\/cda-empuries\/wp-content\/uploads\/usu1383\/2019\/06\/3.jpg\" alt=\"\" width=\"205\" height=\"289\" \/><\/td>\n<td><\/td>\n<\/tr>\n<\/tbody>\n<\/table>\n<p>&nbsp;<\/p>\n<p>Aquesta activitat est\u00e0 directament relacionada amb:<\/p>\n<ul>\n<li>Sorra i Dunes<\/li>\n<li>Taller de Petxines<\/li>\n<li style=\"text-align: center;\"><a href=\"https:\/\/serveiseducatius.xtec.cat\/cda-empuries\/la-duna-dempuries\/\" target=\"_blank\" rel=\"noopener\">Torna a La Duna d&#8217;Emp\u00faries<\/a><\/li>\n<\/ul>\n<\/div>\n<\/div>\n<\/div>\n","protected":false},"excerpt":{"rendered":"<p>Nivell educatiu: Prim\u00e0ria i ESO Codi de l\u2019activitat: Ns8 &nbsp; A les platges d\u2019Emp\u00faries hi batega la vida, sobretot a pocs metres de fond\u00e0ria i a pocs metres de la costa hi viuen algues, posid\u00f2nia, peixos, crancs, mol\u00b7luscs i molts altres organismes. A la sorra de la platja podem trobar multitud des restes d\u2019aquets \u00e9ssers [&hellip;]<\/p>\n","protected":false},"author":1,"featured_media":0,"parent":0,"menu_order":0,"comment_status":"closed","ping_status":"closed","template":"","meta":{"_bbp_topic_count":0,"_bbp_reply_count":0,"_bbp_total_topic_count":0,"_bbp_total_reply_count":0,"_bbp_voice_count":0,"_bbp_anonymous_reply_count":0,"_bbp_topic_count_hidden":0,"_bbp_reply_count_hidden":0,"_bbp_forum_subforum_count":0,"site-sidebar-layout":"default","site-content-layout":"","ast-site-content-layout":"","site-content-style":"default","site-sidebar-style":"default","ast-global-header-display":"","ast-banner-title-visibility":"","ast-main-header-display":"","ast-hfb-above-header-display":"","ast-hfb-below-header-display":"","ast-hfb-mobile-header-display":"","site-post-title":"","ast-breadcrumbs-content":"","ast-featured-img":"","footer-sml-layout":"","theme-transparent-header-meta":"","adv-header-id-meta":"","stick-header-meta":"","header-above-stick-meta":"","header-main-stick-meta":"","header-below-stick-meta":"","astra-migrate-meta-layouts":"default","ast-page-background-enabled":"default","ast-page-background-meta":{"desktop":{"background-color":"var(--ast-global-color-4)","background-image":"","background-repeat":"repeat","background-position":"center center","background-size":"auto","background-attachment":"scroll","background-type":"","background-media":"","overlay-type":"","overlay-color":"","overlay-opacity":"","overlay-gradient":""},"tablet":{"background-color":"","background-image":"","background-repeat":"repeat","background-position":"center center","background-size":"auto","background-attachment":"scroll","background-type":"","background-media":"","overlay-type":"","overlay-color":"","overlay-opacity":"","overlay-gradient":""},"mobile":{"background-color":"","background-image":"","background-repeat":"repeat","background-position":"center center","background-size":"auto","background-attachment":"scroll","background-type":"","background-media":"","overlay-type":"","overlay-color":"","overlay-opacity":"","overlay-gradient":""}},"ast-content-background-meta":{"desktop":{"background-color":"var(--ast-global-color-5)","background-image":"","background-repeat":"repeat","background-position":"center center","background-size":"auto","background-attachment":"scroll","background-type":"","background-media":"","overlay-type":"","overlay-color":"","overlay-opacity":"","overlay-gradient":""},"tablet":{"background-color":"var(--ast-global-color-5)","background-image":"","background-repeat":"repeat","background-position":"center center","background-size":"auto","background-attachment":"scroll","background-type":"","background-media":"","overlay-type":"","overlay-color":"","overlay-opacity":"","overlay-gradient":""},"mobile":{"background-color":"var(--ast-global-color-5)","background-image":"","background-repeat":"repeat","background-position":"center center","background-size":"auto","background-attachment":"scroll","background-type":"","background-media":"","overlay-type":"","overlay-color":"","overlay-opacity":"","overlay-gradient":""}},"footnotes":""},"class_list":["post-11796","page","type-page","status-publish","hentry"],"post_mailing_queue_ids":[],"_links":{"self":[{"href":"https:\/\/serveiseducatius.xtec.cat\/cda-empuries\/wp-json\/wp\/v2\/pages\/11796","targetHints":{"allow":["GET"]}}],"collection":[{"href":"https:\/\/serveiseducatius.xtec.cat\/cda-empuries\/wp-json\/wp\/v2\/pages"}],"about":[{"href":"https:\/\/serveiseducatius.xtec.cat\/cda-empuries\/wp-json\/wp\/v2\/types\/page"}],"author":[{"embeddable":true,"href":"https:\/\/serveiseducatius.xtec.cat\/cda-empuries\/wp-json\/wp\/v2\/users\/1"}],"replies":[{"embeddable":true,"href":"https:\/\/serveiseducatius.xtec.cat\/cda-empuries\/wp-json\/wp\/v2\/comments?post=11796"}],"version-history":[{"count":3,"href":"https:\/\/serveiseducatius.xtec.cat\/cda-empuries\/wp-json\/wp\/v2\/pages\/11796\/revisions"}],"predecessor-version":[{"id":11921,"href":"https:\/\/serveiseducatius.xtec.cat\/cda-empuries\/wp-json\/wp\/v2\/pages\/11796\/revisions\/11921"}],"wp:attachment":[{"href":"https:\/\/serveiseducatius.xtec.cat\/cda-empuries\/wp-json\/wp\/v2\/media?parent=11796"}],"curies":[{"name":"wp","href":"https:\/\/api.w.org\/{rel}","templated":true}]}}