{"id":11773,"date":"2022-09-19T11:32:20","date_gmt":"2022-09-19T09:32:20","guid":{"rendered":"https:\/\/serveiseducatius.xtec.cat\/cda-empuries\/?page_id=11773"},"modified":"2022-09-19T11:32:20","modified_gmt":"2022-09-19T09:32:20","slug":"treball-posterior-mitologia-a-empuries","status":"publish","type":"page","link":"https:\/\/serveiseducatius.xtec.cat\/cda-empuries\/treball-posterior-mitologia-a-empuries\/","title":{"rendered":"Treball posterior. Mitologia a Emp\u00faries"},"content":{"rendered":"<table style=\"width: 67.9759%;\" width=\"720\">\n<tbody>\n<tr>\n<td style=\"width: 18.5083%;\" width=\"134\"><strong><a href=\"https:\/\/serveiseducatius.xtec.cat\/cda-empuries\/wp-content\/uploads\/usu1383\/2019\/06\/producte-final.png\"><img loading=\"lazy\" decoding=\"async\" class=\"alignnone size-full wp-image-9118\" src=\"https:\/\/serveiseducatius.xtec.cat\/cda-empuries\/wp-content\/uploads\/usu1383\/2019\/06\/producte-final.png\" alt=\"\" width=\"129\" height=\"130\" \/><\/a><\/strong><\/td>\n<td style=\"width: 126.928%;\" width=\"586\">Ara que ja coneixeu m\u00e9s a fons el Jaciment d&#8217;Emp\u00faries i tamb\u00e9 els mites grecs que explicaven els grecs per a entendre el seu dia a dia, podeu aprofundir en aquests temes. Us proposem algunes idees:<\/p>\n<ol>\n<li>Per grups, disfresseu-vos i representeu amb una obra de teatre algun dels mites treballats. Graveu-ho i exposeu als companys<\/li>\n<li>Si heu fet fotos o v\u00eddeos de la sortida, feu-ne un resum amb un mural de paper o amb un p\u00f2ster en format digital.<\/li>\n<li>Inventeu-vos un mite nou<\/li>\n<li>Feu una llista amb noms i fotos o dibuixos, comparant aspectes de la vida dels grecs i romans i la vostra vida (objectes, edificis, coses que feien, comer\u00e7, alimentaci\u00f3, etc.)<\/li>\n<li>Si us agrada dibuixar podeu fer un dibuix de la ciutat grega i la gent que hi viovia.<\/li>\n<li>&#8230;<\/li>\n<\/ol>\n<\/td>\n<\/tr>\n<\/tbody>\n<\/table>\n<p><a href=\"https:\/\/serveiseducatius.xtec.cat\/cda-empuries\/https-serveiseducatius-xtec-cat-cda-empuries-moment-1-mitologia-a-empuries\/\" target=\"_blank\" rel=\"noopener\">Torna a l&#8217;activitat: Mitologia a Emp\u00faries<\/a><\/p>\n","protected":false},"excerpt":{"rendered":"<p>Ara que ja coneixeu m\u00e9s a fons el Jaciment d&#8217;Emp\u00faries i tamb\u00e9 els mites grecs que explicaven els grecs per a entendre el seu dia a dia, podeu aprofundir en aquests temes. Us proposem algunes idees: Per grups, disfresseu-vos i representeu amb una obra de teatre algun dels mites treballats. Graveu-ho i exposeu als companys [&hellip;]<\/p>\n","protected":false},"author":1,"featured_media":0,"parent":0,"menu_order":0,"comment_status":"closed","ping_status":"closed","template":"","meta":{"_bbp_topic_count":0,"_bbp_reply_count":0,"_bbp_total_topic_count":0,"_bbp_total_reply_count":0,"_bbp_voice_count":0,"_bbp_anonymous_reply_count":0,"_bbp_topic_count_hidden":0,"_bbp_reply_count_hidden":0,"_bbp_forum_subforum_count":0,"site-sidebar-layout":"default","site-content-layout":"","ast-site-content-layout":"","site-content-style":"default","site-sidebar-style":"default","ast-global-header-display":"","ast-banner-title-visibility":"","ast-main-header-display":"","ast-hfb-above-header-display":"","ast-hfb-below-header-display":"","ast-hfb-mobile-header-display":"","site-post-title":"","ast-breadcrumbs-content":"","ast-featured-img":"","footer-sml-layout":"","theme-transparent-header-meta":"","adv-header-id-meta":"","stick-header-meta":"","header-above-stick-meta":"","header-main-stick-meta":"","header-below-stick-meta":"","astra-migrate-meta-layouts":"default","ast-page-background-enabled":"default","ast-page-background-meta":{"desktop":{"background-color":"var(--ast-global-color-4)","background-image":"","background-repeat":"repeat","background-position":"center center","background-size":"auto","background-attachment":"scroll","background-type":"","background-media":"","overlay-type":"","overlay-color":"","overlay-opacity":"","overlay-gradient":""},"tablet":{"background-color":"","background-image":"","background-repeat":"repeat","background-position":"center center","background-size":"auto","background-attachment":"scroll","background-type":"","background-media":"","overlay-type":"","overlay-color":"","overlay-opacity":"","overlay-gradient":""},"mobile":{"background-color":"","background-image":"","background-repeat":"repeat","background-position":"center center","background-size":"auto","background-attachment":"scroll","background-type":"","background-media":"","overlay-type":"","overlay-color":"","overlay-opacity":"","overlay-gradient":""}},"ast-content-background-meta":{"desktop":{"background-color":"var(--ast-global-color-5)","background-image":"","background-repeat":"repeat","background-position":"center center","background-size":"auto","background-attachment":"scroll","background-type":"","background-media":"","overlay-type":"","overlay-color":"","overlay-opacity":"","overlay-gradient":""},"tablet":{"background-color":"var(--ast-global-color-5)","background-image":"","background-repeat":"repeat","background-position":"center center","background-size":"auto","background-attachment":"scroll","background-type":"","background-media":"","overlay-type":"","overlay-color":"","overlay-opacity":"","overlay-gradient":""},"mobile":{"background-color":"var(--ast-global-color-5)","background-image":"","background-repeat":"repeat","background-position":"center center","background-size":"auto","background-attachment":"scroll","background-type":"","background-media":"","overlay-type":"","overlay-color":"","overlay-opacity":"","overlay-gradient":""}},"footnotes":""},"class_list":["post-11773","page","type-page","status-publish","hentry"],"post_mailing_queue_ids":[],"_links":{"self":[{"href":"https:\/\/serveiseducatius.xtec.cat\/cda-empuries\/wp-json\/wp\/v2\/pages\/11773","targetHints":{"allow":["GET"]}}],"collection":[{"href":"https:\/\/serveiseducatius.xtec.cat\/cda-empuries\/wp-json\/wp\/v2\/pages"}],"about":[{"href":"https:\/\/serveiseducatius.xtec.cat\/cda-empuries\/wp-json\/wp\/v2\/types\/page"}],"author":[{"embeddable":true,"href":"https:\/\/serveiseducatius.xtec.cat\/cda-empuries\/wp-json\/wp\/v2\/users\/1"}],"replies":[{"embeddable":true,"href":"https:\/\/serveiseducatius.xtec.cat\/cda-empuries\/wp-json\/wp\/v2\/comments?post=11773"}],"version-history":[{"count":1,"href":"https:\/\/serveiseducatius.xtec.cat\/cda-empuries\/wp-json\/wp\/v2\/pages\/11773\/revisions"}],"predecessor-version":[{"id":11774,"href":"https:\/\/serveiseducatius.xtec.cat\/cda-empuries\/wp-json\/wp\/v2\/pages\/11773\/revisions\/11774"}],"wp:attachment":[{"href":"https:\/\/serveiseducatius.xtec.cat\/cda-empuries\/wp-json\/wp\/v2\/media?parent=11773"}],"curies":[{"name":"wp","href":"https:\/\/api.w.org\/{rel}","templated":true}]}}