{"id":11757,"date":"2022-07-14T14:11:45","date_gmt":"2022-07-14T12:11:45","guid":{"rendered":"https:\/\/serveiseducatius.xtec.cat\/cda-empuries\/?page_id=11757"},"modified":"2025-11-07T10:55:14","modified_gmt":"2025-11-07T09:55:14","slug":"descobrim-la-duna-dempuries","status":"publish","type":"page","link":"https:\/\/serveiseducatius.xtec.cat\/cda-empuries\/descobrim-la-duna-dempuries\/","title":{"rendered":"Descobrim la duna d&#8217;Emp\u00faries"},"content":{"rendered":"<article id=\"post-1619\" class=\"post-1619 page type-page status-publish hentry\">\n<div class=\"entry-content\">\n<p class=\"Estilo2\"><strong>Nivell educatiu:<\/strong> <span class=\"Estilo10\">Cicle Superior de Prim\u00e0ria i ESO<\/span><\/p>\n<p class=\"Estilo2\">L\u2019activitat consisteix a descobrir el Sistema dunar \u2014entorn natural immediat del jaciment arqueol\u00f2gic d\u2019Emp\u00faries\u2014 mitjan\u00e7ant el treball de grups aut\u00f2noms i treball col\u00b7laboratiu.<\/p>\n<p class=\"Estilo2\">Cada grup disposa d\u2019un mapa amb tots els punts del recorregut pel Sistema Dunar i un Quadern de Camp. Cada grup haur\u00e0 de localitzar els punts que t\u00e9 indicats.<\/p>\n<p class=\"Estilo2\">Acabada l\u2019activitat de recerca es fa una posada en com\u00fa de les descobertes, dubtes i observacions a les dues aules de les intal\u00b7lacions del CdA o, si el temps ho permet, a les platges d\u2019Emp\u00faries.<\/p>\n<p class=\"Estilo2\">Per tal de dur a terme l\u2019activitat cal nom\u00e9s una sessi\u00f3 de 2\u201930 o 3 hores.<\/p>\n<table style=\"height: 294px; width: 832px; border-style: solid; border-color: #000000;\" width=\"832\">\n<tbody>\n<tr style=\"height: 33px;\">\n<td style=\"width: 826px; height: 33px; border-style: solid; border-color: #000000;\" colspan=\"3\">Per vincular a la programaci\u00f3 del centre<\/td>\n<\/tr>\n<tr style=\"height: 33px;\">\n<td style=\"width: 116.7px; height: 33px; border-style: solid; border-color: #000000;\">\u00c0MBIT<\/td>\n<td style=\"width: 283.167px; height: 33px; border-style: solid; border-color: #000000;\">DIMENSI\u00d3<\/td>\n<td style=\"width: 422.133px; height: 33px; border-style: solid; border-color: #000000;\">COMPET\u00c8NCIA<\/td>\n<\/tr>\n<tr style=\"height: 49px;\">\n<td style=\"width: 116.7px; height: 49px; border-style: solid; border-color: #000000;\">Coneixement del medi<\/td>\n<td style=\"width: 283.167px; height: 49px; border-style: solid; border-color: #000000;\">M\u00f3n actual<\/td>\n<td style=\"width: 422.133px; height: 49px; border-style: solid; border-color: #000000;\">Plantejar-se preguntes sobre el medi, utilitzar estrat\u00e8gies de cerca de dades i analitzar resultats per trobar respostes.<\/td>\n<\/tr>\n<tr style=\"height: 179px;\">\n<td style=\"width: 116.7px; height: 179px; border-style: solid; border-color: #000000;\">Objectius:<\/td>\n<td style=\"width: 707.3px; height: 179px; border-style: solid; border-color: #000000;\" colspan=\"2\">\n<ul>\n<li>Fer \u00fas del mapa<\/li>\n<li>Fer una descoberta aut\u00f2noma de les principals caracter\u00edstiques del sistema dunar d\u2019Emp\u00faries com a ecosistema.<\/li>\n<li>Comprendre la import\u00e0ncia del vent i la sorra en la formaci\u00f3 de L\u2019Empord\u00e0<\/li>\n<li>Descobrir la hist\u00f2ria de la duna d\u2019Emp\u00faries<\/li>\n<\/ul>\n<\/td>\n<\/tr>\n<\/tbody>\n<\/table>\n<p>Per dur a terme aquesta activitat partirem de la pregunta guia:<\/p>\n<p><a href=\"https:\/\/serveiseducatius.xtec.cat\/cda-empuries\/wp-content\/uploads\/usu1383\/2019\/07\/pregunta-duna-gps.png\"><img loading=\"lazy\" decoding=\"async\" class=\"alignnone size-full wp-image-9618\" src=\"https:\/\/serveiseducatius.xtec.cat\/cda-empuries\/wp-content\/uploads\/usu1383\/2019\/07\/pregunta-duna-gps.png\" alt=\"\" width=\"578\" height=\"130\" srcset=\"https:\/\/serveiseducatius.xtec.cat\/cda-empuries\/wp-content\/uploads\/usu1383\/2019\/07\/pregunta-duna-gps.png 578w, https:\/\/serveiseducatius.xtec.cat\/cda-empuries\/wp-content\/uploads\/usu1383\/2019\/07\/pregunta-duna-gps-300x67.png 300w\" sizes=\"auto, (max-width: 578px) 100vw, 578px\" \/><\/a><\/p>\n<p>Recomanem que mireu la presentaci\u00f3 que us enviem per tal de comen\u00e7ar a preparar el terreny i crear inter\u00e8s i curiositat. Els alumnes s\u2019hauran de plantejar noves preguntes i trobar respostes fins a poder resoldre la pregunta guia que els plantegem.<\/p>\n<p><a href=\"https:\/\/serveiseducatius.xtec.cat\/cda-empuries\/moment-1-sistema-dunar\/\" target=\"_blank\" rel=\"noopener noreferrer\"><img loading=\"lazy\" decoding=\"async\" class=\"alignnone size-full wp-image-9050\" src=\"https:\/\/serveiseducatius.xtec.cat\/cda-empuries\/wp-content\/uploads\/usu1383\/2019\/06\/1.jpg\" alt=\"\" width=\"207\" height=\"289\" \/><\/a> \u00a0<a href=\"https:\/\/serveiseducatius.xtec.cat\/cda-empuries\/moment-2-descobrim-la-duna-dunes-amb-mapa\/\"><img loading=\"lazy\" decoding=\"async\" class=\"alignnone wp-image-12302 size-full\" src=\"https:\/\/serveiseducatius.xtec.cat\/cda-empuries\/wp-content\/uploads\/usu1383\/2025\/10\/moment2senseQuadern2.jpg\" alt=\"\" width=\"206\" height=\"290\" \/><\/a> <a href=\"https:\/\/serveiseducatius.xtec.cat\/cda-empuries\/moment-3-descobrim-la-duna-dempuries\/\" target=\"_blank\" rel=\"noopener noreferrer\"><img loading=\"lazy\" decoding=\"async\" class=\"alignnone size-full wp-image-9052\" src=\"https:\/\/serveiseducatius.xtec.cat\/cda-empuries\/wp-content\/uploads\/usu1383\/2019\/06\/3.jpg\" alt=\"\" width=\"205\" height=\"289\" \/><\/a><\/p>\n<p>&nbsp;<\/p>\n<\/div>\n<\/article>\n<article id=\"post-1619\" class=\"post-1619 page type-page status-publish hentry\">\n<div class=\"entry-content\">\n<p class=\"Estilo2\">Aquesta activitat est\u00e0 directament relacionada amb:<\/p>\n<ul>\n<li class=\"Estilo2\">Jaciment grecorom\u00e0 d\u2019Emp\u00faries i Museu<\/li>\n<li class=\"Estilo2\">Emp\u00faries de la m\u00e0 dels d\u00e9us (Mitologia a Emp\u00faries)<\/li>\n<li class=\"Estilo2\">Cales de l\u2019Escala<\/li>\n<li class=\"Estilo2\">Aiguamolls de l\u2019Empord\u00e0<\/li>\n<\/ul>\n<p class=\"Estilo2\"><img loading=\"lazy\" decoding=\"async\" src=\"http:\/\/www.xtec.cat\/cda-empuries\/Imatges\/dungps01.jpg\" alt=\"\" width=\"178\" height=\"144\" \/> <img loading=\"lazy\" decoding=\"async\" src=\"http:\/\/www.xtec.cat\/cda-empuries\/Imatges\/dungps02.jpg\" alt=\"\" width=\"177\" height=\"145\" \/><img loading=\"lazy\" decoding=\"async\" src=\"http:\/\/www.xtec.cat\/cda-empuries\/Imatges\/dungps03.jpg\" alt=\"\" width=\"177\" height=\"145\" \/><\/p>\n<p style=\"text-align: center;\"><a href=\"https:\/\/serveiseducatius.xtec.cat\/cda-empuries\/la-duna-dempuries\/\">Torna a la duna d&#8217;Emp\u00faries<\/a><\/p>\n<\/div>\n<\/article>\n<div id=\"comments\"><\/div>\n","protected":false},"excerpt":{"rendered":"<p>Nivell educatiu: Cicle Superior de Prim\u00e0ria i ESO L\u2019activitat consisteix a descobrir el Sistema dunar \u2014entorn natural immediat del jaciment arqueol\u00f2gic d\u2019Emp\u00faries\u2014 mitjan\u00e7ant el treball de grups aut\u00f2noms i treball col\u00b7laboratiu. Cada grup disposa d\u2019un mapa amb tots els punts del recorregut pel Sistema Dunar i un Quadern de Camp. Cada grup haur\u00e0 de localitzar [&hellip;]<\/p>\n","protected":false},"author":1,"featured_media":0,"parent":0,"menu_order":0,"comment_status":"closed","ping_status":"closed","template":"","meta":{"_bbp_topic_count":0,"_bbp_reply_count":0,"_bbp_total_topic_count":0,"_bbp_total_reply_count":0,"_bbp_voice_count":0,"_bbp_anonymous_reply_count":0,"_bbp_topic_count_hidden":0,"_bbp_reply_count_hidden":0,"_bbp_forum_subforum_count":0,"site-sidebar-layout":"default","site-content-layout":"","ast-site-content-layout":"default","site-content-style":"default","site-sidebar-style":"default","ast-global-header-display":"","ast-banner-title-visibility":"","ast-main-header-display":"","ast-hfb-above-header-display":"","ast-hfb-below-header-display":"","ast-hfb-mobile-header-display":"","site-post-title":"","ast-breadcrumbs-content":"","ast-featured-img":"","footer-sml-layout":"","theme-transparent-header-meta":"default","adv-header-id-meta":"","stick-header-meta":"","header-above-stick-meta":"","header-main-stick-meta":"","header-below-stick-meta":"","astra-migrate-meta-layouts":"set","ast-page-background-enabled":"default","ast-page-background-meta":{"desktop":{"background-color":"var(--ast-global-color-4)","background-image":"","background-repeat":"repeat","background-position":"center center","background-size":"auto","background-attachment":"scroll","background-type":"","background-media":"","overlay-type":"","overlay-color":"","overlay-opacity":"","overlay-gradient":""},"tablet":{"background-color":"","background-image":"","background-repeat":"repeat","background-position":"center center","background-size":"auto","background-attachment":"scroll","background-type":"","background-media":"","overlay-type":"","overlay-color":"","overlay-opacity":"","overlay-gradient":""},"mobile":{"background-color":"","background-image":"","background-repeat":"repeat","background-position":"center center","background-size":"auto","background-attachment":"scroll","background-type":"","background-media":"","overlay-type":"","overlay-color":"","overlay-opacity":"","overlay-gradient":""}},"ast-content-background-meta":{"desktop":{"background-color":"var(--ast-global-color-5)","background-image":"","background-repeat":"repeat","background-position":"center center","background-size":"auto","background-attachment":"scroll","background-type":"","background-media":"","overlay-type":"","overlay-color":"","overlay-opacity":"","overlay-gradient":""},"tablet":{"background-color":"var(--ast-global-color-5)","background-image":"","background-repeat":"repeat","background-position":"center center","background-size":"auto","background-attachment":"scroll","background-type":"","background-media":"","overlay-type":"","overlay-color":"","overlay-opacity":"","overlay-gradient":""},"mobile":{"background-color":"var(--ast-global-color-5)","background-image":"","background-repeat":"repeat","background-position":"center center","background-size":"auto","background-attachment":"scroll","background-type":"","background-media":"","overlay-type":"","overlay-color":"","overlay-opacity":"","overlay-gradient":""}},"footnotes":""},"class_list":["post-11757","page","type-page","status-publish","hentry"],"post_mailing_queue_ids":[],"_links":{"self":[{"href":"https:\/\/serveiseducatius.xtec.cat\/cda-empuries\/wp-json\/wp\/v2\/pages\/11757","targetHints":{"allow":["GET"]}}],"collection":[{"href":"https:\/\/serveiseducatius.xtec.cat\/cda-empuries\/wp-json\/wp\/v2\/pages"}],"about":[{"href":"https:\/\/serveiseducatius.xtec.cat\/cda-empuries\/wp-json\/wp\/v2\/types\/page"}],"author":[{"embeddable":true,"href":"https:\/\/serveiseducatius.xtec.cat\/cda-empuries\/wp-json\/wp\/v2\/users\/1"}],"replies":[{"embeddable":true,"href":"https:\/\/serveiseducatius.xtec.cat\/cda-empuries\/wp-json\/wp\/v2\/comments?post=11757"}],"version-history":[{"count":6,"href":"https:\/\/serveiseducatius.xtec.cat\/cda-empuries\/wp-json\/wp\/v2\/pages\/11757\/revisions"}],"predecessor-version":[{"id":12537,"href":"https:\/\/serveiseducatius.xtec.cat\/cda-empuries\/wp-json\/wp\/v2\/pages\/11757\/revisions\/12537"}],"wp:attachment":[{"href":"https:\/\/serveiseducatius.xtec.cat\/cda-empuries\/wp-json\/wp\/v2\/media?parent=11757"}],"curies":[{"name":"wp","href":"https:\/\/api.w.org\/{rel}","templated":true}]}}