{"id":11624,"date":"2022-02-01T12:21:59","date_gmt":"2022-02-01T11:21:59","guid":{"rendered":"https:\/\/serveiseducatius.xtec.cat\/cda-empuries\/?page_id=11624"},"modified":"2025-11-07T10:05:23","modified_gmt":"2025-11-07T09:05:23","slug":"itinerari-cientific-a-la-duna-dempuries-moment-1","status":"publish","type":"page","link":"https:\/\/serveiseducatius.xtec.cat\/cda-empuries\/itinerari-cientific-a-la-duna-dempuries-moment-1\/","title":{"rendered":"Itinerari cient\u00edfic a la duna d&#8217;Emp\u00faries. Moment 1"},"content":{"rendered":"<h3>Itinerari cient\u00edfic a la duna d&#8217;Emp\u00faries. Moment 1, Preparant l&#8217;activitat.<\/h3>\n<p>&nbsp;<\/p>\n<p>Abans de venir a fer la sortida a la duna d&#8217;Emp\u00faries, el Treball de camp pr\u00f2piament dit, va b\u00e9 que els alumnes es familiaritzin amb alguns conceptes que treballaran i tamb\u00e9 que coneguin un xic la hist\u00f2ria d&#8217;aquest paisatge.<\/p>\n<p>Quan ja coneixen una mica qu\u00e8 aniran a veure \u00e9s quan se&#8217;ls desperta la curiositat i es fan les seves preguntes.<\/p>\n<p>Per aix\u00f2 us proposem unes petites <strong>ACTIVITATS INTRODUCT\u00d2RIES<\/strong>:<\/p>\n<p>&nbsp;<\/p>\n<p>Podeu comen\u00e7ar a <span style=\"font-weight: 400;\">entendre com mesurem la salinitat a la desembocadura del Rec del Mol\u00ed:<\/span><\/p>\n<table style=\"border-collapse: collapse; width: 100%;\">\n<tbody>\n<tr>\n<td style=\"width: 50%;\">Refract\u00f2metre<\/p>\n<div class=\"ast-oembed-container \" style=\"height: 100%;\"><iframe loading=\"lazy\" title=\"Uso de los refract\u00f3metros de mano\" width=\"500\" height=\"281\" src=\"https:\/\/www.youtube.com\/embed\/XET-v_MgF6U?feature=oembed\" frameborder=\"0\" allow=\"accelerometer; autoplay; clipboard-write; encrypted-media; gyroscope; picture-in-picture; web-share\" referrerpolicy=\"strict-origin-when-cross-origin\" allowfullscreen><\/iframe><\/div>\n<\/td>\n<td style=\"width: 50%;\"><span style=\"font-weight: 400;\">Dens\u00edmetre (hygrometer)<\/span><\/p>\n<div class=\"ast-oembed-container \" style=\"height: 100%;\"><iframe loading=\"lazy\" title=\"Specific Density Hydrometer\" width=\"500\" height=\"281\" src=\"https:\/\/www.youtube.com\/embed\/65Z1Bx71V_4?feature=oembed\" frameborder=\"0\" allow=\"accelerometer; autoplay; clipboard-write; encrypted-media; gyroscope; picture-in-picture; web-share\" referrerpolicy=\"strict-origin-when-cross-origin\" allowfullscreen><\/iframe><\/div>\n<\/td>\n<\/tr>\n<\/tbody>\n<\/table>\n<p>&nbsp;<\/p>\n<table style=\"border-collapse: collapse; width: 49.587%;\">\n<tbody>\n<tr>\n<td style=\"width: 100%;\">Fins i tot podeu fabricar el vostre propi densimetre<\/p>\n<div class=\"ast-oembed-container \" style=\"height: 100%;\"><iframe loading=\"lazy\" title=\"Un dens\u00edmetro casero\" width=\"500\" height=\"281\" src=\"https:\/\/www.youtube.com\/embed\/t7LUwYSLa-Q?feature=oembed\" frameborder=\"0\" allow=\"accelerometer; autoplay; clipboard-write; encrypted-media; gyroscope; picture-in-picture; web-share\" referrerpolicy=\"strict-origin-when-cross-origin\" allowfullscreen><\/iframe><\/div>\n<\/td>\n<\/tr>\n<\/tbody>\n<\/table>\n<p>Podeu consultar informaci\u00f3 sobre:<\/p>\n<ul>\n<li>Mol\u00b7luscos al lloc <a href=\"https:\/\/mural.uv.es\/maflotor\/marco%20malaco.htm\">web de Malacologia<\/a><\/li>\n<li>L&#8217;ecosistema dunar al lloc web de la diputaci\u00f3 de Val\u00e8ncia <a href=\"https:\/\/ecosistemalitoral.dival.es\/\">l&#8217;ecosistema litoral catal\u00e0<\/a><\/li>\n<li>La <a href=\"https:\/\/parcsnaturals.gencat.cat\/ca\/xarxa-de-parcs\/illes-medes\/el-parc\/patrimoni-natural-i-cultural\/geologia\/\">geologia del mass\u00eds del Montgr\u00ed<\/a> al web del parc Natural Montgr\u00ed i Illes Medes o consultar la fitxa de la <a href=\"https:\/\/serveiseducatius.xtec.cat\/cda-empuries\/wp-content\/uploads\/usu1383\/2025\/11\/168_descrip.pdf\">Geozona 168<\/a> ILLES MEDES I MONTGR\u00cd ORIENTAL<\/li>\n<li>Trobareu informaci\u00f3 de la <a href=\"https:\/\/parquesnaturales.gva.es\/es\/web\/pn-l-albufera\/flora-y-vegetacion\">flora i fauna<\/a> dunar al lloc web de l&#8217;albufera de Val\u00e8ncia<\/li>\n<li>Podeu ampliar coneixements de la geologia de la plana empordanesa llegint l&#8217;article de Joan Bach &#8220;<a href=\"https:\/\/parquesnaturales.gva.es\/es\/web\/pn-l-albufera\/flora-y-vegetacion\">Trets geol\u00f2gics de la plana litoral de l&#8217;Alt Empord\u00e0<\/a>&#8220;<\/li>\n<\/ul>\n<p>Podeu posar-vos a prova amb uns jocs sobre sobre\u00a0 <a href=\"https:\/\/wordwall.net\/resource\/28253201\/la-duna-demp%c3%baries\">ESP\u00c8CIES INVASORES <\/a>o jugant a <a href=\"https:\/\/wordwall.net\/resource\/28256032\/duna-demp%c3%baries-qui-o-qu%c3%a8-%c3%a9s\">QUI O QU\u00c8?<\/a><\/p>\n<p>Podeu observar alguns dels v\u00eddeos seg\u00fcents:<\/p>\n<table style=\"width: 100%; border-collapse: collapse; border-style: solid; border-color: #000000;\">\n<tbody>\n<tr>\n<td style=\"width: 50%; border-style: solid; border-color: #000000;\">Geologia del mass\u00eds de Montgr\u00ed. Bioimatge<\/p>\n<div class=\"ast-oembed-container \" style=\"height: 100%;\"><iframe loading=\"lazy\" title=\"El Mass\u00eds del Montgr\u00ed.\" width=\"500\" height=\"281\" src=\"https:\/\/www.youtube.com\/embed\/qNeixdTXkZU?start=400&#038;feature=oembed\" frameborder=\"0\" allow=\"accelerometer; autoplay; clipboard-write; encrypted-media; gyroscope; picture-in-picture; web-share\" referrerpolicy=\"strict-origin-when-cross-origin\" allowfullscreen><\/iframe><\/div>\n<\/td>\n<td style=\"width: 50%; border-style: solid; border-color: #000000;\">Sistemes dunars. Un desert ple de vida. Diputaci\u00f3 de Val\u00e8ncia<\/p>\n<div class=\"ast-oembed-container \" style=\"height: 100%;\"><iframe loading=\"lazy\" title=\"Dunes. Un desert ple de vida\" width=\"500\" height=\"281\" src=\"https:\/\/www.youtube.com\/embed\/xPMSE7RyMeE?start=216&#038;feature=oembed\" frameborder=\"0\" allow=\"accelerometer; autoplay; clipboard-write; encrypted-media; gyroscope; picture-in-picture; web-share\" referrerpolicy=\"strict-origin-when-cross-origin\" allowfullscreen><\/iframe><\/div>\n<\/td>\n<\/tr>\n<tr>\n<td style=\"width: 50%; border-style: solid; border-color: #000000;\">Vegetaci\u00f3 i fauna a les dunes. L&#8217;Albufera de Val\u00e8ncia. Ajuntament de Val\u00e8ncia<\/p>\n<div class=\"ast-oembed-container \" style=\"height: 100%;\"><iframe loading=\"lazy\" title=\"Vegetaci\u00f3 i fauna a les dunes\" width=\"500\" height=\"281\" src=\"https:\/\/www.youtube.com\/embed\/XF-mxTM3Z6Q?feature=oembed\" frameborder=\"0\" allow=\"accelerometer; autoplay; clipboard-write; encrypted-media; gyroscope; picture-in-picture; web-share\" referrerpolicy=\"strict-origin-when-cross-origin\" allowfullscreen><\/iframe><\/div>\n<\/td>\n<td style=\"width: 50%; border-style: solid; border-color: #000000;\">Restauraci\u00f3n y conservaci\u00f3n de sistemas dunares. Adaptaci\u00f3n en la costa mediterr\u00e1nea. Fundaci\u00f3n Biodiversidad (en castell\u00e0)<\/p>\n<div class=\"ast-oembed-container \" style=\"height: 100%;\"><iframe loading=\"lazy\" title=\"Restauraci\u00f3n y conservaci\u00f3n de sistemas dunares. Adaptaci\u00f3n en la costa mediterr\u00e1nea\" width=\"500\" height=\"281\" src=\"https:\/\/www.youtube.com\/embed\/BbZF4fbezuQ?feature=oembed\" frameborder=\"0\" allow=\"accelerometer; autoplay; clipboard-write; encrypted-media; gyroscope; picture-in-picture; web-share\" referrerpolicy=\"strict-origin-when-cross-origin\" allowfullscreen><\/iframe><\/div>\n<\/td>\n<\/tr>\n<\/tbody>\n<\/table>\n<p>Us esperem a Emp\u00faries!<\/p>\n","protected":false},"excerpt":{"rendered":"<p>Itinerari cient\u00edfic a la duna d&#8217;Emp\u00faries. Moment 1, Preparant l&#8217;activitat. &nbsp; Abans de venir a fer la sortida a la duna d&#8217;Emp\u00faries, el Treball de camp pr\u00f2piament dit, va b\u00e9 que els alumnes es familiaritzin amb alguns conceptes que treballaran i tamb\u00e9 que coneguin un xic la hist\u00f2ria d&#8217;aquest paisatge. Quan ja coneixen una mica [&hellip;]<\/p>\n","protected":false},"author":1,"featured_media":0,"parent":0,"menu_order":0,"comment_status":"closed","ping_status":"closed","template":"","meta":{"_bbp_topic_count":0,"_bbp_reply_count":0,"_bbp_total_topic_count":0,"_bbp_total_reply_count":0,"_bbp_voice_count":0,"_bbp_anonymous_reply_count":0,"_bbp_topic_count_hidden":0,"_bbp_reply_count_hidden":0,"_bbp_forum_subforum_count":0,"site-sidebar-layout":"default","site-content-layout":"","ast-site-content-layout":"default","site-content-style":"default","site-sidebar-style":"default","ast-global-header-display":"","ast-banner-title-visibility":"","ast-main-header-display":"","ast-hfb-above-header-display":"","ast-hfb-below-header-display":"","ast-hfb-mobile-header-display":"","site-post-title":"","ast-breadcrumbs-content":"","ast-featured-img":"","footer-sml-layout":"","theme-transparent-header-meta":"default","adv-header-id-meta":"","stick-header-meta":"","header-above-stick-meta":"","header-main-stick-meta":"","header-below-stick-meta":"","astra-migrate-meta-layouts":"set","ast-page-background-enabled":"default","ast-page-background-meta":{"desktop":{"background-color":"var(--ast-global-color-4)","background-image":"","background-repeat":"repeat","background-position":"center center","background-size":"auto","background-attachment":"scroll","background-type":"","background-media":"","overlay-type":"","overlay-color":"","overlay-opacity":"","overlay-gradient":""},"tablet":{"background-color":"","background-image":"","background-repeat":"repeat","background-position":"center center","background-size":"auto","background-attachment":"scroll","background-type":"","background-media":"","overlay-type":"","overlay-color":"","overlay-opacity":"","overlay-gradient":""},"mobile":{"background-color":"","background-image":"","background-repeat":"repeat","background-position":"center center","background-size":"auto","background-attachment":"scroll","background-type":"","background-media":"","overlay-type":"","overlay-color":"","overlay-opacity":"","overlay-gradient":""}},"ast-content-background-meta":{"desktop":{"background-color":"var(--ast-global-color-5)","background-image":"","background-repeat":"repeat","background-position":"center center","background-size":"auto","background-attachment":"scroll","background-type":"","background-media":"","overlay-type":"","overlay-color":"","overlay-opacity":"","overlay-gradient":""},"tablet":{"background-color":"var(--ast-global-color-5)","background-image":"","background-repeat":"repeat","background-position":"center center","background-size":"auto","background-attachment":"scroll","background-type":"","background-media":"","overlay-type":"","overlay-color":"","overlay-opacity":"","overlay-gradient":""},"mobile":{"background-color":"var(--ast-global-color-5)","background-image":"","background-repeat":"repeat","background-position":"center center","background-size":"auto","background-attachment":"scroll","background-type":"","background-media":"","overlay-type":"","overlay-color":"","overlay-opacity":"","overlay-gradient":""}},"footnotes":""},"class_list":["post-11624","page","type-page","status-publish","hentry"],"post_mailing_queue_ids":[],"_links":{"self":[{"href":"https:\/\/serveiseducatius.xtec.cat\/cda-empuries\/wp-json\/wp\/v2\/pages\/11624","targetHints":{"allow":["GET"]}}],"collection":[{"href":"https:\/\/serveiseducatius.xtec.cat\/cda-empuries\/wp-json\/wp\/v2\/pages"}],"about":[{"href":"https:\/\/serveiseducatius.xtec.cat\/cda-empuries\/wp-json\/wp\/v2\/types\/page"}],"author":[{"embeddable":true,"href":"https:\/\/serveiseducatius.xtec.cat\/cda-empuries\/wp-json\/wp\/v2\/users\/1"}],"replies":[{"embeddable":true,"href":"https:\/\/serveiseducatius.xtec.cat\/cda-empuries\/wp-json\/wp\/v2\/comments?post=11624"}],"version-history":[{"count":5,"href":"https:\/\/serveiseducatius.xtec.cat\/cda-empuries\/wp-json\/wp\/v2\/pages\/11624\/revisions"}],"predecessor-version":[{"id":12507,"href":"https:\/\/serveiseducatius.xtec.cat\/cda-empuries\/wp-json\/wp\/v2\/pages\/11624\/revisions\/12507"}],"wp:attachment":[{"href":"https:\/\/serveiseducatius.xtec.cat\/cda-empuries\/wp-json\/wp\/v2\/media?parent=11624"}],"curies":[{"name":"wp","href":"https:\/\/api.w.org\/{rel}","templated":true}]}}