{"id":11440,"date":"2021-09-10T08:52:25","date_gmt":"2021-09-10T06:52:25","guid":{"rendered":"https:\/\/serveiseducatius.xtec.cat\/cda-empuries\/?page_id=11440"},"modified":"2025-11-06T13:02:08","modified_gmt":"2025-11-06T12:02:08","slug":"moment-1-sistema-dunar","status":"publish","type":"page","link":"https:\/\/serveiseducatius.xtec.cat\/cda-empuries\/moment-1-sistema-dunar\/","title":{"rendered":"Moment 1 sistema dunar"},"content":{"rendered":"<h4>Continguts m\u00ednims<\/h4>\n<p><a href=\"https:\/\/docs.google.com\/presentation\/d\/1cSAsXAXRZ6wfa3tIxHsfep33l5R8C2fD\/edit?usp=sharing&amp;ouid=110692370880931138189&amp;rtpof=true&amp;sd=true\" target=\"_blank\" rel=\"noopener\">Presentaci\u00f3 Sistema dunar per l&#8217;alumnat:<\/a><\/p>\n<h4><img loading=\"lazy\" decoding=\"async\" class=\"alignnone size-full wp-image-9340\" src=\"https:\/\/serveiseducatius.xtec.cat\/cda-empuries\/wp-content\/uploads\/usu1383\/2019\/06\/sorra-i-duna.png\" alt=\"\" width=\"255\" height=\"218\" \/><\/h4>\n<p>Pels docents: <a href=\"https:\/\/drive.google.com\/file\/d\/1j7DjQJueodkm9lm8bL33SLEje1g72kkY\/view?usp=sharing\" target=\"_blank\" rel=\"noopener\">Guia did\u00e0ctica per acompanyar la presentaci\u00f3<\/a><\/p>\n<h4><\/h4>\n<h4>Informaci\u00f3 adicional:<\/h4>\n<table style=\"border-style: solid; border-color: #000000;\">\n<tbody>\n<tr>\n<td style=\"width: 225.556px; border-style: solid; border-color: #000000;\">COM \u00c9S\u00a0EL SISTEMA DUNAR\u00a0D&#8217;EMP\u00daRIES<\/p>\n<p><a href=\"http:\/\/www.xtec.cat\/cda-empuries\/DunesWeb\/Dunes1.htm\" target=\"_blank\" rel=\"noopener noreferrer\"><img loading=\"lazy\" decoding=\"async\" class=\"alignnone wp-image-9616\" src=\"https:\/\/serveiseducatius.xtec.cat\/cda-empuries\/wp-content\/uploads\/usu1383\/2019\/07\/sistema-unar-imatge.png\" alt=\"\" width=\"321\" height=\"202\" srcset=\"https:\/\/serveiseducatius.xtec.cat\/cda-empuries\/wp-content\/uploads\/usu1383\/2019\/07\/sistema-unar-imatge.png 752w, https:\/\/serveiseducatius.xtec.cat\/cda-empuries\/wp-content\/uploads\/usu1383\/2019\/07\/sistema-unar-imatge-300x189.png 300w\" sizes=\"auto, (max-width: 321px) 100vw, 321px\" \/><\/a><\/td>\n<td style=\"width: 197.778px; border-style: solid; border-color: #000000;\">FAUNA DE LES DUNES:\u00a0EL CORRIOL CAMANEGRE<\/p>\n<p><a href=\"https:\/\/drive.google.com\/file\/d\/1VrkD9afcJGMZn4A6ZaJkjoBcBMEbA72k\/view?usp=sharing\" target=\"_blank\" rel=\"noopener noreferrer\"><img loading=\"lazy\" decoding=\"async\" class=\"alignnone wp-image-11194\" src=\"https:\/\/serveiseducatius.xtec.cat\/cda-empuries\/wp-content\/uploads\/usu1383\/2021\/04\/corriol.png\" alt=\"\" width=\"209\" height=\"192\" srcset=\"https:\/\/serveiseducatius.xtec.cat\/cda-empuries\/wp-content\/uploads\/usu1383\/2021\/04\/corriol.png 528w, https:\/\/serveiseducatius.xtec.cat\/cda-empuries\/wp-content\/uploads\/usu1383\/2021\/04\/corriol-300x274.png 300w\" sizes=\"auto, (max-width: 209px) 100vw, 209px\" \/><\/a><\/td>\n<\/tr>\n<tr>\n<td style=\"width: 225.556px; border-style: solid; border-color: #000000;\">Sistemes dunars. V\u00eddeo Dunes, un desert ple de vida<\/p>\n<p><a href=\"https:\/\/www.youtube.com\/watch?v=xPMSE7RyMeE&amp;t=216s\"><img loading=\"lazy\" decoding=\"async\" class=\"alignnone wp-image-12476 \" src=\"https:\/\/serveiseducatius.xtec.cat\/cda-empuries\/wp-content\/uploads\/usu1383\/2025\/11\/DesertDuna-300x168.jpg\" alt=\"\" width=\"309\" height=\"173\" srcset=\"https:\/\/serveiseducatius.xtec.cat\/cda-empuries\/wp-content\/uploads\/usu1383\/2025\/11\/DesertDuna-300x168.jpg 300w, https:\/\/serveiseducatius.xtec.cat\/cda-empuries\/wp-content\/uploads\/usu1383\/2025\/11\/DesertDuna-1024x574.jpg 1024w, https:\/\/serveiseducatius.xtec.cat\/cda-empuries\/wp-content\/uploads\/usu1383\/2025\/11\/DesertDuna-768x431.jpg 768w, https:\/\/serveiseducatius.xtec.cat\/cda-empuries\/wp-content\/uploads\/usu1383\/2025\/11\/DesertDuna.jpg 1209w\" sizes=\"auto, (max-width: 309px) 100vw, 309px\" \/><\/a><\/td>\n<td style=\"width: 197.778px; border-style: solid; border-color: #000000;\">\u00bfC\u00f3mo se forman las dunas? V\u00eddeo de 1 min<\/p>\n<p><a href=\"https:\/\/www.youtube.com\/watch?v=Ez3Cmu2NYs0\"><img loading=\"lazy\" decoding=\"async\" class=\"alignnone wp-image-12477 \" src=\"https:\/\/serveiseducatius.xtec.cat\/cda-empuries\/wp-content\/uploads\/usu1383\/2025\/11\/videoDunes-300x240.jpg\" alt=\"\" width=\"201\" height=\"161\" srcset=\"https:\/\/serveiseducatius.xtec.cat\/cda-empuries\/wp-content\/uploads\/usu1383\/2025\/11\/videoDunes-300x240.jpg 300w, https:\/\/serveiseducatius.xtec.cat\/cda-empuries\/wp-content\/uploads\/usu1383\/2025\/11\/videoDunes-768x614.jpg 768w, https:\/\/serveiseducatius.xtec.cat\/cda-empuries\/wp-content\/uploads\/usu1383\/2025\/11\/videoDunes.jpg 915w\" sizes=\"auto, (max-width: 201px) 100vw, 201px\" \/><\/a><\/td>\n<\/tr>\n<\/tbody>\n<\/table>\n<p>&nbsp;<\/p>\n<h5><\/h5>\n<h5 style=\"text-align: center;\"><a href=\"https:\/\/serveiseducatius.xtec.cat\/cda-empuries\/descobrim-la-duna-dempuries\/\">Torna a l&#8217;activitat Descobrim la duna d&#8217;Emp\u00faries<\/a><\/h5>\n","protected":false},"excerpt":{"rendered":"<p>Continguts m\u00ednims Presentaci\u00f3 Sistema dunar per l&#8217;alumnat: Pels docents: Guia did\u00e0ctica per acompanyar la presentaci\u00f3 Informaci\u00f3 adicional: COM \u00c9S\u00a0EL SISTEMA DUNAR\u00a0D&#8217;EMP\u00daRIES FAUNA DE LES DUNES:\u00a0EL CORRIOL CAMANEGRE Sistemes dunars. V\u00eddeo Dunes, un desert ple de vida \u00bfC\u00f3mo se forman las dunas? V\u00eddeo de 1 min &nbsp; Torna a l&#8217;activitat Descobrim la duna d&#8217;Emp\u00faries<\/p>\n","protected":false},"author":1,"featured_media":0,"parent":0,"menu_order":0,"comment_status":"closed","ping_status":"closed","template":"","meta":{"_bbp_topic_count":0,"_bbp_reply_count":0,"_bbp_total_topic_count":0,"_bbp_total_reply_count":0,"_bbp_voice_count":0,"_bbp_anonymous_reply_count":0,"_bbp_topic_count_hidden":0,"_bbp_reply_count_hidden":0,"_bbp_forum_subforum_count":0,"site-sidebar-layout":"default","site-content-layout":"","ast-site-content-layout":"default","site-content-style":"default","site-sidebar-style":"default","ast-global-header-display":"","ast-banner-title-visibility":"","ast-main-header-display":"","ast-hfb-above-header-display":"","ast-hfb-below-header-display":"","ast-hfb-mobile-header-display":"","site-post-title":"","ast-breadcrumbs-content":"","ast-featured-img":"","footer-sml-layout":"","theme-transparent-header-meta":"default","adv-header-id-meta":"","stick-header-meta":"","header-above-stick-meta":"","header-main-stick-meta":"","header-below-stick-meta":"","astra-migrate-meta-layouts":"set","ast-page-background-enabled":"default","ast-page-background-meta":{"desktop":{"background-color":"var(--ast-global-color-4)","background-image":"","background-repeat":"repeat","background-position":"center center","background-size":"auto","background-attachment":"scroll","background-type":"","background-media":"","overlay-type":"","overlay-color":"","overlay-opacity":"","overlay-gradient":""},"tablet":{"background-color":"","background-image":"","background-repeat":"repeat","background-position":"center center","background-size":"auto","background-attachment":"scroll","background-type":"","background-media":"","overlay-type":"","overlay-color":"","overlay-opacity":"","overlay-gradient":""},"mobile":{"background-color":"","background-image":"","background-repeat":"repeat","background-position":"center center","background-size":"auto","background-attachment":"scroll","background-type":"","background-media":"","overlay-type":"","overlay-color":"","overlay-opacity":"","overlay-gradient":""}},"ast-content-background-meta":{"desktop":{"background-color":"var(--ast-global-color-5)","background-image":"","background-repeat":"repeat","background-position":"center center","background-size":"auto","background-attachment":"scroll","background-type":"","background-media":"","overlay-type":"","overlay-color":"","overlay-opacity":"","overlay-gradient":""},"tablet":{"background-color":"var(--ast-global-color-5)","background-image":"","background-repeat":"repeat","background-position":"center center","background-size":"auto","background-attachment":"scroll","background-type":"","background-media":"","overlay-type":"","overlay-color":"","overlay-opacity":"","overlay-gradient":""},"mobile":{"background-color":"var(--ast-global-color-5)","background-image":"","background-repeat":"repeat","background-position":"center center","background-size":"auto","background-attachment":"scroll","background-type":"","background-media":"","overlay-type":"","overlay-color":"","overlay-opacity":"","overlay-gradient":""}},"footnotes":""},"class_list":["post-11440","page","type-page","status-publish","hentry"],"post_mailing_queue_ids":[],"_links":{"self":[{"href":"https:\/\/serveiseducatius.xtec.cat\/cda-empuries\/wp-json\/wp\/v2\/pages\/11440","targetHints":{"allow":["GET"]}}],"collection":[{"href":"https:\/\/serveiseducatius.xtec.cat\/cda-empuries\/wp-json\/wp\/v2\/pages"}],"about":[{"href":"https:\/\/serveiseducatius.xtec.cat\/cda-empuries\/wp-json\/wp\/v2\/types\/page"}],"author":[{"embeddable":true,"href":"https:\/\/serveiseducatius.xtec.cat\/cda-empuries\/wp-json\/wp\/v2\/users\/1"}],"replies":[{"embeddable":true,"href":"https:\/\/serveiseducatius.xtec.cat\/cda-empuries\/wp-json\/wp\/v2\/comments?post=11440"}],"version-history":[{"count":6,"href":"https:\/\/serveiseducatius.xtec.cat\/cda-empuries\/wp-json\/wp\/v2\/pages\/11440\/revisions"}],"predecessor-version":[{"id":12480,"href":"https:\/\/serveiseducatius.xtec.cat\/cda-empuries\/wp-json\/wp\/v2\/pages\/11440\/revisions\/12480"}],"wp:attachment":[{"href":"https:\/\/serveiseducatius.xtec.cat\/cda-empuries\/wp-json\/wp\/v2\/media?parent=11440"}],"curies":[{"name":"wp","href":"https:\/\/api.w.org\/{rel}","templated":true}]}}