{"id":11200,"date":"2021-04-14T18:06:39","date_gmt":"2021-04-14T16:06:39","guid":{"rendered":"http:\/\/serveiseducatius.xtec.cat\/cda-empuries\/?page_id=11200"},"modified":"2022-11-03T09:50:50","modified_gmt":"2022-11-03T08:50:50","slug":"lalfoli-una-passejada-per-la-historia-de-lescala","status":"publish","type":"page","link":"https:\/\/serveiseducatius.xtec.cat\/cda-empuries\/lalfoli-una-passejada-per-la-historia-de-lescala\/","title":{"rendered":"L&#8217;ALFOL\u00cd: Una passejada per la hist\u00f2ria de l&#8217;Escala"},"content":{"rendered":"<p class=\"Estilo2\"><strong>Nivell educatiu: <\/strong>ESO (adaptable a Cicle superior de Prim\u00e0ria)<span class=\"Estilo11\"><br \/>\n<\/span><\/p>\n<p class=\"Estilo2\"><strong>Codi de l\u2019activitat:<\/strong> Es3<\/p>\n<p>El poble de l&#8217;Escala t\u00e9 una llarga hist\u00f2ria que es remunta al Neol\u00edtic i que arriba fins als nostres dies, amb la irrupci\u00f3 del turisme a la d\u00e8cada dels cinquanta del segle passat.<\/p>\n<p>En aquesta activitat repassarem les principals fites de la hist\u00f2ria escalenca que apareixen recollides i explicades a l&#8217;edifici de l&#8217;Alfol\u00ed, recentment restaurat, que durant molts anys va funcionar com a duana i com a magatzem del sal.<\/p>\n<p>Els alumnes han de resoldre per grups i de manera aut\u00f2noma una s\u00e8rie de q\u00fcestions que els plantegem a partir del visionat de v\u00eddeos i de l&#8217;observaci\u00f3 d&#8217;objectes exposats i de panells.<\/p>\n<p>L&#8217;activitat, que acaba amb una posada en com\u00fa, es complementa, en el seu inici, amb una visita a dues cales de l&#8217;Escala (la Cala de la Creu i la Cala de la Riba) i amb l&#8217;observaci\u00f3 de les restes monumentals que queden a l&#8217;Escala del passat mariner d&#8217;aquesta vila empordanesa.<\/p>\n<p>Vegeu-ne el quadern de treball clicant sobre la imatge: \u00a0 \u00a0 \u00a0 \u00a0 \u00a0 \u00a0 \u00a0 \u00a0 \u00a0 \u00a0 \u00a0 \u00a0<a href=\"https:\/\/drive.google.com\/file\/d\/1ufXyO3xUceSHG9IeTP2ZM0yYHPMXMxx-\/view?usp=sharing\" target=\"_blank\" rel=\"noopener\"><img loading=\"lazy\" decoding=\"async\" class=\"alignnone wp-image-11703\" src=\"https:\/\/serveiseducatius.xtec.cat\/cda-empuries\/wp-content\/uploads\/usu1383\/2022\/05\/alfoli.jpg\" alt=\"\" width=\"202\" height=\"296\" srcset=\"https:\/\/serveiseducatius.xtec.cat\/cda-empuries\/wp-content\/uploads\/usu1383\/2022\/05\/alfoli.jpg 465w, https:\/\/serveiseducatius.xtec.cat\/cda-empuries\/wp-content\/uploads\/usu1383\/2022\/05\/alfoli-205x300.jpg 205w\" sizes=\"auto, (max-width: 202px) 100vw, 202px\" \/><\/a><\/p>\n<p>&nbsp;<\/p>\n<p>Durada aproximada: 3 h.<\/p>\n<p>&nbsp;<\/p>\n<p><a href=\"https:\/\/serveiseducatius.xtec.cat\/cda-empuries\/wp-content\/uploads\/usu1383\/2021\/04\/LAlfol\u00ed.jpg\"><img loading=\"lazy\" decoding=\"async\" class=\"alignnone size-full wp-image-11201\" src=\"https:\/\/serveiseducatius.xtec.cat\/cda-empuries\/wp-content\/uploads\/usu1383\/2021\/04\/LAlfol\u00ed.jpg\" alt=\"\" width=\"276\" height=\"182\" \/><\/a>\u00a0 \u00a0<a href=\"https:\/\/serveiseducatius.xtec.cat\/cda-empuries\/wp-content\/uploads\/usu1383\/2021\/04\/MUSEU-DE-L\u2019ESCALA-alfoli-de-la-sal.jpg\"><img loading=\"lazy\" decoding=\"async\" class=\"alignnone wp-image-11203\" src=\"https:\/\/serveiseducatius.xtec.cat\/cda-empuries\/wp-content\/uploads\/usu1383\/2021\/04\/MUSEU-DE-L\u2019ESCALA-alfoli-de-la-sal-1024x682.jpg\" alt=\"\" width=\"270\" height=\"180\" srcset=\"https:\/\/serveiseducatius.xtec.cat\/cda-empuries\/wp-content\/uploads\/usu1383\/2021\/04\/MUSEU-DE-L\u2019ESCALA-alfoli-de-la-sal-1024x682.jpg 1024w, https:\/\/serveiseducatius.xtec.cat\/cda-empuries\/wp-content\/uploads\/usu1383\/2021\/04\/MUSEU-DE-L\u2019ESCALA-alfoli-de-la-sal-300x200.jpg 300w, https:\/\/serveiseducatius.xtec.cat\/cda-empuries\/wp-content\/uploads\/usu1383\/2021\/04\/MUSEU-DE-L\u2019ESCALA-alfoli-de-la-sal-768x512.jpg 768w, https:\/\/serveiseducatius.xtec.cat\/cda-empuries\/wp-content\/uploads\/usu1383\/2021\/04\/MUSEU-DE-L\u2019ESCALA-alfoli-de-la-sal.jpg 2000w\" sizes=\"auto, (max-width: 270px) 100vw, 270px\" \/>\u00a0\u00a0 <\/a><a href=\"https:\/\/serveiseducatius.xtec.cat\/cda-empuries\/wp-content\/uploads\/usu1383\/2021\/04\/alfoli-de-la-sal-1.jpg\"><img loading=\"lazy\" decoding=\"async\" class=\"alignnone wp-image-11204\" src=\"https:\/\/serveiseducatius.xtec.cat\/cda-empuries\/wp-content\/uploads\/usu1383\/2021\/04\/alfoli-de-la-sal-1-1024x682.jpg\" alt=\"\" width=\"271\" height=\"180\" srcset=\"https:\/\/serveiseducatius.xtec.cat\/cda-empuries\/wp-content\/uploads\/usu1383\/2021\/04\/alfoli-de-la-sal-1-1024x682.jpg 1024w, https:\/\/serveiseducatius.xtec.cat\/cda-empuries\/wp-content\/uploads\/usu1383\/2021\/04\/alfoli-de-la-sal-1-300x200.jpg 300w, https:\/\/serveiseducatius.xtec.cat\/cda-empuries\/wp-content\/uploads\/usu1383\/2021\/04\/alfoli-de-la-sal-1-768x512.jpg 768w, https:\/\/serveiseducatius.xtec.cat\/cda-empuries\/wp-content\/uploads\/usu1383\/2021\/04\/alfoli-de-la-sal-1.jpg 2000w\" sizes=\"auto, (max-width: 271px) 100vw, 271px\" \/><\/a><a href=\"https:\/\/serveiseducatius.xtec.cat\/cda-empuries\/wp-content\/uploads\/usu1383\/2021\/04\/images-1.jpg\"><img loading=\"lazy\" decoding=\"async\" class=\"alignnone size-full wp-image-11206\" src=\"https:\/\/serveiseducatius.xtec.cat\/cda-empuries\/wp-content\/uploads\/usu1383\/2021\/04\/images-1.jpg\" alt=\"\" width=\"139\" height=\"166\" \/><\/a><\/p>\n","protected":false},"excerpt":{"rendered":"<p>Nivell educatiu: ESO (adaptable a Cicle superior de Prim\u00e0ria) Codi de l\u2019activitat: Es3 El poble de l&#8217;Escala t\u00e9 una llarga hist\u00f2ria que es remunta al Neol\u00edtic i que arriba fins als nostres dies, amb la irrupci\u00f3 del turisme a la d\u00e8cada dels cinquanta del segle passat. En aquesta activitat repassarem les principals fites de la [&hellip;]<\/p>\n","protected":false},"author":1,"featured_media":0,"parent":0,"menu_order":0,"comment_status":"closed","ping_status":"closed","template":"","meta":{"_bbp_topic_count":0,"_bbp_reply_count":0,"_bbp_total_topic_count":0,"_bbp_total_reply_count":0,"_bbp_voice_count":0,"_bbp_anonymous_reply_count":0,"_bbp_topic_count_hidden":0,"_bbp_reply_count_hidden":0,"_bbp_forum_subforum_count":0,"site-sidebar-layout":"default","site-content-layout":"","ast-site-content-layout":"","site-content-style":"default","site-sidebar-style":"default","ast-global-header-display":"","ast-banner-title-visibility":"","ast-main-header-display":"","ast-hfb-above-header-display":"","ast-hfb-below-header-display":"","ast-hfb-mobile-header-display":"","site-post-title":"","ast-breadcrumbs-content":"","ast-featured-img":"","footer-sml-layout":"","theme-transparent-header-meta":"","adv-header-id-meta":"","stick-header-meta":"","header-above-stick-meta":"","header-main-stick-meta":"","header-below-stick-meta":"","astra-migrate-meta-layouts":"default","ast-page-background-enabled":"default","ast-page-background-meta":{"desktop":{"background-color":"var(--ast-global-color-4)","background-image":"","background-repeat":"repeat","background-position":"center center","background-size":"auto","background-attachment":"scroll","background-type":"","background-media":"","overlay-type":"","overlay-color":"","overlay-opacity":"","overlay-gradient":""},"tablet":{"background-color":"","background-image":"","background-repeat":"repeat","background-position":"center center","background-size":"auto","background-attachment":"scroll","background-type":"","background-media":"","overlay-type":"","overlay-color":"","overlay-opacity":"","overlay-gradient":""},"mobile":{"background-color":"","background-image":"","background-repeat":"repeat","background-position":"center center","background-size":"auto","background-attachment":"scroll","background-type":"","background-media":"","overlay-type":"","overlay-color":"","overlay-opacity":"","overlay-gradient":""}},"ast-content-background-meta":{"desktop":{"background-color":"var(--ast-global-color-5)","background-image":"","background-repeat":"repeat","background-position":"center center","background-size":"auto","background-attachment":"scroll","background-type":"","background-media":"","overlay-type":"","overlay-color":"","overlay-opacity":"","overlay-gradient":""},"tablet":{"background-color":"var(--ast-global-color-5)","background-image":"","background-repeat":"repeat","background-position":"center center","background-size":"auto","background-attachment":"scroll","background-type":"","background-media":"","overlay-type":"","overlay-color":"","overlay-opacity":"","overlay-gradient":""},"mobile":{"background-color":"var(--ast-global-color-5)","background-image":"","background-repeat":"repeat","background-position":"center center","background-size":"auto","background-attachment":"scroll","background-type":"","background-media":"","overlay-type":"","overlay-color":"","overlay-opacity":"","overlay-gradient":""}},"footnotes":""},"class_list":["post-11200","page","type-page","status-publish","hentry"],"post_mailing_queue_ids":[],"_links":{"self":[{"href":"https:\/\/serveiseducatius.xtec.cat\/cda-empuries\/wp-json\/wp\/v2\/pages\/11200","targetHints":{"allow":["GET"]}}],"collection":[{"href":"https:\/\/serveiseducatius.xtec.cat\/cda-empuries\/wp-json\/wp\/v2\/pages"}],"about":[{"href":"https:\/\/serveiseducatius.xtec.cat\/cda-empuries\/wp-json\/wp\/v2\/types\/page"}],"author":[{"embeddable":true,"href":"https:\/\/serveiseducatius.xtec.cat\/cda-empuries\/wp-json\/wp\/v2\/users\/1"}],"replies":[{"embeddable":true,"href":"https:\/\/serveiseducatius.xtec.cat\/cda-empuries\/wp-json\/wp\/v2\/comments?post=11200"}],"version-history":[{"count":3,"href":"https:\/\/serveiseducatius.xtec.cat\/cda-empuries\/wp-json\/wp\/v2\/pages\/11200\/revisions"}],"predecessor-version":[{"id":11791,"href":"https:\/\/serveiseducatius.xtec.cat\/cda-empuries\/wp-json\/wp\/v2\/pages\/11200\/revisions\/11791"}],"wp:attachment":[{"href":"https:\/\/serveiseducatius.xtec.cat\/cda-empuries\/wp-json\/wp\/v2\/media?parent=11200"}],"curies":[{"name":"wp","href":"https:\/\/api.w.org\/{rel}","templated":true}]}}