{"id":11100,"date":"2021-04-08T14:58:22","date_gmt":"2021-04-08T12:58:22","guid":{"rendered":"http:\/\/serveiseducatius.xtec.cat\/cda-empuries\/?page_id=11100"},"modified":"2022-02-04T18:49:05","modified_gmt":"2022-02-04T17:49:05","slug":"vetusta-eufonia-empuries-en-els-escriptors-catalans","status":"publish","type":"page","link":"https:\/\/serveiseducatius.xtec.cat\/cda-empuries\/vetusta-eufonia-empuries-en-els-escriptors-catalans\/","title":{"rendered":"Vetusta eufonia: Emp\u00faries en els escriptors catalans"},"content":{"rendered":"<p><strong>Nivell educatiu:<\/strong>\u00a0Batxillerat i Cicles Formatius (adaptable a 4rt d\u2019ESO)<\/p>\n<p><strong>Codi de l\u2019activitat:<\/strong> Ea8<\/p>\n<p>&nbsp;<\/p>\n<p>&#8220;Emp\u00faries-Ol\u00edmpia, vetusta eufonia de noms<\/p>\n<p>que ressonen sempre en clau de sol&#8221;<\/p>\n<p>&nbsp;<\/p>\n<p>Aquest versos inicials del poema <em>Emp\u00faries-Ol\u00edmpia<\/em>, de l&#8217;escriptora empordanesa Montserrat Vayreda, ens serveixen per presentar un itinerari a\u00a0la ciutat grega i romana d&#8217;Emp\u00faries en qu\u00e8 els alumnes llegeixen i contextualitzen al llarg de la visita textos de Verdaguer, Caterina Albert\/ V\u00edctor Catal\u00e0, Andr\u00e9e Brugui\u00e8re de Gorgot, Josep Pla, Joan Margarit i N\u00faria Esponell\u00e0, entre altres.<\/p>\n<p>Proposem, doncs, un itinerari literari per la ciutat grega i romana d&#8217;Emp\u00faries de la m\u00e0 d&#8217;algun dels nostres millors poetes i narradors contemporanis.<\/p>\n<p>Aquesta activitat est\u00e0 especialment indicada per alumnes de llengua i literatura catalanes de Batxillerat i \u00e9s el contrapunt a l&#8217;itinerari\u00a0<em>La paraula en el vent,\u00a0<\/em>adre\u00e7at a alumnes de llat\u00ed i grec d&#8217;aquest mateix nivell educatiu.<\/p>\n<p>&nbsp;<\/p>\n<p><a href=\"https:\/\/serveiseducatius.xtec.cat\/cda-empuries\/wp-content\/uploads\/usu1383\/2021\/04\/descarga-1-1.jpg\">\u00a0 <\/a><a href=\"https:\/\/serveiseducatius.xtec.cat\/cda-empuries\/wp-content\/uploads\/usu1383\/2022\/02\/verdaguer_casas.jpg\"><img loading=\"lazy\" decoding=\"async\" class=\"alignnone  wp-image-11645\" src=\"https:\/\/serveiseducatius.xtec.cat\/cda-empuries\/wp-content\/uploads\/usu1383\/2022\/02\/verdaguer_casas.jpg\" alt=\"\" width=\"183\" height=\"136\" srcset=\"https:\/\/serveiseducatius.xtec.cat\/cda-empuries\/wp-content\/uploads\/usu1383\/2022\/02\/verdaguer_casas.jpg 335w, https:\/\/serveiseducatius.xtec.cat\/cda-empuries\/wp-content\/uploads\/usu1383\/2022\/02\/verdaguer_casas-300x224.jpg 300w, https:\/\/serveiseducatius.xtec.cat\/cda-empuries\/wp-content\/uploads\/usu1383\/2022\/02\/verdaguer_casas-200x150.jpg 200w\" sizes=\"auto, (max-width: 183px) 100vw, 183px\" \/><\/a>\u00a0<a href=\"https:\/\/serveiseducatius.xtec.cat\/cda-empuries\/wp-content\/uploads\/usu1383\/2021\/04\/Unknown.jpg\"><img loading=\"lazy\" decoding=\"async\" class=\"alignnone wp-image-11111\" src=\"https:\/\/serveiseducatius.xtec.cat\/cda-empuries\/wp-content\/uploads\/usu1383\/2021\/04\/Unknown.jpg\" alt=\"\" width=\"142\" height=\"138\" \/><\/a> <a href=\"https:\/\/serveiseducatius.xtec.cat\/cda-empuries\/wp-content\/uploads\/usu1383\/2021\/04\/pla.jpg\"><img loading=\"lazy\" decoding=\"async\" class=\"alignnone wp-image-11112\" src=\"https:\/\/serveiseducatius.xtec.cat\/cda-empuries\/wp-content\/uploads\/usu1383\/2021\/04\/pla.jpg\" alt=\"\" width=\"146\" height=\"137\" \/><\/a>\u00a0<a href=\"https:\/\/serveiseducatius.xtec.cat\/cda-empuries\/wp-content\/uploads\/usu1383\/2021\/04\/descarga-2.jpg\"><img loading=\"lazy\" decoding=\"async\" class=\"alignnone wp-image-11104\" src=\"https:\/\/serveiseducatius.xtec.cat\/cda-empuries\/wp-content\/uploads\/usu1383\/2021\/04\/descarga-2.jpg\" alt=\"\" width=\"120\" height=\"137\" \/> <\/a><a href=\"https:\/\/serveiseducatius.xtec.cat\/cda-empuries\/wp-content\/uploads\/usu1383\/2021\/04\/nuria-esponella.jpg\"><img loading=\"lazy\" decoding=\"async\" class=\"alignnone wp-image-11105\" src=\"https:\/\/serveiseducatius.xtec.cat\/cda-empuries\/wp-content\/uploads\/usu1383\/2021\/04\/nuria-esponella.jpg\" alt=\"\" width=\"106\" height=\"138\" \/><\/a><\/p>\n","protected":false},"excerpt":{"rendered":"<p>Nivell educatiu:\u00a0Batxillerat i Cicles Formatius (adaptable a 4rt d\u2019ESO) Codi de l\u2019activitat: Ea8 &nbsp; &#8220;Emp\u00faries-Ol\u00edmpia, vetusta eufonia de noms que ressonen sempre en clau de sol&#8221; &nbsp; Aquest versos inicials del poema Emp\u00faries-Ol\u00edmpia, de l&#8217;escriptora empordanesa Montserrat Vayreda, ens serveixen per presentar un itinerari a\u00a0la ciutat grega i romana d&#8217;Emp\u00faries en qu\u00e8 els alumnes llegeixen [&hellip;]<\/p>\n","protected":false},"author":1,"featured_media":0,"parent":0,"menu_order":0,"comment_status":"closed","ping_status":"closed","template":"","meta":{"_bbp_topic_count":0,"_bbp_reply_count":0,"_bbp_total_topic_count":0,"_bbp_total_reply_count":0,"_bbp_voice_count":0,"_bbp_anonymous_reply_count":0,"_bbp_topic_count_hidden":0,"_bbp_reply_count_hidden":0,"_bbp_forum_subforum_count":0,"site-sidebar-layout":"default","site-content-layout":"","ast-site-content-layout":"","site-content-style":"default","site-sidebar-style":"default","ast-global-header-display":"","ast-banner-title-visibility":"","ast-main-header-display":"","ast-hfb-above-header-display":"","ast-hfb-below-header-display":"","ast-hfb-mobile-header-display":"","site-post-title":"","ast-breadcrumbs-content":"","ast-featured-img":"","footer-sml-layout":"","theme-transparent-header-meta":"","adv-header-id-meta":"","stick-header-meta":"","header-above-stick-meta":"","header-main-stick-meta":"","header-below-stick-meta":"","astra-migrate-meta-layouts":"default","ast-page-background-enabled":"default","ast-page-background-meta":{"desktop":{"background-color":"var(--ast-global-color-4)","background-image":"","background-repeat":"repeat","background-position":"center center","background-size":"auto","background-attachment":"scroll","background-type":"","background-media":"","overlay-type":"","overlay-color":"","overlay-opacity":"","overlay-gradient":""},"tablet":{"background-color":"","background-image":"","background-repeat":"repeat","background-position":"center center","background-size":"auto","background-attachment":"scroll","background-type":"","background-media":"","overlay-type":"","overlay-color":"","overlay-opacity":"","overlay-gradient":""},"mobile":{"background-color":"","background-image":"","background-repeat":"repeat","background-position":"center center","background-size":"auto","background-attachment":"scroll","background-type":"","background-media":"","overlay-type":"","overlay-color":"","overlay-opacity":"","overlay-gradient":""}},"ast-content-background-meta":{"desktop":{"background-color":"var(--ast-global-color-5)","background-image":"","background-repeat":"repeat","background-position":"center center","background-size":"auto","background-attachment":"scroll","background-type":"","background-media":"","overlay-type":"","overlay-color":"","overlay-opacity":"","overlay-gradient":""},"tablet":{"background-color":"var(--ast-global-color-5)","background-image":"","background-repeat":"repeat","background-position":"center center","background-size":"auto","background-attachment":"scroll","background-type":"","background-media":"","overlay-type":"","overlay-color":"","overlay-opacity":"","overlay-gradient":""},"mobile":{"background-color":"var(--ast-global-color-5)","background-image":"","background-repeat":"repeat","background-position":"center center","background-size":"auto","background-attachment":"scroll","background-type":"","background-media":"","overlay-type":"","overlay-color":"","overlay-opacity":"","overlay-gradient":""}},"footnotes":""},"class_list":["post-11100","page","type-page","status-publish","hentry"],"post_mailing_queue_ids":[],"_links":{"self":[{"href":"https:\/\/serveiseducatius.xtec.cat\/cda-empuries\/wp-json\/wp\/v2\/pages\/11100","targetHints":{"allow":["GET"]}}],"collection":[{"href":"https:\/\/serveiseducatius.xtec.cat\/cda-empuries\/wp-json\/wp\/v2\/pages"}],"about":[{"href":"https:\/\/serveiseducatius.xtec.cat\/cda-empuries\/wp-json\/wp\/v2\/types\/page"}],"author":[{"embeddable":true,"href":"https:\/\/serveiseducatius.xtec.cat\/cda-empuries\/wp-json\/wp\/v2\/users\/1"}],"replies":[{"embeddable":true,"href":"https:\/\/serveiseducatius.xtec.cat\/cda-empuries\/wp-json\/wp\/v2\/comments?post=11100"}],"version-history":[{"count":3,"href":"https:\/\/serveiseducatius.xtec.cat\/cda-empuries\/wp-json\/wp\/v2\/pages\/11100\/revisions"}],"predecessor-version":[{"id":11655,"href":"https:\/\/serveiseducatius.xtec.cat\/cda-empuries\/wp-json\/wp\/v2\/pages\/11100\/revisions\/11655"}],"wp:attachment":[{"href":"https:\/\/serveiseducatius.xtec.cat\/cda-empuries\/wp-json\/wp\/v2\/media?parent=11100"}],"curies":[{"name":"wp","href":"https:\/\/api.w.org\/{rel}","templated":true}]}}