{"id":10771,"date":"2020-11-09T13:42:18","date_gmt":"2020-11-09T12:42:18","guid":{"rendered":"http:\/\/serveiseducatius.xtec.cat\/cda-empuries\/?page_id=10771"},"modified":"2020-11-09T13:42:18","modified_gmt":"2020-11-09T12:42:18","slug":"cales-de-lescala-lemprempta-dun-passat-mariner","status":"publish","type":"page","link":"https:\/\/serveiseducatius.xtec.cat\/cda-empuries\/cales-de-lescala-lemprempta-dun-passat-mariner\/","title":{"rendered":"Cales de L&#8217;Escala, l&#8217;emprempta d&#8217;un passat mariner"},"content":{"rendered":"<header class=\"entry-header\">\n<h2 class=\"entry-title\">Cales de L&#8217;Escala, l&#8217;emprempta d&#8217;un passat mariner<\/h2>\n<\/header>\n<div class=\"entry-content\">\n<div class=\"entry-content\">\n<p class=\"Estilo2\"><strong>Nivell educatiu:<\/strong>\u00a0CS<\/p>\n<p class=\"Estilo2\"><strong>Codi de l\u2019activitat:<\/strong><\/p>\n<h4>Introducci\u00f3<\/h4>\n<p>Aquesta activitat es contempla per fer amb alumnes de CS de prim\u00e0ria,\u00a0 l\u2019\u00faltim dia com a tancament de l\u2019estada al CdA Emp\u00faries. Es fa un itinerari des de l\u2019alberg fins a la platja del centre de l\u2019Escala. Durant l\u2019itinerari es fan\u00a0 parades en 3 espais diferents on els alumnes treballen de manera aut\u00f2noma per equips, han de buscar un objecte o resoldre un enigma. Porten un quadern per guiar-los en el que han de fer. A la platja de la Riba, \u00faltim punt de l\u2019itinerari, es fa el tancament de l\u2019activitat.<\/p>\n<p>En acabar, es fa la cloenda de l\u2019estada comentant amb els alumnes com han anat aquests dies: qu\u00e8 han apr\u00e8s, qu\u00e8 els ha agradat m\u00e9s i qu\u00e8 canviarien.<\/p>\n<p>L&#8217;Objectiu de l\u2019activitat \u00e9s aprendre a apreciar els elements del patrimoni que ens parlen del passat i present d\u2019una poblaci\u00f3 i valorar la import\u00e0ncia de conservar el patrimoni.<\/p>\n<p class=\"Estilo2\" align=\"justify\">La durada del recorregut \u00e9s de 3 hores.<\/p>\n<p>Per dur a terme aquesta activitat partirem de la pregunta guia:<\/p>\n<p><a href=\"https:\/\/serveiseducatius.xtec.cat\/cda-empuries\/wp-content\/uploads\/usu1383\/2019\/09\/pregunta-guia-escala-CS.png\"><img loading=\"lazy\" decoding=\"async\" class=\"alignnone size-full wp-image-9851\" src=\"https:\/\/serveiseducatius.xtec.cat\/cda-empuries\/wp-content\/uploads\/usu1383\/2019\/09\/pregunta-guia-escala-CS.png\" sizes=\"auto, (max-width: 721px) 100vw, 721px\" srcset=\"https:\/\/serveiseducatius.xtec.cat\/cda-empuries\/wp-content\/uploads\/usu1383\/2019\/09\/pregunta-guia-escala-CS.png 721w, https:\/\/serveiseducatius.xtec.cat\/cda-empuries\/wp-content\/uploads\/usu1383\/2019\/09\/pregunta-guia-escala-CS-300x69.png 300w\" alt=\"\" width=\"721\" height=\"167\" \/><\/a><\/p>\n<p>\u00c9s important que mireu amb els alumnes els materials que us enllacem per tal de comen\u00e7ar a preparar el terreny i crear inter\u00e8s i curiositat.<\/p>\n<\/div>\n<p align=\"center\"><a href=\"https:\/\/serveiseducatius.xtec.cat\/cda-empuries\/cales-de-lescala-2\/\"><img loading=\"lazy\" decoding=\"async\" class=\"alignnone size-full wp-image-9050\" src=\"https:\/\/serveiseducatius.xtec.cat\/cda-empuries\/wp-content\/uploads\/usu1383\/2019\/06\/1.jpg\" alt=\"\" width=\"207\" height=\"289\" \/><\/a>\u00a0\u00a0\u00a0 \u00a0\u00a0\u00a0\u00a0<a href=\"https:\/\/drive.google.com\/file\/d\/1txvFkNxiO8bzOU1QUBNmWyeoGBc37PWr\/view?usp=sharing\" target=\"_blank\" rel=\"noopener noreferrer\"><img loading=\"lazy\" decoding=\"async\" class=\"alignnone size-full wp-image-9051\" src=\"https:\/\/serveiseducatius.xtec.cat\/cda-empuries\/wp-content\/uploads\/usu1383\/2019\/06\/2.jpg\" alt=\"\" width=\"206\" height=\"290\" \/><\/a>\u00a0 \u00a0 \u00a0 \u00a0\u00a0<a href=\"https:\/\/serveiseducatius.xtec.cat\/cda-empuries\/moment-3-lescala-un-port-obert-a-tramuntana\/\"><img loading=\"lazy\" decoding=\"async\" class=\"alignnone size-full wp-image-9052\" src=\"https:\/\/serveiseducatius.xtec.cat\/cda-empuries\/wp-content\/uploads\/usu1383\/2019\/06\/3.jpg\" alt=\"\" width=\"205\" height=\"289\" \/><\/a><\/p>\n<div class=\"entry-content\">\n<p class=\"Estilo2\" align=\"justify\">Aquesta activitat est\u00e0 directament relacionada amb:<\/p>\n<ul>\n<li class=\"Estilo2\"><a href=\"https:\/\/serveiseducatius.xtec.cat\/cda-empuries\/la-duna-dempuries\/\" target=\"_blank\" rel=\"noopener noreferrer\">Sistema Dunar d\u2019Emp\u00faries<\/a><\/li>\n<li class=\"Estilo2\"><a href=\"https:\/\/serveiseducatius.xtec.cat\/cda-empuries\/activitats-de-sant-marti-dempuries\/\" target=\"_blank\" rel=\"noopener noreferrer\">Sant Mart\u00ed d\u2019Emp\u00faries i Espig\u00f3 hel\u00b7len\u00edstic<\/a><\/li>\n<li class=\"Estilo2\"><a href=\"https:\/\/serveiseducatius.xtec.cat\/cda-empuries\/museu-de-lanxova-i-de-la-sal-de-lescala-masle\/\" target=\"_blank\" rel=\"noopener noreferrer\">Museu de l\u2019Anxova i de la Sal (MASLE)<\/a><\/li>\n<li class=\"Estilo2\"><a href=\"https:\/\/serveiseducatius.xtec.cat\/cda-empuries\/empuries-un-pont-de-mar-blava-2\/\" target=\"_blank\" rel=\"noopener noreferrer\">Jaciment grecorom\u00e0 d\u2019Emp\u00faries<\/a><\/li>\n<\/ul>\n<h3><a href=\"https:\/\/serveiseducatius.xtec.cat\/cda-empuries\/activitats-de-lescala-per-nivells\/\">Torna a\u00a0 activitats de l\u2019Escala<\/a><\/h3>\n<\/div>\n<\/div>\n","protected":false},"excerpt":{"rendered":"<p>Cales de L&#8217;Escala, l&#8217;emprempta d&#8217;un passat mariner Nivell educatiu:\u00a0CS Codi de l\u2019activitat: Introducci\u00f3 Aquesta activitat es contempla per fer amb alumnes de CS de prim\u00e0ria,\u00a0 l\u2019\u00faltim dia com a tancament de l\u2019estada al CdA Emp\u00faries. Es fa un itinerari des de l\u2019alberg fins a la platja del centre de l\u2019Escala. Durant l\u2019itinerari es fan\u00a0 parades [&hellip;]<\/p>\n","protected":false},"author":1,"featured_media":0,"parent":0,"menu_order":0,"comment_status":"closed","ping_status":"closed","template":"","meta":{"_bbp_topic_count":0,"_bbp_reply_count":0,"_bbp_total_topic_count":0,"_bbp_total_reply_count":0,"_bbp_voice_count":0,"_bbp_anonymous_reply_count":0,"_bbp_topic_count_hidden":0,"_bbp_reply_count_hidden":0,"_bbp_forum_subforum_count":0,"site-sidebar-layout":"default","site-content-layout":"","ast-site-content-layout":"","site-content-style":"default","site-sidebar-style":"default","ast-global-header-display":"","ast-banner-title-visibility":"","ast-main-header-display":"","ast-hfb-above-header-display":"","ast-hfb-below-header-display":"","ast-hfb-mobile-header-display":"","site-post-title":"","ast-breadcrumbs-content":"","ast-featured-img":"","footer-sml-layout":"","theme-transparent-header-meta":"","adv-header-id-meta":"","stick-header-meta":"","header-above-stick-meta":"","header-main-stick-meta":"","header-below-stick-meta":"","astra-migrate-meta-layouts":"default","ast-page-background-enabled":"default","ast-page-background-meta":{"desktop":{"background-color":"var(--ast-global-color-4)","background-image":"","background-repeat":"repeat","background-position":"center center","background-size":"auto","background-attachment":"scroll","background-type":"","background-media":"","overlay-type":"","overlay-color":"","overlay-opacity":"","overlay-gradient":""},"tablet":{"background-color":"","background-image":"","background-repeat":"repeat","background-position":"center center","background-size":"auto","background-attachment":"scroll","background-type":"","background-media":"","overlay-type":"","overlay-color":"","overlay-opacity":"","overlay-gradient":""},"mobile":{"background-color":"","background-image":"","background-repeat":"repeat","background-position":"center center","background-size":"auto","background-attachment":"scroll","background-type":"","background-media":"","overlay-type":"","overlay-color":"","overlay-opacity":"","overlay-gradient":""}},"ast-content-background-meta":{"desktop":{"background-color":"var(--ast-global-color-5)","background-image":"","background-repeat":"repeat","background-position":"center center","background-size":"auto","background-attachment":"scroll","background-type":"","background-media":"","overlay-type":"","overlay-color":"","overlay-opacity":"","overlay-gradient":""},"tablet":{"background-color":"var(--ast-global-color-5)","background-image":"","background-repeat":"repeat","background-position":"center center","background-size":"auto","background-attachment":"scroll","background-type":"","background-media":"","overlay-type":"","overlay-color":"","overlay-opacity":"","overlay-gradient":""},"mobile":{"background-color":"var(--ast-global-color-5)","background-image":"","background-repeat":"repeat","background-position":"center center","background-size":"auto","background-attachment":"scroll","background-type":"","background-media":"","overlay-type":"","overlay-color":"","overlay-opacity":"","overlay-gradient":""}},"footnotes":""},"class_list":["post-10771","page","type-page","status-publish","hentry"],"post_mailing_queue_ids":[],"_links":{"self":[{"href":"https:\/\/serveiseducatius.xtec.cat\/cda-empuries\/wp-json\/wp\/v2\/pages\/10771","targetHints":{"allow":["GET"]}}],"collection":[{"href":"https:\/\/serveiseducatius.xtec.cat\/cda-empuries\/wp-json\/wp\/v2\/pages"}],"about":[{"href":"https:\/\/serveiseducatius.xtec.cat\/cda-empuries\/wp-json\/wp\/v2\/types\/page"}],"author":[{"embeddable":true,"href":"https:\/\/serveiseducatius.xtec.cat\/cda-empuries\/wp-json\/wp\/v2\/users\/1"}],"replies":[{"embeddable":true,"href":"https:\/\/serveiseducatius.xtec.cat\/cda-empuries\/wp-json\/wp\/v2\/comments?post=10771"}],"version-history":[{"count":1,"href":"https:\/\/serveiseducatius.xtec.cat\/cda-empuries\/wp-json\/wp\/v2\/pages\/10771\/revisions"}],"predecessor-version":[{"id":10772,"href":"https:\/\/serveiseducatius.xtec.cat\/cda-empuries\/wp-json\/wp\/v2\/pages\/10771\/revisions\/10772"}],"wp:attachment":[{"href":"https:\/\/serveiseducatius.xtec.cat\/cda-empuries\/wp-json\/wp\/v2\/media?parent=10771"}],"curies":[{"name":"wp","href":"https:\/\/api.w.org\/{rel}","templated":true}]}}