{"id":10340,"date":"2019-12-04T13:05:57","date_gmt":"2019-12-04T12:05:57","guid":{"rendered":"http:\/\/serveiseducatius.xtec.cat\/cda-empuries\/?page_id=10340"},"modified":"2021-09-03T13:51:34","modified_gmt":"2021-09-03T11:51:34","slug":"explorem-la-sorra-ci","status":"publish","type":"page","link":"https:\/\/serveiseducatius.xtec.cat\/cda-empuries\/explorem-la-sorra-ci\/","title":{"rendered":"Explorem la sorra. Prim\u00e0ria"},"content":{"rendered":"<header class=\"entry-header\">\n<h3 class=\"entry-title\">Explorem la sorra<\/h3>\n<\/header>\n<div class=\"entry-content\">\n<div class=\"entry-content\">\n<p><strong>Nivell educatiu:<\/strong> Cicle Inicial de Prim\u00e0ria ( adaptable a Cicle Mitj\u00e0)<\/p>\n<p><strong>Codi de l\u2019activitat:<\/strong><\/p>\n<p>Es tracta d\u2019un taller manipulatiu directament relacionat amb altres activitats del CdA Emp\u00faries, especialment amb el Sistema Dunar.<\/p>\n<p>L\u2019objectiu de l&#8217;activitat \u00e9s afavorir l\u2019experimentaci\u00f3 dels alumnes amb un element proper i en principi conegut, com \u00e9s la sorra, ampliant els coneixements que en tenen, en aspectes b\u00e0sics com:<\/p>\n<ul>\n<li>la sorra a la natura<\/li>\n<li>comparaci\u00f3 de la sorra amb altres materials geol\u00f2gics<\/li>\n<li>la sedimentaci\u00f3<\/li>\n<li>usos actuals i antics de la sorra<\/li>\n<\/ul>\n<p>El procediment del taller seria el seg\u00fcent:<\/p>\n<p>L\u2019activitat consisteix en una presentaci\u00f3, recollida de mostres , separaci\u00f3 de materials, catalogaci\u00f3 de materials, sedimentaci\u00f3, usos i s\u00edntesi.<\/p>\n<p>&nbsp;<\/p>\n<p>Per tal de preparar convenientment l\u2019activitat, es demana que l\u2019alumnat treballi els materials previs proposats en el Moment 1<\/p>\n<p>per a vincular-ho a la programaci\u00f3 del centre:<\/p>\n<table width=\"981\">\n<tbody>\n<tr>\n<td style=\"width: 139px;\"><strong>\u00c0MBIT<\/strong><\/td>\n<td style=\"width: 160px;\"><strong>DIMENSI\u00d3<\/strong><\/td>\n<td style=\"width: 672px;\"><strong>COMPET\u00c8NCIA<\/strong><\/td>\n<\/tr>\n<tr>\n<td style=\"width: 139px;\" rowspan=\"2\">\n<pre><strong>\u00c0mbit de coneixement del medi<\/strong><\/pre>\n<pre><\/pre>\n<\/td>\n<td style=\"width: 160px;\" rowspan=\"2\">\n<pre><strong>Dimensi\u00f3 m\u00f3n actual.<\/strong><\/pre>\n<pre><\/pre>\n<\/td>\n<td style=\"width: 672px;\">\n<pre><\/pre>\n<pre><strong>Compet\u00e8ncia 1.<\/strong><\/pre>\n<pre><strong>Plantejar-se preguntes sobre el medi, utilitzar estrat\u00e8gies de cerca de dades i analitzar resultats per trobar respostes<\/strong><\/pre>\n<\/td>\n<\/tr>\n<tr>\n<td style=\"width: 672px;\">\n<pre><\/pre>\n<pre><strong>Compet\u00e8ncia 3.<\/strong><\/pre>\n<pre><strong>Interpretar l\u2019espai a partir dels elements del territori i de les seves representacions per situar-s\u2019hi i despla\u00e7ar-s\u2019hi<\/strong><\/pre>\n<\/td>\n<\/tr>\n<\/tbody>\n<\/table>\n<p>Per dur a terme aquesta activitat partirem de la pregunta guia:<\/p>\n<p><a href=\"https:\/\/serveiseducatius.xtec.cat\/cda-empuries\/wp-content\/uploads\/usu1383\/2019\/12\/sorra-3.jpg\"><img loading=\"lazy\" decoding=\"async\" class=\"alignnone wp-image-10342\" src=\"https:\/\/serveiseducatius.xtec.cat\/cda-empuries\/wp-content\/uploads\/usu1383\/2019\/12\/sorra-3.jpg\" alt=\"\" width=\"533\" height=\"113\" srcset=\"https:\/\/serveiseducatius.xtec.cat\/cda-empuries\/wp-content\/uploads\/usu1383\/2019\/12\/sorra-3.jpg 839w, https:\/\/serveiseducatius.xtec.cat\/cda-empuries\/wp-content\/uploads\/usu1383\/2019\/12\/sorra-3-300x64.jpg 300w, https:\/\/serveiseducatius.xtec.cat\/cda-empuries\/wp-content\/uploads\/usu1383\/2019\/12\/sorra-3-768x163.jpg 768w\" sizes=\"auto, (max-width: 533px) 100vw, 533px\" \/><\/a><\/p>\n<p>\u00c9s important que mireu amb els alumnes la presentaci\u00f3 que us enviem per tal de comen\u00e7ar a preparar el terreny i crear inter\u00e8s i curiositat.<\/p>\n<table style=\"border-collapse: collapse; width: 61.9486%; height: 386px;\">\n<tbody>\n<tr style=\"height: 32px;\">\n<td style=\"width: 17.175%; height: 32px;\"><\/td>\n<td style=\"width: 13.9987%; text-align: center; height: 32px;\">\n<h5><strong>CICLE INICIAL<\/strong><\/h5>\n<\/td>\n<td style=\"width: 17.2683%; text-align: center; height: 32px;\">\n<h5><strong>CICLE MITJ\u00c0-CICLE SUPERIOR<\/strong><\/h5>\n<\/td>\n<td style=\"width: 13.8637%; height: 32px;\"><\/td>\n<\/tr>\n<tr style=\"height: 354px;\">\n<td style=\"width: 17.175%; height: 354px;\"><a href=\"https:\/\/drive.google.com\/file\/d\/1ZuxoLjLI6hOlXgsFmu6-9COznYzTeGRN\/view?usp=sharing\" target=\"_blank\" rel=\"noopener noreferrer\"><img loading=\"lazy\" decoding=\"async\" class=\"alignnone size-full wp-image-9050\" src=\"https:\/\/serveiseducatius.xtec.cat\/cda-empuries\/wp-content\/uploads\/usu1383\/2019\/06\/1.jpg\" alt=\"\" width=\"207\" height=\"289\" \/><\/a><\/td>\n<td style=\"width: 13.9987%; height: 354px;\"><a href=\"https:\/\/drive.google.com\/file\/d\/1nN3FbAKG4MRnQWfJAYxToeJCuMSxqGiZ\/view?usp=sharing\" target=\"_blank\" rel=\"noopener noreferrer\"><img loading=\"lazy\" decoding=\"async\" class=\"alignnone size-full wp-image-9051\" src=\"https:\/\/serveiseducatius.xtec.cat\/cda-empuries\/wp-content\/uploads\/usu1383\/2019\/06\/2.jpg\" alt=\"\" width=\"206\" height=\"290\" \/><\/a><\/td>\n<td style=\"width: 17.2683%; height: 354px;\"><a href=\"https:\/\/drive.google.com\/file\/d\/1yCvPB2Za0BGkI9z10nWNBs1uuyvVD4ID\/view?usp=sharing\" target=\"_blank\" rel=\"noopener noreferrer\"><img loading=\"lazy\" decoding=\"async\" class=\"alignnone wp-image-9051 size-full\" src=\"https:\/\/serveiseducatius.xtec.cat\/cda-empuries\/wp-content\/uploads\/usu1383\/2019\/06\/2.jpg\" alt=\"\" width=\"206\" height=\"290\" \/><\/a><\/td>\n<td style=\"width: 13.8637%; height: 354px;\"><a href=\"https:\/\/serveiseducatius.xtec.cat\/cda-empuries\/moment-3-explorem-la-sorra\/\" target=\"_blank\" rel=\"noopener noreferrer\"><img loading=\"lazy\" decoding=\"async\" class=\"alignnone size-full wp-image-9052\" src=\"https:\/\/serveiseducatius.xtec.cat\/cda-empuries\/wp-content\/uploads\/usu1383\/2019\/06\/3.jpg\" alt=\"\" width=\"205\" height=\"289\" \/><\/a><\/td>\n<\/tr>\n<\/tbody>\n<\/table>\n<p>&nbsp;<\/p>\n<p>Aquesta activitat est\u00e0 directament relacionada amb:<\/p>\n<ul>\n<li>Sorra i Dunes<\/li>\n<li>Taller de Petxines<\/li>\n<li style=\"text-align: center;\"><a href=\"https:\/\/serveiseducatius.xtec.cat\/cda-empuries\/investiguem-la-sorra\/\">Torna a Investiguem la sorra<\/a><\/li>\n<\/ul>\n<\/div>\n<\/div>\n","protected":false},"excerpt":{"rendered":"<p>Explorem la sorra Nivell educatiu: Cicle Inicial de Prim\u00e0ria ( adaptable a Cicle Mitj\u00e0) Codi de l\u2019activitat: Es tracta d\u2019un taller manipulatiu directament relacionat amb altres activitats del CdA Emp\u00faries, especialment amb el Sistema Dunar. L\u2019objectiu de l&#8217;activitat \u00e9s afavorir l\u2019experimentaci\u00f3 dels alumnes amb un element proper i en principi conegut, com \u00e9s la sorra, [&hellip;]<\/p>\n","protected":false},"author":1,"featured_media":0,"parent":0,"menu_order":0,"comment_status":"closed","ping_status":"closed","template":"","meta":{"_bbp_topic_count":0,"_bbp_reply_count":0,"_bbp_total_topic_count":0,"_bbp_total_reply_count":0,"_bbp_voice_count":0,"_bbp_anonymous_reply_count":0,"_bbp_topic_count_hidden":0,"_bbp_reply_count_hidden":0,"_bbp_forum_subforum_count":0,"site-sidebar-layout":"default","site-content-layout":"","ast-site-content-layout":"","site-content-style":"default","site-sidebar-style":"default","ast-global-header-display":"","ast-banner-title-visibility":"","ast-main-header-display":"","ast-hfb-above-header-display":"","ast-hfb-below-header-display":"","ast-hfb-mobile-header-display":"","site-post-title":"","ast-breadcrumbs-content":"","ast-featured-img":"","footer-sml-layout":"","theme-transparent-header-meta":"","adv-header-id-meta":"","stick-header-meta":"","header-above-stick-meta":"","header-main-stick-meta":"","header-below-stick-meta":"","astra-migrate-meta-layouts":"default","ast-page-background-enabled":"default","ast-page-background-meta":{"desktop":{"background-color":"var(--ast-global-color-4)","background-image":"","background-repeat":"repeat","background-position":"center center","background-size":"auto","background-attachment":"scroll","background-type":"","background-media":"","overlay-type":"","overlay-color":"","overlay-opacity":"","overlay-gradient":""},"tablet":{"background-color":"","background-image":"","background-repeat":"repeat","background-position":"center center","background-size":"auto","background-attachment":"scroll","background-type":"","background-media":"","overlay-type":"","overlay-color":"","overlay-opacity":"","overlay-gradient":""},"mobile":{"background-color":"","background-image":"","background-repeat":"repeat","background-position":"center center","background-size":"auto","background-attachment":"scroll","background-type":"","background-media":"","overlay-type":"","overlay-color":"","overlay-opacity":"","overlay-gradient":""}},"ast-content-background-meta":{"desktop":{"background-color":"var(--ast-global-color-5)","background-image":"","background-repeat":"repeat","background-position":"center center","background-size":"auto","background-attachment":"scroll","background-type":"","background-media":"","overlay-type":"","overlay-color":"","overlay-opacity":"","overlay-gradient":""},"tablet":{"background-color":"var(--ast-global-color-5)","background-image":"","background-repeat":"repeat","background-position":"center center","background-size":"auto","background-attachment":"scroll","background-type":"","background-media":"","overlay-type":"","overlay-color":"","overlay-opacity":"","overlay-gradient":""},"mobile":{"background-color":"var(--ast-global-color-5)","background-image":"","background-repeat":"repeat","background-position":"center center","background-size":"auto","background-attachment":"scroll","background-type":"","background-media":"","overlay-type":"","overlay-color":"","overlay-opacity":"","overlay-gradient":""}},"footnotes":""},"class_list":["post-10340","page","type-page","status-publish","hentry"],"post_mailing_queue_ids":[],"_links":{"self":[{"href":"https:\/\/serveiseducatius.xtec.cat\/cda-empuries\/wp-json\/wp\/v2\/pages\/10340","targetHints":{"allow":["GET"]}}],"collection":[{"href":"https:\/\/serveiseducatius.xtec.cat\/cda-empuries\/wp-json\/wp\/v2\/pages"}],"about":[{"href":"https:\/\/serveiseducatius.xtec.cat\/cda-empuries\/wp-json\/wp\/v2\/types\/page"}],"author":[{"embeddable":true,"href":"https:\/\/serveiseducatius.xtec.cat\/cda-empuries\/wp-json\/wp\/v2\/users\/1"}],"replies":[{"embeddable":true,"href":"https:\/\/serveiseducatius.xtec.cat\/cda-empuries\/wp-json\/wp\/v2\/comments?post=10340"}],"version-history":[{"count":3,"href":"https:\/\/serveiseducatius.xtec.cat\/cda-empuries\/wp-json\/wp\/v2\/pages\/10340\/revisions"}],"predecessor-version":[{"id":11436,"href":"https:\/\/serveiseducatius.xtec.cat\/cda-empuries\/wp-json\/wp\/v2\/pages\/10340\/revisions\/11436"}],"wp:attachment":[{"href":"https:\/\/serveiseducatius.xtec.cat\/cda-empuries\/wp-json\/wp\/v2\/media?parent=10340"}],"curies":[{"name":"wp","href":"https:\/\/api.w.org\/{rel}","templated":true}]}}