{"id":10326,"date":"2019-12-04T12:36:06","date_gmt":"2019-12-04T11:36:06","guid":{"rendered":"http:\/\/serveiseducatius.xtec.cat\/cda-empuries\/?page_id=10326"},"modified":"2022-03-09T13:53:03","modified_gmt":"2022-03-09T12:53:03","slug":"investiguem-la-sorra","status":"publish","type":"page","link":"https:\/\/serveiseducatius.xtec.cat\/cda-empuries\/investiguem-la-sorra\/","title":{"rendered":"ESTUDI DE  LA SORRA"},"content":{"rendered":"<p>La Platja del Rec i la duna d&#8217;Emp\u00faries ens ofereixen la possibilitat d&#8217;estudiar la sorra i els sediments que hi trobem. per aix\u00f2 proposem un seguit d&#8217;activitats tant de granulometria, com de mineralogia i tamb\u00e9 de propietats de la sorra i altres materials que podem trobar al voltant del camp d&#8217;Aprenentatge. Les activitats es poden fer a diferents nivells educatius:<\/p>\n<header class=\"entry-header\">\n<table style=\"border-collapse: collapse; width: 100%;\">\n<tbody>\n<tr>\n<td style=\"width: 23.522%;\">\n<h4>CI de prim\u00e0ria<\/h4>\n<\/td>\n<td style=\"width: 23.522%;\">\n<h4>CM i CS de prim\u00e0ria<\/h4>\n<\/td>\n<td style=\"width: 19.6226%;\">\n<h4>\u00a0ESO<\/h4>\n<\/td>\n<td style=\"width: 33.3333%;\">\n<h4>ESO, English version<\/h4>\n<\/td>\n<\/tr>\n<tr>\n<td style=\"width: 23.522%;\">\n<h4 style=\"background-color: #ffffff;\">Explorem la sorra<\/h4>\n<\/td>\n<td style=\"width: 23.522%;\">\n<h4 style=\"background-color: #ffffff;\">Investigant la sorra<\/h4>\n<\/td>\n<td style=\"width: 19.6226%;\">\n<h4>Estudi de la sorra<\/h4>\n<\/td>\n<td style=\"width: 33.3333%;\">\n<h4>Exploring the sand<\/h4>\n<\/td>\n<\/tr>\n<tr>\n<td style=\"width: 23.522%;\"><a href=\"https:\/\/serveiseducatius.xtec.cat\/cda-empuries\/explorem-la-sorra-ci\/\" target=\"_blank\" rel=\"noopener noreferrer\"><img loading=\"lazy\" decoding=\"async\" class=\"alignnone wp-image-10323\" src=\"https:\/\/serveiseducatius.xtec.cat\/cda-empuries\/wp-content\/uploads\/usu1383\/2019\/12\/sorra.jpg\" alt=\"\" width=\"234\" height=\"155\" srcset=\"https:\/\/serveiseducatius.xtec.cat\/cda-empuries\/wp-content\/uploads\/usu1383\/2019\/12\/sorra.jpg 552w, https:\/\/serveiseducatius.xtec.cat\/cda-empuries\/wp-content\/uploads\/usu1383\/2019\/12\/sorra-300x198.jpg 300w\" sizes=\"auto, (max-width: 234px) 100vw, 234px\" \/><\/a><\/td>\n<td style=\"width: 23.522%;\"><a href=\"https:\/\/serveiseducatius.xtec.cat\/cda-empuries\/explorem-la-sorra-ci\/\" target=\"_blank\" rel=\"noopener\"><img loading=\"lazy\" decoding=\"async\" class=\"alignnone wp-image-11428 size-thumbnail\" src=\"https:\/\/serveiseducatius.xtec.cat\/cda-empuries\/wp-content\/uploads\/usu1383\/2021\/09\/sorra-CM-150x150.jpg\" alt=\"\" width=\"150\" height=\"150\" \/><\/a><\/td>\n<td style=\"width: 19.6226%;\"><a href=\"https:\/\/drive.google.com\/file\/d\/1v68a1GF2uL-5taR2FaQjQqD-95g51pac\/view?usp=sharing\" target=\"_blank\" rel=\"noopener\"><img loading=\"lazy\" decoding=\"async\" class=\"alignnone wp-image-11666\" src=\"https:\/\/serveiseducatius.xtec.cat\/cda-empuries\/wp-content\/uploads\/usu1383\/2022\/02\/sorra.jpg\" alt=\"\" width=\"123\" height=\"176\" srcset=\"https:\/\/serveiseducatius.xtec.cat\/cda-empuries\/wp-content\/uploads\/usu1383\/2022\/02\/sorra.jpg 519w, https:\/\/serveiseducatius.xtec.cat\/cda-empuries\/wp-content\/uploads\/usu1383\/2022\/02\/sorra-209x300.jpg 209w\" sizes=\"auto, (max-width: 123px) 100vw, 123px\" \/><\/a><\/td>\n<td style=\"width: 33.3333%;\"><a href=\"https:\/\/drive.google.com\/file\/d\/1nKfBEN1lAMT0Z1hnwcL0ukSME5IcOVi0\/view?usp=sharing\" target=\"_blank\" rel=\"noopener\"><img loading=\"lazy\" decoding=\"async\" class=\"alignnone wp-image-11424 size-thumbnail\" src=\"https:\/\/serveiseducatius.xtec.cat\/cda-empuries\/wp-content\/uploads\/usu1383\/2021\/09\/sand-150x150.jpg\" alt=\"\" width=\"150\" height=\"150\" \/><\/a><\/td>\n<\/tr>\n<\/tbody>\n<\/table>\n<\/header>\n<div class=\"entry-content\">\n<p>&nbsp;<\/p>\n<h4><\/h4>\n<\/div>\n<p style=\"text-align: center;\"><a href=\"https:\/\/serveiseducatius.xtec.cat\/cda-empuries\/la-duna-dempuries\/\">Torna a La duna d&#8217;Emp\u00faries<\/a><\/p>\n","protected":false},"excerpt":{"rendered":"<p>La Platja del Rec i la duna d&#8217;Emp\u00faries ens ofereixen la possibilitat d&#8217;estudiar la sorra i els sediments que hi trobem. per aix\u00f2 proposem un seguit d&#8217;activitats tant de granulometria, com de mineralogia i tamb\u00e9 de propietats de la sorra i altres materials que podem trobar al voltant del camp d&#8217;Aprenentatge. Les activitats es poden [&hellip;]<\/p>\n","protected":false},"author":1,"featured_media":0,"parent":0,"menu_order":0,"comment_status":"closed","ping_status":"closed","template":"","meta":{"_bbp_topic_count":0,"_bbp_reply_count":0,"_bbp_total_topic_count":0,"_bbp_total_reply_count":0,"_bbp_voice_count":0,"_bbp_anonymous_reply_count":0,"_bbp_topic_count_hidden":0,"_bbp_reply_count_hidden":0,"_bbp_forum_subforum_count":0,"site-sidebar-layout":"default","site-content-layout":"","ast-site-content-layout":"","site-content-style":"default","site-sidebar-style":"default","ast-global-header-display":"","ast-banner-title-visibility":"","ast-main-header-display":"","ast-hfb-above-header-display":"","ast-hfb-below-header-display":"","ast-hfb-mobile-header-display":"","site-post-title":"","ast-breadcrumbs-content":"","ast-featured-img":"","footer-sml-layout":"","theme-transparent-header-meta":"","adv-header-id-meta":"","stick-header-meta":"","header-above-stick-meta":"","header-main-stick-meta":"","header-below-stick-meta":"","astra-migrate-meta-layouts":"default","ast-page-background-enabled":"default","ast-page-background-meta":{"desktop":{"background-color":"var(--ast-global-color-4)","background-image":"","background-repeat":"repeat","background-position":"center center","background-size":"auto","background-attachment":"scroll","background-type":"","background-media":"","overlay-type":"","overlay-color":"","overlay-opacity":"","overlay-gradient":""},"tablet":{"background-color":"","background-image":"","background-repeat":"repeat","background-position":"center center","background-size":"auto","background-attachment":"scroll","background-type":"","background-media":"","overlay-type":"","overlay-color":"","overlay-opacity":"","overlay-gradient":""},"mobile":{"background-color":"","background-image":"","background-repeat":"repeat","background-position":"center center","background-size":"auto","background-attachment":"scroll","background-type":"","background-media":"","overlay-type":"","overlay-color":"","overlay-opacity":"","overlay-gradient":""}},"ast-content-background-meta":{"desktop":{"background-color":"var(--ast-global-color-5)","background-image":"","background-repeat":"repeat","background-position":"center center","background-size":"auto","background-attachment":"scroll","background-type":"","background-media":"","overlay-type":"","overlay-color":"","overlay-opacity":"","overlay-gradient":""},"tablet":{"background-color":"var(--ast-global-color-5)","background-image":"","background-repeat":"repeat","background-position":"center center","background-size":"auto","background-attachment":"scroll","background-type":"","background-media":"","overlay-type":"","overlay-color":"","overlay-opacity":"","overlay-gradient":""},"mobile":{"background-color":"var(--ast-global-color-5)","background-image":"","background-repeat":"repeat","background-position":"center center","background-size":"auto","background-attachment":"scroll","background-type":"","background-media":"","overlay-type":"","overlay-color":"","overlay-opacity":"","overlay-gradient":""}},"footnotes":""},"class_list":["post-10326","page","type-page","status-publish","hentry"],"post_mailing_queue_ids":[],"_links":{"self":[{"href":"https:\/\/serveiseducatius.xtec.cat\/cda-empuries\/wp-json\/wp\/v2\/pages\/10326","targetHints":{"allow":["GET"]}}],"collection":[{"href":"https:\/\/serveiseducatius.xtec.cat\/cda-empuries\/wp-json\/wp\/v2\/pages"}],"about":[{"href":"https:\/\/serveiseducatius.xtec.cat\/cda-empuries\/wp-json\/wp\/v2\/types\/page"}],"author":[{"embeddable":true,"href":"https:\/\/serveiseducatius.xtec.cat\/cda-empuries\/wp-json\/wp\/v2\/users\/1"}],"replies":[{"embeddable":true,"href":"https:\/\/serveiseducatius.xtec.cat\/cda-empuries\/wp-json\/wp\/v2\/comments?post=10326"}],"version-history":[{"count":4,"href":"https:\/\/serveiseducatius.xtec.cat\/cda-empuries\/wp-json\/wp\/v2\/pages\/10326\/revisions"}],"predecessor-version":[{"id":11671,"href":"https:\/\/serveiseducatius.xtec.cat\/cda-empuries\/wp-json\/wp\/v2\/pages\/10326\/revisions\/11671"}],"wp:attachment":[{"href":"https:\/\/serveiseducatius.xtec.cat\/cda-empuries\/wp-json\/wp\/v2\/media?parent=10326"}],"curies":[{"name":"wp","href":"https:\/\/api.w.org\/{rel}","templated":true}]}}