{"id":10283,"date":"2019-11-28T17:51:33","date_gmt":"2019-11-28T16:51:33","guid":{"rendered":"http:\/\/serveiseducatius.xtec.cat\/cda-empuries\/?page_id=10283"},"modified":"2021-03-31T10:00:40","modified_gmt":"2021-03-31T08:00:40","slug":"sumat-al-desembossat","status":"publish","type":"page","link":"https:\/\/serveiseducatius.xtec.cat\/cda-empuries\/sumat-al-desembossat\/","title":{"rendered":"Suma&#8217;t al desemBOSSA&#8217;t"},"content":{"rendered":"<p style=\"text-align: center;\"><a href=\"https:\/\/serveiseducatius.xtec.cat\/cda-empuries\/projecte-desembossat\/\" target=\"_blank\" rel=\"noopener noreferrer\"><img loading=\"lazy\" decoding=\"async\" class=\"alignnone size-full wp-image-10284\" src=\"https:\/\/serveiseducatius.xtec.cat\/cda-empuries\/wp-content\/uploads\/usu1383\/2019\/11\/Segell-sumat-al-desembossat.png\" alt=\"\" width=\"272\" height=\"401\" srcset=\"https:\/\/serveiseducatius.xtec.cat\/cda-empuries\/wp-content\/uploads\/usu1383\/2019\/11\/Segell-sumat-al-desembossat.png 272w, https:\/\/serveiseducatius.xtec.cat\/cda-empuries\/wp-content\/uploads\/usu1383\/2019\/11\/Segell-sumat-al-desembossat-203x300.png 203w\" sizes=\"auto, (max-width: 272px) 100vw, 272px\" \/><\/a><\/p>\n<p style=\"text-align: center;\">Ens vols ajudar a aconseguir un planeta lliure de bosses de pl\u00e0stic?<\/p>\n<p style=\"text-align: center;\">Porta a terme el projecte desembossa&#8217;t al teu municipi. Involucra les escoles, l&#8217;ajuntament, els comer\u00e7os, les entitats&#8230;<\/p>\n<h1 style=\"text-align: center;\"><a href=\"https:\/\/serveiseducatius.xtec.cat\/cda-empuries\/projecte-desembossat-2\/\" target=\"_blank\" rel=\"noopener noreferrer\">TALLERS DEL DESEMBOSSA&#8217;T<\/a><\/h1>\n<p style=\"text-align: center;\">Si treballem en xarxa aconseguirem acabar amb els pl\u00e0stics que ofeguen el planeta.<\/p>\n<h3 style=\"text-align: center;\">Si hi esteu interessats poseu-vos en contacte amb nosaltres i us ajudarem<\/h3>\n<ol>\n<li style=\"text-align: left;\"><a href=\"https:\/\/serveiseducatius.xtec.cat\/cda-empuries\/projecte-desembossat\/\" target=\"_blank\" rel=\"noopener noreferrer\">Per saber com funciona clica al seg\u00fcent enlla\u00e7: Suma&#8217;t al desemBOSSA&#8217;t!!!<\/a><\/li>\n<li style=\"text-align: left;\"><a href=\"https:\/\/padlet.com\/b7990605\/urlm4bqxsxg8\" target=\"_blank\" rel=\"noopener noreferrer\">Escriviu el vostre objectiu al seg\u00fcent padlet:\u00a0 Objectius dels municipis adherits<\/a><\/li>\n<li><a href=\"http:\/\/serveiseducatius.xtec.cat\/cda-empuries\/dissenyeu-la-vostra-bossa\/\">Dissenyeu la vostra bossa <\/a><a href=\"http:\/\/serveiseducatius.xtec.cat\/cda-empuries\/dissenyeu-la-vostra-bossa\/\"><img loading=\"lazy\" decoding=\"async\" class=\"wp-image-10405 alignright\" src=\"https:\/\/serveiseducatius.xtec.cat\/cda-empuries\/wp-content\/uploads\/usu1383\/2019\/12\/logo-sumat-al-desembossat-2.png\" alt=\"\" width=\"192\" height=\"243\" srcset=\"https:\/\/serveiseducatius.xtec.cat\/cda-empuries\/wp-content\/uploads\/usu1383\/2019\/12\/logo-sumat-al-desembossat-2.png 355w, https:\/\/serveiseducatius.xtec.cat\/cda-empuries\/wp-content\/uploads\/usu1383\/2019\/12\/logo-sumat-al-desembossat-2-237x300.png 237w\" sizes=\"auto, (max-width: 192px) 100vw, 192px\" \/><\/a><\/li>\n<li><a href=\"https:\/\/play.kahoot.it\/v2\/lobby?quizId=ef6a2f33-b4e3-4056-96c4-a05bf8b8d3b2\">Jugueu al Kahoot del desembossa&#8217;t!<\/a><\/li>\n<\/ol>\n<p><a href=\"https:\/\/play.kahoot.it\/v2\/?quizId=ef6a2f33-b4e3-4056-96c4-a05bf8b8d3b2\" target=\"_blank\" rel=\"noopener noreferrer\"><img loading=\"lazy\" decoding=\"async\" class=\"aligncenter wp-image-10530 size-full\" src=\"https:\/\/serveiseducatius.xtec.cat\/cda-empuries\/wp-content\/uploads\/usu1383\/2020\/05\/tortuga-desembossat.png\" alt=\"\" width=\"459\" height=\"204\" srcset=\"https:\/\/serveiseducatius.xtec.cat\/cda-empuries\/wp-content\/uploads\/usu1383\/2020\/05\/tortuga-desembossat.png 459w, https:\/\/serveiseducatius.xtec.cat\/cda-empuries\/wp-content\/uploads\/usu1383\/2020\/05\/tortuga-desembossat-300x133.png 300w\" sizes=\"auto, (max-width: 459px) 100vw, 459px\" \/><\/a><\/p>\n<h5>\u00a0Els nens i nenes de l&#8217;Escala es comprometen a fer petites accions per aconseguir grans canvis!!!<\/h5>\n<p style=\"text-align: center;\"><a href=\"https:\/\/serveiseducatius.xtec.cat\/cda-empuries\/general\/els-infants-salvaran-el-planeta\/\"><img loading=\"lazy\" decoding=\"async\" class=\"alignnone size-full wp-image-10840\" src=\"https:\/\/serveiseducatius.xtec.cat\/cda-empuries\/wp-content\/uploads\/usu1383\/2020\/12\/reduim.png\" alt=\"\" width=\"505\" height=\"255\" srcset=\"https:\/\/serveiseducatius.xtec.cat\/cda-empuries\/wp-content\/uploads\/usu1383\/2020\/12\/reduim.png 505w, https:\/\/serveiseducatius.xtec.cat\/cda-empuries\/wp-content\/uploads\/usu1383\/2020\/12\/reduim-300x151.png 300w\" sizes=\"auto, (max-width: 505px) 100vw, 505px\" \/><\/a><\/p>\n","protected":false},"excerpt":{"rendered":"<p>Ens vols ajudar a aconseguir un planeta lliure de bosses de pl\u00e0stic? Porta a terme el projecte desembossa&#8217;t al teu municipi. Involucra les escoles, l&#8217;ajuntament, els comer\u00e7os, les entitats&#8230; TALLERS DEL DESEMBOSSA&#8217;T Si treballem en xarxa aconseguirem acabar amb els pl\u00e0stics que ofeguen el planeta. Si hi esteu interessats poseu-vos en contacte amb nosaltres i [&hellip;]<\/p>\n","protected":false},"author":1,"featured_media":0,"parent":0,"menu_order":0,"comment_status":"closed","ping_status":"closed","template":"","meta":{"_bbp_topic_count":0,"_bbp_reply_count":0,"_bbp_total_topic_count":0,"_bbp_total_reply_count":0,"_bbp_voice_count":0,"_bbp_anonymous_reply_count":0,"_bbp_topic_count_hidden":0,"_bbp_reply_count_hidden":0,"_bbp_forum_subforum_count":0,"site-sidebar-layout":"default","site-content-layout":"","ast-site-content-layout":"","site-content-style":"default","site-sidebar-style":"default","ast-global-header-display":"","ast-banner-title-visibility":"","ast-main-header-display":"","ast-hfb-above-header-display":"","ast-hfb-below-header-display":"","ast-hfb-mobile-header-display":"","site-post-title":"","ast-breadcrumbs-content":"","ast-featured-img":"","footer-sml-layout":"","theme-transparent-header-meta":"","adv-header-id-meta":"","stick-header-meta":"","header-above-stick-meta":"","header-main-stick-meta":"","header-below-stick-meta":"","astra-migrate-meta-layouts":"default","ast-page-background-enabled":"default","ast-page-background-meta":{"desktop":{"background-color":"var(--ast-global-color-4)","background-image":"","background-repeat":"repeat","background-position":"center center","background-size":"auto","background-attachment":"scroll","background-type":"","background-media":"","overlay-type":"","overlay-color":"","overlay-opacity":"","overlay-gradient":""},"tablet":{"background-color":"","background-image":"","background-repeat":"repeat","background-position":"center center","background-size":"auto","background-attachment":"scroll","background-type":"","background-media":"","overlay-type":"","overlay-color":"","overlay-opacity":"","overlay-gradient":""},"mobile":{"background-color":"","background-image":"","background-repeat":"repeat","background-position":"center center","background-size":"auto","background-attachment":"scroll","background-type":"","background-media":"","overlay-type":"","overlay-color":"","overlay-opacity":"","overlay-gradient":""}},"ast-content-background-meta":{"desktop":{"background-color":"var(--ast-global-color-5)","background-image":"","background-repeat":"repeat","background-position":"center center","background-size":"auto","background-attachment":"scroll","background-type":"","background-media":"","overlay-type":"","overlay-color":"","overlay-opacity":"","overlay-gradient":""},"tablet":{"background-color":"var(--ast-global-color-5)","background-image":"","background-repeat":"repeat","background-position":"center center","background-size":"auto","background-attachment":"scroll","background-type":"","background-media":"","overlay-type":"","overlay-color":"","overlay-opacity":"","overlay-gradient":""},"mobile":{"background-color":"var(--ast-global-color-5)","background-image":"","background-repeat":"repeat","background-position":"center center","background-size":"auto","background-attachment":"scroll","background-type":"","background-media":"","overlay-type":"","overlay-color":"","overlay-opacity":"","overlay-gradient":""}},"footnotes":""},"class_list":["post-10283","page","type-page","status-publish","hentry"],"post_mailing_queue_ids":[],"_links":{"self":[{"href":"https:\/\/serveiseducatius.xtec.cat\/cda-empuries\/wp-json\/wp\/v2\/pages\/10283","targetHints":{"allow":["GET"]}}],"collection":[{"href":"https:\/\/serveiseducatius.xtec.cat\/cda-empuries\/wp-json\/wp\/v2\/pages"}],"about":[{"href":"https:\/\/serveiseducatius.xtec.cat\/cda-empuries\/wp-json\/wp\/v2\/types\/page"}],"author":[{"embeddable":true,"href":"https:\/\/serveiseducatius.xtec.cat\/cda-empuries\/wp-json\/wp\/v2\/users\/1"}],"replies":[{"embeddable":true,"href":"https:\/\/serveiseducatius.xtec.cat\/cda-empuries\/wp-json\/wp\/v2\/comments?post=10283"}],"version-history":[{"count":4,"href":"https:\/\/serveiseducatius.xtec.cat\/cda-empuries\/wp-json\/wp\/v2\/pages\/10283\/revisions"}],"predecessor-version":[{"id":11074,"href":"https:\/\/serveiseducatius.xtec.cat\/cda-empuries\/wp-json\/wp\/v2\/pages\/10283\/revisions\/11074"}],"wp:attachment":[{"href":"https:\/\/serveiseducatius.xtec.cat\/cda-empuries\/wp-json\/wp\/v2\/media?parent=10283"}],"curies":[{"name":"wp","href":"https:\/\/api.w.org\/{rel}","templated":true}]}}