{"id":10154,"date":"2019-11-05T13:13:51","date_gmt":"2019-11-05T12:13:51","guid":{"rendered":"http:\/\/serveiseducatius.xtec.cat\/cda-empuries\/?page_id=10154"},"modified":"2025-10-09T11:03:20","modified_gmt":"2025-10-09T09:03:20","slug":"moment-1-jaciment-empuries-i-museu","status":"publish","type":"page","link":"https:\/\/serveiseducatius.xtec.cat\/cda-empuries\/moment-1-jaciment-empuries-i-museu\/","title":{"rendered":"Moment 1 Jaciment Emp\u00faries i Museu"},"content":{"rendered":"<h2><sup><strong><a href=\"https:\/\/drive.google.com\/file\/d\/19E5VBfkyLOLX0fEws124zrYwH49Bo-R1\/view?usp=sharing\" target=\"_blank\" rel=\"noopener\">Context hist\u00f2ric<\/a> (v\u00eddeo) <a href=\"https:\/\/drive.google.com\/file\/d\/19E5VBfkyLOLX0fEws124zrYwH49Bo-R1\/view?usp=sharing\"><img loading=\"lazy\" decoding=\"async\" class=\"alignnone wp-image-12005\" src=\"https:\/\/serveiseducatius.xtec.cat\/cda-empuries\/wp-content\/uploads\/usu1383\/2024\/09\/les-ruines-dEmpuries-1024x710.png\" alt=\"\" width=\"341\" height=\"236\" srcset=\"https:\/\/serveiseducatius.xtec.cat\/cda-empuries\/wp-content\/uploads\/usu1383\/2024\/09\/les-ruines-dEmpuries-1024x710.png 1024w, https:\/\/serveiseducatius.xtec.cat\/cda-empuries\/wp-content\/uploads\/usu1383\/2024\/09\/les-ruines-dEmpuries-300x208.png 300w, https:\/\/serveiseducatius.xtec.cat\/cda-empuries\/wp-content\/uploads\/usu1383\/2024\/09\/les-ruines-dEmpuries-768x532.png 768w, https:\/\/serveiseducatius.xtec.cat\/cda-empuries\/wp-content\/uploads\/usu1383\/2024\/09\/les-ruines-dEmpuries.png 1101w\" sizes=\"auto, (max-width: 341px) 100vw, 341px\" \/><\/a><\/strong><\/sup><\/h2>\n<p>&nbsp;<\/p>\n<h4><a href=\"https:\/\/drive.google.com\/file\/d\/105b6eUAoD0inBU_GeJHNJLOOUcmxvMwg\/view?usp=sharing\" target=\"_blank\" rel=\"noopener noreferrer\">Presentaci\u00f3 context Hist\u00f2ric<\/a><a href=\"https:\/\/drive.google.com\/file\/d\/105b6eUAoD0inBU_GeJHNJLOOUcmxvMwg\/view\"><img loading=\"lazy\" decoding=\"async\" class=\"wp-image-11039 aligncenter\" src=\"https:\/\/serveiseducatius.xtec.cat\/cda-empuries\/wp-content\/uploads\/usu1383\/2021\/02\/CRONOLOGIA-.png\" alt=\"\" width=\"259\" height=\"194\" srcset=\"https:\/\/serveiseducatius.xtec.cat\/cda-empuries\/wp-content\/uploads\/usu1383\/2021\/02\/CRONOLOGIA-.png 647w, https:\/\/serveiseducatius.xtec.cat\/cda-empuries\/wp-content\/uploads\/usu1383\/2021\/02\/CRONOLOGIA--300x225.png 300w, https:\/\/serveiseducatius.xtec.cat\/cda-empuries\/wp-content\/uploads\/usu1383\/2021\/02\/CRONOLOGIA--200x150.png 200w\" sizes=\"auto, (max-width: 259px) 100vw, 259px\" \/><\/a><\/h4>\n<h4><a href=\"http:\/\/www.xtec.cat\/cda-empuries\/GCEmpuries23.pdf\" target=\"_blank\" rel=\"noopener noreferrer\">Gui\u00f3 de continguts<\/a><a href=\"http:\/\/www.xtec.cat\/cda-empuries\/GCEmpuries23.pdf\"><img loading=\"lazy\" decoding=\"async\" class=\"wp-image-8562 aligncenter\" src=\"https:\/\/serveiseducatius.xtec.cat\/cda-empuries\/wp-content\/uploads\/usu1383\/2019\/06\/emp\u00faries.png\" alt=\"\" width=\"259\" height=\"209\" srcset=\"https:\/\/serveiseducatius.xtec.cat\/cda-empuries\/wp-content\/uploads\/usu1383\/2019\/06\/emp\u00faries.png 436w, https:\/\/serveiseducatius.xtec.cat\/cda-empuries\/wp-content\/uploads\/usu1383\/2019\/06\/emp\u00faries-300x242.png 300w\" sizes=\"auto, (max-width: 259px) 100vw, 259px\" \/><\/a><\/h4>\n<h3><\/h3>\n<h3><\/h3>\n<h3 style=\"text-align: center;\"><\/h3>\n<p>&nbsp;<\/p>\n<h3 style=\"text-align: center;\"><a href=\"https:\/\/serveiseducatius.xtec.cat\/cda-empuries\/jaciment-grecoroma-dempuries-i-museu\/\">Torna a Jaciment greco-rom\u00e0 Emp\u00faries<\/a><\/h3>\n","protected":false},"excerpt":{"rendered":"<p>Context hist\u00f2ric (v\u00eddeo) &nbsp; Presentaci\u00f3 context Hist\u00f2ric Gui\u00f3 de continguts &nbsp; Torna a Jaciment greco-rom\u00e0 Emp\u00faries<\/p>\n","protected":false},"author":1,"featured_media":0,"parent":0,"menu_order":0,"comment_status":"closed","ping_status":"closed","template":"","meta":{"_bbp_topic_count":0,"_bbp_reply_count":0,"_bbp_total_topic_count":0,"_bbp_total_reply_count":0,"_bbp_voice_count":0,"_bbp_anonymous_reply_count":0,"_bbp_topic_count_hidden":0,"_bbp_reply_count_hidden":0,"_bbp_forum_subforum_count":0,"site-sidebar-layout":"default","site-content-layout":"","ast-site-content-layout":"default","site-content-style":"default","site-sidebar-style":"default","ast-global-header-display":"","ast-banner-title-visibility":"","ast-main-header-display":"","ast-hfb-above-header-display":"","ast-hfb-below-header-display":"","ast-hfb-mobile-header-display":"","site-post-title":"","ast-breadcrumbs-content":"","ast-featured-img":"","footer-sml-layout":"","theme-transparent-header-meta":"default","adv-header-id-meta":"","stick-header-meta":"","header-above-stick-meta":"","header-main-stick-meta":"","header-below-stick-meta":"","astra-migrate-meta-layouts":"set","ast-page-background-enabled":"default","ast-page-background-meta":{"desktop":{"background-color":"var(--ast-global-color-4)","background-image":"","background-repeat":"repeat","background-position":"center center","background-size":"auto","background-attachment":"scroll","background-type":"","background-media":"","overlay-type":"","overlay-color":"","overlay-opacity":"","overlay-gradient":""},"tablet":{"background-color":"","background-image":"","background-repeat":"repeat","background-position":"center center","background-size":"auto","background-attachment":"scroll","background-type":"","background-media":"","overlay-type":"","overlay-color":"","overlay-opacity":"","overlay-gradient":""},"mobile":{"background-color":"","background-image":"","background-repeat":"repeat","background-position":"center center","background-size":"auto","background-attachment":"scroll","background-type":"","background-media":"","overlay-type":"","overlay-color":"","overlay-opacity":"","overlay-gradient":""}},"ast-content-background-meta":{"desktop":{"background-color":"var(--ast-global-color-5)","background-image":"","background-repeat":"repeat","background-position":"center center","background-size":"auto","background-attachment":"scroll","background-type":"","background-media":"","overlay-type":"","overlay-color":"","overlay-opacity":"","overlay-gradient":""},"tablet":{"background-color":"var(--ast-global-color-5)","background-image":"","background-repeat":"repeat","background-position":"center center","background-size":"auto","background-attachment":"scroll","background-type":"","background-media":"","overlay-type":"","overlay-color":"","overlay-opacity":"","overlay-gradient":""},"mobile":{"background-color":"var(--ast-global-color-5)","background-image":"","background-repeat":"repeat","background-position":"center center","background-size":"auto","background-attachment":"scroll","background-type":"","background-media":"","overlay-type":"","overlay-color":"","overlay-opacity":"","overlay-gradient":""}},"footnotes":""},"class_list":["post-10154","page","type-page","status-publish","hentry"],"post_mailing_queue_ids":[],"_links":{"self":[{"href":"https:\/\/serveiseducatius.xtec.cat\/cda-empuries\/wp-json\/wp\/v2\/pages\/10154","targetHints":{"allow":["GET"]}}],"collection":[{"href":"https:\/\/serveiseducatius.xtec.cat\/cda-empuries\/wp-json\/wp\/v2\/pages"}],"about":[{"href":"https:\/\/serveiseducatius.xtec.cat\/cda-empuries\/wp-json\/wp\/v2\/types\/page"}],"author":[{"embeddable":true,"href":"https:\/\/serveiseducatius.xtec.cat\/cda-empuries\/wp-json\/wp\/v2\/users\/1"}],"replies":[{"embeddable":true,"href":"https:\/\/serveiseducatius.xtec.cat\/cda-empuries\/wp-json\/wp\/v2\/comments?post=10154"}],"version-history":[{"count":6,"href":"https:\/\/serveiseducatius.xtec.cat\/cda-empuries\/wp-json\/wp\/v2\/pages\/10154\/revisions"}],"predecessor-version":[{"id":12418,"href":"https:\/\/serveiseducatius.xtec.cat\/cda-empuries\/wp-json\/wp\/v2\/pages\/10154\/revisions\/12418"}],"wp:attachment":[{"href":"https:\/\/serveiseducatius.xtec.cat\/cda-empuries\/wp-json\/wp\/v2\/media?parent=10154"}],"curies":[{"name":"wp","href":"https:\/\/api.w.org\/{rel}","templated":true}]}}