{"id":10136,"date":"2019-10-17T11:02:27","date_gmt":"2019-10-17T09:02:27","guid":{"rendered":"http:\/\/serveiseducatius.xtec.cat\/cda-empuries\/?page_id=10136"},"modified":"2022-09-29T17:21:16","modified_gmt":"2022-09-29T15:21:16","slug":"moment-3-ullastret-un-poblat-dels-ibers-cs","status":"publish","type":"page","link":"https:\/\/serveiseducatius.xtec.cat\/cda-empuries\/moment-3-ullastret-un-poblat-dels-ibers-cs\/","title":{"rendered":"Moment 3. Ullastret, l&#8217;enigma iber. CS i 1r ESO"},"content":{"rendered":"<table>\n<tbody>\n<tr>\n<td style=\"width: 122px;\"><a href=\"https:\/\/serveiseducatius.xtec.cat\/cda-empuries\/wp-content\/uploads\/usu1383\/2019\/06\/producte-final.png\"><img loading=\"lazy\" decoding=\"async\" class=\"alignnone size-full wp-image-9118\" src=\"https:\/\/serveiseducatius.xtec.cat\/cda-empuries\/wp-content\/uploads\/usu1383\/2019\/06\/producte-final.png\" alt=\"\" width=\"129\" height=\"130\" \/><\/a><\/td>\n<td style=\"width: 695px;\">Abans que el romans conquerissin tota la pen\u00ednsula, a molts indrets de Catalunya ja hi havia ind\u00edgenes. Investigueu com es deien els habitants de la vostra zona i si el vostre nucli urb\u00e0 va tenir un poblat ib\u00e8ric i com es deia.<\/p>\n<p>En queda alguna mostra actualment?<\/p>\n<p>Expliqueu-ho de manera gr\u00e0fica utilitzant la t\u00e8cnica que vulgueu.<\/td>\n<\/tr>\n<\/tbody>\n<\/table>\n<p>&nbsp;<\/p>\n<h2 style=\"text-align: center;\"><a href=\"https:\/\/serveiseducatius.xtec.cat\/cda-empuries\/ullastret-un-poblat-dels-ibers\/\">Torna a Ullastret, l&#8217;enigma iber<\/a><\/h2>\n","protected":false},"excerpt":{"rendered":"<p>Abans que el romans conquerissin tota la pen\u00ednsula, a molts indrets de Catalunya ja hi havia ind\u00edgenes. Investigueu com es deien els habitants de la vostra zona i si el vostre nucli urb\u00e0 va tenir un poblat ib\u00e8ric i com es deia. En queda alguna mostra actualment? Expliqueu-ho de manera gr\u00e0fica utilitzant la t\u00e8cnica que [&hellip;]<\/p>\n","protected":false},"author":1,"featured_media":0,"parent":0,"menu_order":0,"comment_status":"closed","ping_status":"closed","template":"","meta":{"_bbp_topic_count":0,"_bbp_reply_count":0,"_bbp_total_topic_count":0,"_bbp_total_reply_count":0,"_bbp_voice_count":0,"_bbp_anonymous_reply_count":0,"_bbp_topic_count_hidden":0,"_bbp_reply_count_hidden":0,"_bbp_forum_subforum_count":0,"site-sidebar-layout":"default","site-content-layout":"","ast-site-content-layout":"","site-content-style":"default","site-sidebar-style":"default","ast-global-header-display":"","ast-banner-title-visibility":"","ast-main-header-display":"","ast-hfb-above-header-display":"","ast-hfb-below-header-display":"","ast-hfb-mobile-header-display":"","site-post-title":"","ast-breadcrumbs-content":"","ast-featured-img":"","footer-sml-layout":"","theme-transparent-header-meta":"","adv-header-id-meta":"","stick-header-meta":"","header-above-stick-meta":"","header-main-stick-meta":"","header-below-stick-meta":"","astra-migrate-meta-layouts":"default","ast-page-background-enabled":"default","ast-page-background-meta":{"desktop":{"background-color":"var(--ast-global-color-4)","background-image":"","background-repeat":"repeat","background-position":"center center","background-size":"auto","background-attachment":"scroll","background-type":"","background-media":"","overlay-type":"","overlay-color":"","overlay-opacity":"","overlay-gradient":""},"tablet":{"background-color":"","background-image":"","background-repeat":"repeat","background-position":"center center","background-size":"auto","background-attachment":"scroll","background-type":"","background-media":"","overlay-type":"","overlay-color":"","overlay-opacity":"","overlay-gradient":""},"mobile":{"background-color":"","background-image":"","background-repeat":"repeat","background-position":"center center","background-size":"auto","background-attachment":"scroll","background-type":"","background-media":"","overlay-type":"","overlay-color":"","overlay-opacity":"","overlay-gradient":""}},"ast-content-background-meta":{"desktop":{"background-color":"var(--ast-global-color-5)","background-image":"","background-repeat":"repeat","background-position":"center center","background-size":"auto","background-attachment":"scroll","background-type":"","background-media":"","overlay-type":"","overlay-color":"","overlay-opacity":"","overlay-gradient":""},"tablet":{"background-color":"var(--ast-global-color-5)","background-image":"","background-repeat":"repeat","background-position":"center center","background-size":"auto","background-attachment":"scroll","background-type":"","background-media":"","overlay-type":"","overlay-color":"","overlay-opacity":"","overlay-gradient":""},"mobile":{"background-color":"var(--ast-global-color-5)","background-image":"","background-repeat":"repeat","background-position":"center center","background-size":"auto","background-attachment":"scroll","background-type":"","background-media":"","overlay-type":"","overlay-color":"","overlay-opacity":"","overlay-gradient":""}},"footnotes":""},"class_list":["post-10136","page","type-page","status-publish","hentry"],"post_mailing_queue_ids":[],"_links":{"self":[{"href":"https:\/\/serveiseducatius.xtec.cat\/cda-empuries\/wp-json\/wp\/v2\/pages\/10136","targetHints":{"allow":["GET"]}}],"collection":[{"href":"https:\/\/serveiseducatius.xtec.cat\/cda-empuries\/wp-json\/wp\/v2\/pages"}],"about":[{"href":"https:\/\/serveiseducatius.xtec.cat\/cda-empuries\/wp-json\/wp\/v2\/types\/page"}],"author":[{"embeddable":true,"href":"https:\/\/serveiseducatius.xtec.cat\/cda-empuries\/wp-json\/wp\/v2\/users\/1"}],"replies":[{"embeddable":true,"href":"https:\/\/serveiseducatius.xtec.cat\/cda-empuries\/wp-json\/wp\/v2\/comments?post=10136"}],"version-history":[{"count":3,"href":"https:\/\/serveiseducatius.xtec.cat\/cda-empuries\/wp-json\/wp\/v2\/pages\/10136\/revisions"}],"predecessor-version":[{"id":11783,"href":"https:\/\/serveiseducatius.xtec.cat\/cda-empuries\/wp-json\/wp\/v2\/pages\/10136\/revisions\/11783"}],"wp:attachment":[{"href":"https:\/\/serveiseducatius.xtec.cat\/cda-empuries\/wp-json\/wp\/v2\/media?parent=10136"}],"curies":[{"name":"wp","href":"https:\/\/api.w.org\/{rel}","templated":true}]}}