{"id":9937,"date":"2021-04-28T13:27:40","date_gmt":"2021-04-28T11:27:40","guid":{"rendered":"http:\/\/serveiseducatius.xtec.cat\/cda-delta\/?page_id=9937"},"modified":"2025-07-09T12:57:15","modified_gmt":"2025-07-09T10:57:15","slug":"treballs-posteriors-m3-centres","status":"publish","type":"page","link":"https:\/\/serveiseducatius.xtec.cat\/cda-delta\/treballs-posteriors-m3-centres\/","title":{"rendered":"Centres"},"content":{"rendered":"\n<p>L\u2019estada al CdA forma part d\u2019una seq\u00fc\u00e8ncia did\u00e0ctica desenvolupada al llarg de 3 moments. Els treballs previs a l\u2019estada que es duran a terme al propi centre (<strong><em>M1<\/em><\/strong>), les activitats que fareu amb nosaltres els dies d\u2019estada al camp (<em><strong>M2<\/strong><\/em>) i el moment posterior a l\u2019estada un cop de nou al centre i que servir\u00e0 per tancar i finalitzar aquesta seq\u00fc\u00e8ncia did\u00e0ctica (<strong><em>M3<\/em><\/strong>).<\/p>\n\n\n\n<p>Aqu\u00ed us anirem deixant un recull dels diferents treballs realitzats pels centres durant el <strong>moment 3.<\/strong><\/p>\n\n\n\n<figure class=\"wp-block-table\"><table class=\"has-fixed-layout\"><tbody><tr><td class=\"has-text-align-center\" data-align=\"center\"><strong>SORTIDES<\/strong><\/td><td class=\"has-text-align-center\" data-align=\"center\"><strong>ESTADES<\/strong><\/td><\/tr><tr><td class=\"has-text-align-center\" data-align=\"center\"><a style=\"color: #2795b6; font-size: 16px;\" href=\"https:\/\/serveiseducatius.xtec.cat\/cda-delta\/?p=9965&amp;preview=true\">Carles III &#8220;Les aus del delta&#8221; curs 20\/21<\/a><\/td><td class=\"has-text-align-center\" data-align=\"center\"><a style=\"color: #2795b6; font-size: 16px;\" href=\"https:\/\/serveiseducatius.xtec.cat\/cda-delta\/activitats\/escola-farigola-seva-estada-1r-trimestre-curs-22-23\/\" target=\"_blank\" rel=\"noopener\">Escola Farigola, Seva. Estada 1r trimestre curs 22\/23<\/a><\/td><\/tr><tr><td class=\"has-text-align-center\" data-align=\"center\"><a style=\"color: #2795b6; font-size: 16px;\" href=\"https:\/\/serveiseducatius.xtec.cat\/cda-delta\/activitats\/ferreries-pugem-al-port-a-poc-a-poc-20-21\/\">Ferreries &#8220;Pugem al Port, a poc a poc&#8221; curs 20\/21<\/a><\/td><td class=\"has-text-align-center\" data-align=\"center\"><a style=\"color: #2795b6; font-size: 16px;\" href=\"https:\/\/serveiseducatius.xtec.cat\/cda-delta\/general\/zer-el-solsones-solsona-estada-1r-trimestre-curs-22-23\/\" target=\"_blank\" rel=\"noopener\">ZER El Solson\u00e8s, Solsona. Estada 1r trimestre curs 22\/23<\/a><\/td><\/tr><tr><td class=\"has-text-align-center\" data-align=\"center\"><a style=\"color: #2795b6; font-size: 16px;\" href=\"https:\/\/serveiseducatius.xtec.cat\/cda-delta\/general\/institut-escola-el-temple-pugem-al-port-a-poc-a-poc-curs-21-22\/\" target=\"_blank\" rel=\"noopener\">Institut Escola el Temple &#8220;Pugem al Port, a poc a poc&#8221; curs 21\/22<\/a><\/td><td class=\"has-text-align-center\" data-align=\"center\"><a style=\"color: #2795b6; font-size: 16px;\" href=\"https:\/\/serveiseducatius.xtec.cat\/cda-delta\/activitats\/esc-el-drac-pacs-del-penedes-estada-2n-trimestre-curs-22-23\/\" target=\"_blank\" rel=\"noopener\">ESC El Drac, Pacs del Pened\u00e8s. Estada 2n trimestre curs 22\/23<\/a><\/td><\/tr><tr><td class=\"has-text-align-center\" data-align=\"center\"><a style=\"color: #2795b6; font-size: 16px;\" href=\"https:\/\/agora.xtec.cat\/ceipsorianomontagut\/portada\/el-garxal-un-delta-en-miniatura\/\" target=\"_blank\" rel=\"noopener\">Soriano Montagut &#8220;El Garxal: un delta en miniatura&#8221; curs 21\/22<\/a><\/td><td class=\"has-text-align-center\" data-align=\"center\"><a style=\"color: #2795b6; font-size: 16px;\" href=\"https:\/\/serveiseducatius.xtec.cat\/cda-delta\/general\/esc-ferreries-estada-3r-trimestre-curs-22-23\/\" target=\"_blank\" rel=\"noopener\">ESC Ferreries. Estada 3r trimestre curs 22\/23<\/a><\/td><\/tr><tr><td class=\"has-text-align-center\" data-align=\"center\"><a style=\"color: #2795b6; font-size: 16px;\" href=\"https:\/\/serveiseducatius.xtec.cat\/cda-delta\/activitats\/carles-iii-descobrim-el-montsia-curs-2\" target=\"_blank\" rel=\"noopener\">Carles III &#8220;Descobrim el Montsi\u00e0&#8221; curs 22\/23<\/a><\/td><td class=\"has-text-align-center\" data-align=\"center\"><a style=\"color: #2795b6; font-size: 16px;\" href=\"https:\/\/serveiseducatius.xtec.cat\/cda-delta\/general\/esc-les-vinyes-sant-cugat-sesgarrigues-curs22-23\" target=\"_blank\" rel=\"noopener\">ESC Les Vinyes (Sant Cugat Sesgarrigues) curs22\/23<\/a><\/td><\/tr><tr><td class=\"has-text-align-center\" data-align=\"center\"><a style=\"color: #2795b6; font-size: 16px;\" href=\"https:\/\/serveiseducatius.xtec.cat\/cda-delta\/activitats\/i-e-el-temple-pugem-al-port-a-poc-a-poc-curs-23-24\/\" target=\"_blank\" rel=\"noopener\">I-E El temple &#8220;Pugem al Port, a poc a poc&#8221; curs 23\/24<\/a><\/td><td class=\"has-text-align-center\" data-align=\"center\"><a style=\"color: #2795b6; font-size: 16px;\" href=\"https:\/\/serveiseducatius.xtec.cat\/cda-delta\/general\/institut-de-la-pobla-de-segur-curs-22-23\/\" target=\"_blank\" rel=\"noopener\">INS de la Pobla de Segur curs 22\/23<\/a><\/td><\/tr><tr><td class=\"has-text-align-center\" data-align=\"center\">&nbsp;<\/td><td class=\"has-text-align-center\" data-align=\"center\"><a style=\"color: #2795b6; font-size: 16px;\" href=\"https:\/\/serveiseducatius.xtec.cat\/cda-delta\/activitats\/institut-castell-de-quer-curs-22-23\/\" target=\"_blank\" rel=\"noopener\">INS Castell de Quer curs 22\/23<\/a><\/td><\/tr><tr><td class=\"has-text-align-center\" data-align=\"center\">&nbsp;<\/td><td class=\"has-text-align-center\" data-align=\"center\"><a style=\"color: #2795b6; font-size: 16px;\" href=\"https:\/\/serveiseducatius.xtec.cat\/cda-delta\/general\/com-podem-evitar-que-el-delta-de-lebre-desaparegui\/\" target=\"_blank\" rel=\"noopener\">ESC Enric Grau Fontser\u00e9 curs 23\/24<\/a><\/td><\/tr><tr><td class=\"has-text-align-center\" data-align=\"center\">&nbsp;<\/td><td class=\"has-text-align-center\" data-align=\"center\"><a style=\"color: #2795b6; font-size: 16px;\" href=\"https:\/\/serveiseducatius.xtec.cat\/cda-delta\/activitats\/ins-castell-de-quer-curs-23-24\/\" target=\"_blank\" rel=\"noopener\">INS Castell de Quer curs 23\/24<\/a><\/td><\/tr><tr><td class=\"has-text-align-center\" data-align=\"center\">&nbsp;<\/td><td class=\"has-text-align-center\" data-align=\"center\"><a style=\"color: #2795b6; font-size: 16px;\" href=\"https:\/\/serveiseducatius.xtec.cat\/cda-delta\/activitats\/gesamtschule-harburg-24-25\/\" target=\"_blank\" rel=\"noopener\">Gesamtschule Harburg 24\/25<\/a><\/td><\/tr><tr><td class=\"has-text-align-center\" data-align=\"center\">&nbsp;<\/td><td class=\"has-text-align-center\" data-align=\"center\"><a style=\"color: #2795b6; font-size: 16px;\" href=\"https:\/\/serveiseducatius.xtec.cat\/cda-delta\/general\/institut-castell-de-quer-curs-24-25\/\" rel=\"noopener\">INS Castell de Quer curs 24\/25<\/a><\/td><\/tr><\/tbody><\/table><\/figure>\n\n\n\n<p><\/p>\n","protected":false},"excerpt":{"rendered":"<p>L\u2019estada al CdA forma part d\u2019una seq\u00fc\u00e8ncia did\u00e0ctica desenvolupada al llarg de 3 moments. Els treballs previs a l\u2019estada que es duran a terme al propi centre (M1), les activitats que fareu amb nosaltres els dies d\u2019estada al camp (M2) i el moment posterior a l\u2019estada un cop de nou al centre i que servir\u00e0 [&hellip;]<\/p>\n","protected":false},"author":3,"featured_media":0,"parent":0,"menu_order":0,"comment_status":"closed","ping_status":"closed","template":"","meta":{"_bbp_topic_count":0,"_bbp_reply_count":0,"_bbp_total_topic_count":0,"_bbp_total_reply_count":0,"_bbp_voice_count":0,"_bbp_anonymous_reply_count":0,"_bbp_topic_count_hidden":0,"_bbp_reply_count_hidden":0,"_bbp_forum_subforum_count":0,"site-sidebar-layout":"default","site-content-layout":"","ast-site-content-layout":"default","site-content-style":"default","site-sidebar-style":"default","ast-global-header-display":"","ast-banner-title-visibility":"","ast-main-header-display":"","ast-hfb-above-header-display":"","ast-hfb-below-header-display":"","ast-hfb-mobile-header-display":"","site-post-title":"","ast-breadcrumbs-content":"","ast-featured-img":"","footer-sml-layout":"","theme-transparent-header-meta":"","adv-header-id-meta":"","stick-header-meta":"","header-above-stick-meta":"","header-main-stick-meta":"","header-below-stick-meta":"","astra-migrate-meta-layouts":"set","ast-page-background-enabled":"default","ast-page-background-meta":{"desktop":{"background-color":"var(--ast-global-color-4)","background-image":"","background-repeat":"repeat","background-position":"center center","background-size":"auto","background-attachment":"scroll","background-type":"","background-media":"","overlay-type":"","overlay-color":"","overlay-opacity":"","overlay-gradient":""},"tablet":{"background-color":"","background-image":"","background-repeat":"repeat","background-position":"center center","background-size":"auto","background-attachment":"scroll","background-type":"","background-media":"","overlay-type":"","overlay-color":"","overlay-opacity":"","overlay-gradient":""},"mobile":{"background-color":"","background-image":"","background-repeat":"repeat","background-position":"center center","background-size":"auto","background-attachment":"scroll","background-type":"","background-media":"","overlay-type":"","overlay-color":"","overlay-opacity":"","overlay-gradient":""}},"ast-content-background-meta":{"desktop":{"background-color":"var(--ast-global-color-5)","background-image":"","background-repeat":"repeat","background-position":"center center","background-size":"auto","background-attachment":"scroll","background-type":"","background-media":"","overlay-type":"","overlay-color":"","overlay-opacity":"","overlay-gradient":""},"tablet":{"background-color":"var(--ast-global-color-5)","background-image":"","background-repeat":"repeat","background-position":"center center","background-size":"auto","background-attachment":"scroll","background-type":"","background-media":"","overlay-type":"","overlay-color":"","overlay-opacity":"","overlay-gradient":""},"mobile":{"background-color":"var(--ast-global-color-5)","background-image":"","background-repeat":"repeat","background-position":"center center","background-size":"auto","background-attachment":"scroll","background-type":"","background-media":"","overlay-type":"","overlay-color":"","overlay-opacity":"","overlay-gradient":""}},"footnotes":""},"class_list":["post-9937","page","type-page","status-publish","hentry"],"post_mailing_queue_ids":[],"_links":{"self":[{"href":"https:\/\/serveiseducatius.xtec.cat\/cda-delta\/wp-json\/wp\/v2\/pages\/9937","targetHints":{"allow":["GET"]}}],"collection":[{"href":"https:\/\/serveiseducatius.xtec.cat\/cda-delta\/wp-json\/wp\/v2\/pages"}],"about":[{"href":"https:\/\/serveiseducatius.xtec.cat\/cda-delta\/wp-json\/wp\/v2\/types\/page"}],"author":[{"embeddable":true,"href":"https:\/\/serveiseducatius.xtec.cat\/cda-delta\/wp-json\/wp\/v2\/users\/3"}],"replies":[{"embeddable":true,"href":"https:\/\/serveiseducatius.xtec.cat\/cda-delta\/wp-json\/wp\/v2\/comments?post=9937"}],"version-history":[{"count":6,"href":"https:\/\/serveiseducatius.xtec.cat\/cda-delta\/wp-json\/wp\/v2\/pages\/9937\/revisions"}],"predecessor-version":[{"id":10880,"href":"https:\/\/serveiseducatius.xtec.cat\/cda-delta\/wp-json\/wp\/v2\/pages\/9937\/revisions\/10880"}],"wp:attachment":[{"href":"https:\/\/serveiseducatius.xtec.cat\/cda-delta\/wp-json\/wp\/v2\/media?parent=9937"}],"curies":[{"name":"wp","href":"https:\/\/api.w.org\/{rel}","templated":true}]}}