{"id":9899,"date":"2021-01-29T11:48:06","date_gmt":"2021-01-29T10:48:06","guid":{"rendered":"http:\/\/serveiseducatius.xtec.cat\/cda-delta\/?page_id=9899"},"modified":"2021-01-29T11:48:06","modified_gmt":"2021-01-29T10:48:06","slug":"delta-de-lebre-i-canvi-climatic","status":"publish","type":"page","link":"https:\/\/serveiseducatius.xtec.cat\/cda-delta\/delta-de-lebre-i-canvi-climatic\/","title":{"rendered":"Delta de l&#8217;Ebre i canvi clim\u00e0tic"},"content":{"rendered":"<p>Us deixem amb l&#8217;enlla\u00e7 de <a href=\"https:\/\/climadeltaebre.cat\/\"><strong>l&#8217;exposici\u00f3 virtual<\/strong><\/a> proposada per la PDE a la Generalitat de Catalunya i que ha estat realitzada pel Departament de Territori i Sostenibilitat de la Generalitat de Catalunya, comissariada per la Secretaria de Medi Ambient i Sostenibilitat amb disseny de l\u2019Oficina Catalana del Canvi Clim\u00e0tic i l\u2019Ag\u00e8ncia Catalana de l\u2019Aigua, i la col\u00b7laboraci\u00f3 de l\u2019Institut Cartogr\u00e0fic i Geol\u00f2gic, Bombers i Agents Rurals de la Generalitat.<\/p>\n<p>Es tracta d&#8217;una exposici\u00f3 molt visual i did\u00e0ctica que explica l\u2019evoluci\u00f3 hist\u00f2rica del delta, l\u2019actualitat, la repercussi\u00f3 que tindr\u00e0 el canvi clim\u00e0tic en aquesta zona humida tan important de la Mediterr\u00e0nia, amb la possibilitat real de la seva desaparici\u00f3 en pocs anys i les diferents solucions cient\u00edfiques que es proposen per revertir la situaci\u00f3.<\/p>\n<p>Us animem a que la realitzeu amb el vostre alumnat per a qu\u00e8 prenguin consci\u00e8ncia de la problem\u00e0tica i aprofitant que el dia 22 de mar\u00e7 \u00e9s el <strong>dia Mundial de l\u2019Aigua<\/strong> i el 26 \u00e9s el <strong>dia Mundial del clima i adaptaci\u00f3 al canvi clim\u00e0tic.<\/strong><\/p>\n<p>Podeu accedir-hi clicant a la seg\u00fcent imatge:<\/p>\n<p><a href=\"https:\/\/climadeltaebre.cat\/\" target=\"_blank\" rel=\"noopener noreferrer\"><img loading=\"lazy\" decoding=\"async\" class=\"aligncenter wp-image-9900 size-full\" src=\"https:\/\/serveiseducatius.xtec.cat\/cda-delta\/wp-content\/uploads\/usu1384\/2021\/01\/2021-01-29_114144.png\" alt=\"\" width=\"1027\" height=\"563\" srcset=\"https:\/\/serveiseducatius.xtec.cat\/cda-delta\/wp-content\/uploads\/usu1384\/2021\/01\/2021-01-29_114144.png 1027w, https:\/\/serveiseducatius.xtec.cat\/cda-delta\/wp-content\/uploads\/usu1384\/2021\/01\/2021-01-29_114144-300x164.png 300w, https:\/\/serveiseducatius.xtec.cat\/cda-delta\/wp-content\/uploads\/usu1384\/2021\/01\/2021-01-29_114144-768x421.png 768w, https:\/\/serveiseducatius.xtec.cat\/cda-delta\/wp-content\/uploads\/usu1384\/2021\/01\/2021-01-29_114144-1024x561.png 1024w\" sizes=\"auto, (max-width: 1027px) 100vw, 1027px\" \/><\/a><\/p>\n<p>&nbsp;<\/p>\n<p>&nbsp;<\/p>\n<p>&nbsp;<\/p>\n","protected":false},"excerpt":{"rendered":"<p>Us deixem amb l&#8217;enlla\u00e7 de l&#8217;exposici\u00f3 virtual proposada per la PDE a la Generalitat de Catalunya i que ha estat realitzada pel Departament de Territori i Sostenibilitat de la Generalitat de Catalunya, comissariada per la Secretaria de Medi Ambient i Sostenibilitat amb disseny de l\u2019Oficina Catalana del Canvi Clim\u00e0tic i l\u2019Ag\u00e8ncia Catalana de l\u2019Aigua, i [&hellip;]<\/p>\n","protected":false},"author":3,"featured_media":0,"parent":0,"menu_order":0,"comment_status":"closed","ping_status":"closed","template":"","meta":{"_bbp_topic_count":0,"_bbp_reply_count":0,"_bbp_total_topic_count":0,"_bbp_total_reply_count":0,"_bbp_voice_count":0,"_bbp_anonymous_reply_count":0,"_bbp_topic_count_hidden":0,"_bbp_reply_count_hidden":0,"_bbp_forum_subforum_count":0,"site-sidebar-layout":"default","site-content-layout":"","ast-site-content-layout":"","site-content-style":"default","site-sidebar-style":"default","ast-global-header-display":"","ast-banner-title-visibility":"","ast-main-header-display":"","ast-hfb-above-header-display":"","ast-hfb-below-header-display":"","ast-hfb-mobile-header-display":"","site-post-title":"","ast-breadcrumbs-content":"","ast-featured-img":"","footer-sml-layout":"","theme-transparent-header-meta":"","adv-header-id-meta":"","stick-header-meta":"","header-above-stick-meta":"","header-main-stick-meta":"","header-below-stick-meta":"","astra-migrate-meta-layouts":"default","ast-page-background-enabled":"default","ast-page-background-meta":{"desktop":{"background-color":"var(--ast-global-color-4)","background-image":"","background-repeat":"repeat","background-position":"center center","background-size":"auto","background-attachment":"scroll","background-type":"","background-media":"","overlay-type":"","overlay-color":"","overlay-opacity":"","overlay-gradient":""},"tablet":{"background-color":"","background-image":"","background-repeat":"repeat","background-position":"center center","background-size":"auto","background-attachment":"scroll","background-type":"","background-media":"","overlay-type":"","overlay-color":"","overlay-opacity":"","overlay-gradient":""},"mobile":{"background-color":"","background-image":"","background-repeat":"repeat","background-position":"center center","background-size":"auto","background-attachment":"scroll","background-type":"","background-media":"","overlay-type":"","overlay-color":"","overlay-opacity":"","overlay-gradient":""}},"ast-content-background-meta":{"desktop":{"background-color":"var(--ast-global-color-5)","background-image":"","background-repeat":"repeat","background-position":"center center","background-size":"auto","background-attachment":"scroll","background-type":"","background-media":"","overlay-type":"","overlay-color":"","overlay-opacity":"","overlay-gradient":""},"tablet":{"background-color":"var(--ast-global-color-5)","background-image":"","background-repeat":"repeat","background-position":"center center","background-size":"auto","background-attachment":"scroll","background-type":"","background-media":"","overlay-type":"","overlay-color":"","overlay-opacity":"","overlay-gradient":""},"mobile":{"background-color":"var(--ast-global-color-5)","background-image":"","background-repeat":"repeat","background-position":"center center","background-size":"auto","background-attachment":"scroll","background-type":"","background-media":"","overlay-type":"","overlay-color":"","overlay-opacity":"","overlay-gradient":""}},"footnotes":""},"class_list":["post-9899","page","type-page","status-publish","hentry"],"post_mailing_queue_ids":[],"_links":{"self":[{"href":"https:\/\/serveiseducatius.xtec.cat\/cda-delta\/wp-json\/wp\/v2\/pages\/9899","targetHints":{"allow":["GET"]}}],"collection":[{"href":"https:\/\/serveiseducatius.xtec.cat\/cda-delta\/wp-json\/wp\/v2\/pages"}],"about":[{"href":"https:\/\/serveiseducatius.xtec.cat\/cda-delta\/wp-json\/wp\/v2\/types\/page"}],"author":[{"embeddable":true,"href":"https:\/\/serveiseducatius.xtec.cat\/cda-delta\/wp-json\/wp\/v2\/users\/3"}],"replies":[{"embeddable":true,"href":"https:\/\/serveiseducatius.xtec.cat\/cda-delta\/wp-json\/wp\/v2\/comments?post=9899"}],"version-history":[{"count":1,"href":"https:\/\/serveiseducatius.xtec.cat\/cda-delta\/wp-json\/wp\/v2\/pages\/9899\/revisions"}],"predecessor-version":[{"id":9901,"href":"https:\/\/serveiseducatius.xtec.cat\/cda-delta\/wp-json\/wp\/v2\/pages\/9899\/revisions\/9901"}],"wp:attachment":[{"href":"https:\/\/serveiseducatius.xtec.cat\/cda-delta\/wp-json\/wp\/v2\/media?parent=9899"}],"curies":[{"name":"wp","href":"https:\/\/api.w.org\/{rel}","templated":true}]}}