{"id":9098,"date":"2019-06-17T11:35:17","date_gmt":"2019-06-17T09:35:17","guid":{"rendered":"http:\/\/serveiseducatius.xtec.cat\/cda-delta\/?page_id=9098"},"modified":"2019-06-17T14:37:53","modified_gmt":"2019-06-17T12:37:53","slug":"lentorn-muntanyes-i-planes","status":"publish","type":"page","link":"https:\/\/serveiseducatius.xtec.cat\/cda-delta\/lentorn-muntanyes-i-planes\/","title":{"rendered":"L&#8217;entorn: muntanyes i planes"},"content":{"rendered":"<div class=\"page\" title=\"Page 15\">\n<div class=\"layoutArea\">\n<div class=\"column\">\n<p><a href=\"https:\/\/serveiseducatius.xtec.cat\/cda-delta\/wp-content\/uploads\/usu1384\/2019\/06\/entorn_mun.jpg\"><img loading=\"lazy\" decoding=\"async\" class=\" wp-image-9118 alignright\" src=\"https:\/\/serveiseducatius.xtec.cat\/cda-delta\/wp-content\/uploads\/usu1384\/2019\/06\/entorn_mun.jpg\" alt=\"\" width=\"591\" height=\"886\" srcset=\"https:\/\/serveiseducatius.xtec.cat\/cda-delta\/wp-content\/uploads\/usu1384\/2019\/06\/entorn_mun.jpg 666w, https:\/\/serveiseducatius.xtec.cat\/cda-delta\/wp-content\/uploads\/usu1384\/2019\/06\/entorn_mun-200x300.jpg 200w\" sizes=\"auto, (max-width: 591px) 100vw, 591px\" \/><\/a>La majoria de muntanyes de les Terres de l\u2019Ebre s\u2019emmarquen dins de la Se- rralada Litoral Catalana \u2013amb orientaci\u00f3 NE-SO i paral.leles a la costa. El relleu d\u2019aquestes muntanyes \u00e9s normalment abrupte i escarpat, a causa de la seva naturalesa calc\u00e0ria, i hi sovintegen els avencs i les coves.<\/p>\n<p>La vegetaci\u00f3 natural d\u2019aquestes serres \u00e9s t\u00edpicament mediterr\u00e0nia: pinedes, m\u00e0- quies, garrigues i brolles, amb boscos d\u2019alzinar als llocs m\u00e9s ombr\u00edvols i amb menys pendent, on la vegetaci\u00f3 no ha estat degradada.<\/p>\n<p>Les <span style=\"color: #993366;\"><strong>planes del Baix Ebre i Montsi\u00e0<\/strong><\/span> que envolten les serralades s\u00f3n dip\u00f2sits qua- ternaris a peu de mont travessats pels barrancs, que aporten aigua de manera intermitent. Aquestes planes conformen un paisatge agrari de sec\u00e0 dominat pel conreu de l\u2019olivera.<\/p>\n<p>No hi ha pres\u00e8ncia humana actual a les muntanyes, tot i que fins mitjan s. XX alguns masos van estar habitats. Els usos actuals s\u00f3n la ca\u00e7a, el pasturatge i les activitats a l\u2019aire lliure, com ara el senderisme, l\u2019escalada o la pr\u00e0ctica de BTT.<\/p>\n<p>La <span style=\"color: #993366;\"><strong>serra del Montsi\u00e0<\/strong><\/span> \u00e9s una serra pr\u00f2xima i paral.lela a la costa, de forma allar- gada, que t\u00e9 una longitud de 12 km i una amplada de 5 Km. El seu punt m\u00e9s alt \u00e9s la Torreta del Montsi\u00e0 (764 m), tot i que el cim m\u00e9s conegut \u00e9s la Foradada (655 m).<\/p>\n<p>La <span style=\"color: #993366;\"><strong>serra de Godall<\/strong><\/span> \u00e9s paral.lela a la del Montsi\u00e0, separada per la Foia o fossa d\u2019Ulldecona i Freginals, per\u00f2 m\u00e9s curta (10 Km) i de menys al\u00e7ada (397 m a la Mola). Aquestes dues serres formen una mateixa unitat geol\u00f2gica.<\/p>\n<p>Les <span style=\"color: #993366;\"><strong>serres de Card\u00f3 i Boix<\/strong><\/span> formen un conjunt encaixonat entre la cubeta interior de M\u00f3ra, el litoral i la plana del Burgar. El cim m\u00e9s alt \u00e9s la Creu de Santos (942 m). Destaca el conjunt d\u2019ermites i el balneari i antic monestir de Card\u00f3.<\/p>\n<p>La <span style=\"color: #993366;\"><strong>serralada dels Ports<\/strong><\/span> \u2013o Ports de Tortosa i Beseit\u2013 \u00e9s el conjunt muntanyenc m\u00e9s destacat i alt de les Terres de l\u2019Ebre. En contacte amb el Sistema Ib\u00e8ric, gran part de la serralada est\u00e0 per damunt dels 1.000 m d\u2019al\u00e7ada, i el pic m\u00e9s alt \u00e9s Mont Caro (1.441 m). A les parts altes dominen els boscos de pi roig, inexistents a les altres serralades, i tamb\u00e9 cal destacar la pres\u00e8ncia d\u2019una petita fageda, considerada una de les m\u00e9s meridionals de la pen\u00ednsula Ib\u00e8rica.<\/p>\n<p>Els Ports van ser declarats Parc Natural per la Generalitat de Catalunya el 2001, i la resta de serralades estan incloses dins del Pla d\u2019espais d\u2019inter\u00e8s natural (PEIN).<\/p>\n<h5 style=\"text-align: center;\"><strong><a href=\"http:\/\/serveiseducatius.xtec.cat\/cda-delta\/modalitats\/cataleg-de-sortides\/#MUN\">Veure activitats amb alumnes a la plana i la muntanya<\/a><\/strong><\/h5>\n<p><a href=\"http:\/\/serveiseducatius.xtec.cat\/cda-delta\/lentorn\/\"><img loading=\"lazy\" decoding=\"async\" class=\"size-full wp-image-9122 alignright\" src=\"https:\/\/serveiseducatius.xtec.cat\/cda-delta\/wp-content\/uploads\/usu1384\/2019\/06\/atras.png\" alt=\"\" width=\"51\" height=\"51\" srcset=\"https:\/\/serveiseducatius.xtec.cat\/cda-delta\/wp-content\/uploads\/usu1384\/2019\/06\/atras.png 256w, https:\/\/serveiseducatius.xtec.cat\/cda-delta\/wp-content\/uploads\/usu1384\/2019\/06\/atras-150x150.png 150w\" sizes=\"auto, (max-width: 51px) 100vw, 51px\" \/><\/a><\/p>\n<\/div>\n<\/div>\n<\/div>\n","protected":false},"excerpt":{"rendered":"<p>La majoria de muntanyes de les Terres de l\u2019Ebre s\u2019emmarquen dins de la Se- rralada Litoral Catalana \u2013amb orientaci\u00f3 NE-SO i paral.leles a la costa. El relleu d\u2019aquestes muntanyes \u00e9s normalment abrupte i escarpat, a causa de la seva naturalesa calc\u00e0ria, i hi sovintegen els avencs i les coves. La vegetaci\u00f3 natural d\u2019aquestes serres \u00e9s [&hellip;]<\/p>\n","protected":false},"author":1,"featured_media":0,"parent":0,"menu_order":0,"comment_status":"closed","ping_status":"closed","template":"","meta":{"_bbp_topic_count":0,"_bbp_reply_count":0,"_bbp_total_topic_count":0,"_bbp_total_reply_count":0,"_bbp_voice_count":0,"_bbp_anonymous_reply_count":0,"_bbp_topic_count_hidden":0,"_bbp_reply_count_hidden":0,"_bbp_forum_subforum_count":0,"site-sidebar-layout":"default","site-content-layout":"","ast-site-content-layout":"","site-content-style":"default","site-sidebar-style":"default","ast-global-header-display":"","ast-banner-title-visibility":"","ast-main-header-display":"","ast-hfb-above-header-display":"","ast-hfb-below-header-display":"","ast-hfb-mobile-header-display":"","site-post-title":"","ast-breadcrumbs-content":"","ast-featured-img":"","footer-sml-layout":"","theme-transparent-header-meta":"","adv-header-id-meta":"","stick-header-meta":"","header-above-stick-meta":"","header-main-stick-meta":"","header-below-stick-meta":"","astra-migrate-meta-layouts":"default","ast-page-background-enabled":"default","ast-page-background-meta":{"desktop":{"background-color":"var(--ast-global-color-4)","background-image":"","background-repeat":"repeat","background-position":"center center","background-size":"auto","background-attachment":"scroll","background-type":"","background-media":"","overlay-type":"","overlay-color":"","overlay-opacity":"","overlay-gradient":""},"tablet":{"background-color":"","background-image":"","background-repeat":"repeat","background-position":"center center","background-size":"auto","background-attachment":"scroll","background-type":"","background-media":"","overlay-type":"","overlay-color":"","overlay-opacity":"","overlay-gradient":""},"mobile":{"background-color":"","background-image":"","background-repeat":"repeat","background-position":"center center","background-size":"auto","background-attachment":"scroll","background-type":"","background-media":"","overlay-type":"","overlay-color":"","overlay-opacity":"","overlay-gradient":""}},"ast-content-background-meta":{"desktop":{"background-color":"var(--ast-global-color-5)","background-image":"","background-repeat":"repeat","background-position":"center center","background-size":"auto","background-attachment":"scroll","background-type":"","background-media":"","overlay-type":"","overlay-color":"","overlay-opacity":"","overlay-gradient":""},"tablet":{"background-color":"var(--ast-global-color-5)","background-image":"","background-repeat":"repeat","background-position":"center center","background-size":"auto","background-attachment":"scroll","background-type":"","background-media":"","overlay-type":"","overlay-color":"","overlay-opacity":"","overlay-gradient":""},"mobile":{"background-color":"var(--ast-global-color-5)","background-image":"","background-repeat":"repeat","background-position":"center center","background-size":"auto","background-attachment":"scroll","background-type":"","background-media":"","overlay-type":"","overlay-color":"","overlay-opacity":"","overlay-gradient":""}},"footnotes":""},"class_list":["post-9098","page","type-page","status-publish","hentry"],"post_mailing_queue_ids":[],"_links":{"self":[{"href":"https:\/\/serveiseducatius.xtec.cat\/cda-delta\/wp-json\/wp\/v2\/pages\/9098","targetHints":{"allow":["GET"]}}],"collection":[{"href":"https:\/\/serveiseducatius.xtec.cat\/cda-delta\/wp-json\/wp\/v2\/pages"}],"about":[{"href":"https:\/\/serveiseducatius.xtec.cat\/cda-delta\/wp-json\/wp\/v2\/types\/page"}],"author":[{"embeddable":true,"href":"https:\/\/serveiseducatius.xtec.cat\/cda-delta\/wp-json\/wp\/v2\/users\/1"}],"replies":[{"embeddable":true,"href":"https:\/\/serveiseducatius.xtec.cat\/cda-delta\/wp-json\/wp\/v2\/comments?post=9098"}],"version-history":[{"count":3,"href":"https:\/\/serveiseducatius.xtec.cat\/cda-delta\/wp-json\/wp\/v2\/pages\/9098\/revisions"}],"predecessor-version":[{"id":9146,"href":"https:\/\/serveiseducatius.xtec.cat\/cda-delta\/wp-json\/wp\/v2\/pages\/9098\/revisions\/9146"}],"wp:attachment":[{"href":"https:\/\/serveiseducatius.xtec.cat\/cda-delta\/wp-json\/wp\/v2\/media?parent=9098"}],"curies":[{"name":"wp","href":"https:\/\/api.w.org\/{rel}","templated":true}]}}