{"id":8799,"date":"2019-06-11T19:11:01","date_gmt":"2019-06-11T17:11:01","guid":{"rendered":"http:\/\/serveiseducatius.xtec.cat\/cda-delta\/?page_id=8799"},"modified":"2019-09-10T14:44:44","modified_gmt":"2019-09-10T12:44:44","slug":"quaderns-destada-de-lalumne-en-angles","status":"publish","type":"page","link":"https:\/\/serveiseducatius.xtec.cat\/cda-delta\/quaderns-destada-de-lalumne-en-angles\/","title":{"rendered":"Quaderns d\u2019estada de l\u2019alumne en angl\u00e8s"},"content":{"rendered":"<header class=\"entry-header\">\n<p class=\"entry-title\"><span style=\"font-family: inherit; font-size: 1em;\">Cal imprimir nom\u00e9s els quaderns de les activitats fixades a la Trobada de Coordinaci\u00f3 per a la modalitat d\u2019Estada triada. Cliqueu la imatge per obrir el document en pdf.<\/span><\/p>\n<\/header>\n<div class=\"entry-content\">\n<p><strong>Recomanacions per imprimir els quaderns<\/strong><\/p>\n<p><a href=\"http:\/\/blocs.xtec.cat\/cdadelta\/files\/2014\/09\/impressora.jpg\"><img loading=\"lazy\" decoding=\"async\" class=\"alignright wp-image-1024 size-thumbnail\" src=\"http:\/\/blocs.xtec.cat\/cdadelta\/files\/2014\/09\/impressora-150x150.jpg\" sizes=\"auto, (max-width: 150px) 100vw, 150px\" srcset=\"http:\/\/blocs.xtec.cat\/cdadelta\/files\/2014\/09\/impressora-150x150.jpg 150w, http:\/\/blocs.xtec.cat\/cdadelta\/files\/2014\/09\/impressora-300x300.jpg 300w, http:\/\/blocs.xtec.cat\/cdadelta\/files\/2014\/09\/impressora.jpg 315w\" alt=\"impressora\" width=\"150\" height=\"150\" \/><\/a>La \u201cVersi\u00f3 per imprimir\u201d \u00e9s un document pdf de dos fulls A4 a doble cara. Per imprimir, cal cercar i seleccionar, en el quadre de configuraci\u00f3 de la vostra impressora, les \u00a0opcions\u00a0seg\u00fcents:<\/p>\n<ul>\n<li>A doble cara<\/li>\n<li>Enquadernaci\u00f3 per la vora curta<\/li>\n<\/ul>\n<p>El document \u00e9s en color, per\u00f2 est\u00e0 revisat perqu\u00e8 la impressi\u00f3 en la majoria de m\u00e0quines de blanc i negre produeixi unes\u00a0tonalitats de grisos acceptables per a la lectura i l\u2019escriptura. Si us surten tonalitats molt fortes, caldr\u00e0 ajustar aquest par\u00e0metre de manera adequada en la vostra impressora.<img loading=\"lazy\" decoding=\"async\" class=\"border=0 alignleft wp-image-1012 size-full\" src=\"http:\/\/blocs.xtec.cat\/cdadelta\/files\/2014\/09\/doblat.png\" alt=\"doblat\" width=\"112\" height=\"116\" \/><\/p>\n<p>Una vegada impr\u00e8s,\u00a0cal que el doblegueu per la meitat i encaixeu els dos fulls de manera que obtingueu un quadernet de 8 p\u00e0gines de mida A5.<\/p>\n<p>El grapat del quadernet queda a la vostra consideraci\u00f3. Recomanem utilitzar una grapadora de bra\u00e7 llarg per a poder obrir be els quaderns. Al CdA us podem deixar una.<\/p>\n<table>\n<tbody>\n<tr>\n<td>Quadern de treball<\/td>\n<td>Versi\u00f3 de consulta en pantalla<\/td>\n<td>Versi\u00f3 per imprimir<\/td>\n<\/tr>\n<tr>\n<td>The Ebro Delta<\/td>\n<td style=\"text-align: center;\"><a href=\"https:\/\/drive.google.com\/open?id=1eeZfrsJFZRRWWzwfCJpjIMPcGZ36IKDQ\" target=\"_blank\" rel=\"noopener noreferrer\"><img loading=\"lazy\" decoding=\"async\" class=\"aligncenter wp-image-988 size-full\" src=\"https:\/\/serveiseducatius.xtec.cat\/cda-delta\/wp-content\/uploads\/usu1384\/2014\/09\/quad_delta.jpg\" alt=\"quad_delta\" width=\"89\" height=\"129\" \/><\/a><\/td>\n<td style=\"text-align: center;\"><a href=\"https:\/\/drive.google.com\/open?id=1nylCGWV6v5A0zLLWsNN9ODRhFrQHigWI\" target=\"_blank\" rel=\"noopener noreferrer\"><img loading=\"lazy\" decoding=\"async\" class=\"alignleft size-full wp-image-1386\" src=\"http:\/\/blocs.xtec.cat\/cdadelta\/files\/2014\/09\/El-delta-de-lEbre-1.jpg\" alt=\"El delta de l'Ebre\" width=\"121\" height=\"85\" \/><\/a><\/td>\n<\/tr>\n<tr>\n<td>Why must the river reach the sea?<br \/>\nCS\/ESO1<\/td>\n<td style=\"text-align: center;\"><a href=\"https:\/\/drive.google.com\/file\/d\/11mya7MCsEEPXYpZRFkYn-LRIPBrToBki\/view\" target=\"_blank\" rel=\"noopener noreferrer\"><img loading=\"lazy\" decoding=\"async\" class=\"aligncenter wp-image-1693 size-full\" src=\"http:\/\/blocs.xtec.cat\/cdadelta\/files\/2018\/09\/min_ang_riu01.jpg\" alt=\"\" width=\"89\" height=\"125\" \/><\/a><\/td>\n<td style=\"text-align: center;\"><a href=\"https:\/\/drive.google.com\/file\/d\/1ksqc1V0EfnQ8NYl3fEveme492oRTonNP\/view\" target=\"_blank\" rel=\"noopener noreferrer\"><img loading=\"lazy\" decoding=\"async\" class=\"alignleft wp-image-1693 size-full\" src=\"http:\/\/blocs.xtec.cat\/cdadelta\/files\/2018\/09\/min_ang_riu01.jpg\" alt=\"\" width=\"89\" height=\"125\" \/><\/a><\/td>\n<\/tr>\n<tr>\n<td>The river, fresh or salty?ESO2\/BATX<\/td>\n<td style=\"text-align: center;\"><a href=\"https:\/\/drive.google.com\/open?id=1R3CP1hYLv12iLSS4VI5fg75jTe-7jFhN\"><img loading=\"lazy\" decoding=\"async\" class=\"alignnone  wp-image-9322\" src=\"https:\/\/serveiseducatius.xtec.cat\/cda-delta\/wp-content\/uploads\/usu1384\/2019\/09\/the-river.jpg\" alt=\"\" width=\"87\" height=\"124\" srcset=\"https:\/\/serveiseducatius.xtec.cat\/cda-delta\/wp-content\/uploads\/usu1384\/2019\/09\/the-river.jpg 628w, https:\/\/serveiseducatius.xtec.cat\/cda-delta\/wp-content\/uploads\/usu1384\/2019\/09\/the-river-210x300.jpg 210w\" sizes=\"auto, (max-width: 87px) 100vw, 87px\" \/><\/a><\/td>\n<td style=\"text-align: center;\"><a href=\"https:\/\/drive.google.com\/open?id=1Z7Y4utTW7if5NGFCRNAltdAoAOYVF-ru\"><img loading=\"lazy\" decoding=\"async\" class=\"alignnone  wp-image-9322\" src=\"https:\/\/serveiseducatius.xtec.cat\/cda-delta\/wp-content\/uploads\/usu1384\/2019\/09\/the-river.jpg\" alt=\"\" width=\"87\" height=\"124\" srcset=\"https:\/\/serveiseducatius.xtec.cat\/cda-delta\/wp-content\/uploads\/usu1384\/2019\/09\/the-river.jpg 628w, https:\/\/serveiseducatius.xtec.cat\/cda-delta\/wp-content\/uploads\/usu1384\/2019\/09\/the-river-210x300.jpg 210w\" sizes=\"auto, (max-width: 87px) 100vw, 87px\" \/><\/a><\/td>\n<\/tr>\n<tr>\n<td>Birds of the DeltaCS\/ESO1<\/td>\n<td style=\"text-align: center;\"><a href=\"https:\/\/drive.google.com\/file\/d\/1hlOmxnWahlkvjno70Sg4zUqzNkDacJsH\/view\" target=\"_blank\" rel=\"noopener noreferrer\"><img loading=\"lazy\" decoding=\"async\" class=\"aligncenter wp-image-1678 size-full\" src=\"http:\/\/blocs.xtec.cat\/cdadelta\/files\/2018\/09\/min_ang_del03.jpg\" alt=\"\" width=\"89\" height=\"125\" \/><\/a><\/td>\n<td style=\"text-align: center;\"><a href=\"https:\/\/drive.google.com\/file\/d\/1_jRxqWDvIC2W9UczveWdsUPEpOghS2x7\/view\" target=\"_blank\" rel=\"noopener noreferrer\"><img loading=\"lazy\" decoding=\"async\" class=\"aligncenter wp-image-1678 size-full\" src=\"http:\/\/blocs.xtec.cat\/cdadelta\/files\/2018\/09\/min_ang_del03.jpg\" alt=\"\" width=\"89\" height=\"125\" \/><\/a><\/td>\n<\/tr>\n<tr>\n<td>Birds, biodiversity indicatorsESO2\/BATX<\/td>\n<td style=\"text-align: center;\"><a href=\"https:\/\/drive.google.com\/file\/d\/1fzgi6SedAPVMo1ae8X7dB8GV5XtZ8AK5\/view\" target=\"_blank\" rel=\"noopener noreferrer\"><img loading=\"lazy\" decoding=\"async\" class=\"aligncenter wp-image-1679 size-full\" src=\"http:\/\/blocs.xtec.cat\/cdadelta\/files\/2018\/09\/min_ang_del04.jpg\" alt=\"\" width=\"90\" height=\"125\" \/><\/a><\/td>\n<td style=\"text-align: center;\"><a href=\"https:\/\/drive.google.com\/file\/d\/18HZdD8mxVgtl2EhwhAyJyKyZtLY0cP7I\/view\" target=\"_blank\" rel=\"noopener noreferrer\"><img loading=\"lazy\" decoding=\"async\" class=\"aligncenter wp-image-1679 size-full\" src=\"http:\/\/blocs.xtec.cat\/cdadelta\/files\/2018\/09\/min_ang_del04.jpg\" alt=\"\" width=\"90\" height=\"125\" \/><\/a><\/td>\n<\/tr>\n<tr>\n<td>What does the mussel eat?<br \/>\nCS\/ESO1<\/td>\n<td style=\"text-align: center;\"><a href=\"https:\/\/drive.google.com\/file\/d\/14Ev27rbqUpXEszr48YtpcUP2m4ig0Ph9\/view\" target=\"_blank\" rel=\"noopener noreferrer\"><img loading=\"lazy\" decoding=\"async\" class=\"aligncenter wp-image-1684 size-full\" src=\"http:\/\/blocs.xtec.cat\/cdadelta\/files\/2018\/09\/min_ang_mar02.jpg\" alt=\"\" width=\"91\" height=\"125\" \/><\/a><\/td>\n<td style=\"text-align: center;\"><a href=\"https:\/\/drive.google.com\/file\/d\/1R8xCJyNCXBuR4Cl8lbte7ixMRLNutkEs\/view\" target=\"_blank\" rel=\"noopener noreferrer\"><img loading=\"lazy\" decoding=\"async\" class=\"aligncenter wp-image-1684 size-full\" src=\"http:\/\/blocs.xtec.cat\/cdadelta\/files\/2018\/09\/min_ang_mar02.jpg\" alt=\"\" width=\"91\" height=\"125\" \/><\/a><\/td>\n<\/tr>\n<tr>\n<td>The bay, a marine ecosystemESO2\/BATX<\/td>\n<td style=\"text-align: center;\"><a href=\"https:\/\/drive.google.com\/file\/d\/11lEGAlP-csal8x92UKifxRFp6-VRVbts\/view\" target=\"_blank\" rel=\"noopener noreferrer\"><img loading=\"lazy\" decoding=\"async\" class=\"aligncenter wp-image-1686 size-full\" src=\"http:\/\/blocs.xtec.cat\/cdadelta\/files\/2018\/09\/min_ang_mar04.jpg\" alt=\"\" width=\"86\" height=\"125\" \/><\/a><\/td>\n<td style=\"text-align: center;\"><a href=\"https:\/\/drive.google.com\/file\/d\/119HgEwqJAy9ySG-H8wiARLGhT3Pl6oXN\/view\" target=\"_blank\" rel=\"noopener noreferrer\"><img loading=\"lazy\" decoding=\"async\" class=\"aligncenter wp-image-1686 size-full\" src=\"http:\/\/blocs.xtec.cat\/cdadelta\/files\/2018\/09\/min_ang_mar04.jpg\" alt=\"\" width=\"86\" height=\"125\" \/><\/a><\/td>\n<\/tr>\n<tr>\n<td>\n<p id=\"tw-target-text\" class=\"tw-data-text tw-ta tw-text-medium\" dir=\"ltr\" data-placeholder=\"Translation\">Discover \u201cLa R\u00e0pita\u201d<\/p>\n<\/td>\n<td style=\"text-align: center;\"><a href=\"https:\/\/drive.google.com\/file\/d\/1cfEl5NDEv43iAhG6M9pkzMLbREiDh3yw\/view?usp=sharing\" target=\"_blank\" rel=\"noopener noreferrer\"><img loading=\"lazy\" decoding=\"async\" class=\"aligncenter wp-image-1724 size-full\" src=\"http:\/\/blocs.xtec.cat\/cdadelta\/files\/2018\/09\/min_discober-rapita-1.jpg\" alt=\"\" width=\"89\" height=\"126\" \/><\/a><\/td>\n<td style=\"text-align: center;\"><a href=\"https:\/\/drive.google.com\/file\/d\/1cfEl5NDEv43iAhG6M9pkzMLbREiDh3yw\/view?usp=sharing\" target=\"_blank\" rel=\"noopener noreferrer\"><img loading=\"lazy\" decoding=\"async\" class=\"aligncenter wp-image-1699 size-full\" src=\"http:\/\/blocs.xtec.cat\/cdadelta\/files\/2018\/09\/min_ang_urb03.jpg\" alt=\"\" width=\"92\" height=\"125\" \/><\/a><\/td>\n<\/tr>\n<tr>\n<td>Let\u2019s climb to the towerCS\/ESO1<\/td>\n<td style=\"text-align: center;\"><a href=\"https:\/\/drive.google.com\/open?id=1w__J8oIDvvuFJXzmlalHeQF5K1XbHPHe\" target=\"_blank\" rel=\"noopener noreferrer\"><img loading=\"lazy\" decoding=\"async\" class=\"aligncenter wp-image-1698 size-full\" src=\"http:\/\/blocs.xtec.cat\/cdadelta\/files\/2018\/09\/min_ang_urb02.jpg\" alt=\"\" width=\"88\" height=\"125\" \/><\/a><\/td>\n<td style=\"text-align: center;\"><a href=\"https:\/\/drive.google.com\/open?id=1kyzmtqqF-h9_WOVs2Q7QpXwM1g5HHB-V\" target=\"_blank\" rel=\"noopener noreferrer\"><img loading=\"lazy\" decoding=\"async\" class=\"aligncenter wp-image-1698 size-full\" src=\"http:\/\/blocs.xtec.cat\/cdadelta\/files\/2018\/09\/min_ang_urb02.jpg\" alt=\"\" width=\"88\" height=\"125\" \/><\/a><\/td>\n<\/tr>\n<\/tbody>\n<\/table>\n<\/div>\n","protected":false},"excerpt":{"rendered":"<p>Cal imprimir nom\u00e9s els quaderns de les activitats fixades a la Trobada de Coordinaci\u00f3 per a la modalitat d\u2019Estada triada. Cliqueu la imatge per obrir el document en pdf. Recomanacions per imprimir els quaderns La \u201cVersi\u00f3 per imprimir\u201d \u00e9s un document pdf de dos fulls A4 a doble cara. Per imprimir, cal cercar i seleccionar, [&hellip;]<\/p>\n","protected":false},"author":1,"featured_media":0,"parent":0,"menu_order":0,"comment_status":"closed","ping_status":"closed","template":"","meta":{"_bbp_topic_count":0,"_bbp_reply_count":0,"_bbp_total_topic_count":0,"_bbp_total_reply_count":0,"_bbp_voice_count":0,"_bbp_anonymous_reply_count":0,"_bbp_topic_count_hidden":0,"_bbp_reply_count_hidden":0,"_bbp_forum_subforum_count":0,"site-sidebar-layout":"default","site-content-layout":"","ast-site-content-layout":"","site-content-style":"default","site-sidebar-style":"default","ast-global-header-display":"","ast-banner-title-visibility":"","ast-main-header-display":"","ast-hfb-above-header-display":"","ast-hfb-below-header-display":"","ast-hfb-mobile-header-display":"","site-post-title":"","ast-breadcrumbs-content":"","ast-featured-img":"","footer-sml-layout":"","theme-transparent-header-meta":"","adv-header-id-meta":"","stick-header-meta":"","header-above-stick-meta":"","header-main-stick-meta":"","header-below-stick-meta":"","astra-migrate-meta-layouts":"default","ast-page-background-enabled":"default","ast-page-background-meta":{"desktop":{"background-color":"var(--ast-global-color-4)","background-image":"","background-repeat":"repeat","background-position":"center center","background-size":"auto","background-attachment":"scroll","background-type":"","background-media":"","overlay-type":"","overlay-color":"","overlay-opacity":"","overlay-gradient":""},"tablet":{"background-color":"","background-image":"","background-repeat":"repeat","background-position":"center center","background-size":"auto","background-attachment":"scroll","background-type":"","background-media":"","overlay-type":"","overlay-color":"","overlay-opacity":"","overlay-gradient":""},"mobile":{"background-color":"","background-image":"","background-repeat":"repeat","background-position":"center center","background-size":"auto","background-attachment":"scroll","background-type":"","background-media":"","overlay-type":"","overlay-color":"","overlay-opacity":"","overlay-gradient":""}},"ast-content-background-meta":{"desktop":{"background-color":"var(--ast-global-color-5)","background-image":"","background-repeat":"repeat","background-position":"center center","background-size":"auto","background-attachment":"scroll","background-type":"","background-media":"","overlay-type":"","overlay-color":"","overlay-opacity":"","overlay-gradient":""},"tablet":{"background-color":"var(--ast-global-color-5)","background-image":"","background-repeat":"repeat","background-position":"center center","background-size":"auto","background-attachment":"scroll","background-type":"","background-media":"","overlay-type":"","overlay-color":"","overlay-opacity":"","overlay-gradient":""},"mobile":{"background-color":"var(--ast-global-color-5)","background-image":"","background-repeat":"repeat","background-position":"center center","background-size":"auto","background-attachment":"scroll","background-type":"","background-media":"","overlay-type":"","overlay-color":"","overlay-opacity":"","overlay-gradient":""}},"footnotes":""},"class_list":["post-8799","page","type-page","status-publish","hentry"],"post_mailing_queue_ids":[],"_links":{"self":[{"href":"https:\/\/serveiseducatius.xtec.cat\/cda-delta\/wp-json\/wp\/v2\/pages\/8799","targetHints":{"allow":["GET"]}}],"collection":[{"href":"https:\/\/serveiseducatius.xtec.cat\/cda-delta\/wp-json\/wp\/v2\/pages"}],"about":[{"href":"https:\/\/serveiseducatius.xtec.cat\/cda-delta\/wp-json\/wp\/v2\/types\/page"}],"author":[{"embeddable":true,"href":"https:\/\/serveiseducatius.xtec.cat\/cda-delta\/wp-json\/wp\/v2\/users\/1"}],"replies":[{"embeddable":true,"href":"https:\/\/serveiseducatius.xtec.cat\/cda-delta\/wp-json\/wp\/v2\/comments?post=8799"}],"version-history":[{"count":4,"href":"https:\/\/serveiseducatius.xtec.cat\/cda-delta\/wp-json\/wp\/v2\/pages\/8799\/revisions"}],"predecessor-version":[{"id":9324,"href":"https:\/\/serveiseducatius.xtec.cat\/cda-delta\/wp-json\/wp\/v2\/pages\/8799\/revisions\/9324"}],"wp:attachment":[{"href":"https:\/\/serveiseducatius.xtec.cat\/cda-delta\/wp-json\/wp\/v2\/media?parent=8799"}],"curies":[{"name":"wp","href":"https:\/\/api.w.org\/{rel}","templated":true}]}}