{"id":8684,"date":"2019-02-21T18:10:06","date_gmt":"2019-02-21T17:10:06","guid":{"rendered":"http:\/\/serveiseducatius.xtec.cat\/cda-delta\/?page_id=8684"},"modified":"2019-06-16T17:40:05","modified_gmt":"2019-06-16T15:40:05","slug":"sortides-terres-de-cruilla","status":"publish","type":"page","link":"https:\/\/serveiseducatius.xtec.cat\/cda-delta\/modalitats\/projectes\/sortides-terres-de-cruilla\/","title":{"rendered":"Sortides &#8220;Terres de Cru\u00eflla&#8221;"},"content":{"rendered":"<p align=\"left\">Des de 2015 hem encetat la col\u00b7laboraci\u00f3 amb l&#8217;associaci\u00f3 &#8220;Terres de Cru\u00eflla&#8221;, formada per nombroses entitats culturals i centres d&#8217;Estudis de les comarques del Baix Ebre, Baix Maestrat i Montsi\u00e0, amb l&#8217;objectiu de donar a con\u00e8ixer a la gent el nostre patrimoni hist\u00f2ric i natural.<\/p>\n<hr \/>\n<h3 align=\"left\">Curs 2018 \u2013 19<a href=\"https:\/\/serveiseducatius.xtec.cat\/cda-delta\/wp-content\/uploads\/usu1384\/2019\/06\/rutabaluards2019.jpg\"><img loading=\"lazy\" decoding=\"async\" class=\"size-full wp-image-8725 alignright\" src=\"https:\/\/serveiseducatius.xtec.cat\/cda-delta\/wp-content\/uploads\/usu1384\/2019\/06\/rutabaluards2019.jpg\" alt=\"\" width=\"509\" height=\"315\" srcset=\"https:\/\/serveiseducatius.xtec.cat\/cda-delta\/wp-content\/uploads\/usu1384\/2019\/06\/rutabaluards2019.jpg 509w, https:\/\/serveiseducatius.xtec.cat\/cda-delta\/wp-content\/uploads\/usu1384\/2019\/06\/rutabaluards2019-300x186.jpg 300w\" sizes=\"auto, (max-width: 509px) 100vw, 509px\" \/><\/a><\/h3>\n<h4><strong>\u201cLa ruta dels baluards&#8221;<\/strong><\/h4>\n<h5><strong>5 de maig de 2019<\/strong><\/h5>\n<p>Itinerari senderista per tal de visitar els 6 Km de fortificacions que encara es poden veure a Tortosa, des del fort de Tenalles<br \/>\nfins al fort\u00ed d\u2019Orleans, passant per les avan\u00e7ades de Sant Joan, el castell de la Suda, el fort\u00ed de Bonet i els baluards del tur\u00f3 del Sitjar. L\u2019itinerari va ser circular, sortint de la pla\u00e7a de Barcelona, i va permetre con\u00e8ixer els sistemes defensius aixecats als s. XVII i XVIII, les seves estructures\u00a0i el context hist\u00f2ric.<\/p>\n<p>Vegeu les fotos en<a href=\"https:\/\/photos.app.goo.gl\/rwqTM5GhoAUmwPBL9\" target=\"_blank\" rel=\"noopener noreferrer\">\u00a0https:\/\/photos.app.goo.gl\/rwqTM5GhoAUmwPBL9<\/a><\/p>\n<p><a href=\"https:\/\/drive.google.com\/open?id=1MELlxR5X1DxySlzTviMne8d8k2EyT4Yk\" target=\"_blank\" rel=\"noopener noreferrer\"><img loading=\"lazy\" decoding=\"async\" class=\"wp-image-8780 aligncenter\" src=\"https:\/\/serveiseducatius.xtec.cat\/cda-delta\/wp-content\/uploads\/usu1384\/2019\/06\/quad_cru_baluards.png\" alt=\"\" width=\"96\" height=\"134\" srcset=\"https:\/\/serveiseducatius.xtec.cat\/cda-delta\/wp-content\/uploads\/usu1384\/2019\/06\/quad_cru_baluards.png 256w, https:\/\/serveiseducatius.xtec.cat\/cda-delta\/wp-content\/uploads\/usu1384\/2019\/06\/quad_cru_baluards-215x300.png 215w\" sizes=\"auto, (max-width: 96px) 100vw, 96px\" \/><\/a><\/p>\n<p style=\"text-align: center;\"><a href=\"https:\/\/drive.google.com\/open?id=1MELlxR5X1DxySlzTviMne8d8k2EyT4Yk\" target=\"_blank\" rel=\"noopener noreferrer\">Quadern de la sortida &#8220;La ruta dels baluards&#8221;<\/a><\/p>\n<hr \/>\n<h3 align=\"left\">Curs 2017 \u2013 18<a href=\"https:\/\/serveiseducatius.xtec.cat\/cda-delta\/wp-content\/uploads\/usu1384\/2019\/06\/DSCN1169bc-solito.jpg\"><img loading=\"lazy\" decoding=\"async\" class=\" wp-image-8726 alignleft\" src=\"https:\/\/serveiseducatius.xtec.cat\/cda-delta\/wp-content\/uploads\/usu1384\/2019\/06\/DSCN1169bc-solito.jpg\" alt=\"\" width=\"388\" height=\"291\" srcset=\"https:\/\/serveiseducatius.xtec.cat\/cda-delta\/wp-content\/uploads\/usu1384\/2019\/06\/DSCN1169bc-solito.jpg 640w, https:\/\/serveiseducatius.xtec.cat\/cda-delta\/wp-content\/uploads\/usu1384\/2019\/06\/DSCN1169bc-solito-300x225.jpg 300w, https:\/\/serveiseducatius.xtec.cat\/cda-delta\/wp-content\/uploads\/usu1384\/2019\/06\/DSCN1169bc-solito-200x150.jpg 200w\" sizes=\"auto, (max-width: 388px) 100vw, 388px\" \/><\/a><\/h3>\n<h4><strong>\u201cEls espais de la Guerra Civil a la R\u00e0pita&#8221;<\/strong><\/h4>\n<h5><strong>28 d&#8217;octubre de 2018<\/strong><\/h5>\n<p>Itinerari\u00a0per con\u00e8ixer alguns dels indrets de La R\u00e0pita que van protagonitzar els esdeveniments des de l\u2019esclat de la Guerra el juliol del 1936 i fins a l\u2019entrada dels Nacionals l\u2019abril del 1938.\u00a0Vam fer\u00a0 una primera aturada a la Torre de la Guardiola, per contextualitzar els fets des de la perspectiva privilegiada de la Torreta, \u00a0d\u2019all\u00ed, vam baixar al barranc del Solito per veure els refugis antiaeris (que mai es van fer servir), i les coves de l&#8217;avinguda de la &#8220;Luz&#8221;, passant\u00a0al \u201cxalet de R\u00edes\u201d que fou casa d\u2019acollida de refugiats i hospital de sang.\u00a0El recorregut va continuar per la pla\u00e7a Carles III on hi havia els principals edificis de l\u2019\u00e8poca i que van patir sort diversa durant el conflicte (confiscacions, incendis, allotjaments de tropes \u2026). El recorregut finalitz\u00e0 al port (Club n\u00e0utic), des d&#8217;on es va comentar la construcci\u00f3 de les bateries de defensa i trinxeres de Quico, a la zona dels Hortets.<\/p>\n<p style=\"text-align: center;\"><a href=\"https:\/\/drive.google.com\/open?id=1iHs3RHzN0B2Bl8JYW2BuBADSjLIGhlFR\" target=\"_blank\" rel=\"noopener noreferrer\"><img loading=\"lazy\" decoding=\"async\" class=\"aligncenter wp-image-8785\" src=\"https:\/\/serveiseducatius.xtec.cat\/cda-delta\/wp-content\/uploads\/usu1384\/2019\/06\/quad_cru_civil.png\" alt=\"\" width=\"100\" height=\"134\" srcset=\"https:\/\/serveiseducatius.xtec.cat\/cda-delta\/wp-content\/uploads\/usu1384\/2019\/06\/quad_cru_civil.png 262w, https:\/\/serveiseducatius.xtec.cat\/cda-delta\/wp-content\/uploads\/usu1384\/2019\/06\/quad_cru_civil-225x300.png 225w\" sizes=\"auto, (max-width: 100px) 100vw, 100px\" \/><\/a><a href=\"https:\/\/drive.google.com\/open?id=1iHs3RHzN0B2Bl8JYW2BuBADSjLIGhlFR\" target=\"_blank\" rel=\"noopener noreferrer\">Quadern de la sortida &#8220;Els espais de la Guerra Civil a la R\u00e0pita<\/a><a href=\"https:\/\/serveiseducatius.xtec.cat\/cda-delta\/wp-content\/uploads\/usu1384\/2019\/06\/DSCN1169bc-solito.jpg\"><br \/>\n<\/a><\/p>\n<hr \/>\n<h3 align=\"left\">Curs 2016 \u2013 17<\/h3>\n<p><a href=\"https:\/\/serveiseducatius.xtec.cat\/cda-delta\/wp-content\/uploads\/usu1384\/2019\/06\/muralles17b.jpg\"><img loading=\"lazy\" decoding=\"async\" class=\" wp-image-8727\" src=\"https:\/\/serveiseducatius.xtec.cat\/cda-delta\/wp-content\/uploads\/usu1384\/2019\/06\/muralles17b-1024x768.jpg\" alt=\"\" width=\"397\" height=\"298\" srcset=\"https:\/\/serveiseducatius.xtec.cat\/cda-delta\/wp-content\/uploads\/usu1384\/2019\/06\/muralles17b-1024x768.jpg 1024w, https:\/\/serveiseducatius.xtec.cat\/cda-delta\/wp-content\/uploads\/usu1384\/2019\/06\/muralles17b-300x225.jpg 300w, https:\/\/serveiseducatius.xtec.cat\/cda-delta\/wp-content\/uploads\/usu1384\/2019\/06\/muralles17b-768x576.jpg 768w, https:\/\/serveiseducatius.xtec.cat\/cda-delta\/wp-content\/uploads\/usu1384\/2019\/06\/muralles17b-200x150.jpg 200w, https:\/\/serveiseducatius.xtec.cat\/cda-delta\/wp-content\/uploads\/usu1384\/2019\/06\/muralles17b.jpg 1600w\" sizes=\"auto, (max-width: 397px) 100vw, 397px\" \/><\/a><\/p>\n<h4><strong>\u201cMuralles de Tortosa: Castell de la Suda i Avan\u00e7ades de sant Joan&#8221;<\/strong><\/h4>\n<h5><strong>17 de juny de 2017<\/strong><\/h5>\n<p>Itinerari al voltant del recinte emmurallat de Tortosa, per tal de visitar les muralles i fortificacions existents i con\u00e8ixer la seva evoluci\u00f3 i funcions al llarg de la hist\u00f2ria. Despr\u00e9s de la visita al Museu hist\u00f2ric de Tortosa, es va poder fer el recorregut de la muralla medieval del s. XIV i la Torre del C\u00e8lio, visitar l&#8217;exposici\u00f3 de les avan\u00e7ades de Sant Joan i finalment el castell de la Suda, on es va p\u00f2der veure els restes de muralla \u00e0rab i les galeries subterr\u00e0nies.<\/p>\n<p><a href=\"https:\/\/drive.google.com\/open?id=1t_jBZuzOcmJkxso4Rx27hf5WvauRdDVr\" target=\"_blank\" rel=\"noopener noreferrer\"><img loading=\"lazy\" decoding=\"async\" class=\"aligncenter wp-image-8788\" src=\"https:\/\/serveiseducatius.xtec.cat\/cda-delta\/wp-content\/uploads\/usu1384\/2019\/06\/quad_cru_muralles.png\" alt=\"\" width=\"92\" height=\"134\" srcset=\"https:\/\/serveiseducatius.xtec.cat\/cda-delta\/wp-content\/uploads\/usu1384\/2019\/06\/quad_cru_muralles.png 254w, https:\/\/serveiseducatius.xtec.cat\/cda-delta\/wp-content\/uploads\/usu1384\/2019\/06\/quad_cru_muralles-207x300.png 207w\" sizes=\"auto, (max-width: 92px) 100vw, 92px\" \/><\/a><\/p>\n<p style=\"text-align: center;\"><a href=\"https:\/\/drive.google.com\/open?id=1t_jBZuzOcmJkxso4Rx27hf5WvauRdDVr\" target=\"_blank\" rel=\"noopener noreferrer\">Quadern de la sortida &#8220;Les muralles de Tortosa&#8221;<\/a><\/p>\n<hr \/>\n<h3 align=\"left\">Curs 2015 \u2013 16<a href=\"https:\/\/serveiseducatius.xtec.cat\/cda-delta\/wp-content\/uploads\/usu1384\/2019\/06\/cardo-grup-2.jpg\"><img loading=\"lazy\" decoding=\"async\" class=\"size-full wp-image-8729 alignright\" src=\"https:\/\/serveiseducatius.xtec.cat\/cda-delta\/wp-content\/uploads\/usu1384\/2019\/06\/cardo-grup-2.jpg\" alt=\"\" width=\"266\" height=\"400\" srcset=\"https:\/\/serveiseducatius.xtec.cat\/cda-delta\/wp-content\/uploads\/usu1384\/2019\/06\/cardo-grup-2.jpg 266w, https:\/\/serveiseducatius.xtec.cat\/cda-delta\/wp-content\/uploads\/usu1384\/2019\/06\/cardo-grup-2-200x300.jpg 200w\" sizes=\"auto, (max-width: 266px) 100vw, 266px\" \/><\/a><\/h3>\n<h4><strong>\u201cLes ermites de la Vall de Card\u00f3&#8221;<\/strong><\/h4>\n<h5><strong>19 de juny de 2016<\/strong><\/h5>\n<p>Prop de 40 persones ens vam ajuntar per fer una ruta circular, visitant bona part de les ermites de Card\u00f3 i alguns dels llocs m\u00e9s emblem\u00e0tics de la zona: la Cova Lluminosa, el potell de Cosp, la Roca Foradada, la font de l&#8217;Argelagar&#8230; Sant Elies, Sant\u00edssima Trinitat, Sant \u00c0ngel, Sant Roc, Sant Josep, l&#8217;espectacular Sant Sime\u00f3, Sant Onofre, Sant Joan, Sant Jeroni i Santa Teresa. Ermites malmeses per\u00f2 que encara conserven bona part de l&#8217;encant del conjunt monacal de Card\u00f3.<br \/>\nHist\u00f2ria, patrimoni, natura, esport i bona companyia. que m\u00e9s es pot demanar?<\/p>\n<p>&nbsp;<\/p>\n<p>&nbsp;<\/p>\n<p>&nbsp;<\/p>\n<p><a href=\"https:\/\/serveiseducatius.xtec.cat\/cda-delta\/wp-content\/uploads\/usu1384\/2019\/06\/quad_tcru_cardo.png\" target=\"_blank\" rel=\"noopener noreferrer\"><br \/>\n<\/a><a href=\"https:\/\/drive.google.com\/open?id=1nsFYDgkHqmC1uqy3decHSzn0AdXtt0g8\" target=\"_blank\" rel=\"noopener noreferrer\"><img loading=\"lazy\" decoding=\"async\" class=\"aligncenter wp-image-8790\" src=\"https:\/\/serveiseducatius.xtec.cat\/cda-delta\/wp-content\/uploads\/usu1384\/2019\/06\/quad_tcru_cardo.png\" alt=\"\" width=\"91\" height=\"134\" srcset=\"https:\/\/serveiseducatius.xtec.cat\/cda-delta\/wp-content\/uploads\/usu1384\/2019\/06\/quad_tcru_cardo.png 242w, https:\/\/serveiseducatius.xtec.cat\/cda-delta\/wp-content\/uploads\/usu1384\/2019\/06\/quad_tcru_cardo-204x300.png 204w\" sizes=\"auto, (max-width: 91px) 100vw, 91px\" \/><\/a><\/p>\n<p style=\"text-align: center;\"><a href=\"https:\/\/drive.google.com\/open?id=1nsFYDgkHqmC1uqy3decHSzn0AdXtt0g8\" target=\"_blank\" rel=\"noopener noreferrer\">Quadern de la sortida &#8220;Les ermites de la vall de Card\u00f3&#8221;<\/a><\/p>\n<hr \/>\n<h3 align=\"left\">Curs 2014 \u2013 15<\/h3>\n<h4><strong>\u201cEl Delta de l&#8217;Ebre: llacunes i arrossars&#8221;<a href=\"https:\/\/serveiseducatius.xtec.cat\/cda-delta\/wp-content\/uploads\/usu1384\/2019\/06\/delta-020.jpg\"><img loading=\"lazy\" decoding=\"async\" class=\"size-full wp-image-8730 alignright\" src=\"https:\/\/serveiseducatius.xtec.cat\/cda-delta\/wp-content\/uploads\/usu1384\/2019\/06\/delta-020.jpg\" alt=\"\" width=\"400\" height=\"196\" srcset=\"https:\/\/serveiseducatius.xtec.cat\/cda-delta\/wp-content\/uploads\/usu1384\/2019\/06\/delta-020.jpg 400w, https:\/\/serveiseducatius.xtec.cat\/cda-delta\/wp-content\/uploads\/usu1384\/2019\/06\/delta-020-300x147.jpg 300w\" sizes=\"auto, (max-width: 400px) 100vw, 400px\" \/><\/a><\/strong><\/h4>\n<h5><strong>20 de juny de 2015<\/strong><\/h5>\n<p>Des del Camp hem proposat una visita a les llacunes, on hem parlat de la seva import\u00e0ncia per a la biodiversitat, i dels aprofitaments humans: la pesca i la ca\u00e7a. Tamb\u00e9 hem vist els arrossars i hem visitat la finca del Riet Vell, seu al delta de SeoBirdLife, on ens han parlat de l&#8217;arr\u00f2s ecol\u00f2gic i de la import\u00e0ncia de recuperar el conreu tradicional de l&#8217;arr\u00f2s. El Sr. Polet, un gran coneixedor del m\u00f3n de l&#8217;arr\u00f2s, ens va ensenyar a plantar.\u00a0Un arrosset a la Casa de Fusta i unes pr\u00e0ctiques de l&#8217;ancestral art de perxar, van ser la cirereta d&#8217;una diada rodona al Delta.<\/p>\n<p><a href=\"https:\/\/drive.google.com\/open?id=1K7QVLoEa36mzp-Coa46I0uKr1V3Ts04r\" target=\"_blank\" rel=\"noopener noreferrer\"><img loading=\"lazy\" decoding=\"async\" class=\"aligncenter wp-image-8791\" src=\"https:\/\/serveiseducatius.xtec.cat\/cda-delta\/wp-content\/uploads\/usu1384\/2019\/06\/quad_cru_delta.png\" alt=\"\" width=\"101\" height=\"134\" srcset=\"https:\/\/serveiseducatius.xtec.cat\/cda-delta\/wp-content\/uploads\/usu1384\/2019\/06\/quad_cru_delta.png 264w, https:\/\/serveiseducatius.xtec.cat\/cda-delta\/wp-content\/uploads\/usu1384\/2019\/06\/quad_cru_delta-225x300.png 225w\" sizes=\"auto, (max-width: 101px) 100vw, 101px\" \/><\/a><\/p>\n<p style=\"text-align: center;\"><a href=\"https:\/\/drive.google.com\/open?id=1K7QVLoEa36mzp-Coa46I0uKr1V3Ts04r\" target=\"_blank\" rel=\"noopener noreferrer\">Quadern de la sortida &#8220;El Delta de l&#8217;Ebre: llacunes i arrossars&#8221;<br \/>\n<\/a><\/p>\n","protected":false},"excerpt":{"rendered":"<p>Des de 2015 hem encetat la col\u00b7laboraci\u00f3 amb l&#8217;associaci\u00f3 &#8220;Terres de Cru\u00eflla&#8221;, formada per nombroses entitats culturals i centres d&#8217;Estudis de les comarques del Baix Ebre, Baix Maestrat i Montsi\u00e0, amb l&#8217;objectiu de donar a con\u00e8ixer a la gent el nostre patrimoni hist\u00f2ric i natural. Curs 2018 \u2013 19 \u201cLa ruta dels baluards&#8221; 5 de [&hellip;]<\/p>\n","protected":false},"author":1,"featured_media":0,"parent":160,"menu_order":0,"comment_status":"closed","ping_status":"closed","template":"","meta":{"_bbp_topic_count":0,"_bbp_reply_count":0,"_bbp_total_topic_count":0,"_bbp_total_reply_count":0,"_bbp_voice_count":0,"_bbp_anonymous_reply_count":0,"_bbp_topic_count_hidden":0,"_bbp_reply_count_hidden":0,"_bbp_forum_subforum_count":0,"site-sidebar-layout":"default","site-content-layout":"","ast-site-content-layout":"","site-content-style":"default","site-sidebar-style":"default","ast-global-header-display":"","ast-banner-title-visibility":"","ast-main-header-display":"","ast-hfb-above-header-display":"","ast-hfb-below-header-display":"","ast-hfb-mobile-header-display":"","site-post-title":"","ast-breadcrumbs-content":"","ast-featured-img":"","footer-sml-layout":"","theme-transparent-header-meta":"","adv-header-id-meta":"","stick-header-meta":"","header-above-stick-meta":"","header-main-stick-meta":"","header-below-stick-meta":"","astra-migrate-meta-layouts":"default","ast-page-background-enabled":"default","ast-page-background-meta":{"desktop":{"background-color":"var(--ast-global-color-4)","background-image":"","background-repeat":"repeat","background-position":"center center","background-size":"auto","background-attachment":"scroll","background-type":"","background-media":"","overlay-type":"","overlay-color":"","overlay-opacity":"","overlay-gradient":""},"tablet":{"background-color":"","background-image":"","background-repeat":"repeat","background-position":"center center","background-size":"auto","background-attachment":"scroll","background-type":"","background-media":"","overlay-type":"","overlay-color":"","overlay-opacity":"","overlay-gradient":""},"mobile":{"background-color":"","background-image":"","background-repeat":"repeat","background-position":"center center","background-size":"auto","background-attachment":"scroll","background-type":"","background-media":"","overlay-type":"","overlay-color":"","overlay-opacity":"","overlay-gradient":""}},"ast-content-background-meta":{"desktop":{"background-color":"var(--ast-global-color-5)","background-image":"","background-repeat":"repeat","background-position":"center center","background-size":"auto","background-attachment":"scroll","background-type":"","background-media":"","overlay-type":"","overlay-color":"","overlay-opacity":"","overlay-gradient":""},"tablet":{"background-color":"var(--ast-global-color-5)","background-image":"","background-repeat":"repeat","background-position":"center center","background-size":"auto","background-attachment":"scroll","background-type":"","background-media":"","overlay-type":"","overlay-color":"","overlay-opacity":"","overlay-gradient":""},"mobile":{"background-color":"var(--ast-global-color-5)","background-image":"","background-repeat":"repeat","background-position":"center center","background-size":"auto","background-attachment":"scroll","background-type":"","background-media":"","overlay-type":"","overlay-color":"","overlay-opacity":"","overlay-gradient":""}},"footnotes":""},"class_list":["post-8684","page","type-page","status-publish","hentry"],"post_mailing_queue_ids":[],"_links":{"self":[{"href":"https:\/\/serveiseducatius.xtec.cat\/cda-delta\/wp-json\/wp\/v2\/pages\/8684","targetHints":{"allow":["GET"]}}],"collection":[{"href":"https:\/\/serveiseducatius.xtec.cat\/cda-delta\/wp-json\/wp\/v2\/pages"}],"about":[{"href":"https:\/\/serveiseducatius.xtec.cat\/cda-delta\/wp-json\/wp\/v2\/types\/page"}],"author":[{"embeddable":true,"href":"https:\/\/serveiseducatius.xtec.cat\/cda-delta\/wp-json\/wp\/v2\/users\/1"}],"replies":[{"embeddable":true,"href":"https:\/\/serveiseducatius.xtec.cat\/cda-delta\/wp-json\/wp\/v2\/comments?post=8684"}],"version-history":[{"count":3,"href":"https:\/\/serveiseducatius.xtec.cat\/cda-delta\/wp-json\/wp\/v2\/pages\/8684\/revisions"}],"predecessor-version":[{"id":8724,"href":"https:\/\/serveiseducatius.xtec.cat\/cda-delta\/wp-json\/wp\/v2\/pages\/8684\/revisions\/8724"}],"up":[{"embeddable":true,"href":"https:\/\/serveiseducatius.xtec.cat\/cda-delta\/wp-json\/wp\/v2\/pages\/160"}],"wp:attachment":[{"href":"https:\/\/serveiseducatius.xtec.cat\/cda-delta\/wp-json\/wp\/v2\/media?parent=8684"}],"curies":[{"name":"wp","href":"https:\/\/api.w.org\/{rel}","templated":true}]}}