{"id":8675,"date":"2019-02-21T16:45:39","date_gmt":"2019-02-21T15:45:39","guid":{"rendered":"http:\/\/serveiseducatius.xtec.cat\/cda-delta\/?page_id=8675"},"modified":"2025-12-01T13:26:52","modified_gmt":"2025-12-01T12:26:52","slug":"materials-de-suport-de-sortides-2","status":"publish","type":"page","link":"https:\/\/serveiseducatius.xtec.cat\/cda-delta\/modalitats\/materials-de-suport-de-sortides-2\/","title":{"rendered":"Materials de suport de Sortides"},"content":{"rendered":"\n<h2 class=\"wp-block-heading\"><strong><figure><a href=\"https:\/\/serveiseducatius.xtec.cat\/cda-delta\/wp-content\/uploads\/usu1384\/2019\/02\/IMG_2783.jpg\"><img loading=\"lazy\" decoding=\"async\" class=\"alignnone size-full wp-image-8676\" src=\"https:\/\/serveiseducatius.xtec.cat\/cda-delta\/wp-content\/uploads\/usu1384\/2019\/02\/IMG_2783.jpg\" alt=\"\" width=\"1000\" height=\"270\" srcset=\"https:\/\/serveiseducatius.xtec.cat\/cda-delta\/wp-content\/uploads\/usu1384\/2019\/02\/IMG_2783.jpg 1000w, https:\/\/serveiseducatius.xtec.cat\/cda-delta\/wp-content\/uploads\/usu1384\/2019\/02\/IMG_2783-300x81.jpg 300w, https:\/\/serveiseducatius.xtec.cat\/cda-delta\/wp-content\/uploads\/usu1384\/2019\/02\/IMG_2783-768x207.jpg 768w\" sizes=\"auto, (max-width: 1000px) 100vw, 1000px\" \/><\/a><\/figure><\/strong><\/h2>\n\n\n\n<h3 class=\"wp-block-heading\">Documents organitzatius&nbsp;per al professorat:<\/h3>\n\n\n\n<ul class=\"wp-block-list\">\n<li><a href=\"https:\/\/serveiseducatius.xtec.cat\/cda-delta\/modalitats\/materials-de-suport-de-sortides-2\/guies-de-les-activitats-de-sortides\/\">Guies de les activitats de sortides<\/a><\/li>\n\n\n\n<li><a href=\"http:\/\/serveiseducatius.xtec.cat\/cda-delta\/rubriques-activitats-de-sortides\/\">R\u00fabriques de les activitats de&nbsp;sortides<\/a><\/li>\n\n\n\n<li><a href=\"https:\/\/serveiseducatius.xtec.cat\/cda-delta\/wp-content\/uploads\/usu1384\/2021\/09\/Responsabilitats_centre_cda-eda.pdf\" target=\"_blank\" rel=\"noopener noreferrer\">Normativa general d\u2019\u00fas dels CdA<\/a><\/li>\n\n\n\n<li><a href=\"http:\/\/xtec.cat\/cda-delta\/pdf\/autoritzaciovehiclesuport.pdf\" target=\"_blank\" rel=\"noopener noreferrer\">Full d\u2019autoritzaci\u00f3 despla\u00e7ament alumnat en vehicle suport <\/a>(cal portar-lo a la sortida)<\/li>\n\n\n\n<li><a href=\"https:\/\/serveiseducatius.xtec.cat\/cda-delta\/wp-content\/uploads\/usu1384\/2021\/09\/Certificat-bonificacions-i-exempcions.pdf\" target=\"_blank\" rel=\"noopener\">Certificat carnets <\/a><a href=\"https:\/\/serveiseducatius.xtec.cat\/cda-delta\/wp-content\/uploads\/usu1384\/2025\/07\/Certificat-bonificacions-i-exempcions-CdA.pdf.pdf\">bonificacions <\/a><a href=\"https:\/\/serveiseducatius.xtec.cat\/cda-delta\/wp-content\/uploads\/usu1384\/2021\/09\/Certificat-bonificacions-i-exempcions.pdf\" target=\"_blank\" rel=\"noopener\">i exempcions <\/a>(cal portar-lo a la sortida)<\/li>\n<\/ul>\n\n\n\n<h3 class=\"wp-block-heading\">Materials&nbsp;did\u00e0ctics:<\/h3>\n\n\n\n<ul class=\"wp-block-list\">\n<li><a href=\"http:\/\/serveiseducatius.xtec.cat\/cda-delta\/modalitats\/materials-de-suport-de-sortides\/\"><strong>Quaderns de treball per a l\u2019alumnat<\/strong><\/a><\/li>\n\n\n\n<li><a href=\"http:\/\/serveiseducatius.xtec.cat\/cda-delta\/quaderns-de-treball-de-sortides-en-angles\/\">Quaderns de treball per a l\u2019alumnat en angl\u00e8s<\/a><\/li>\n<\/ul>\n\n\n\n<figure class=\"wp-block-table\"><table class=\"has-fixed-layout\"><tbody><tr><td class=\"has-text-align-center\" data-align=\"center\"><strong>Activitats pr\u00e8vies M1<\/strong><\/td><td class=\"has-text-align-center\" data-align=\"center\"><strong>Activitats posteriors M3<\/strong><\/td><\/tr><tr><td class=\"has-text-align-center\" data-align=\"center\"><a style=\"color: #2795b6; text-align: left;\" href=\"https:\/\/create.kahoot.it\/share\/que-saps-del-delta-de-l-ebre\/167fd43a-73d8-4b62-8ff1-1e9482b84119\" target=\"_blank\" rel=\"noopener noreferrer\">Kahoot<\/a><\/td><td class=\"has-text-align-center\" data-align=\"center\"><a style=\"font-family: inherit; font-size: 1em;\" href=\"http:\/\/serveiseducatius.xtec.cat\/cda-delta\/materials-de-suport\/kahoots-avaluacio\/\" target=\"_blank\" rel=\"noopener\">Kahoots avaluaci\u00f3<\/a><\/td><\/tr><tr><td class=\"has-text-align-center\" data-align=\"center\"><a href=\"http:\/\/xtec.cat\/cda-delta\/pdf\/Map_delta.pdf\" target=\"_blank\" rel=\"noopener\">Mapa del Delta<\/a><\/td><td class=\"has-text-align-center\" data-align=\"center\"><a href=\"https:\/\/serveiseducatius.xtec.cat\/cda-delta\/general\/xarxa-trofica-de-la-badia\/\" rel=\"noopener\">Xarxa tr\u00f2fica badia<\/a><\/td><\/tr><tr><td class=\"has-text-align-center\" data-align=\"center\"><a href=\"https:\/\/docs.google.com\/a\/xtec.cat\/viewer?a=v&amp;pid=sites&amp;srcid=eHRlYy5jYXR8Y2RhX2RvY3N8Z3g6ODM3ZTNkYzYyNWVkMGU0\" target=\"_blank\" rel=\"noopener\">Quadern del Delta<\/a><\/td><td class=\"has-text-align-center\" data-align=\"center\"><a href=\"https:\/\/www.educaplay.com\/game\/6033534-passaparaula_ocells_del_delta.html\" target=\"_blank\" rel=\"noopener noreferrer\">Passaparaula dels ocells del Delta<\/a><\/td><\/tr><tr><td class=\"has-text-align-center\" data-align=\"center\"><a style=\"color: #2795b6; text-align: center;\" href=\"https:\/\/serveiseducatius.xtec.cat\/cda-delta\/general\/els-ocells-del-cda\/\" target=\"_blank\" rel=\"noopener\">Els ocells del CdA (sons)<\/a><\/td><td class=\"has-text-align-center\" data-align=\"center\"><a href=\"https:\/\/view.genial.ly\/5f0d66c31ff5300d26bd2d25\/game-action-genially-sin-titulo\" target=\"_blank\" rel=\"noopener noreferrer\">Endevinalles confinades aus del Delta<\/a><\/td><\/tr><tr><td class=\"has-text-align-center\" data-align=\"center\"><a href=\"https:\/\/serveiseducatius.xtec.cat\/cda-delta\/wp-content\/uploads\/usu1384\/2022\/03\/Consells-excursionisme.pdf\" target=\"_blank\" rel=\"noopener\">Consells per a ser un\/a bon\/a excursionista<\/a><\/td><td class=\"has-text-align-center\" data-align=\"center\"><a href=\"https:\/\/serveiseducatius.xtec.cat\/cda-delta\/general\/les-adaptacions-dels-ocells\/\" rel=\"noopener\">Les adaptacions dels ocells<\/a><\/td><\/tr><tr><td class=\"has-text-align-center\" data-align=\"center\">&nbsp;<\/td><td class=\"has-text-align-center\" data-align=\"center\"><a href=\"https:\/\/www.thinglink.com\/scene\/1525467910879838209\" target=\"_blank\" rel=\"noopener\">Qu\u00e8 mengen les aus?<\/a><\/td><\/tr><tr><td class=\"has-text-align-center\" data-align=\"center\">&nbsp;<\/td><td class=\"has-text-align-center\" data-align=\"center\"><a href=\"https:\/\/www.youtube.com\/watch?v=d_FEaFgJyfA\" target=\"_blank\" rel=\"noopener\">V\u00eddeo experiment vol silenci\u00f3s del mussol<\/a><\/td><\/tr><tr><td class=\"has-text-align-center\" data-align=\"center\"><\/td><td class=\"has-text-align-center\" data-align=\"center\"><a href=\"https:\/\/serveiseducatius.xtec.cat\/cda-delta\/materials-de-suport\/\" data-type=\"link\" data-id=\"https:\/\/serveiseducatius.xtec.cat\/cda-delta\/materials-de-suport\/\" target=\"_blank\" rel=\"noreferrer noopener\">El camuflatge dels mussols<\/a><\/td><\/tr><tr><td class=\"has-text-align-center\" data-align=\"center\">&nbsp;<\/td><td class=\"has-text-align-center\" data-align=\"center\"><a href=\"http:\/\/serveiseducatius.xtec.cat\/cda-delta\/general\/questionari-activitat-historia-de-sant-carles-de-la-rapita\/\" target=\"_blank\" rel=\"noopener\">Q\u00fcestionari activitat &#8220;hist\u00f2ria de Sant Carles de la R\u00e0pita&#8221;<\/a><\/td><\/tr><\/tbody><\/table><\/figure>\n","protected":false},"excerpt":{"rendered":"<p>Documents organitzatius&nbsp;per al professorat: Materials&nbsp;did\u00e0ctics: Activitats pr\u00e8vies M1 Activitats posteriors M3 Kahoot Kahoots avaluaci\u00f3 Mapa del Delta Xarxa tr\u00f2fica badia Quadern del Delta Passaparaula dels ocells del Delta Els ocells del CdA (sons) Endevinalles confinades aus del Delta Consells per a ser un\/a bon\/a excursionista Les adaptacions dels ocells &nbsp; Qu\u00e8 mengen les aus? &nbsp; [&hellip;]<\/p>\n","protected":false},"author":1,"featured_media":0,"parent":8260,"menu_order":0,"comment_status":"closed","ping_status":"closed","template":"","meta":{"_bbp_topic_count":0,"_bbp_reply_count":0,"_bbp_total_topic_count":0,"_bbp_total_reply_count":0,"_bbp_voice_count":0,"_bbp_anonymous_reply_count":0,"_bbp_topic_count_hidden":0,"_bbp_reply_count_hidden":0,"_bbp_forum_subforum_count":0,"site-sidebar-layout":"default","site-content-layout":"","ast-site-content-layout":"default","site-content-style":"default","site-sidebar-style":"default","ast-global-header-display":"","ast-banner-title-visibility":"","ast-main-header-display":"","ast-hfb-above-header-display":"","ast-hfb-below-header-display":"","ast-hfb-mobile-header-display":"","site-post-title":"","ast-breadcrumbs-content":"","ast-featured-img":"","footer-sml-layout":"","theme-transparent-header-meta":"","adv-header-id-meta":"","stick-header-meta":"","header-above-stick-meta":"","header-main-stick-meta":"","header-below-stick-meta":"","astra-migrate-meta-layouts":"set","ast-page-background-enabled":"default","ast-page-background-meta":{"desktop":{"background-color":"var(--ast-global-color-4)","background-image":"","background-repeat":"repeat","background-position":"center center","background-size":"auto","background-attachment":"scroll","background-type":"","background-media":"","overlay-type":"","overlay-color":"","overlay-opacity":"","overlay-gradient":""},"tablet":{"background-color":"","background-image":"","background-repeat":"repeat","background-position":"center center","background-size":"auto","background-attachment":"scroll","background-type":"","background-media":"","overlay-type":"","overlay-color":"","overlay-opacity":"","overlay-gradient":""},"mobile":{"background-color":"","background-image":"","background-repeat":"repeat","background-position":"center center","background-size":"auto","background-attachment":"scroll","background-type":"","background-media":"","overlay-type":"","overlay-color":"","overlay-opacity":"","overlay-gradient":""}},"ast-content-background-meta":{"desktop":{"background-color":"var(--ast-global-color-5)","background-image":"","background-repeat":"repeat","background-position":"center center","background-size":"auto","background-attachment":"scroll","background-type":"","background-media":"","overlay-type":"","overlay-color":"","overlay-opacity":"","overlay-gradient":""},"tablet":{"background-color":"var(--ast-global-color-5)","background-image":"","background-repeat":"repeat","background-position":"center center","background-size":"auto","background-attachment":"scroll","background-type":"","background-media":"","overlay-type":"","overlay-color":"","overlay-opacity":"","overlay-gradient":""},"mobile":{"background-color":"var(--ast-global-color-5)","background-image":"","background-repeat":"repeat","background-position":"center center","background-size":"auto","background-attachment":"scroll","background-type":"","background-media":"","overlay-type":"","overlay-color":"","overlay-opacity":"","overlay-gradient":""}},"footnotes":""},"class_list":["post-8675","page","type-page","status-publish","hentry"],"post_mailing_queue_ids":[],"_links":{"self":[{"href":"https:\/\/serveiseducatius.xtec.cat\/cda-delta\/wp-json\/wp\/v2\/pages\/8675","targetHints":{"allow":["GET"]}}],"collection":[{"href":"https:\/\/serveiseducatius.xtec.cat\/cda-delta\/wp-json\/wp\/v2\/pages"}],"about":[{"href":"https:\/\/serveiseducatius.xtec.cat\/cda-delta\/wp-json\/wp\/v2\/types\/page"}],"author":[{"embeddable":true,"href":"https:\/\/serveiseducatius.xtec.cat\/cda-delta\/wp-json\/wp\/v2\/users\/1"}],"replies":[{"embeddable":true,"href":"https:\/\/serveiseducatius.xtec.cat\/cda-delta\/wp-json\/wp\/v2\/comments?post=8675"}],"version-history":[{"count":7,"href":"https:\/\/serveiseducatius.xtec.cat\/cda-delta\/wp-json\/wp\/v2\/pages\/8675\/revisions"}],"predecessor-version":[{"id":10968,"href":"https:\/\/serveiseducatius.xtec.cat\/cda-delta\/wp-json\/wp\/v2\/pages\/8675\/revisions\/10968"}],"up":[{"embeddable":true,"href":"https:\/\/serveiseducatius.xtec.cat\/cda-delta\/wp-json\/wp\/v2\/pages\/8260"}],"wp:attachment":[{"href":"https:\/\/serveiseducatius.xtec.cat\/cda-delta\/wp-json\/wp\/v2\/media?parent=8675"}],"curies":[{"name":"wp","href":"https:\/\/api.w.org\/{rel}","templated":true}]}}