{"id":8444,"date":"2013-12-05T20:57:37","date_gmt":"2013-12-05T20:57:37","guid":{"rendered":"http:\/\/blocs.xtec.cat\/cdadelta\/?page_id=153"},"modified":"2023-03-21T09:15:15","modified_gmt":"2023-03-21T08:15:15","slug":"arxiu-documental-gavina","status":"publish","type":"page","link":"https:\/\/serveiseducatius.xtec.cat\/cda-delta\/amb-els-centres\/arxiu-documental-gavina\/","title":{"rendered":"Arxiu documental &#8220;Gavina&#8221;"},"content":{"rendered":"<p align=\"justify\"><strong>Base de dades documental<\/strong><\/p>\n<p align=\"justify\">El Camp d&#8217;Aprenentatge dispose d&#8217;una biblioteca i d&#8217;un fons documental tem\u00e0tic anomenat &#8220;Gavina&#8221; amb documents dedicats a l&#8217;educaci\u00f3 ambiental i al coneixement del territori de les Terres de l&#8217;Ebre. La seva consulta esta a disposici\u00f3 del professorat, dels estudiants i de les persones interessades en aquests temes.<\/p>\n<p style=\"text-align: center;\" align=\"justify\"><a href=\"https:\/\/serveiseducatius.xtec.cat\/cda-delta\/wp-content\/uploads\/usu1384\/2019\/06\/gavinadoc.png\"><img loading=\"lazy\" decoding=\"async\" class=\"alignnone wp-image-9203\" src=\"https:\/\/serveiseducatius.xtec.cat\/cda-delta\/wp-content\/uploads\/usu1384\/2019\/06\/gavinadoc.png\" alt=\"\" width=\"325\" height=\"409\" srcset=\"https:\/\/serveiseducatius.xtec.cat\/cda-delta\/wp-content\/uploads\/usu1384\/2019\/06\/gavinadoc.png 716w, https:\/\/serveiseducatius.xtec.cat\/cda-delta\/wp-content\/uploads\/usu1384\/2019\/06\/gavinadoc-239x300.png 239w\" sizes=\"auto, (max-width: 325px) 100vw, 325px\" \/><\/a> \u00a0 \u00a0 \u00a0 \u00a0 \u00a0 \u00a0 \u00a0 \u00a0 \u00a0 \u00a0 \u00a0 \u00a0<a href=\"https:\/\/serveiseducatius.xtec.cat\/cda-delta\/wp-content\/uploads\/usu1384\/2019\/06\/gaviandoc2.png\"><img loading=\"lazy\" decoding=\"async\" class=\"alignnone wp-image-9204\" src=\"https:\/\/serveiseducatius.xtec.cat\/cda-delta\/wp-content\/uploads\/usu1384\/2019\/06\/gaviandoc2.png\" alt=\"\" width=\"300\" height=\"400\" srcset=\"https:\/\/serveiseducatius.xtec.cat\/cda-delta\/wp-content\/uploads\/usu1384\/2019\/06\/gaviandoc2.png 700w, https:\/\/serveiseducatius.xtec.cat\/cda-delta\/wp-content\/uploads\/usu1384\/2019\/06\/gaviandoc2-225x300.png 225w\" sizes=\"auto, (max-width: 300px) 100vw, 300px\" \/><\/a><\/p>\n<p align=\"justify\">En aquest llistat podeu trobar referenciats aquests documents de &#8220;Gavina&#8221; que disposa a data de avui el Camp d&#8217;Aprenentatge del delta de l&#8217;Ebre.<\/p>\n<p style=\"text-align: center;\" align=\"justify\"><a href=\"http:\/\/xtec.cat\/cda-delta\/pdf\/basedad_doc.pdf\">Base de dades Documental &#8220;GAVINA&#8221;<\/a><\/p>\n<p align=\"justify\">Per poder-los consultar nom\u00e9s cal que concerteu una cita a trav\u00e9s d&#8217;un correu electr\u00f2nic o trucant per tel\u00e8fon.<\/p>\n","protected":false},"excerpt":{"rendered":"<p>Base de dades documental El Camp d&#8217;Aprenentatge dispose d&#8217;una biblioteca i d&#8217;un fons documental tem\u00e0tic anomenat &#8220;Gavina&#8221; amb documents dedicats a l&#8217;educaci\u00f3 ambiental i al coneixement del territori de les Terres de l&#8217;Ebre. La seva consulta esta a disposici\u00f3 del professorat, dels estudiants i de les persones interessades en aquests temes. \u00a0 \u00a0 \u00a0 \u00a0 [&hellip;]<\/p>\n","protected":false},"author":1,"featured_media":0,"parent":8272,"menu_order":0,"comment_status":"closed","ping_status":"closed","template":"","meta":{"_bbp_topic_count":0,"_bbp_reply_count":0,"_bbp_total_topic_count":0,"_bbp_total_reply_count":0,"_bbp_voice_count":0,"_bbp_anonymous_reply_count":0,"_bbp_topic_count_hidden":0,"_bbp_reply_count_hidden":0,"_bbp_forum_subforum_count":0,"site-sidebar-layout":"default","site-content-layout":"","ast-site-content-layout":"","site-content-style":"default","site-sidebar-style":"default","ast-global-header-display":"","ast-banner-title-visibility":"","ast-main-header-display":"","ast-hfb-above-header-display":"","ast-hfb-below-header-display":"","ast-hfb-mobile-header-display":"","site-post-title":"","ast-breadcrumbs-content":"","ast-featured-img":"","footer-sml-layout":"","theme-transparent-header-meta":"","adv-header-id-meta":"","stick-header-meta":"","header-above-stick-meta":"","header-main-stick-meta":"","header-below-stick-meta":"","astra-migrate-meta-layouts":"default","ast-page-background-enabled":"default","ast-page-background-meta":{"desktop":{"background-color":"var(--ast-global-color-4)","background-image":"","background-repeat":"repeat","background-position":"center center","background-size":"auto","background-attachment":"scroll","background-type":"","background-media":"","overlay-type":"","overlay-color":"","overlay-opacity":"","overlay-gradient":""},"tablet":{"background-color":"","background-image":"","background-repeat":"repeat","background-position":"center center","background-size":"auto","background-attachment":"scroll","background-type":"","background-media":"","overlay-type":"","overlay-color":"","overlay-opacity":"","overlay-gradient":""},"mobile":{"background-color":"","background-image":"","background-repeat":"repeat","background-position":"center center","background-size":"auto","background-attachment":"scroll","background-type":"","background-media":"","overlay-type":"","overlay-color":"","overlay-opacity":"","overlay-gradient":""}},"ast-content-background-meta":{"desktop":{"background-color":"var(--ast-global-color-5)","background-image":"","background-repeat":"repeat","background-position":"center center","background-size":"auto","background-attachment":"scroll","background-type":"","background-media":"","overlay-type":"","overlay-color":"","overlay-opacity":"","overlay-gradient":""},"tablet":{"background-color":"var(--ast-global-color-5)","background-image":"","background-repeat":"repeat","background-position":"center center","background-size":"auto","background-attachment":"scroll","background-type":"","background-media":"","overlay-type":"","overlay-color":"","overlay-opacity":"","overlay-gradient":""},"mobile":{"background-color":"var(--ast-global-color-5)","background-image":"","background-repeat":"repeat","background-position":"center center","background-size":"auto","background-attachment":"scroll","background-type":"","background-media":"","overlay-type":"","overlay-color":"","overlay-opacity":"","overlay-gradient":""}},"footnotes":""},"class_list":["post-8444","page","type-page","status-publish","hentry"],"post_mailing_queue_ids":[],"_links":{"self":[{"href":"https:\/\/serveiseducatius.xtec.cat\/cda-delta\/wp-json\/wp\/v2\/pages\/8444","targetHints":{"allow":["GET"]}}],"collection":[{"href":"https:\/\/serveiseducatius.xtec.cat\/cda-delta\/wp-json\/wp\/v2\/pages"}],"about":[{"href":"https:\/\/serveiseducatius.xtec.cat\/cda-delta\/wp-json\/wp\/v2\/types\/page"}],"author":[{"embeddable":true,"href":"https:\/\/serveiseducatius.xtec.cat\/cda-delta\/wp-json\/wp\/v2\/users\/1"}],"replies":[{"embeddable":true,"href":"https:\/\/serveiseducatius.xtec.cat\/cda-delta\/wp-json\/wp\/v2\/comments?post=8444"}],"version-history":[{"count":3,"href":"https:\/\/serveiseducatius.xtec.cat\/cda-delta\/wp-json\/wp\/v2\/pages\/8444\/revisions"}],"predecessor-version":[{"id":10439,"href":"https:\/\/serveiseducatius.xtec.cat\/cda-delta\/wp-json\/wp\/v2\/pages\/8444\/revisions\/10439"}],"up":[{"embeddable":true,"href":"https:\/\/serveiseducatius.xtec.cat\/cda-delta\/wp-json\/wp\/v2\/pages\/8272"}],"wp:attachment":[{"href":"https:\/\/serveiseducatius.xtec.cat\/cda-delta\/wp-json\/wp\/v2\/media?parent=8444"}],"curies":[{"name":"wp","href":"https:\/\/api.w.org\/{rel}","templated":true}]}}