{"id":8443,"date":"2013-12-05T20:56:01","date_gmt":"2013-12-05T20:56:01","guid":{"rendered":"http:\/\/blocs.xtec.cat\/cdadelta\/?page_id=151"},"modified":"2019-06-20T16:55:07","modified_gmt":"2019-06-20T14:55:07","slug":"galeria-de-fotos","status":"publish","type":"page","link":"https:\/\/serveiseducatius.xtec.cat\/cda-delta\/amb-els-centres\/galeria-de-fotos\/","title":{"rendered":"Galeria de fotos"},"content":{"rendered":"<p><strong>GALERIA FOTOGR\u00c0FICA<\/strong><\/p>\n<p>Aquesta \u00e9s una petita selecci\u00f3 d&#8217;imatges. Al nostre bloc podeu trobar una m\u00e9s extensa documentaci\u00f3 gr\u00e0fica sobre les nostres activitats i el nostre entorn.<\/p>\n<hr \/>\n<p><a title=\"El nostre entorn\" href=\"http:\/\/serveiseducatius.xtec.cat\/cda-delta\/fotos-de-paisatges-del-delta\/\"><img loading=\"lazy\" decoding=\"async\" class=\"size-thumbnail wp-image-507 alignnone\" style=\"border-style: none;\" src=\"http:\/\/serveiseducatius.xtec.cat\/cda-delta\/wp-content\/uploads\/usu1384\/2013\/12\/arrossar-150x150.jpg\" alt=\"arrossar\" width=\"150\" height=\"150\" \/><\/a>\u00a0El nostre entorn<\/p>\n<hr \/>\n<p><a title=\"Fotos d\u2019aus del Delta\" href=\"http:\/\/serveiseducatius.xtec.cat\/cda-delta\/fotos-daus-del-delta\/\"><img loading=\"lazy\" decoding=\"async\" class=\"size-thumbnail wp-image-506 alignnone\" style=\"border-style: none;\" src=\"http:\/\/serveiseducatius.xtec.cat\/cda-delta\/wp-content\/uploads\/usu1384\/2013\/12\/mart_nit_vol-150x150.jpg\" alt=\"mart_nit_vol\" width=\"150\" height=\"150\" \/><\/a>\u00a0Les aus aquatiques<\/p>\n<hr \/>\n<p><a title=\"Fotos de plantes del Delta\" href=\"http:\/\/serveiseducatius.xtec.cat\/cda-delta\/fotos-de-plantes-del-delta\/\"><img loading=\"lazy\" decoding=\"async\" class=\"size-thumbnail wp-image-509 alignnone\" style=\"border-style: none;\" src=\"http:\/\/serveiseducatius.xtec.cat\/cda-delta\/wp-content\/uploads\/usu1384\/2013\/12\/boga-150x150.jpg\" alt=\"boga\" width=\"150\" height=\"150\" \/><\/a>\u00a0La vegetaci\u00f3<\/p>\n<hr \/>\n<p><a title=\"Activitats amb alumnes\" href=\"http:\/\/serveiseducatius.xtec.cat\/cda-delta\/fotos-dactivites-amb-alumnes\/\"><img loading=\"lazy\" decoding=\"async\" class=\"size-thumbnail wp-image-244 alignnone\" style=\"border-style: none;\" src=\"http:\/\/serveiseducatius.xtec.cat\/cda-delta\/wp-content\/uploads\/usu1384\/2013\/12\/xiq2-150x150.jpg\" alt=\"xiq2\" width=\"150\" height=\"150\" \/><\/a>\u00a0Activitats amb alumnat<\/p>\n<hr \/>\n<p><a title=\"Activitats amb professors\" href=\"http:\/\/serveiseducatius.xtec.cat\/cda-delta\/activitats-amb-professors\/\"><img loading=\"lazy\" decoding=\"async\" class=\"size-thumbnail wp-image-508 alignnone\" style=\"border-style: none;\" src=\"http:\/\/serveiseducatius.xtec.cat\/cda-delta\/wp-content\/uploads\/usu1384\/2013\/12\/conf_acte30anys-150x150.jpg\" alt=\"conf_acte30anys\" width=\"150\" height=\"150\" \/><\/a>\u00a0Activitats amb professorat<\/p>\n<hr \/>\n<p><a title=\"Les nostres cap\u00e7aleres\" href=\"http:\/\/serveiseducatius.xtec.cat\/cda-delta\/fotos-de-la-capcalera\/\"><img loading=\"lazy\" decoding=\"async\" class=\"alignleft size-thumbnail wp-image-8\" style=\"border-style: none;\" src=\"http:\/\/serveiseducatius.xtec.cat\/cda-delta\/wp-content\/uploads\/usu1384\/2013\/12\/copy-capc-150x150.jpg\" alt=\"copy-capc.jpg\" width=\"150\" height=\"150\" \/><\/a><\/p>\n<p>&nbsp;<\/p>\n<p>&nbsp;<\/p>\n<p>&nbsp;<\/p>\n<p>Les nostres cap\u00e7aleres<\/p>\n<hr \/>\n<p>&nbsp;<\/p>\n","protected":false},"excerpt":{"rendered":"<p>GALERIA FOTOGR\u00c0FICA Aquesta \u00e9s una petita selecci\u00f3 d&#8217;imatges. Al nostre bloc podeu trobar una m\u00e9s extensa documentaci\u00f3 gr\u00e0fica sobre les nostres activitats i el nostre entorn. \u00a0El nostre entorn \u00a0Les aus aquatiques \u00a0La vegetaci\u00f3 \u00a0Activitats amb alumnat \u00a0Activitats amb professorat &nbsp; &nbsp; &nbsp; Les nostres cap\u00e7aleres &nbsp;<\/p>\n","protected":false},"author":1,"featured_media":0,"parent":8272,"menu_order":0,"comment_status":"closed","ping_status":"closed","template":"","meta":{"_bbp_topic_count":0,"_bbp_reply_count":0,"_bbp_total_topic_count":0,"_bbp_total_reply_count":0,"_bbp_voice_count":0,"_bbp_anonymous_reply_count":0,"_bbp_topic_count_hidden":0,"_bbp_reply_count_hidden":0,"_bbp_forum_subforum_count":0,"site-sidebar-layout":"default","site-content-layout":"","ast-site-content-layout":"","site-content-style":"default","site-sidebar-style":"default","ast-global-header-display":"","ast-banner-title-visibility":"","ast-main-header-display":"","ast-hfb-above-header-display":"","ast-hfb-below-header-display":"","ast-hfb-mobile-header-display":"","site-post-title":"","ast-breadcrumbs-content":"","ast-featured-img":"","footer-sml-layout":"","theme-transparent-header-meta":"","adv-header-id-meta":"","stick-header-meta":"","header-above-stick-meta":"","header-main-stick-meta":"","header-below-stick-meta":"","astra-migrate-meta-layouts":"default","ast-page-background-enabled":"default","ast-page-background-meta":{"desktop":{"background-color":"var(--ast-global-color-4)","background-image":"","background-repeat":"repeat","background-position":"center center","background-size":"auto","background-attachment":"scroll","background-type":"","background-media":"","overlay-type":"","overlay-color":"","overlay-opacity":"","overlay-gradient":""},"tablet":{"background-color":"","background-image":"","background-repeat":"repeat","background-position":"center center","background-size":"auto","background-attachment":"scroll","background-type":"","background-media":"","overlay-type":"","overlay-color":"","overlay-opacity":"","overlay-gradient":""},"mobile":{"background-color":"","background-image":"","background-repeat":"repeat","background-position":"center center","background-size":"auto","background-attachment":"scroll","background-type":"","background-media":"","overlay-type":"","overlay-color":"","overlay-opacity":"","overlay-gradient":""}},"ast-content-background-meta":{"desktop":{"background-color":"var(--ast-global-color-5)","background-image":"","background-repeat":"repeat","background-position":"center center","background-size":"auto","background-attachment":"scroll","background-type":"","background-media":"","overlay-type":"","overlay-color":"","overlay-opacity":"","overlay-gradient":""},"tablet":{"background-color":"var(--ast-global-color-5)","background-image":"","background-repeat":"repeat","background-position":"center center","background-size":"auto","background-attachment":"scroll","background-type":"","background-media":"","overlay-type":"","overlay-color":"","overlay-opacity":"","overlay-gradient":""},"mobile":{"background-color":"var(--ast-global-color-5)","background-image":"","background-repeat":"repeat","background-position":"center center","background-size":"auto","background-attachment":"scroll","background-type":"","background-media":"","overlay-type":"","overlay-color":"","overlay-opacity":"","overlay-gradient":""}},"footnotes":""},"class_list":["post-8443","page","type-page","status-publish","hentry"],"post_mailing_queue_ids":[],"_links":{"self":[{"href":"https:\/\/serveiseducatius.xtec.cat\/cda-delta\/wp-json\/wp\/v2\/pages\/8443","targetHints":{"allow":["GET"]}}],"collection":[{"href":"https:\/\/serveiseducatius.xtec.cat\/cda-delta\/wp-json\/wp\/v2\/pages"}],"about":[{"href":"https:\/\/serveiseducatius.xtec.cat\/cda-delta\/wp-json\/wp\/v2\/types\/page"}],"author":[{"embeddable":true,"href":"https:\/\/serveiseducatius.xtec.cat\/cda-delta\/wp-json\/wp\/v2\/users\/1"}],"replies":[{"embeddable":true,"href":"https:\/\/serveiseducatius.xtec.cat\/cda-delta\/wp-json\/wp\/v2\/comments?post=8443"}],"version-history":[{"count":3,"href":"https:\/\/serveiseducatius.xtec.cat\/cda-delta\/wp-json\/wp\/v2\/pages\/8443\/revisions"}],"predecessor-version":[{"id":9254,"href":"https:\/\/serveiseducatius.xtec.cat\/cda-delta\/wp-json\/wp\/v2\/pages\/8443\/revisions\/9254"}],"up":[{"embeddable":true,"href":"https:\/\/serveiseducatius.xtec.cat\/cda-delta\/wp-json\/wp\/v2\/pages\/8272"}],"wp:attachment":[{"href":"https:\/\/serveiseducatius.xtec.cat\/cda-delta\/wp-json\/wp\/v2\/media?parent=8443"}],"curies":[{"name":"wp","href":"https:\/\/api.w.org\/{rel}","templated":true}]}}