{"id":8440,"date":"2013-12-05T14:53:26","date_gmt":"2013-12-05T14:53:26","guid":{"rendered":"http:\/\/blocs.xtec.cat\/cdadelta\/?page_id=83"},"modified":"2025-06-11T09:08:43","modified_gmt":"2025-06-11T07:08:43","slug":"on-som","status":"publish","type":"page","link":"https:\/\/serveiseducatius.xtec.cat\/cda-delta\/el-camp\/on-som\/","title":{"rendered":"On som?"},"content":{"rendered":"<p>La seu del CdA est\u00e0 situada dins del nucli urb\u00e0 de L<span style=\"color: #008000;\"><strong>a R\u00e0pita<\/strong><\/span>, al n\u00famero 67 de l&#8217;avinguda Constituci\u00f3.<\/p>\n<p><iframe loading=\"lazy\" src=\"https:\/\/maps.google.com\/maps\/ms?hl=es&amp;msid=218422929868450507720.0004dcd65a13b091a31b0&amp;action=import&amp;msa=0&amp;ie=UTF8&amp;t=h&amp;ll=40.618839,0.58706&amp;spn=0,0&amp;output=embed\" width=\"700\" height=\"350\" frameborder=\"0\" marginwidth=\"0\" marginheight=\"0\" scrolling=\"no\"><span data-mce-type=\"bookmark\" style=\"display: inline-block; width: 0px; overflow: hidden; line-height: 0;\" class=\"mce_SELRES_start\">\ufeff<\/span><\/iframe><br \/>\n<small>Vegeu el\u00a0<a style=\"color: #0000ff; text-align: left;\" href=\"https:\/\/maps.google.com\/maps\/ms?hl=es&amp;msid=218422929868450507720.0004dcd65a13b091a31b0&amp;action=import&amp;msa=0&amp;ie=UTF8&amp;t=h&amp;ll=40.618839,0.58706&amp;spn=0,0&amp;source=embed\">Camp d&#8217;Aprenentatge del Delta de l&#8217;Ebre<\/a> en un mapa m\u00e9s gran<\/small><\/p>\n<hr \/>\n<p><strong>Com arribar-hi<\/strong><\/p>\n<ul>\n<li><strong><a href=\"https:\/\/serveiseducatius.xtec.cat\/cda-delta\/wp-content\/uploads\/usu1384\/2013\/12\/n340.jpg\"><img loading=\"lazy\" decoding=\"async\" class=\"wp-image-237 alignright\" style=\"border-style: none;\" src=\"https:\/\/serveiseducatius.xtec.cat\/cda-delta\/wp-content\/uploads\/usu1384\/2013\/12\/n340.jpg\" alt=\"\" width=\"231\" height=\"178\" srcset=\"https:\/\/serveiseducatius.xtec.cat\/cda-delta\/wp-content\/uploads\/usu1384\/2013\/12\/n340.jpg 393w, https:\/\/serveiseducatius.xtec.cat\/cda-delta\/wp-content\/uploads\/usu1384\/2013\/12\/n340-300x231.jpg 300w\" sizes=\"auto, (max-width: 231px) 100vw, 231px\" \/><\/a>En transport propi, per carretera:<\/strong><\/li>\n<\/ul>\n<p>A Sant Carles de la R\u00e0pita, s&#8217;hi accedeix per la carretera N-340.<\/p>\n<p>Des de Barcelona i Tarragona s&#8217;hi arriba per la mateixa N-340 o b\u00e9 es pot agafar l&#8217;autopista AP-7. Si veniu per l&#8217;autopista, cal \u00a0sortir a la sortida 41 (Amposta-La R\u00e0pita) i continuar els darrers 12 Km per la N-340 direcci\u00f3 Castell\u00f3.<\/p>\n<p>Des de Lleida s&#8217;agafa la C-12 (Eix de l&#8217;Ebre) fins a Amposta, i es continua els darrers 10 Km per la N-340.<\/p>\n<p>Per entrar al nucli urb\u00e0 des de la N-340 i arribar al Camp, recomanem el segon o el tercer desviament (venint des de Barcelona), que s&#8217;agafen mitjan\u00e7ant un carril a l&#8217;esquerra.<\/p>\n<ul>\n<li><strong>En tren:<\/strong><\/li>\n<\/ul>\n<p>Estaci\u00f3 <em>L&#8217;Aldea-Amposta-Tortosa<\/em>. \u00a0Informaci\u00f3 de l&#8217;estaci\u00f3:\u00a0<a title=\"Estaci\u00f3 L'Aldea\" href=\"http:\/\/www.adif.es\/es_ES\/infraestructuras\/estaciones\/65402\/informacion_000087.shtml\" target=\"_blank\" rel=\"noopener noreferrer\">http:\/\/www.adif.es\/es_ES\/infraestructuras\/estaciones\/65402\/informacion_000087.shtml<\/a><\/p>\n<p>Consulteu horaris en: \u00a0<a title=\"Estaci\u00f3 L'Aldea\" href=\"http:\/\/www.adif.es\/es_ES\/infraestructuras\/estaciones\/65402\/informacion_000087.shtml\" target=\"_blank\" rel=\"noopener noreferrer\">\u00a0<\/a><a title=\"Estaci\u00f3 L'Aldea\" href=\"http:\/\/www.adif.es\/es_ES\/infraestructuras\/estaciones\/65402\/informacion_000087.shtml\" target=\"_blank\" rel=\"noopener noreferrer\">http:\/\/www.renfe.com<\/a><a href=\"https:\/\/serveiseducatius.xtec.cat\/cda-delta\/wp-content\/uploads\/usu1384\/2019\/02\/renfe.jpg\"><img loading=\"lazy\" decoding=\"async\" class=\"size-full wp-image-8544 alignright\" src=\"https:\/\/serveiseducatius.xtec.cat\/cda-delta\/wp-content\/uploads\/usu1384\/2019\/02\/renfe.jpg\" alt=\"\" width=\"233\" height=\"154\" \/><\/a><\/p>\n<p>L&#8217;estaci\u00f3 \u00e9s a 15 Km de Sant Carles de la R\u00e0pita. Podeu enlla\u00e7ar amb autob\u00fas de l\u00ednia. Vegeu horaris en \u00a0<a title=\"HIFE\" href=\"http:\/\/www.hife.es\/es\/\" target=\"_blank\" rel=\"noopener noreferrer\">http:\/\/www.hife.es\/es\/<\/a> \u00a0(ALDEA L&#8217; EST FFCC &#8211;&gt; LA R\u00c0PITA).<\/p>\n<p>Tamb\u00e9 podeu agafar un taxi: \u00a0<a title=\"Taxis de l'Aldea\" href=\"http:\/\/www.paginasamarillas.es\/taxis\/all-ma\/tarragona\/all-is\/l-aldea\/all-ba\/all-pu\/all-nc\/1\" target=\"_blank\" rel=\"noopener noreferrer\">http:\/\/www.paginasamarillas.es\/taxis\/all-ma\/tarragona\/all-is\/l-aldea\/all-ba\/all-pu\/all-nc\/1<\/a><\/p>\n<ul>\n<li><strong>En autocar de l\u00ednia:<a href=\"http:\/\/serveiseducatius.xtec.cat\/cda-delta\/wp-content\/uploads\/usu1384\/2013\/12\/hife.jpeg\"><img loading=\"lazy\" decoding=\"async\" class=\"size-full wp-image-235 alignright\" style=\"border-style: none;\" src=\"http:\/\/serveiseducatius.xtec.cat\/cda-delta\/wp-content\/uploads\/usu1384\/2013\/12\/hife.jpeg\" alt=\"hife\" width=\"259\" height=\"174\" \/><\/a><\/strong><\/li>\n<\/ul>\n<p>L\u00ednia directa des de Barcelona, Lleida i Tarragona.\u00a0Consulteu horaris en:\u00a0<a title=\"HIFE\" href=\"http:\/\/www.hife.es\/es\/\" target=\"_blank\" rel=\"noopener noreferrer\">http:\/\/www.hife.es\/es\/<\/a><\/p>\n<p>A Barcelona, sortida al carrer Num\u00e0ncia, davant del n\u00fam. 165 i cantonada Diagonal.<\/p>\n<p>Venda de bitllets a 20 metres, al c. Anglesola, 33.<\/p>\n<p>Tel. 933 227 814. \u00a0i \u00a0 902 119 814<\/p>\n","protected":false},"excerpt":{"rendered":"<p>La seu del CdA est\u00e0 situada dins del nucli urb\u00e0 de La R\u00e0pita, al n\u00famero 67 de l&#8217;avinguda Constituci\u00f3. \ufeff Vegeu el\u00a0Camp d&#8217;Aprenentatge del Delta de l&#8217;Ebre en un mapa m\u00e9s gran Com arribar-hi En transport propi, per carretera: A Sant Carles de la R\u00e0pita, s&#8217;hi accedeix per la carretera N-340. Des de Barcelona i [&hellip;]<\/p>\n","protected":false},"author":1,"featured_media":0,"parent":8225,"menu_order":0,"comment_status":"closed","ping_status":"closed","template":"","meta":{"_bbp_topic_count":0,"_bbp_reply_count":0,"_bbp_total_topic_count":0,"_bbp_total_reply_count":0,"_bbp_voice_count":0,"_bbp_anonymous_reply_count":0,"_bbp_topic_count_hidden":0,"_bbp_reply_count_hidden":0,"_bbp_forum_subforum_count":0,"site-sidebar-layout":"default","site-content-layout":"","ast-site-content-layout":"default","site-content-style":"default","site-sidebar-style":"default","ast-global-header-display":"","ast-banner-title-visibility":"","ast-main-header-display":"","ast-hfb-above-header-display":"","ast-hfb-below-header-display":"","ast-hfb-mobile-header-display":"","site-post-title":"","ast-breadcrumbs-content":"","ast-featured-img":"","footer-sml-layout":"","theme-transparent-header-meta":"","adv-header-id-meta":"","stick-header-meta":"","header-above-stick-meta":"","header-main-stick-meta":"","header-below-stick-meta":"","astra-migrate-meta-layouts":"set","ast-page-background-enabled":"default","ast-page-background-meta":{"desktop":{"background-color":"var(--ast-global-color-4)","background-image":"","background-repeat":"repeat","background-position":"center center","background-size":"auto","background-attachment":"scroll","background-type":"","background-media":"","overlay-type":"","overlay-color":"","overlay-opacity":"","overlay-gradient":""},"tablet":{"background-color":"","background-image":"","background-repeat":"repeat","background-position":"center center","background-size":"auto","background-attachment":"scroll","background-type":"","background-media":"","overlay-type":"","overlay-color":"","overlay-opacity":"","overlay-gradient":""},"mobile":{"background-color":"","background-image":"","background-repeat":"repeat","background-position":"center center","background-size":"auto","background-attachment":"scroll","background-type":"","background-media":"","overlay-type":"","overlay-color":"","overlay-opacity":"","overlay-gradient":""}},"ast-content-background-meta":{"desktop":{"background-color":"var(--ast-global-color-5)","background-image":"","background-repeat":"repeat","background-position":"center center","background-size":"auto","background-attachment":"scroll","background-type":"","background-media":"","overlay-type":"","overlay-color":"","overlay-opacity":"","overlay-gradient":""},"tablet":{"background-color":"var(--ast-global-color-5)","background-image":"","background-repeat":"repeat","background-position":"center center","background-size":"auto","background-attachment":"scroll","background-type":"","background-media":"","overlay-type":"","overlay-color":"","overlay-opacity":"","overlay-gradient":""},"mobile":{"background-color":"var(--ast-global-color-5)","background-image":"","background-repeat":"repeat","background-position":"center center","background-size":"auto","background-attachment":"scroll","background-type":"","background-media":"","overlay-type":"","overlay-color":"","overlay-opacity":"","overlay-gradient":""}},"footnotes":""},"class_list":["post-8440","page","type-page","status-publish","hentry"],"post_mailing_queue_ids":[],"_links":{"self":[{"href":"https:\/\/serveiseducatius.xtec.cat\/cda-delta\/wp-json\/wp\/v2\/pages\/8440","targetHints":{"allow":["GET"]}}],"collection":[{"href":"https:\/\/serveiseducatius.xtec.cat\/cda-delta\/wp-json\/wp\/v2\/pages"}],"about":[{"href":"https:\/\/serveiseducatius.xtec.cat\/cda-delta\/wp-json\/wp\/v2\/types\/page"}],"author":[{"embeddable":true,"href":"https:\/\/serveiseducatius.xtec.cat\/cda-delta\/wp-json\/wp\/v2\/users\/1"}],"replies":[{"embeddable":true,"href":"https:\/\/serveiseducatius.xtec.cat\/cda-delta\/wp-json\/wp\/v2\/comments?post=8440"}],"version-history":[{"count":3,"href":"https:\/\/serveiseducatius.xtec.cat\/cda-delta\/wp-json\/wp\/v2\/pages\/8440\/revisions"}],"predecessor-version":[{"id":10796,"href":"https:\/\/serveiseducatius.xtec.cat\/cda-delta\/wp-json\/wp\/v2\/pages\/8440\/revisions\/10796"}],"up":[{"embeddable":true,"href":"https:\/\/serveiseducatius.xtec.cat\/cda-delta\/wp-json\/wp\/v2\/pages\/8225"}],"wp:attachment":[{"href":"https:\/\/serveiseducatius.xtec.cat\/cda-delta\/wp-json\/wp\/v2\/media?parent=8440"}],"curies":[{"name":"wp","href":"https:\/\/api.w.org\/{rel}","templated":true}]}}