{"id":8439,"date":"2013-12-04T20:57:08","date_gmt":"2013-12-04T20:57:08","guid":{"rendered":"http:\/\/blocs.xtec.cat\/cdadelta\/?page_id=65"},"modified":"2019-06-17T20:54:50","modified_gmt":"2019-06-17T18:54:50","slug":"que-fem","status":"publish","type":"page","link":"https:\/\/serveiseducatius.xtec.cat\/cda-delta\/el-camp\/que-fem\/","title":{"rendered":"Qu\u00e8 fem?"},"content":{"rendered":"<h1 align=\"justify\"><\/h1>\n<p align=\"justify\">Les actuacions que ha portat a terme el Camp d&#8217;Aprenentatge al llarg d&#8217;aquests trenta anys \u00a0han estat molt variades: activitats amb alumnes, amb professorat, de difusi\u00f3, de suport als centres&#8230;<\/p>\n<h1 align=\"justify\"><a href=\"http:\/\/serveiseducatius.xtec.cat\/cda-delta\/wp-content\/uploads\/usu1384\/2013\/12\/que-fem.jpg\"><img loading=\"lazy\" decoding=\"async\" class=\"aligncenter wp-image-753\" style=\"border-style: none;\" src=\"http:\/\/serveiseducatius.xtec.cat\/cda-delta\/wp-content\/uploads\/usu1384\/2013\/12\/que-fem.jpg\" alt=\"que fem\" width=\"401\" height=\"219\" srcset=\"https:\/\/serveiseducatius.xtec.cat\/cda-delta\/wp-content\/uploads\/usu1384\/2013\/12\/que-fem.jpg 573w, https:\/\/serveiseducatius.xtec.cat\/cda-delta\/wp-content\/uploads\/usu1384\/2013\/12\/que-fem-300x164.jpg 300w\" sizes=\"auto, (max-width: 401px) 100vw, 401px\" \/><\/a><\/h1>\n<hr \/>\n<p align=\"justify\">Podem resumir-les en quatre \u00e0mbits generals, que descrivim a continuaci\u00f3. En els men\u00fas podeu trobar \u00a0detallada tota la informaci\u00f3.<\/p>\n<h2 align=\"justify\">1. Estades<\/h2>\n<p><a href=\"https:\/\/serveiseducatius.xtec.cat\/cda-delta\/wp-content\/uploads\/usu1384\/2013\/12\/xiqu1.jpg\"><img loading=\"lazy\" decoding=\"async\" class=\"wp-image-243 size-full alignright\" style=\"border-style: none;\" src=\"https:\/\/serveiseducatius.xtec.cat\/cda-delta\/wp-content\/uploads\/usu1384\/2013\/12\/xiqu1.jpg\" alt=\"\" width=\"208\" height=\"314\" srcset=\"https:\/\/serveiseducatius.xtec.cat\/cda-delta\/wp-content\/uploads\/usu1384\/2013\/12\/xiqu1.jpg 208w, https:\/\/serveiseducatius.xtec.cat\/cda-delta\/wp-content\/uploads\/usu1384\/2013\/12\/xiqu1-199x300.jpg 199w\" sizes=\"auto, (max-width: 208px) 100vw, 208px\" \/><\/a><\/p>\n<p align=\"justify\">El Camp d&#8217;Aprenentatge ofereix als nois i les noies la possibilitat de fer estades de 3\u00a0a 5 dies de durada. El grup estadant s\u2019allotja en l\u2019alberg de qu\u00e8 disposa el Camp, que t\u00e9 una capacitat total (alumnat i professorat)\u00a0de 49 places.<\/p>\n<p align=\"justify\">Les activitats del Camp d&#8217;Aprenentatge estan dissenyades per a complementar el curr\u00edculum habitual a l&#8217;aula. Per tal de facilitar-ne l&#8217;assoliment dels objectius, l&#8217;estada en el CdA comporta tamb\u00e9:<\/p>\n<p>&#8211; Un coneixement previ, per part del professorat, de les instal\u00b7lacions, els recursos i la metodologia de treball.<br \/>\n&#8211; L&#8217;execuci\u00f3 \u00a0d&#8217;una s\u00e8rie d&#8217;activitats al propi centre, pr\u00e8vies i posteriors a l&#8217;estada.<br \/>\n&#8211; La implicaci\u00f3 del professorat en les activitats que es realitzen durant l&#8217;estada al CdA.<\/p>\n<h2>2. Sortides d&#8217;un dia<\/h2>\n<p>El Camp d&#8217;Aprenentatge ofereix un conjunt d&#8217;itineraris d&#8217;un dia de durada que abra\u00e7a diferents paisatges o \u00e0mbits tem\u00e0tics de les comarques del Baix Ebre i el Montsi\u00e0.<\/p>\n<p><img loading=\"lazy\" decoding=\"async\" class=\"alignleft wp-image-244 size-medium\" style=\"border-style: none;\" src=\"https:\/\/serveiseducatius.xtec.cat\/cda-delta\/wp-content\/uploads\/usu1384\/2013\/12\/xiq2-300x212.jpg\" alt=\"xiq2\" width=\"300\" height=\"212\" srcset=\"https:\/\/serveiseducatius.xtec.cat\/cda-delta\/wp-content\/uploads\/usu1384\/2013\/12\/xiq2-300x212.jpg 300w, https:\/\/serveiseducatius.xtec.cat\/cda-delta\/wp-content\/uploads\/usu1384\/2013\/12\/xiq2.jpg 340w\" sizes=\"auto, (max-width: 300px) 100vw, 300px\" \/><\/p>\n<p align=\"justify\">Aquests itineraris estan adre\u00e7ats als centre educatius de les Terres de l&#8217;Ebre, per tal que l&#8217;alumnat conegui i valori \u00a0l&#8217;entorn on viu.<\/p>\n<p align=\"justify\">El CdA posa a disposici\u00f3 dels centres el material curricular -guia del professorat i quadern de l&#8217;alumnat-, el material de camp que cal \u00a0emprar i tamb\u00e9 el guiatge de l&#8217;itinerari quan les seves disponibilitats ho permetin.<\/p>\n<h2 align=\"justify\">3. Projectes<\/h2>\n<p align=\"justify\">El Camp d&#8217;Aprenentatge porta a terme diferents tipus d&#8217;actuacions, normalment adre\u00e7ades als centres i professorat de les Terres de l&#8217;Ebre, que tenen una durada limitada en el temps, en funci\u00f3 de la disponibilitat i del tipus de projecte.<a href=\"https:\/\/serveiseducatius.xtec.cat\/cda-delta\/wp-content\/uploads\/usu1384\/2019\/02\/grupherbetes-300x193.jpg\"><img loading=\"lazy\" decoding=\"async\" class=\"size-full wp-image-8551 alignright\" src=\"https:\/\/serveiseducatius.xtec.cat\/cda-delta\/wp-content\/uploads\/usu1384\/2019\/02\/grupherbetes-300x193.jpg\" alt=\"\" width=\"300\" height=\"193\" \/><\/a><\/p>\n<p align=\"justify\">Hi ha projectes amb la participaci\u00f3 de l&#8217;alumnat i del professorat, i d&#8217;altres adre\u00e7ats nom\u00e9s al professorat. Al llarg dels anys, el Camp ha anat fent tot tipus de projectes, dels quals queden materials i recursos: Programes <em>Comenius<\/em>, <em>Projecte Rius<\/em>, <em>Projecte Coastwatch<\/em>, <em>Rius per \u00a0viure&#8217;ls<\/em>, <em>Projectes Compartits<\/em>, <em>Festa de l&#8217;arbre<\/em>, <em>Con\u00e8ixer l&#8217;Ebre<\/em>, etc.<\/p>\n<p align=\"justify\">Tamb\u00e9 cal destacar diferents cursos per al professorat, escoles d&#8217;estiu, confer\u00e8ncies, tallers, grups de treball, col\u00b7laboracions amb d&#8217;altres equipaments i institucions, itineraris i visites pedag\u00f2giques, exposicions &#8230;.<\/p>\n<h2 align=\"justify\">4. Publicacions i recursos<strong><a href=\"http:\/\/serveiseducatius.xtec.cat\/cda-delta\/wp-content\/uploads\/usu1384\/2013\/12\/carpeta.jpg\"><img loading=\"lazy\" decoding=\"async\" class=\"size-medium wp-image-245 alignright\" style=\"border-style: none;\" src=\"http:\/\/serveiseducatius.xtec.cat\/cda-delta\/wp-content\/uploads\/usu1384\/2013\/12\/carpeta-300x225.jpg\" alt=\"carpeta\" width=\"300\" height=\"225\" srcset=\"https:\/\/serveiseducatius.xtec.cat\/cda-delta\/wp-content\/uploads\/usu1384\/2013\/12\/carpeta-300x225.jpg 300w, https:\/\/serveiseducatius.xtec.cat\/cda-delta\/wp-content\/uploads\/usu1384\/2013\/12\/carpeta-768x576.jpg 768w, https:\/\/serveiseducatius.xtec.cat\/cda-delta\/wp-content\/uploads\/usu1384\/2013\/12\/carpeta-200x150.jpg 200w, https:\/\/serveiseducatius.xtec.cat\/cda-delta\/wp-content\/uploads\/usu1384\/2013\/12\/carpeta.jpg 800w\" sizes=\"auto, (max-width: 300px) 100vw, 300px\" \/><\/a><\/strong><\/h2>\n<p align=\"justify\">El Camp d&#8217;Aprenentatge ha publicat tot tipus de materials did\u00e0ctics, uns de suport directe a les seves activitats, i d&#8217;altres executats amb l&#8217;objectiu de promocionar el coneixement de l&#8217;entorn\u00a0i l&#8217;aprofitament did\u00e0ctic \u00a0per part del professorat i els centres educatius.<\/p>\n<p align=\"justify\">N&#8217;hi ha de tot tipus: quaderns de treball, dossiers per al professorat, l\u00e0mines, p\u00f2sters, v\u00eddeos, jocs, aplicacions multim\u00e8dia, exposicions, etc.\u00a0Alguns d&#8217;aquests materials estan disponibles en aquest espai web.<\/p>\n<p align=\"justify\">Tamb\u00e9 disposem al CdA, per a consulta, d&#8217;una biblioteca-mediateca, i d&#8217;un fons documental dedicat espec\u00edficament al coneixement de l&#8217;entorn local i de l&#8217;educaci\u00f3 ambiental.<\/p>\n<p align=\"justify\">Un altre suport que oferim als centres educatius consisteix en el pr\u00e9stec de material did\u00e0ctic i t\u00e8cnic per a la realitzaci\u00f3 d&#8217;activitats \u00a0curriculars de camp i\/o de laboratori.<\/p>\n","protected":false},"excerpt":{"rendered":"<p>Les actuacions que ha portat a terme el Camp d&#8217;Aprenentatge al llarg d&#8217;aquests trenta anys \u00a0han estat molt variades: activitats amb alumnes, amb professorat, de difusi\u00f3, de suport als centres&#8230; Podem resumir-les en quatre \u00e0mbits generals, que descrivim a continuaci\u00f3. En els men\u00fas podeu trobar \u00a0detallada tota la informaci\u00f3. 1. Estades El Camp d&#8217;Aprenentatge ofereix [&hellip;]<\/p>\n","protected":false},"author":1,"featured_media":0,"parent":8225,"menu_order":0,"comment_status":"closed","ping_status":"closed","template":"","meta":{"_bbp_topic_count":0,"_bbp_reply_count":0,"_bbp_total_topic_count":0,"_bbp_total_reply_count":0,"_bbp_voice_count":0,"_bbp_anonymous_reply_count":0,"_bbp_topic_count_hidden":0,"_bbp_reply_count_hidden":0,"_bbp_forum_subforum_count":0,"site-sidebar-layout":"default","site-content-layout":"","ast-site-content-layout":"","site-content-style":"default","site-sidebar-style":"default","ast-global-header-display":"","ast-banner-title-visibility":"","ast-main-header-display":"","ast-hfb-above-header-display":"","ast-hfb-below-header-display":"","ast-hfb-mobile-header-display":"","site-post-title":"","ast-breadcrumbs-content":"","ast-featured-img":"","footer-sml-layout":"","theme-transparent-header-meta":"","adv-header-id-meta":"","stick-header-meta":"","header-above-stick-meta":"","header-main-stick-meta":"","header-below-stick-meta":"","astra-migrate-meta-layouts":"default","ast-page-background-enabled":"default","ast-page-background-meta":{"desktop":{"background-color":"var(--ast-global-color-4)","background-image":"","background-repeat":"repeat","background-position":"center center","background-size":"auto","background-attachment":"scroll","background-type":"","background-media":"","overlay-type":"","overlay-color":"","overlay-opacity":"","overlay-gradient":""},"tablet":{"background-color":"","background-image":"","background-repeat":"repeat","background-position":"center center","background-size":"auto","background-attachment":"scroll","background-type":"","background-media":"","overlay-type":"","overlay-color":"","overlay-opacity":"","overlay-gradient":""},"mobile":{"background-color":"","background-image":"","background-repeat":"repeat","background-position":"center center","background-size":"auto","background-attachment":"scroll","background-type":"","background-media":"","overlay-type":"","overlay-color":"","overlay-opacity":"","overlay-gradient":""}},"ast-content-background-meta":{"desktop":{"background-color":"var(--ast-global-color-5)","background-image":"","background-repeat":"repeat","background-position":"center center","background-size":"auto","background-attachment":"scroll","background-type":"","background-media":"","overlay-type":"","overlay-color":"","overlay-opacity":"","overlay-gradient":""},"tablet":{"background-color":"var(--ast-global-color-5)","background-image":"","background-repeat":"repeat","background-position":"center center","background-size":"auto","background-attachment":"scroll","background-type":"","background-media":"","overlay-type":"","overlay-color":"","overlay-opacity":"","overlay-gradient":""},"mobile":{"background-color":"var(--ast-global-color-5)","background-image":"","background-repeat":"repeat","background-position":"center center","background-size":"auto","background-attachment":"scroll","background-type":"","background-media":"","overlay-type":"","overlay-color":"","overlay-opacity":"","overlay-gradient":""}},"footnotes":""},"class_list":["post-8439","page","type-page","status-publish","hentry"],"post_mailing_queue_ids":[],"_links":{"self":[{"href":"https:\/\/serveiseducatius.xtec.cat\/cda-delta\/wp-json\/wp\/v2\/pages\/8439","targetHints":{"allow":["GET"]}}],"collection":[{"href":"https:\/\/serveiseducatius.xtec.cat\/cda-delta\/wp-json\/wp\/v2\/pages"}],"about":[{"href":"https:\/\/serveiseducatius.xtec.cat\/cda-delta\/wp-json\/wp\/v2\/types\/page"}],"author":[{"embeddable":true,"href":"https:\/\/serveiseducatius.xtec.cat\/cda-delta\/wp-json\/wp\/v2\/users\/1"}],"replies":[{"embeddable":true,"href":"https:\/\/serveiseducatius.xtec.cat\/cda-delta\/wp-json\/wp\/v2\/comments?post=8439"}],"version-history":[{"count":3,"href":"https:\/\/serveiseducatius.xtec.cat\/cda-delta\/wp-json\/wp\/v2\/pages\/8439\/revisions"}],"predecessor-version":[{"id":9173,"href":"https:\/\/serveiseducatius.xtec.cat\/cda-delta\/wp-json\/wp\/v2\/pages\/8439\/revisions\/9173"}],"up":[{"embeddable":true,"href":"https:\/\/serveiseducatius.xtec.cat\/cda-delta\/wp-json\/wp\/v2\/pages\/8225"}],"wp:attachment":[{"href":"https:\/\/serveiseducatius.xtec.cat\/cda-delta\/wp-json\/wp\/v2\/media?parent=8439"}],"curies":[{"name":"wp","href":"https:\/\/api.w.org\/{rel}","templated":true}]}}