{"id":83,"date":"2013-11-14T21:16:00","date_gmt":"2013-11-14T20:16:00","guid":{"rendered":"http:\/\/blocs.xtec.cat\/plantillacda\/?page_id=83"},"modified":"2019-06-16T15:47:14","modified_gmt":"2019-06-16T13:47:14","slug":"allotjament","status":"publish","type":"page","link":"https:\/\/serveiseducatius.xtec.cat\/cda-delta\/el-camp\/allotjament\/","title":{"rendered":"Allotjament"},"content":{"rendered":"<p><span style=\"font-family: inherit; font-size: 1em;\">L\u2019allotjament per als grups estadants est\u00e0 situat en el mateix edifici del Camp d\u2019Aprenentatge, dins del nucli urb\u00e0 de Sant Carles de la R\u00e0pita. \u00a0Est\u00e0 gestionat directament pel CdA i catalogat com a casa de col\u00f2nies.<\/span><\/p>\n<div id=\"main\">\n<div id=\"primary\">\n<div id=\"content\" role=\"main\">\n<article id=\"post-106\" class=\"post-106 page type-page status-publish hentry\">\n<div class=\"entry-content\">\n<p><a href=\"http:\/\/blocs.xtec.cat\/cdadelta\/files\/2013\/12\/Maq_cda.jpg\"><img loading=\"lazy\" decoding=\"async\" class=\"alignleft size-full wp-image-371\" src=\"http:\/\/blocs.xtec.cat\/cdadelta\/files\/2013\/12\/Maq_cda.jpg\" sizes=\"auto, (max-width: 1033px) 100vw, 1033px\" srcset=\"https:\/\/blocs.xtec.cat\/cdadelta\/files\/2013\/12\/Maq_cda.jpg 1033w, https:\/\/blocs.xtec.cat\/cdadelta\/files\/2013\/12\/Maq_cda-300x170.jpg 300w, https:\/\/blocs.xtec.cat\/cdadelta\/files\/2013\/12\/Maq_cda-1024x581.jpg 1024w, https:\/\/blocs.xtec.cat\/cdadelta\/files\/2013\/12\/Maq_cda-500x284.jpg 500w\" alt=\"Maq_cda\" width=\"1033\" height=\"587\" \/><\/a><\/p>\n<p>T\u00e9 una capacitat per a fins\u00a0<strong>44 alumnes i 5 professors.<\/strong><\/p>\n<hr \/>\n<p><strong>Serveis de l\u2019allotjament:<\/strong><\/p>\n<p><img loading=\"lazy\" decoding=\"async\" src=\"http:\/\/blocs.xtec.cat\/cdadelta\/files\/2013\/12\/Icon_dorm.jpg\" alt=\"Icon_dorm\" width=\"26\" height=\"25\" \/>Allotjament de 49 places<br \/>\n<img loading=\"lazy\" decoding=\"async\" class=\"alignnone wp-image-686\" src=\"http:\/\/blocs.xtec.cat\/cdadelta\/files\/2013\/12\/Icopn_menjd.jpg\" alt=\"Icopn_menjd\" width=\"26\" height=\"25\" \/>R\u00e8gim de pensi\u00f3 completa<br \/>\n<img loading=\"lazy\" decoding=\"async\" class=\"alignnone wp-image-674\" src=\"http:\/\/blocs.xtec.cat\/cdadelta\/files\/2013\/12\/Icon_internt.jpg\" alt=\"Icon_internt\" width=\"26\" height=\"25\" \/>Ordinadors amb Internet<br \/>\n<img loading=\"lazy\" decoding=\"async\" class=\"alignnone wp-image-685\" src=\"http:\/\/blocs.xtec.cat\/cdadelta\/files\/2013\/12\/Icon_wifi.jpg\" alt=\"Icon_wifi\" width=\"23\" height=\"24\" \/>Wifi en tot l\u2019edifici (\u00fas professorat)<br \/>\n<img loading=\"lazy\" decoding=\"async\" class=\"alignnone wp-image-684\" src=\"http:\/\/blocs.xtec.cat\/cdadelta\/files\/2013\/12\/Icon_tv.jpg\" alt=\"Icon_tv\" width=\"24\" height=\"25\" \/>TV, v\u00eddeo i equip de m\u00fasica<br \/>\n<img loading=\"lazy\" decoding=\"async\" class=\"alignnone wp-image-710\" src=\"http:\/\/blocs.xtec.cat\/cdadelta\/files\/2013\/12\/Icon_salect1.jpg\" alt=\"Icon_salect\" width=\"26\" height=\"25\" \/>Biblioteca<br \/>\n<img loading=\"lazy\" decoding=\"async\" class=\"alignnone wp-image-671\" src=\"http:\/\/blocs.xtec.cat\/cdadelta\/files\/2013\/12\/Icon_calef.jpg\" alt=\"Icon_calef\" width=\"25\" height=\"26\" \/>Calefacci\u00f3<br \/>\n<img loading=\"lazy\" decoding=\"async\" class=\"alignnone wp-image-675\" src=\"http:\/\/blocs.xtec.cat\/cdadelta\/files\/2013\/12\/Icon_jocs.jpg\" alt=\"Icon_jocs\" width=\"25\" height=\"26\" \/>Jocs de taula i pati<br \/>\n<img loading=\"lazy\" decoding=\"async\" class=\"alignnone wp-image-667\" src=\"http:\/\/blocs.xtec.cat\/cdadelta\/files\/2013\/12\/Icon_aula.jpg\" alt=\"Icon_aula\" width=\"26\" height=\"25\" \/>Aula amb pantalla i can\u00f3<br \/>\n<img loading=\"lazy\" decoding=\"async\" class=\"alignnone wp-image-665\" src=\"http:\/\/blocs.xtec.cat\/cdadelta\/files\/2013\/12\/Icon_adapt.jpg\" alt=\"Icon_adapt\" width=\"26\" height=\"25\" \/>Adaptat per a minusv\u00e0lids<\/p>\n<hr \/>\n<p><strong>Planta baixa:<\/strong><\/p>\n<p><a href=\"https:\/\/serveiseducatius.xtec.cat\/cda-delta\/wp-content\/uploads\/usu1384\/2019\/02\/Planta-baixa.jpg\"><img loading=\"lazy\" decoding=\"async\" class=\"alignnone size-large wp-image-8561\" src=\"https:\/\/serveiseducatius.xtec.cat\/cda-delta\/wp-content\/uploads\/usu1384\/2019\/02\/Planta-baixa-1024x695.jpg\" alt=\"\" width=\"1024\" height=\"695\" srcset=\"https:\/\/serveiseducatius.xtec.cat\/cda-delta\/wp-content\/uploads\/usu1384\/2019\/02\/Planta-baixa-1024x695.jpg 1024w, https:\/\/serveiseducatius.xtec.cat\/cda-delta\/wp-content\/uploads\/usu1384\/2019\/02\/Planta-baixa-300x204.jpg 300w, https:\/\/serveiseducatius.xtec.cat\/cda-delta\/wp-content\/uploads\/usu1384\/2019\/02\/Planta-baixa-768x521.jpg 768w\" sizes=\"auto, (max-width: 1024px) 100vw, 1024px\" \/><\/a><\/p>\n<\/div>\n<\/article>\n<\/div>\n<\/div>\n<\/div>\n<p><strong>Planta primera:<\/strong><\/p>\n<p><a href=\"https:\/\/serveiseducatius.xtec.cat\/cda-delta\/wp-content\/uploads\/usu1384\/2019\/02\/Primera-planta.jpg\"><img loading=\"lazy\" decoding=\"async\" class=\"alignnone size-large wp-image-8562\" src=\"https:\/\/serveiseducatius.xtec.cat\/cda-delta\/wp-content\/uploads\/usu1384\/2019\/02\/Primera-planta-1024x544.jpg\" alt=\"\" width=\"1024\" height=\"544\" srcset=\"https:\/\/serveiseducatius.xtec.cat\/cda-delta\/wp-content\/uploads\/usu1384\/2019\/02\/Primera-planta-1024x544.jpg 1024w, https:\/\/serveiseducatius.xtec.cat\/cda-delta\/wp-content\/uploads\/usu1384\/2019\/02\/Primera-planta-300x159.jpg 300w, https:\/\/serveiseducatius.xtec.cat\/cda-delta\/wp-content\/uploads\/usu1384\/2019\/02\/Primera-planta-768x408.jpg 768w\" sizes=\"auto, (max-width: 1024px) 100vw, 1024px\" \/><\/a><\/p>\n<div id=\"main\">\n<div id=\"primary\">\n<div id=\"content\" role=\"main\">\n<article id=\"post-106\" class=\"post-106 page type-page status-publish hentry\">\n<div class=\"entry-content\">\n<hr \/>\n<p><strong>Fotos de l\u2019edifici:<\/strong><\/p>\n<h6 style=\"text-align: center;\"><a href=\"https:\/\/serveiseducatius.xtec.cat\/cda-delta\/wp-content\/uploads\/usu1384\/2019\/02\/edifici.jpg\"><img loading=\"lazy\" decoding=\"async\" class=\"size-full wp-image-8567 aligncenter\" src=\"https:\/\/serveiseducatius.xtec.cat\/cda-delta\/wp-content\/uploads\/usu1384\/2019\/02\/edifici.jpg\" alt=\"\" width=\"500\" height=\"358\" srcset=\"https:\/\/serveiseducatius.xtec.cat\/cda-delta\/wp-content\/uploads\/usu1384\/2019\/02\/edifici.jpg 500w, https:\/\/serveiseducatius.xtec.cat\/cda-delta\/wp-content\/uploads\/usu1384\/2019\/02\/edifici-300x215.jpg 300w\" sizes=\"auto, (max-width: 500px) 100vw, 500px\" \/><\/a>La casa<\/h6>\n<p><sup>El CdA est\u00e0 situat dins del nucli urb\u00e0 de Sant Carles de la R\u00e0pita, a l&#8217;avinguda Josep Tarradelles, i davant del CAP. \u00a0<\/sup><sup>En l&#8217;edifici es situen l&#8217;alberg i les Instal\u00b7lacions del Camp d&#8217;Aprenentatge.<\/sup><\/p>\n<p style=\"text-align: center;\"><a href=\"https:\/\/serveiseducatius.xtec.cat\/cda-delta\/wp-content\/uploads\/usu1384\/2019\/02\/pati-davant.jpg\"><img loading=\"lazy\" decoding=\"async\" class=\"size-full wp-image-8571 aligncenter\" src=\"https:\/\/serveiseducatius.xtec.cat\/cda-delta\/wp-content\/uploads\/usu1384\/2019\/02\/pati-davant.jpg\" alt=\"\" width=\"500\" height=\"375\" srcset=\"https:\/\/serveiseducatius.xtec.cat\/cda-delta\/wp-content\/uploads\/usu1384\/2019\/02\/pati-davant.jpg 500w, https:\/\/serveiseducatius.xtec.cat\/cda-delta\/wp-content\/uploads\/usu1384\/2019\/02\/pati-davant-300x225.jpg 300w, https:\/\/serveiseducatius.xtec.cat\/cda-delta\/wp-content\/uploads\/usu1384\/2019\/02\/pati-davant-200x150.jpg 200w\" sizes=\"auto, (max-width: 500px) 100vw, 500px\" \/><\/a><span style=\"font-size: 1em; font-weight: bold; text-align: center;\">El pati<\/span><\/p>\n<\/div>\n<\/article>\n<\/div>\n<\/div>\n<\/div>\n<p style=\"text-align: left;\"><sup>El CdA disposa d&#8217;un pati arbrat que envolta l&#8217;edifici. La part anterior del patri \u00e9s unicament per a activitats tranquil\u00b7les, amb bancs per a seure. La zona d&#8217;allotjament de l&#8217;edifici t\u00e9 dues p\u00f2rtes a la fa\u00e7ana principal. Normalment els alumnes estadants utilitzen la de l&#8217;esquerra.<\/sup><a href=\"https:\/\/serveiseducatius.xtec.cat\/cda-delta\/wp-content\/uploads\/usu1384\/2019\/02\/pinpong.jpg\"><img loading=\"lazy\" decoding=\"async\" class=\"size-full wp-image-8572 aligncenter\" src=\"https:\/\/serveiseducatius.xtec.cat\/cda-delta\/wp-content\/uploads\/usu1384\/2019\/02\/pinpong.jpg\" alt=\"\" width=\"500\" height=\"375\" srcset=\"https:\/\/serveiseducatius.xtec.cat\/cda-delta\/wp-content\/uploads\/usu1384\/2019\/02\/pinpong.jpg 500w, https:\/\/serveiseducatius.xtec.cat\/cda-delta\/wp-content\/uploads\/usu1384\/2019\/02\/pinpong-300x225.jpg 300w, https:\/\/serveiseducatius.xtec.cat\/cda-delta\/wp-content\/uploads\/usu1384\/2019\/02\/pinpong-200x150.jpg 200w\" sizes=\"auto, (max-width: 500px) 100vw, 500px\" \/><\/a><sup>Al lateral es situa la taula de ping-pong.<\/sup><br \/>\n<img loading=\"lazy\" decoding=\"async\" class=\"size-full wp-image-8570 aligncenter\" src=\"https:\/\/serveiseducatius.xtec.cat\/cda-delta\/wp-content\/uploads\/usu1384\/2019\/02\/pati-darrera.jpg\" alt=\"\" width=\"500\" height=\"375\" srcset=\"https:\/\/serveiseducatius.xtec.cat\/cda-delta\/wp-content\/uploads\/usu1384\/2019\/02\/pati-darrera.jpg 500w, https:\/\/serveiseducatius.xtec.cat\/cda-delta\/wp-content\/uploads\/usu1384\/2019\/02\/pati-darrera-300x225.jpg 300w, https:\/\/serveiseducatius.xtec.cat\/cda-delta\/wp-content\/uploads\/usu1384\/2019\/02\/pati-darrera-200x150.jpg 200w\" sizes=\"auto, (max-width: 500px) 100vw, 500px\" \/><\/p>\n<h6 style=\"text-align: center;\">Pati de darrera<\/h6>\n<p style=\"text-align: left;\"><sup>El pati de darrera\u00a0disposa d&#8217;espai per a fer jocs moguts. Hi ha una xarxa de b\u00e1dminton i jocs de pati tradicionals. Tamb\u00e9 es troba la porta d&#8217;entrada a les aules del CdA que utilitzen els alumnes.<\/sup><\/p>\n<h6 style=\"text-align: center;\"><a href=\"https:\/\/serveiseducatius.xtec.cat\/cda-delta\/wp-content\/uploads\/usu1384\/2019\/02\/menjador.jpg\"><img loading=\"lazy\" decoding=\"async\" class=\"size-full wp-image-8569 aligncenter\" src=\"https:\/\/serveiseducatius.xtec.cat\/cda-delta\/wp-content\/uploads\/usu1384\/2019\/02\/menjador.jpg\" alt=\"\" width=\"500\" height=\"375\" srcset=\"https:\/\/serveiseducatius.xtec.cat\/cda-delta\/wp-content\/uploads\/usu1384\/2019\/02\/menjador.jpg 500w, https:\/\/serveiseducatius.xtec.cat\/cda-delta\/wp-content\/uploads\/usu1384\/2019\/02\/menjador-300x225.jpg 300w, https:\/\/serveiseducatius.xtec.cat\/cda-delta\/wp-content\/uploads\/usu1384\/2019\/02\/menjador-200x150.jpg 200w\" sizes=\"auto, (max-width: 500px) 100vw, 500px\" \/><\/a>Menjador<\/h6>\n<p><sup>\u00c9s el major espai de la casa i tamb\u00e9 es pot utilitzar durant el temps lliure. Disposa de video, TV i equip de m\u00fasica.<\/sup><\/p>\n<h6 style=\"text-align: center;\"><img loading=\"lazy\" decoding=\"async\" class=\"size-full wp-image-8563 aligncenter\" src=\"https:\/\/serveiseducatius.xtec.cat\/cda-delta\/wp-content\/uploads\/usu1384\/2019\/02\/aula-multimedia.jpg\" alt=\"\" width=\"500\" height=\"375\" srcset=\"https:\/\/serveiseducatius.xtec.cat\/cda-delta\/wp-content\/uploads\/usu1384\/2019\/02\/aula-multimedia.jpg 500w, https:\/\/serveiseducatius.xtec.cat\/cda-delta\/wp-content\/uploads\/usu1384\/2019\/02\/aula-multimedia-300x225.jpg 300w, https:\/\/serveiseducatius.xtec.cat\/cda-delta\/wp-content\/uploads\/usu1384\/2019\/02\/aula-multimedia-200x150.jpg 200w\" sizes=\"auto, (max-width: 500px) 100vw, 500px\" \/>Aula polivalent<\/h6>\n<p><sup>\u00c9s un aula habilitat dins de l&#8217;alberg, a disposici\u00f3 del professorat estadant o per activitats complement\u00e0ries. Disposa d&#8217;ordinadors i projector. A tot l&#8217;edifici hi ha connexi\u00f3 wifi a disposici\u00f3 nom\u00e9s del professorat.<\/sup><img loading=\"lazy\" decoding=\"async\" class=\"size-full wp-image-8566 aligncenter\" src=\"https:\/\/serveiseducatius.xtec.cat\/cda-delta\/wp-content\/uploads\/usu1384\/2019\/02\/dormitori.jpg\" alt=\"\" width=\"500\" height=\"375\" srcset=\"https:\/\/serveiseducatius.xtec.cat\/cda-delta\/wp-content\/uploads\/usu1384\/2019\/02\/dormitori.jpg 500w, https:\/\/serveiseducatius.xtec.cat\/cda-delta\/wp-content\/uploads\/usu1384\/2019\/02\/dormitori-300x225.jpg 300w, https:\/\/serveiseducatius.xtec.cat\/cda-delta\/wp-content\/uploads\/usu1384\/2019\/02\/dormitori-200x150.jpg 200w\" sizes=\"auto, (max-width: 500px) 100vw, 500px\" \/><\/p>\n<h6 style=\"text-align: center;\">Dormitoris<\/h6>\n<p><sup>A la primera planta Disposem de quatre dormitorios d&#8217;alumnes i dos per a professors. A la planta baixa hi ha un dormitori de dos places reservat per a minusv\u00e0lids.<\/sup><\/p>\n<p><a href=\"https:\/\/serveiseducatius.xtec.cat\/cda-delta\/wp-content\/uploads\/usu1384\/2019\/02\/lavabos.jpg\"><img loading=\"lazy\" decoding=\"async\" class=\"size-full wp-image-8568 aligncenter\" src=\"https:\/\/serveiseducatius.xtec.cat\/cda-delta\/wp-content\/uploads\/usu1384\/2019\/02\/lavabos.jpg\" alt=\"\" width=\"500\" height=\"375\" srcset=\"https:\/\/serveiseducatius.xtec.cat\/cda-delta\/wp-content\/uploads\/usu1384\/2019\/02\/lavabos.jpg 500w, https:\/\/serveiseducatius.xtec.cat\/cda-delta\/wp-content\/uploads\/usu1384\/2019\/02\/lavabos-300x225.jpg 300w, https:\/\/serveiseducatius.xtec.cat\/cda-delta\/wp-content\/uploads\/usu1384\/2019\/02\/lavabos-200x150.jpg 200w\" sizes=\"auto, (max-width: 500px) 100vw, 500px\" \/><\/a><\/p>\n<h6 style=\"text-align: center;\">Dutxes i lavabos<\/h6>\n<p><sup>Hi ha deu dutxes a la casa: dos a la planta baixa i vuit al primer pis. Els professors tenen lavabos i dutxa en els seus dormitoris.<\/sup><\/p>\n<p><img loading=\"lazy\" decoding=\"async\" class=\"size-full wp-image-8564 aligncenter\" src=\"https:\/\/serveiseducatius.xtec.cat\/cda-delta\/wp-content\/uploads\/usu1384\/2019\/02\/aula.jpg\" alt=\"\" width=\"500\" height=\"375\" srcset=\"https:\/\/serveiseducatius.xtec.cat\/cda-delta\/wp-content\/uploads\/usu1384\/2019\/02\/aula.jpg 500w, https:\/\/serveiseducatius.xtec.cat\/cda-delta\/wp-content\/uploads\/usu1384\/2019\/02\/aula-300x225.jpg 300w, https:\/\/serveiseducatius.xtec.cat\/cda-delta\/wp-content\/uploads\/usu1384\/2019\/02\/aula-200x150.jpg 200w\" sizes=\"auto, (max-width: 500px) 100vw, 500px\" \/><\/p>\n<h6 style=\"text-align: center;\">Les aules<\/h6>\n<p><sup>El CdA disposa de dos espais polivalents i ampliables &#8211; amb material d&#8217;aula, laboratori, audiovisual i biblioteca &#8211; per a la realitzaci\u00f3 de les seves activitats amb el CdA en horari lectiu.<\/sup><img loading=\"lazy\" decoding=\"async\" class=\"size-full wp-image-8565 aligncenter\" src=\"https:\/\/serveiseducatius.xtec.cat\/cda-delta\/wp-content\/uploads\/usu1384\/2019\/02\/copisteria.jpg\" alt=\"\" width=\"500\" height=\"375\" srcset=\"https:\/\/serveiseducatius.xtec.cat\/cda-delta\/wp-content\/uploads\/usu1384\/2019\/02\/copisteria.jpg 500w, https:\/\/serveiseducatius.xtec.cat\/cda-delta\/wp-content\/uploads\/usu1384\/2019\/02\/copisteria-300x225.jpg 300w, https:\/\/serveiseducatius.xtec.cat\/cda-delta\/wp-content\/uploads\/usu1384\/2019\/02\/copisteria-200x150.jpg 200w\" sizes=\"auto, (max-width: 500px) 100vw, 500px\" \/><\/p>\n<h6 style=\"text-align: center;\">L&#8217;\u00e0rea de treball del CdA<\/h6>\n<p><sup>A m\u00e9s de les aules de treball, el CdA disposa de les seves sales de treball intern, copisteria, administraci\u00f3 i magatzems per al seu funcionament. L&#8217;acc\u00e9s \u00e9s independent de l&#8217;alberg i s\u00f3n d&#8217;\u00fas exclusiu del professorat del CdA.<\/sup><\/p>\n","protected":false},"excerpt":{"rendered":"<p>L\u2019allotjament per als grups estadants est\u00e0 situat en el mateix edifici del Camp d\u2019Aprenentatge, dins del nucli urb\u00e0 de Sant Carles de la R\u00e0pita. \u00a0Est\u00e0 gestionat directament pel CdA i catalogat com a casa de col\u00f2nies. T\u00e9 una capacitat per a fins\u00a044 alumnes i 5 professors. Serveis de l\u2019allotjament: Allotjament de 49 places R\u00e8gim de [&hellip;]<\/p>\n","protected":false},"author":1,"featured_media":0,"parent":8225,"menu_order":20,"comment_status":"open","ping_status":"open","template":"","meta":{"_bbp_topic_count":0,"_bbp_reply_count":0,"_bbp_total_topic_count":0,"_bbp_total_reply_count":0,"_bbp_voice_count":0,"_bbp_anonymous_reply_count":0,"_bbp_topic_count_hidden":0,"_bbp_reply_count_hidden":0,"_bbp_forum_subforum_count":0,"site-sidebar-layout":"default","site-content-layout":"","ast-site-content-layout":"","site-content-style":"default","site-sidebar-style":"default","ast-global-header-display":"","ast-banner-title-visibility":"","ast-main-header-display":"","ast-hfb-above-header-display":"","ast-hfb-below-header-display":"","ast-hfb-mobile-header-display":"","site-post-title":"","ast-breadcrumbs-content":"","ast-featured-img":"","footer-sml-layout":"","theme-transparent-header-meta":"","adv-header-id-meta":"","stick-header-meta":"","header-above-stick-meta":"","header-main-stick-meta":"","header-below-stick-meta":"","astra-migrate-meta-layouts":"default","ast-page-background-enabled":"default","ast-page-background-meta":{"desktop":{"background-color":"var(--ast-global-color-4)","background-image":"","background-repeat":"repeat","background-position":"center center","background-size":"auto","background-attachment":"scroll","background-type":"","background-media":"","overlay-type":"","overlay-color":"","overlay-opacity":"","overlay-gradient":""},"tablet":{"background-color":"","background-image":"","background-repeat":"repeat","background-position":"center center","background-size":"auto","background-attachment":"scroll","background-type":"","background-media":"","overlay-type":"","overlay-color":"","overlay-opacity":"","overlay-gradient":""},"mobile":{"background-color":"","background-image":"","background-repeat":"repeat","background-position":"center center","background-size":"auto","background-attachment":"scroll","background-type":"","background-media":"","overlay-type":"","overlay-color":"","overlay-opacity":"","overlay-gradient":""}},"ast-content-background-meta":{"desktop":{"background-color":"var(--ast-global-color-5)","background-image":"","background-repeat":"repeat","background-position":"center center","background-size":"auto","background-attachment":"scroll","background-type":"","background-media":"","overlay-type":"","overlay-color":"","overlay-opacity":"","overlay-gradient":""},"tablet":{"background-color":"var(--ast-global-color-5)","background-image":"","background-repeat":"repeat","background-position":"center center","background-size":"auto","background-attachment":"scroll","background-type":"","background-media":"","overlay-type":"","overlay-color":"","overlay-opacity":"","overlay-gradient":""},"mobile":{"background-color":"var(--ast-global-color-5)","background-image":"","background-repeat":"repeat","background-position":"center center","background-size":"auto","background-attachment":"scroll","background-type":"","background-media":"","overlay-type":"","overlay-color":"","overlay-opacity":"","overlay-gradient":""}},"footnotes":""},"class_list":["post-83","page","type-page","status-publish","hentry"],"post_mailing_queue_ids":[],"_links":{"self":[{"href":"https:\/\/serveiseducatius.xtec.cat\/cda-delta\/wp-json\/wp\/v2\/pages\/83","targetHints":{"allow":["GET"]}}],"collection":[{"href":"https:\/\/serveiseducatius.xtec.cat\/cda-delta\/wp-json\/wp\/v2\/pages"}],"about":[{"href":"https:\/\/serveiseducatius.xtec.cat\/cda-delta\/wp-json\/wp\/v2\/types\/page"}],"author":[{"embeddable":true,"href":"https:\/\/serveiseducatius.xtec.cat\/cda-delta\/wp-json\/wp\/v2\/users\/1"}],"replies":[{"embeddable":true,"href":"https:\/\/serveiseducatius.xtec.cat\/cda-delta\/wp-json\/wp\/v2\/comments?post=83"}],"version-history":[{"count":2,"href":"https:\/\/serveiseducatius.xtec.cat\/cda-delta\/wp-json\/wp\/v2\/pages\/83\/revisions"}],"predecessor-version":[{"id":8575,"href":"https:\/\/serveiseducatius.xtec.cat\/cda-delta\/wp-json\/wp\/v2\/pages\/83\/revisions\/8575"}],"up":[{"embeddable":true,"href":"https:\/\/serveiseducatius.xtec.cat\/cda-delta\/wp-json\/wp\/v2\/pages\/8225"}],"wp:attachment":[{"href":"https:\/\/serveiseducatius.xtec.cat\/cda-delta\/wp-json\/wp\/v2\/media?parent=83"}],"curies":[{"name":"wp","href":"https:\/\/api.w.org\/{rel}","templated":true}]}}