{"id":8272,"date":"2016-06-20T17:56:05","date_gmt":"2016-06-20T16:56:05","guid":{"rendered":"http:\/\/serveiseducatius.xtec.cat\/cda-delta\/?page_id=8272"},"modified":"2019-06-16T17:41:18","modified_gmt":"2019-06-16T15:41:18","slug":"amb-els-centres","status":"publish","type":"page","link":"https:\/\/serveiseducatius.xtec.cat\/cda-delta\/amb-els-centres\/","title":{"rendered":"Recursos did\u00e0ctics"},"content":{"rendered":"<p><a href=\"https:\/\/serveiseducatius.xtec.cat\/cda-delta\/wp-content\/uploads\/usu1384\/2019\/06\/maleta-pedag\u00f2gica-a-Hamburg-Alemanya.jpg\"><img loading=\"lazy\" decoding=\"async\" class=\"aligncenter wp-image-8924 \" src=\"https:\/\/serveiseducatius.xtec.cat\/cda-delta\/wp-content\/uploads\/usu1384\/2019\/06\/maleta-pedag\u00f2gica-a-Hamburg-Alemanya.jpg\" alt=\"\" width=\"431\" height=\"323\" srcset=\"https:\/\/serveiseducatius.xtec.cat\/cda-delta\/wp-content\/uploads\/usu1384\/2019\/06\/maleta-pedag\u00f2gica-a-Hamburg-Alemanya.jpg 640w, https:\/\/serveiseducatius.xtec.cat\/cda-delta\/wp-content\/uploads\/usu1384\/2019\/06\/maleta-pedag\u00f2gica-a-Hamburg-Alemanya-300x225.jpg 300w, https:\/\/serveiseducatius.xtec.cat\/cda-delta\/wp-content\/uploads\/usu1384\/2019\/06\/maleta-pedag\u00f2gica-a-Hamburg-Alemanya-200x150.jpg 200w\" sizes=\"auto, (max-width: 431px) 100vw, 431px\" \/><\/a><\/p>\n<ul>\n<li>El Camp d\u2019Aprenentatge ha publicat tot tipus de materials did\u00e0ctics, uns de suport directe a les seves activitats, i d\u2019altres executats amb l\u2019objectiu de promocionar el coneixement de l\u2019entorn i l\u2019aprofitament did\u00e0ctic per part del professorat i els centres educatius: quaderns de treball, dossiers per al professorat, l\u00e0mines, p\u00f2sters, v\u00eddeos, jocs, aplicacions multim\u00e8dia, exposicions, etc<\/li>\n<li>Tamb\u00e9 disposem al CdA, per a consulta, d\u2019una biblioteca i d\u2019un fons documental dedicat espec\u00edficament al coneixement de l\u2019entorn local i de l\u2019educaci\u00f3 ambiental.<\/li>\n<li>Un altre suport que oferim als centres educatius consisteix en l\u2019assessorament i pr\u00e9stec de material\u00a0<span style=\"font-family: inherit; font-size: 1em;\">did\u00e0ctic i t\u00e8cnic per a la realitzaci\u00f3 d\u2019activitats curriculars de camp i\/o de laboratori.<\/span><\/li>\n<\/ul>\n","protected":false},"excerpt":{"rendered":"<p>El Camp d\u2019Aprenentatge ha publicat tot tipus de materials did\u00e0ctics, uns de suport directe a les seves activitats, i d\u2019altres executats amb l\u2019objectiu de promocionar el coneixement de l\u2019entorn i l\u2019aprofitament did\u00e0ctic per part del professorat i els centres educatius: quaderns de treball, dossiers per al professorat, l\u00e0mines, p\u00f2sters, v\u00eddeos, jocs, aplicacions multim\u00e8dia, exposicions, etc [&hellip;]<\/p>\n","protected":false},"author":1,"featured_media":0,"parent":0,"menu_order":0,"comment_status":"closed","ping_status":"closed","template":"","meta":{"_bbp_topic_count":0,"_bbp_reply_count":0,"_bbp_total_topic_count":0,"_bbp_total_reply_count":0,"_bbp_voice_count":0,"_bbp_anonymous_reply_count":0,"_bbp_topic_count_hidden":0,"_bbp_reply_count_hidden":0,"_bbp_forum_subforum_count":0,"site-sidebar-layout":"default","site-content-layout":"","ast-site-content-layout":"","site-content-style":"default","site-sidebar-style":"default","ast-global-header-display":"","ast-banner-title-visibility":"","ast-main-header-display":"","ast-hfb-above-header-display":"","ast-hfb-below-header-display":"","ast-hfb-mobile-header-display":"","site-post-title":"","ast-breadcrumbs-content":"","ast-featured-img":"","footer-sml-layout":"","theme-transparent-header-meta":"","adv-header-id-meta":"","stick-header-meta":"","header-above-stick-meta":"","header-main-stick-meta":"","header-below-stick-meta":"","astra-migrate-meta-layouts":"default","ast-page-background-enabled":"default","ast-page-background-meta":{"desktop":{"background-color":"var(--ast-global-color-4)","background-image":"","background-repeat":"repeat","background-position":"center center","background-size":"auto","background-attachment":"scroll","background-type":"","background-media":"","overlay-type":"","overlay-color":"","overlay-opacity":"","overlay-gradient":""},"tablet":{"background-color":"","background-image":"","background-repeat":"repeat","background-position":"center center","background-size":"auto","background-attachment":"scroll","background-type":"","background-media":"","overlay-type":"","overlay-color":"","overlay-opacity":"","overlay-gradient":""},"mobile":{"background-color":"","background-image":"","background-repeat":"repeat","background-position":"center center","background-size":"auto","background-attachment":"scroll","background-type":"","background-media":"","overlay-type":"","overlay-color":"","overlay-opacity":"","overlay-gradient":""}},"ast-content-background-meta":{"desktop":{"background-color":"var(--ast-global-color-5)","background-image":"","background-repeat":"repeat","background-position":"center center","background-size":"auto","background-attachment":"scroll","background-type":"","background-media":"","overlay-type":"","overlay-color":"","overlay-opacity":"","overlay-gradient":""},"tablet":{"background-color":"var(--ast-global-color-5)","background-image":"","background-repeat":"repeat","background-position":"center center","background-size":"auto","background-attachment":"scroll","background-type":"","background-media":"","overlay-type":"","overlay-color":"","overlay-opacity":"","overlay-gradient":""},"mobile":{"background-color":"var(--ast-global-color-5)","background-image":"","background-repeat":"repeat","background-position":"center center","background-size":"auto","background-attachment":"scroll","background-type":"","background-media":"","overlay-type":"","overlay-color":"","overlay-opacity":"","overlay-gradient":""}},"footnotes":""},"class_list":["post-8272","page","type-page","status-publish","hentry"],"post_mailing_queue_ids":[],"_links":{"self":[{"href":"https:\/\/serveiseducatius.xtec.cat\/cda-delta\/wp-json\/wp\/v2\/pages\/8272","targetHints":{"allow":["GET"]}}],"collection":[{"href":"https:\/\/serveiseducatius.xtec.cat\/cda-delta\/wp-json\/wp\/v2\/pages"}],"about":[{"href":"https:\/\/serveiseducatius.xtec.cat\/cda-delta\/wp-json\/wp\/v2\/types\/page"}],"author":[{"embeddable":true,"href":"https:\/\/serveiseducatius.xtec.cat\/cda-delta\/wp-json\/wp\/v2\/users\/1"}],"replies":[{"embeddable":true,"href":"https:\/\/serveiseducatius.xtec.cat\/cda-delta\/wp-json\/wp\/v2\/comments?post=8272"}],"version-history":[{"count":3,"href":"https:\/\/serveiseducatius.xtec.cat\/cda-delta\/wp-json\/wp\/v2\/pages\/8272\/revisions"}],"predecessor-version":[{"id":8928,"href":"https:\/\/serveiseducatius.xtec.cat\/cda-delta\/wp-json\/wp\/v2\/pages\/8272\/revisions\/8928"}],"wp:attachment":[{"href":"https:\/\/serveiseducatius.xtec.cat\/cda-delta\/wp-json\/wp\/v2\/media?parent=8272"}],"curies":[{"name":"wp","href":"https:\/\/api.w.org\/{rel}","templated":true}]}}