{"id":589,"date":"2013-12-11T07:52:30","date_gmt":"2013-12-11T07:52:30","guid":{"rendered":"http:\/\/blocs.xtec.cat\/cdadelta\/?page_id=589"},"modified":"2019-06-16T15:46:26","modified_gmt":"2019-06-16T13:46:26","slug":"com-ho-fem","status":"publish","type":"page","link":"https:\/\/serveiseducatius.xtec.cat\/cda-delta\/el-camp\/com-ho-fem\/","title":{"rendered":"Com ho fem?"},"content":{"rendered":"<p><a href=\"https:\/\/serveiseducatius.xtec.cat\/cda-delta\/wp-content\/uploads\/usu1384\/2019\/02\/pan_mirador.jpg\"><img loading=\"lazy\" decoding=\"async\" class=\"alignnone size-full wp-image-8642\" src=\"https:\/\/serveiseducatius.xtec.cat\/cda-delta\/wp-content\/uploads\/usu1384\/2019\/02\/pan_mirador.jpg\" alt=\"\" width=\"1000\" height=\"352\" srcset=\"https:\/\/serveiseducatius.xtec.cat\/cda-delta\/wp-content\/uploads\/usu1384\/2019\/02\/pan_mirador.jpg 1000w, https:\/\/serveiseducatius.xtec.cat\/cda-delta\/wp-content\/uploads\/usu1384\/2019\/02\/pan_mirador-300x106.jpg 300w, https:\/\/serveiseducatius.xtec.cat\/cda-delta\/wp-content\/uploads\/usu1384\/2019\/02\/pan_mirador-768x270.jpg 768w\" sizes=\"auto, (max-width: 1000px) 100vw, 1000px\" \/><\/a><\/p>\n<p>M\u00e9s important que el que fem \u00e9s com ho fem, ja que la <span style=\"color: #993366;\"><strong>metodologia<\/strong><\/span> de treball amb els alumnes \u00e9s la caracter\u00edstica diferenciadora m\u00e9s important \u00a0del Camp d&#8217;Aprenentatge des dels seus inicis i forma part dels seus senyals d&#8217;identitat.<\/p>\n<p>Al llarg dels anys, s&#8217;ha anat impregnant de les diferents teories m\u00e9s innovadores del coneixement pedag\u00f2gic i de treball de l&#8217;entorn de les darreres d\u00e8cades: l&#8217;estudi del medi, els projectes de recerca, l&#8217;educaci\u00f3 ambiental, la interpretaci\u00f3 del patrimoni &#8230;<\/p>\n<p>Des del CdA pensem que <span style=\"color: #993366;\"><b>els nois <\/b><strong>aprenen<\/strong><b> quan<\/b>&#8230;<\/span><\/p>\n<ul>\n<li>Es parteix dels coneixements previs.<\/li>\n<li>Es presenten petits reptes d\u2019aprenentatge fent preguntes, hip\u00f2tesis, o plantejant problemes.<\/li>\n<li>L\u2019alumne participa i construeix el seu aprenentatge assolint compet\u00e8ncies.<\/li>\n<li>Aprenen entre iguals, s\u2019ajuden (treball en grup).<\/li>\n<\/ul>\n<p>\u00c9s per aix\u00f2 que al CdA no fem itineraris o sortides explicatives, sin\u00f3 que plantegem <span style=\"color: #993366;\"><strong>preguntes per resoldre<\/strong><\/span>: <em>per qu\u00e8 el riu ha d\u2019arribar al mar? Q<\/em><em>u\u00e8 menja el musclo?\u00a0Per qu\u00e8 migren els ocells?<\/em>&#8230;<\/p>\n<p>Al CdA <b>no som<\/b> monitors, guies &#8230; som <span style=\"color: #993366;\"><strong>mestres i professors<\/strong><\/span> que hem decidit fer la nostra feina des d\u2019una altra perspectiva, en un altre lloc, on podem desenvolupar una metodologia diferent.<\/p>\n<p>Aquesta metodologia exigeix un <span style=\"color: #993366;\"><strong>treball previ<\/strong><\/span> a l\u2019escola:<\/p>\n<ul>\n<li>Per contextualitzar el cicle d\u2019aprenentatge.<\/li>\n<li>Per fer els ensinistraments necessaris per al treball durant l\u2019estada.<\/li>\n<li>Per saber quins interessos i coneixements previs tenen els alumnes.<\/li>\n<\/ul>\n<p>I un <span style=\"color: #993366;\"><strong>treball posterior<\/strong><\/span>:<\/p>\n<ul>\n<li>Per sistematitzar la informaci\u00f3 rebuda.<\/li>\n<li>Per consolidar els aprenentatges i compet\u00e8ncies adquirits.<\/li>\n<li>Per saber aplicar-los en altres contextos.<\/li>\n<\/ul>\n<p><span style=\"color: #993366;\"><b>Necessitem \u00a0la complicitat i la\u00a0<\/b><strong>participaci\u00f3 del professorat<\/strong><\/span> assistent en tot el proc\u00e9s perqu\u00e8 :<\/p>\n<ul>\n<li>Feu al vostre centre les activitats pr\u00e8vies i posteriors.<\/li>\n<li>Doneu un exemple d\u2019actitud positiva i inter\u00e8s per all\u00f2 que es fa.<\/li>\n<li>Doneu suport als vostres alumnes durant l\u2019aprenentatge.<\/li>\n<li>Feu el seguiment del treball dels vostres alumnes i analitzeu\u00a0les diferents respostes.<\/li>\n<li>Feu avaluaci\u00f3 de les compet\u00e8ncies assolides.<\/li>\n<\/ul>\n<p>Aquest proc\u00e9s de participaci\u00f3 es pot donar a <span style=\"color: #993366;\"><b>dos velocitats<\/b><\/span>\u00a0:<\/p>\n<p>1) La b\u00e0sica:<\/p>\n<ul>\n<li>Fent les activitats pr\u00e8vies consensuades a la TC.<\/li>\n<li>Vetllant durant\u00a0l\u2019estada \u00a0per l\u2019acompliment de la normativa.<\/li>\n<li>Fent arribar un treball posterior al CdA.<\/li>\n<\/ul>\n<p>2) D\u2019aprofundiment:<\/p>\n<ul>\n<li>Fent un <em><strong>Projecte Compartit<\/strong><\/em>\u00a0 entre el CdA i el centre, \u00a0durant un trimestre de feina com a m\u00ednim, sobre algun aspecte de l\u2019estada que impliqui un treball de disseny curricular i unes activitats al centre<\/li>\n<\/ul>\n","protected":false},"excerpt":{"rendered":"<p>M\u00e9s important que el que fem \u00e9s com ho fem, ja que la metodologia de treball amb els alumnes \u00e9s la caracter\u00edstica diferenciadora m\u00e9s important \u00a0del Camp d&#8217;Aprenentatge des dels seus inicis i forma part dels seus senyals d&#8217;identitat. Al llarg dels anys, s&#8217;ha anat impregnant de les diferents teories m\u00e9s innovadores del coneixement pedag\u00f2gic [&hellip;]<\/p>\n","protected":false},"author":1,"featured_media":0,"parent":8225,"menu_order":0,"comment_status":"closed","ping_status":"closed","template":"","meta":{"_bbp_topic_count":0,"_bbp_reply_count":0,"_bbp_total_topic_count":0,"_bbp_total_reply_count":0,"_bbp_voice_count":0,"_bbp_anonymous_reply_count":0,"_bbp_topic_count_hidden":0,"_bbp_reply_count_hidden":0,"_bbp_forum_subforum_count":0,"site-sidebar-layout":"default","site-content-layout":"","ast-site-content-layout":"","site-content-style":"default","site-sidebar-style":"default","ast-global-header-display":"","ast-banner-title-visibility":"","ast-main-header-display":"","ast-hfb-above-header-display":"","ast-hfb-below-header-display":"","ast-hfb-mobile-header-display":"","site-post-title":"","ast-breadcrumbs-content":"","ast-featured-img":"","footer-sml-layout":"","theme-transparent-header-meta":"","adv-header-id-meta":"","stick-header-meta":"","header-above-stick-meta":"","header-main-stick-meta":"","header-below-stick-meta":"","astra-migrate-meta-layouts":"default","ast-page-background-enabled":"default","ast-page-background-meta":{"desktop":{"background-color":"var(--ast-global-color-4)","background-image":"","background-repeat":"repeat","background-position":"center center","background-size":"auto","background-attachment":"scroll","background-type":"","background-media":"","overlay-type":"","overlay-color":"","overlay-opacity":"","overlay-gradient":""},"tablet":{"background-color":"","background-image":"","background-repeat":"repeat","background-position":"center center","background-size":"auto","background-attachment":"scroll","background-type":"","background-media":"","overlay-type":"","overlay-color":"","overlay-opacity":"","overlay-gradient":""},"mobile":{"background-color":"","background-image":"","background-repeat":"repeat","background-position":"center center","background-size":"auto","background-attachment":"scroll","background-type":"","background-media":"","overlay-type":"","overlay-color":"","overlay-opacity":"","overlay-gradient":""}},"ast-content-background-meta":{"desktop":{"background-color":"var(--ast-global-color-5)","background-image":"","background-repeat":"repeat","background-position":"center center","background-size":"auto","background-attachment":"scroll","background-type":"","background-media":"","overlay-type":"","overlay-color":"","overlay-opacity":"","overlay-gradient":""},"tablet":{"background-color":"var(--ast-global-color-5)","background-image":"","background-repeat":"repeat","background-position":"center center","background-size":"auto","background-attachment":"scroll","background-type":"","background-media":"","overlay-type":"","overlay-color":"","overlay-opacity":"","overlay-gradient":""},"mobile":{"background-color":"var(--ast-global-color-5)","background-image":"","background-repeat":"repeat","background-position":"center center","background-size":"auto","background-attachment":"scroll","background-type":"","background-media":"","overlay-type":"","overlay-color":"","overlay-opacity":"","overlay-gradient":""}},"footnotes":""},"class_list":["post-589","page","type-page","status-publish","hentry"],"post_mailing_queue_ids":[],"_links":{"self":[{"href":"https:\/\/serveiseducatius.xtec.cat\/cda-delta\/wp-json\/wp\/v2\/pages\/589","targetHints":{"allow":["GET"]}}],"collection":[{"href":"https:\/\/serveiseducatius.xtec.cat\/cda-delta\/wp-json\/wp\/v2\/pages"}],"about":[{"href":"https:\/\/serveiseducatius.xtec.cat\/cda-delta\/wp-json\/wp\/v2\/types\/page"}],"author":[{"embeddable":true,"href":"https:\/\/serveiseducatius.xtec.cat\/cda-delta\/wp-json\/wp\/v2\/users\/1"}],"replies":[{"embeddable":true,"href":"https:\/\/serveiseducatius.xtec.cat\/cda-delta\/wp-json\/wp\/v2\/comments?post=589"}],"version-history":[{"count":2,"href":"https:\/\/serveiseducatius.xtec.cat\/cda-delta\/wp-json\/wp\/v2\/pages\/589\/revisions"}],"predecessor-version":[{"id":9015,"href":"https:\/\/serveiseducatius.xtec.cat\/cda-delta\/wp-json\/wp\/v2\/pages\/589\/revisions\/9015"}],"up":[{"embeddable":true,"href":"https:\/\/serveiseducatius.xtec.cat\/cda-delta\/wp-json\/wp\/v2\/pages\/8225"}],"wp:attachment":[{"href":"https:\/\/serveiseducatius.xtec.cat\/cda-delta\/wp-json\/wp\/v2\/media?parent=589"}],"curies":[{"name":"wp","href":"https:\/\/api.w.org\/{rel}","templated":true}]}}