{"id":492,"date":"2013-12-09T12:34:10","date_gmt":"2013-12-09T12:34:10","guid":{"rendered":"http:\/\/blocs.xtec.cat\/cdadelta\/?page_id=492"},"modified":"2023-03-21T09:32:37","modified_gmt":"2023-03-21T08:32:37","slug":"enllacos","status":"publish","type":"page","link":"https:\/\/serveiseducatius.xtec.cat\/cda-delta\/amb-els-centres\/enllacos\/","title":{"rendered":"Enlla\u00e7os"},"content":{"rendered":"<ul>\n<li><strong>La R\u00e0pita<\/strong><\/li>\n<li><a title=\"La R\u00e0pta\" href=\"https:\/\/larapita.cat\/\" target=\"_blank\" rel=\"noopener noreferrer\">http:\/\/www.larapita.cat<\/a><\/li>\n<li>Espai web tur\u00edstica de Sant Carles de la R\u00e0pita.<\/li>\n<\/ul>\n<hr \/>\n<ul>\n<li>\u00a0<strong>Estaci\u00f3 Nautica<\/strong><\/li>\n<li><a title=\"Estaci\u00f3 Nautica\" href=\"http:\/\/www.enlarapita.com\/es\/\" target=\"_blank\" rel=\"noopener noreferrer\">http:\/\/www.enlarapita.com\/es\/<\/a><\/li>\n<li>Conglomerat d&#8217;empress\u00e9s i institucions que ofereixen activitats de lleure a Sant Carles de la R\u00e0pita i al Delta.<\/li>\n<\/ul>\n<hr \/>\n<ul>\n<li><strong>Parc Natural del Delta de l&#8217;Ebre<\/strong><\/li>\n<li><a title=\"Parc Natural\" href=\"https:\/\/parcsnaturals.gencat.cat\/ca\/xarxa-de-parcs\/delta-ebre\/inici\/\" target=\"_blank\" rel=\"noopener noreferrer\">https:\/\/parcsnaturals.gencat.cat\/ca\/xarxa-de-parcs\/delta-ebre\/inici\/www.gencat.cat\/parcs\/delta_ebre\/<\/a><\/li>\n<li>Espai web del Parc natural, amb tot tipus d&#8217;informaci\u00f3.<\/li>\n<\/ul>\n<hr \/>\n<ul>\n<li><strong>SAIH Ebro<\/strong><\/li>\n<li><a title=\"SAIH Ebro\" href=\"http:\/\/www.saihebro.com\/saihebro\/index.php\" target=\"_blank\" rel=\"noopener noreferrer\">http:\/\/www.saihebro.com\/saihebro\/index.php<\/a><\/li>\n<li>Espai web de la Confederaci\u00f3n Hidrogr\u00e1fica del Ebro amb dades en temps de real de cabals, nivells d&#8217;embassaments i dades hist\u00f2riques.<\/li>\n<\/ul>\n<hr \/>\n<ul>\n<li><strong>SEO-BirdLife<\/strong><\/li>\n<li><a title=\"SEO-BirdLife\" href=\"http:\/\/www.seo.org\" target=\"_blank\" rel=\"noopener noreferrer\">http:\/\/www.seo.org<\/a><\/li>\n<li>Espai web de l&#8217;entitat ecologista i ornitol\u00f2gica.<\/li>\n<\/ul>\n<hr \/>\n<ul>\n<li>\u00a0<strong>Delta Lagoon<\/strong><\/li>\n<li><a title=\"Delta Lagoon\" href=\"https:\/\/www.youtube.com\/watch?v=_JLEfJpMTnY\" target=\"_blank\" rel=\"noopener noreferrer\">https:\/\/www.youtube.com\/watch?v=_JLEfJpMTnY<\/a><\/li>\n<li>Projecte europeu LIFE que es va aplicar a la bassa de la Tancada i l&#8217;Alfacada, per a la millora del seu estat ecol\u00f2gic.<\/li>\n<\/ul>\n<hr \/>\n<ul>\n<li><strong>Observatori de l&#8217;Ebre<\/strong><\/li>\n<li><a title=\"Observatori de l'Ebre\" href=\"http:\/\/www.obsebre.es\" target=\"_blank\" rel=\"noopener noreferrer\">http:\/\/www.obsebre.es<\/a><\/li>\n<li>Dades hist\u00f2riques i actuals de meteorologia i la sismografia local.<br \/>\n<hr \/>\n<\/li>\n<li><strong>\u00a0Ebre. com<\/strong><\/li>\n<li><a title=\"Ebre.com\" href=\"http:\/\/ebre.info\" target=\"_blank\" rel=\"noopener noreferrer\">http:\/\/ebre.info<\/a><\/li>\n<li>Espai web amb Informaci\u00f3 tur\u00edstica de les Terres de l&#8217;Ebre<\/li>\n<\/ul>\n<hr \/>\n<ul>\n<li><strong>Terres de l&#8217;Ebre<\/strong><\/li>\n<li><a title=\"Terres de l'Ebre\" href=\"http:\/\/www.terresdelebre.travel\" target=\"_blank\" rel=\"noopener noreferrer\">http:\/\/www.terresdelebre.travel<\/a><\/li>\n<li>Espai web del patronat de Turisme de \u00a0la Diputaci\u00f3 de Tarragona.<\/li>\n<\/ul>\n<hr \/>\n<ul>\n<li><strong>SCEA<\/strong><\/li>\n<li><a title=\"SCEA\" href=\"http:\/\/www.scea.cat\" target=\"_blank\" rel=\"noopener noreferrer\">http:\/\/www.scea.cat<\/a><\/li>\n<li>Espai web de la Societat Catalana d&#8217;Educaci\u00f3 Ambiental.<\/li>\n<\/ul>\n<hr \/>\n<ul>\n<li>\u00a0<strong>AIP<\/strong><\/li>\n<li><a title=\"AIP\" href=\"http:\/\/www.interpretaciondelpatrimonio.com\" target=\"_blank\" rel=\"noopener noreferrer\">http:\/\/www.interpretaciondelpatrimonio.com<\/a><\/li>\n<li>Associaci\u00f3 para la Interpretaci\u00f3n del Patrimonio.<br \/>\n<hr \/>\n<\/li>\n<\/ul>\n<ul>\n<li><strong>CENEAM<\/strong><\/li>\n<li><a title=\"CENEAM\" href=\"https:\/\/www.miteco.gob.es\/es\/ceneam\/quienes-somos\/\" target=\"_blank\" rel=\"noopener noreferrer\">https:\/\/www.miteco.gob.es\/es\/ceneam\/quienes-somos\/<\/a><\/li>\n<li>Centro Nacional de Educaci\u00f3n Ambiental.<\/li>\n<\/ul>\n<hr \/>\n<p>&nbsp;<\/p>\n<p>&nbsp;<\/p>\n","protected":false},"excerpt":{"rendered":"<p>La R\u00e0pita http:\/\/www.larapita.cat Espai web tur\u00edstica de Sant Carles de la R\u00e0pita. \u00a0Estaci\u00f3 Nautica http:\/\/www.enlarapita.com\/es\/ Conglomerat d&#8217;empress\u00e9s i institucions que ofereixen activitats de lleure a Sant Carles de la R\u00e0pita i al Delta. Parc Natural del Delta de l&#8217;Ebre https:\/\/parcsnaturals.gencat.cat\/ca\/xarxa-de-parcs\/delta-ebre\/inici\/www.gencat.cat\/parcs\/delta_ebre\/ Espai web del Parc natural, amb tot tipus d&#8217;informaci\u00f3. SAIH Ebro http:\/\/www.saihebro.com\/saihebro\/index.php Espai web de [&hellip;]<\/p>\n","protected":false},"author":1,"featured_media":0,"parent":8272,"menu_order":0,"comment_status":"closed","ping_status":"closed","template":"","meta":{"_bbp_topic_count":0,"_bbp_reply_count":0,"_bbp_total_topic_count":0,"_bbp_total_reply_count":0,"_bbp_voice_count":0,"_bbp_anonymous_reply_count":0,"_bbp_topic_count_hidden":0,"_bbp_reply_count_hidden":0,"_bbp_forum_subforum_count":0,"site-sidebar-layout":"default","site-content-layout":"","ast-site-content-layout":"","site-content-style":"default","site-sidebar-style":"default","ast-global-header-display":"","ast-banner-title-visibility":"","ast-main-header-display":"","ast-hfb-above-header-display":"","ast-hfb-below-header-display":"","ast-hfb-mobile-header-display":"","site-post-title":"","ast-breadcrumbs-content":"","ast-featured-img":"","footer-sml-layout":"","theme-transparent-header-meta":"","adv-header-id-meta":"","stick-header-meta":"","header-above-stick-meta":"","header-main-stick-meta":"","header-below-stick-meta":"","astra-migrate-meta-layouts":"default","ast-page-background-enabled":"default","ast-page-background-meta":{"desktop":{"background-color":"var(--ast-global-color-4)","background-image":"","background-repeat":"repeat","background-position":"center center","background-size":"auto","background-attachment":"scroll","background-type":"","background-media":"","overlay-type":"","overlay-color":"","overlay-opacity":"","overlay-gradient":""},"tablet":{"background-color":"","background-image":"","background-repeat":"repeat","background-position":"center center","background-size":"auto","background-attachment":"scroll","background-type":"","background-media":"","overlay-type":"","overlay-color":"","overlay-opacity":"","overlay-gradient":""},"mobile":{"background-color":"","background-image":"","background-repeat":"repeat","background-position":"center center","background-size":"auto","background-attachment":"scroll","background-type":"","background-media":"","overlay-type":"","overlay-color":"","overlay-opacity":"","overlay-gradient":""}},"ast-content-background-meta":{"desktop":{"background-color":"var(--ast-global-color-5)","background-image":"","background-repeat":"repeat","background-position":"center center","background-size":"auto","background-attachment":"scroll","background-type":"","background-media":"","overlay-type":"","overlay-color":"","overlay-opacity":"","overlay-gradient":""},"tablet":{"background-color":"var(--ast-global-color-5)","background-image":"","background-repeat":"repeat","background-position":"center center","background-size":"auto","background-attachment":"scroll","background-type":"","background-media":"","overlay-type":"","overlay-color":"","overlay-opacity":"","overlay-gradient":""},"mobile":{"background-color":"var(--ast-global-color-5)","background-image":"","background-repeat":"repeat","background-position":"center center","background-size":"auto","background-attachment":"scroll","background-type":"","background-media":"","overlay-type":"","overlay-color":"","overlay-opacity":"","overlay-gradient":""}},"footnotes":""},"class_list":["post-492","page","type-page","status-publish","hentry"],"post_mailing_queue_ids":[],"_links":{"self":[{"href":"https:\/\/serveiseducatius.xtec.cat\/cda-delta\/wp-json\/wp\/v2\/pages\/492","targetHints":{"allow":["GET"]}}],"collection":[{"href":"https:\/\/serveiseducatius.xtec.cat\/cda-delta\/wp-json\/wp\/v2\/pages"}],"about":[{"href":"https:\/\/serveiseducatius.xtec.cat\/cda-delta\/wp-json\/wp\/v2\/types\/page"}],"author":[{"embeddable":true,"href":"https:\/\/serveiseducatius.xtec.cat\/cda-delta\/wp-json\/wp\/v2\/users\/1"}],"replies":[{"embeddable":true,"href":"https:\/\/serveiseducatius.xtec.cat\/cda-delta\/wp-json\/wp\/v2\/comments?post=492"}],"version-history":[{"count":4,"href":"https:\/\/serveiseducatius.xtec.cat\/cda-delta\/wp-json\/wp\/v2\/pages\/492\/revisions"}],"predecessor-version":[{"id":10446,"href":"https:\/\/serveiseducatius.xtec.cat\/cda-delta\/wp-json\/wp\/v2\/pages\/492\/revisions\/10446"}],"up":[{"embeddable":true,"href":"https:\/\/serveiseducatius.xtec.cat\/cda-delta\/wp-json\/wp\/v2\/pages\/8272"}],"wp:attachment":[{"href":"https:\/\/serveiseducatius.xtec.cat\/cda-delta\/wp-json\/wp\/v2\/media?parent=492"}],"curies":[{"name":"wp","href":"https:\/\/api.w.org\/{rel}","templated":true}]}}