{"id":489,"date":"2013-12-09T11:58:12","date_gmt":"2013-12-09T11:58:12","guid":{"rendered":"http:\/\/blocs.xtec.cat\/cdadelta\/?page_id=489"},"modified":"2021-01-25T10:19:24","modified_gmt":"2021-01-25T09:19:24","slug":"lentorn","status":"publish","type":"page","link":"https:\/\/serveiseducatius.xtec.cat\/cda-delta\/lentorn\/","title":{"rendered":"L&#8217;entorn: les Terres de l&#8217;Ebre, el riu i el seu Delta"},"content":{"rendered":"<p><img loading=\"lazy\" decoding=\"async\" class=\"aligncenter size-full wp-image-9832\" src=\"https:\/\/serveiseducatius.xtec.cat\/cda-delta\/wp-content\/uploads\/usu1384\/2021\/01\/delta-sencer.jpg\" alt=\"\" width=\"1606\" height=\"858\" srcset=\"https:\/\/serveiseducatius.xtec.cat\/cda-delta\/wp-content\/uploads\/usu1384\/2021\/01\/delta-sencer.jpg 1606w, https:\/\/serveiseducatius.xtec.cat\/cda-delta\/wp-content\/uploads\/usu1384\/2021\/01\/delta-sencer-300x160.jpg 300w, https:\/\/serveiseducatius.xtec.cat\/cda-delta\/wp-content\/uploads\/usu1384\/2021\/01\/delta-sencer-768x410.jpg 768w, https:\/\/serveiseducatius.xtec.cat\/cda-delta\/wp-content\/uploads\/usu1384\/2021\/01\/delta-sencer-1024x547.jpg 1024w\" sizes=\"auto, (max-width: 1606px) 100vw, 1606px\" \/><\/p>\n<p>L&#8217;objecte d&#8217;estudi del CdA \u00e9s l&#8217;entorn del conjunt de les Terres de l&#8217;Ebre: el riu, el Port, Card\u00f3, el Montsi\u00e0, les planes, la vall al\u00b7luvial, el litoral &#8230; i, de manera m\u00e9s exhaustiva, \u00a0el delta de l&#8217;Ebre i els seus diferents ambients: el bosc de ribera, els canyissars, els salobrars, les basses, les platges, etc<\/p>\n<h4 style=\"text-align: center;\"><a href=\"http:\/\/serveiseducatius.xtec.cat\/cda-delta\/lentorn-el-riu-ebre\/\">El riu Ebre<\/a><\/h4>\n<h4 style=\"text-align: center;\"><a href=\"http:\/\/serveiseducatius.xtec.cat\/cda-delta\/lentorn-el-delta-de-lebre\/\">El delta de l&#8217;Ebre<\/a><\/h4>\n<h4 style=\"text-align: center;\"><a href=\"http:\/\/serveiseducatius.xtec.cat\/cda-delta\/lentorn-el-litoral-i-la-mar-de-lebre\/\">El litoral i la mar de l&#8217;Ebre<\/a><\/h4>\n<h4 style=\"text-align: center;\"><a href=\"http:\/\/serveiseducatius.xtec.cat\/cda-delta\/lentorn-muntanyes-i-planes\/\">Muntanyes i planes<\/a><\/h4>\n<h4 style=\"text-align: center;\"><a href=\"http:\/\/serveiseducatius.xtec.cat\/cda-delta\/lentorn-historia-i-poblament\/\">Hist\u00f2ria i poblament<\/a><\/h4>\n<p style=\"text-align: center;\">\n","protected":false},"excerpt":{"rendered":"<p>L&#8217;objecte d&#8217;estudi del CdA \u00e9s l&#8217;entorn del conjunt de les Terres de l&#8217;Ebre: el riu, el Port, Card\u00f3, el Montsi\u00e0, les planes, la vall al\u00b7luvial, el litoral &#8230; i, de manera m\u00e9s exhaustiva, \u00a0el delta de l&#8217;Ebre i els seus diferents ambients: el bosc de ribera, els canyissars, els salobrars, les basses, les platges, etc [&hellip;]<\/p>\n","protected":false},"author":1,"featured_media":0,"parent":0,"menu_order":0,"comment_status":"closed","ping_status":"closed","template":"","meta":{"_bbp_topic_count":0,"_bbp_reply_count":0,"_bbp_total_topic_count":0,"_bbp_total_reply_count":0,"_bbp_voice_count":0,"_bbp_anonymous_reply_count":0,"_bbp_topic_count_hidden":0,"_bbp_reply_count_hidden":0,"_bbp_forum_subforum_count":0,"site-sidebar-layout":"default","site-content-layout":"","ast-site-content-layout":"","site-content-style":"default","site-sidebar-style":"default","ast-global-header-display":"","ast-banner-title-visibility":"","ast-main-header-display":"","ast-hfb-above-header-display":"","ast-hfb-below-header-display":"","ast-hfb-mobile-header-display":"","site-post-title":"","ast-breadcrumbs-content":"","ast-featured-img":"","footer-sml-layout":"","theme-transparent-header-meta":"","adv-header-id-meta":"","stick-header-meta":"","header-above-stick-meta":"","header-main-stick-meta":"","header-below-stick-meta":"","astra-migrate-meta-layouts":"default","ast-page-background-enabled":"default","ast-page-background-meta":{"desktop":{"background-color":"var(--ast-global-color-4)","background-image":"","background-repeat":"repeat","background-position":"center center","background-size":"auto","background-attachment":"scroll","background-type":"","background-media":"","overlay-type":"","overlay-color":"","overlay-opacity":"","overlay-gradient":""},"tablet":{"background-color":"","background-image":"","background-repeat":"repeat","background-position":"center center","background-size":"auto","background-attachment":"scroll","background-type":"","background-media":"","overlay-type":"","overlay-color":"","overlay-opacity":"","overlay-gradient":""},"mobile":{"background-color":"","background-image":"","background-repeat":"repeat","background-position":"center center","background-size":"auto","background-attachment":"scroll","background-type":"","background-media":"","overlay-type":"","overlay-color":"","overlay-opacity":"","overlay-gradient":""}},"ast-content-background-meta":{"desktop":{"background-color":"var(--ast-global-color-5)","background-image":"","background-repeat":"repeat","background-position":"center center","background-size":"auto","background-attachment":"scroll","background-type":"","background-media":"","overlay-type":"","overlay-color":"","overlay-opacity":"","overlay-gradient":""},"tablet":{"background-color":"var(--ast-global-color-5)","background-image":"","background-repeat":"repeat","background-position":"center center","background-size":"auto","background-attachment":"scroll","background-type":"","background-media":"","overlay-type":"","overlay-color":"","overlay-opacity":"","overlay-gradient":""},"mobile":{"background-color":"var(--ast-global-color-5)","background-image":"","background-repeat":"repeat","background-position":"center center","background-size":"auto","background-attachment":"scroll","background-type":"","background-media":"","overlay-type":"","overlay-color":"","overlay-opacity":"","overlay-gradient":""}},"footnotes":""},"class_list":["post-489","page","type-page","status-publish","hentry"],"post_mailing_queue_ids":[],"_links":{"self":[{"href":"https:\/\/serveiseducatius.xtec.cat\/cda-delta\/wp-json\/wp\/v2\/pages\/489","targetHints":{"allow":["GET"]}}],"collection":[{"href":"https:\/\/serveiseducatius.xtec.cat\/cda-delta\/wp-json\/wp\/v2\/pages"}],"about":[{"href":"https:\/\/serveiseducatius.xtec.cat\/cda-delta\/wp-json\/wp\/v2\/types\/page"}],"author":[{"embeddable":true,"href":"https:\/\/serveiseducatius.xtec.cat\/cda-delta\/wp-json\/wp\/v2\/users\/1"}],"replies":[{"embeddable":true,"href":"https:\/\/serveiseducatius.xtec.cat\/cda-delta\/wp-json\/wp\/v2\/comments?post=489"}],"version-history":[{"count":4,"href":"https:\/\/serveiseducatius.xtec.cat\/cda-delta\/wp-json\/wp\/v2\/pages\/489\/revisions"}],"predecessor-version":[{"id":9834,"href":"https:\/\/serveiseducatius.xtec.cat\/cda-delta\/wp-json\/wp\/v2\/pages\/489\/revisions\/9834"}],"wp:attachment":[{"href":"https:\/\/serveiseducatius.xtec.cat\/cda-delta\/wp-json\/wp\/v2\/media?parent=489"}],"curies":[{"name":"wp","href":"https:\/\/api.w.org\/{rel}","templated":true}]}}