{"id":433,"date":"2013-11-19T17:56:41","date_gmt":"2013-11-19T16:56:41","guid":{"rendered":"http:\/\/blocs.xtec.cat\/cdaaltbergueda\/?page_id=433"},"modified":"2020-12-02T10:10:53","modified_gmt":"2020-12-02T09:10:53","slug":"meteorologia","status":"publish","type":"page","link":"https:\/\/serveiseducatius.xtec.cat\/cda-delta\/meteorologia\/","title":{"rendered":"Meteorologia"},"content":{"rendered":"<p>Informaci\u00f3 obtinguda del Meteocat (Servei Metereol\u00f2gic de Catalunya) \u00a0<a href=\"http:\/\/www.meteo.cat\" target=\"_blank\" rel=\"noopener noreferrer\">http:\/\/www.meteo.cat<\/a><\/p>\n<hr \/>\n<p><span style=\"color: #800080;\"><strong>Predicci\u00f3 general de Catalunya<\/strong><\/span><\/p>\n<p><iframe loading=\"lazy\" src=\"https:\/\/static-m.meteo.cat\/ginys\/mapaPrediccio?language=ca&amp;color=2c3e50\" width=\"565\" height=\"388\" frameborder=\"0\"><\/iframe><\/p>\n<p><span style=\"color: #800080;\"><strong>Previsi\u00f3 municipal 72 hores<\/strong><\/span><\/p>\n<p><span style=\"color: #800080;\"><strong><iframe loading=\"lazy\" src=\"https:\/\/static-m.meteo.cat\/ginys\/municipal72h?location=431362&amp;language=ca&amp;color=2c3e50&amp;tempFormat=\u00baC&amp;windSpeedFormat=km\/h&amp;mainChart=estCel&amp;secondaryChart=true&amp;target=_blank\" width=\"640\" height=\"350\" frameborder=\"0\"><\/iframe><\/strong><\/span><\/p>\n<p>&nbsp;<\/p>\n<p><span style=\"color: #800080;\"><strong>Previsi\u00f3 municipal propera setmana<\/strong><\/span><\/p>\n<p><iframe loading=\"lazy\" src=\"https:\/\/static-m.meteo.cat\/ginys\/municipal8d?location=431362&amp;language=ca&amp;color=2c3e50&amp;tempFormat=\u00baC\" width=\"520\" height=\"218\" frameborder=\"0\"><\/iframe><\/p>\n<p><span style=\"color: #800080;\"><strong>Darrera imatge radar de Catalunya\u00a0<\/strong><\/span><\/p>\n<p><iframe loading=\"lazy\" src=\"https:\/\/static-m.meteo.cat\/ginys\/mapaRadar?language=ca&amp;color=2c3e50\" width=\"396\" height=\"412\" frameborder=\"0\"><\/iframe><\/p>\n","protected":false},"excerpt":{"rendered":"<p>Informaci\u00f3 obtinguda del Meteocat (Servei Metereol\u00f2gic de Catalunya) \u00a0http:\/\/www.meteo.cat Predicci\u00f3 general de Catalunya Previsi\u00f3 municipal 72 hores &nbsp; Previsi\u00f3 municipal propera setmana Darrera imatge radar de Catalunya\u00a0<\/p>\n","protected":false},"author":1,"featured_media":0,"parent":0,"menu_order":0,"comment_status":"closed","ping_status":"closed","template":"","meta":{"_bbp_topic_count":0,"_bbp_reply_count":0,"_bbp_total_topic_count":0,"_bbp_total_reply_count":0,"_bbp_voice_count":0,"_bbp_anonymous_reply_count":0,"_bbp_topic_count_hidden":0,"_bbp_reply_count_hidden":0,"_bbp_forum_subforum_count":0,"site-sidebar-layout":"default","site-content-layout":"","ast-site-content-layout":"","site-content-style":"default","site-sidebar-style":"default","ast-global-header-display":"","ast-banner-title-visibility":"","ast-main-header-display":"","ast-hfb-above-header-display":"","ast-hfb-below-header-display":"","ast-hfb-mobile-header-display":"","site-post-title":"","ast-breadcrumbs-content":"","ast-featured-img":"","footer-sml-layout":"","theme-transparent-header-meta":"","adv-header-id-meta":"","stick-header-meta":"","header-above-stick-meta":"","header-main-stick-meta":"","header-below-stick-meta":"","astra-migrate-meta-layouts":"default","ast-page-background-enabled":"default","ast-page-background-meta":{"desktop":{"background-color":"var(--ast-global-color-4)","background-image":"","background-repeat":"repeat","background-position":"center center","background-size":"auto","background-attachment":"scroll","background-type":"","background-media":"","overlay-type":"","overlay-color":"","overlay-opacity":"","overlay-gradient":""},"tablet":{"background-color":"","background-image":"","background-repeat":"repeat","background-position":"center center","background-size":"auto","background-attachment":"scroll","background-type":"","background-media":"","overlay-type":"","overlay-color":"","overlay-opacity":"","overlay-gradient":""},"mobile":{"background-color":"","background-image":"","background-repeat":"repeat","background-position":"center center","background-size":"auto","background-attachment":"scroll","background-type":"","background-media":"","overlay-type":"","overlay-color":"","overlay-opacity":"","overlay-gradient":""}},"ast-content-background-meta":{"desktop":{"background-color":"var(--ast-global-color-5)","background-image":"","background-repeat":"repeat","background-position":"center center","background-size":"auto","background-attachment":"scroll","background-type":"","background-media":"","overlay-type":"","overlay-color":"","overlay-opacity":"","overlay-gradient":""},"tablet":{"background-color":"var(--ast-global-color-5)","background-image":"","background-repeat":"repeat","background-position":"center center","background-size":"auto","background-attachment":"scroll","background-type":"","background-media":"","overlay-type":"","overlay-color":"","overlay-opacity":"","overlay-gradient":""},"mobile":{"background-color":"var(--ast-global-color-5)","background-image":"","background-repeat":"repeat","background-position":"center center","background-size":"auto","background-attachment":"scroll","background-type":"","background-media":"","overlay-type":"","overlay-color":"","overlay-opacity":"","overlay-gradient":""}},"footnotes":""},"class_list":["post-433","page","type-page","status-publish","hentry"],"post_mailing_queue_ids":[],"_links":{"self":[{"href":"https:\/\/serveiseducatius.xtec.cat\/cda-delta\/wp-json\/wp\/v2\/pages\/433","targetHints":{"allow":["GET"]}}],"collection":[{"href":"https:\/\/serveiseducatius.xtec.cat\/cda-delta\/wp-json\/wp\/v2\/pages"}],"about":[{"href":"https:\/\/serveiseducatius.xtec.cat\/cda-delta\/wp-json\/wp\/v2\/types\/page"}],"author":[{"embeddable":true,"href":"https:\/\/serveiseducatius.xtec.cat\/cda-delta\/wp-json\/wp\/v2\/users\/1"}],"replies":[{"embeddable":true,"href":"https:\/\/serveiseducatius.xtec.cat\/cda-delta\/wp-json\/wp\/v2\/comments?post=433"}],"version-history":[{"count":4,"href":"https:\/\/serveiseducatius.xtec.cat\/cda-delta\/wp-json\/wp\/v2\/pages\/433\/revisions"}],"predecessor-version":[{"id":9755,"href":"https:\/\/serveiseducatius.xtec.cat\/cda-delta\/wp-json\/wp\/v2\/pages\/433\/revisions\/9755"}],"wp:attachment":[{"href":"https:\/\/serveiseducatius.xtec.cat\/cda-delta\/wp-json\/wp\/v2\/media?parent=433"}],"curies":[{"name":"wp","href":"https:\/\/api.w.org\/{rel}","templated":true}]}}