{"id":23,"date":"2013-12-04T12:34:07","date_gmt":"2013-12-04T12:34:07","guid":{"rendered":"http:\/\/blocs.xtec.cat\/cdadelta\/?page_id=23"},"modified":"2020-07-14T10:42:57","modified_gmt":"2020-07-14T08:42:57","slug":"inscripcions","status":"publish","type":"page","link":"https:\/\/serveiseducatius.xtec.cat\/cda-delta\/ambits\/inscripcions\/","title":{"rendered":"Inscripcions a les Estades"},"content":{"rendered":"<h2><strong><a href=\"https:\/\/serveiseducatius.xtec.cat\/cda-delta\/wp-content\/uploads\/usu1384\/2019\/02\/capc_port.jpg\"><img loading=\"lazy\" decoding=\"async\" class=\"alignnone size-full wp-image-8616\" src=\"https:\/\/serveiseducatius.xtec.cat\/cda-delta\/wp-content\/uploads\/usu1384\/2019\/02\/capc_port.jpg\" alt=\"\" width=\"1000\" height=\"265\" srcset=\"https:\/\/serveiseducatius.xtec.cat\/cda-delta\/wp-content\/uploads\/usu1384\/2019\/02\/capc_port.jpg 1000w, https:\/\/serveiseducatius.xtec.cat\/cda-delta\/wp-content\/uploads\/usu1384\/2019\/02\/capc_port-300x80.jpg 300w, https:\/\/serveiseducatius.xtec.cat\/cda-delta\/wp-content\/uploads\/usu1384\/2019\/02\/capc_port-768x204.jpg 768w\" sizes=\"auto, (max-width: 1000px) 100vw, 1000px\" \/><\/a><\/strong><\/h2>\n<h2>1. Preinscripci\u00f3 (maig i juny del curs anterior)<\/h2>\n<p align=\"justify\">El per\u00edode de sol\u00b7licituds d&#8217;inscripci\u00f3 restar\u00e0 obert al llarg de la\u00a0<strong>segona quinzena de maig del curs anterior<\/strong>. El Departament d&#8217;Educaci\u00f3 far\u00e0 p\u00fablic l&#8217;inici exacte d&#8217;aquest per\u00edode per a cada curs.<\/p>\n<p align=\"justify\">Abans de fer la preinscripci\u00f3 es recomana consultar:<\/p>\n<ul>\n<li>En aquest espai web: l&#8217;oferta del Camp d&#8217;Aprenentatge i els requisits de nivell i de capacitat de les diferents activitats i de l&#8217;allotjament. Actualment el CdA del Delta ofereix activitats <span style=\"text-decoration: underline;\">a partir de cicle mitj\u00e0\u00a0de prim\u00e0ria, <\/span>segons les activitats \u00a0<span style=\"text-decoration: underline;\">(<\/span>L&#8217;allotjament, disposa d&#8217;un m\u00e0xim de <span style=\"text-decoration: underline;\">42 places per\u00a0alumnes i 5 per a professors)<\/span>.<\/li>\n<li>En la p\u00e0gina<em> <a href=\"http:\/\/xtec.gencat.cat\/ca\/serveis\/sesc\/cda\/inscripcio\/\" target=\"_blank\" rel=\"noopener noreferrer\">Preus p\u00fablics i quotes<\/a><\/em> de l&#8217;espai web de Camps d&#8217;Aprenentatge de l&#8217;Xtec: el calendari de preinscripcions, els criteris de selecci\u00f3, les quotes d&#8217;allotjament i activitats, i les condicions generals d&#8217;\u00fas.<\/li>\n<\/ul>\n<p><a href=\"https:\/\/serveiseducatius.xtec.cat\/cda-delta\/wp-content\/uploads\/usu1384\/2019\/07\/insc1.png\"><img loading=\"lazy\" decoding=\"async\" class=\"alignleft wp-image-9269 \" src=\"https:\/\/serveiseducatius.xtec.cat\/cda-delta\/wp-content\/uploads\/usu1384\/2019\/07\/insc1-150x150.png\" alt=\"\" width=\"95\" height=\"95\" \/><\/a>Haureu de formalitzar necess\u00e0riament la sol\u00b7licitud de preinscripci\u00f3\u00a0a trav\u00e9s de\u00a0l&#8217;aplicatiu<strong> \u00a0CAMPS<\/strong>, que \u00e9s com\u00fa per a tots els Camps d&#8217;Aprenentatge i que es troba enlla\u00e7at en la mateixa p\u00e0gina web <em>Inscripci\u00f3 i quotes<\/em> del portal de Camps d&#8217;Aprenentatge:<br \/>\n<a title=\"Inscripci\u00f3 a Camps en XTEC\" href=\"http:\/\/xtec.gencat.cat\/ca\/serveis\/sesc\/cda\/inscripcio\/\" target=\"_blank\" rel=\"noopener noreferrer\">http:\/\/www.xtec.cat\/web\/serveis\/serveis\/cda\/inscripcio<\/a><\/p>\n<p>Per entrar-hi, cal utilitzar l&#8217;identificador GICAR\u00a0del professor que fa la sol\u00b7licitud (la del ATRI). Assegureu-vos que heu completat la tramesa i imprimiu-vos-en una c\u00f2pia.<\/p>\n<p style=\"text-align: left;\"><a href=\"https:\/\/serveiseducatius.xtec.cat\/cda-delta\/wp-content\/uploads\/usu1384\/2019\/07\/insc2.png\"><img loading=\"lazy\" decoding=\"async\" class=\"wp-image-9270 alignleft\" src=\"https:\/\/serveiseducatius.xtec.cat\/cda-delta\/wp-content\/uploads\/usu1384\/2019\/07\/insc2-150x150.png\" alt=\"\" width=\"105\" height=\"105\" \/><\/a>Un cop finalitzat el per\u00edode de sol\u00b7licituds, cada CdA aplicar\u00e0 els barems fixats pel Departament i podreu consultar el resultat a partir del 22 de juny en el mateix aplicatiu, on caldr\u00e0 clicar l&#8217;acceptaci\u00f3 de les dates assignades en cas afirmatiu.<\/p>\n<p>&nbsp;<\/p>\n<h2 style=\"text-align: left;\">2. Inscripci\u00f3 definitiva (setembre)<\/h2>\n<p align=\"justify\"><a href=\"https:\/\/serveiseducatius.xtec.cat\/cda-delta\/wp-content\/uploads\/usu1384\/2019\/07\/insc3.jpg\"><img loading=\"lazy\" decoding=\"async\" class=\" wp-image-9271 alignleft\" src=\"https:\/\/serveiseducatius.xtec.cat\/cda-delta\/wp-content\/uploads\/usu1384\/2019\/07\/insc3-150x150.jpg\" alt=\"\" width=\"96\" height=\"96\" \/><\/a><\/p>\n<p align=\"justify\">Des de l\u2019aplicaci\u00f3 CAMPS, es podran imprimir les adjudicacions. Aquests fulls d\u2019adjudicaci\u00f3 s\u2019hauran de lliurar al CdA signats pel director del centre educatiu<strong>\u00a0<\/strong><strong>abans del 30 de setembre.<br \/>\n<\/strong><\/p>\n<h2 align=\"justify\">3. Pagament de la bestreta (setembre)<\/h2>\n<p align=\"justify\">En el cas de les <strong>Estades<\/strong> i dins del proc\u00e9s d&#8217;inscripci\u00f3 definitiva, cal avan\u00e7ar un 10 % aproximat del cost total d&#8217;allotjament de l&#8217;Estada (consulteu la quota corresponent en la p\u00e0gina web de l&#8217;Xtec).<\/p>\n<p align=\"justify\"><a href=\"https:\/\/serveiseducatius.xtec.cat\/cda-delta\/wp-content\/uploads\/usu1384\/2019\/07\/insc4.png\"><img loading=\"lazy\" decoding=\"async\" class=\"wp-image-9275 alignleft\" src=\"https:\/\/serveiseducatius.xtec.cat\/cda-delta\/wp-content\/uploads\/usu1384\/2019\/07\/insc4-150x150.png\" alt=\"\" width=\"104\" height=\"104\" \/><\/a>Heu de fer l&#8217;ingr\u00e9s en el compte corrent del Camp d&#8217;Aprenentatge: <strong>ES47<\/strong>\u00a0<strong>2100 0140 9702 0027 5324\u00a0 <\/strong>indicant el nom del centre.\u00a0Aquest import es descomptar\u00e0 posteriorment del pagament que cal fer durant \u00a0l&#8217;estada.<\/p>\n<p align=\"justify\">El resguard de la bestreta el podeu lliurar tamb\u00e9 per correu electr\u00f2nic, per correu ordinari o el podeu portar\u00a0en m\u00e0 el dia de la Trobada de Coordinaci\u00f3,\u00a0<strong>abans del 30 de setembre<\/strong>.<\/p>\n","protected":false},"excerpt":{"rendered":"<p>1. Preinscripci\u00f3 (maig i juny del curs anterior) El per\u00edode de sol\u00b7licituds d&#8217;inscripci\u00f3 restar\u00e0 obert al llarg de la\u00a0segona quinzena de maig del curs anterior. El Departament d&#8217;Educaci\u00f3 far\u00e0 p\u00fablic l&#8217;inici exacte d&#8217;aquest per\u00edode per a cada curs. Abans de fer la preinscripci\u00f3 es recomana consultar: En aquest espai web: l&#8217;oferta del Camp d&#8217;Aprenentatge i [&hellip;]<\/p>\n","protected":false},"author":1,"featured_media":0,"parent":8235,"menu_order":0,"comment_status":"closed","ping_status":"closed","template":"","meta":{"_bbp_topic_count":0,"_bbp_reply_count":0,"_bbp_total_topic_count":0,"_bbp_total_reply_count":0,"_bbp_voice_count":0,"_bbp_anonymous_reply_count":0,"_bbp_topic_count_hidden":0,"_bbp_reply_count_hidden":0,"_bbp_forum_subforum_count":0,"site-sidebar-layout":"default","site-content-layout":"","ast-site-content-layout":"","site-content-style":"default","site-sidebar-style":"default","ast-global-header-display":"","ast-banner-title-visibility":"","ast-main-header-display":"","ast-hfb-above-header-display":"","ast-hfb-below-header-display":"","ast-hfb-mobile-header-display":"","site-post-title":"","ast-breadcrumbs-content":"","ast-featured-img":"","footer-sml-layout":"","theme-transparent-header-meta":"","adv-header-id-meta":"","stick-header-meta":"","header-above-stick-meta":"","header-main-stick-meta":"","header-below-stick-meta":"","astra-migrate-meta-layouts":"default","ast-page-background-enabled":"default","ast-page-background-meta":{"desktop":{"background-color":"var(--ast-global-color-4)","background-image":"","background-repeat":"repeat","background-position":"center center","background-size":"auto","background-attachment":"scroll","background-type":"","background-media":"","overlay-type":"","overlay-color":"","overlay-opacity":"","overlay-gradient":""},"tablet":{"background-color":"","background-image":"","background-repeat":"repeat","background-position":"center center","background-size":"auto","background-attachment":"scroll","background-type":"","background-media":"","overlay-type":"","overlay-color":"","overlay-opacity":"","overlay-gradient":""},"mobile":{"background-color":"","background-image":"","background-repeat":"repeat","background-position":"center center","background-size":"auto","background-attachment":"scroll","background-type":"","background-media":"","overlay-type":"","overlay-color":"","overlay-opacity":"","overlay-gradient":""}},"ast-content-background-meta":{"desktop":{"background-color":"var(--ast-global-color-5)","background-image":"","background-repeat":"repeat","background-position":"center center","background-size":"auto","background-attachment":"scroll","background-type":"","background-media":"","overlay-type":"","overlay-color":"","overlay-opacity":"","overlay-gradient":""},"tablet":{"background-color":"var(--ast-global-color-5)","background-image":"","background-repeat":"repeat","background-position":"center center","background-size":"auto","background-attachment":"scroll","background-type":"","background-media":"","overlay-type":"","overlay-color":"","overlay-opacity":"","overlay-gradient":""},"mobile":{"background-color":"var(--ast-global-color-5)","background-image":"","background-repeat":"repeat","background-position":"center center","background-size":"auto","background-attachment":"scroll","background-type":"","background-media":"","overlay-type":"","overlay-color":"","overlay-opacity":"","overlay-gradient":""}},"footnotes":""},"class_list":["post-23","page","type-page","status-publish","hentry"],"post_mailing_queue_ids":[],"_links":{"self":[{"href":"https:\/\/serveiseducatius.xtec.cat\/cda-delta\/wp-json\/wp\/v2\/pages\/23","targetHints":{"allow":["GET"]}}],"collection":[{"href":"https:\/\/serveiseducatius.xtec.cat\/cda-delta\/wp-json\/wp\/v2\/pages"}],"about":[{"href":"https:\/\/serveiseducatius.xtec.cat\/cda-delta\/wp-json\/wp\/v2\/types\/page"}],"author":[{"embeddable":true,"href":"https:\/\/serveiseducatius.xtec.cat\/cda-delta\/wp-json\/wp\/v2\/users\/1"}],"replies":[{"embeddable":true,"href":"https:\/\/serveiseducatius.xtec.cat\/cda-delta\/wp-json\/wp\/v2\/comments?post=23"}],"version-history":[{"count":4,"href":"https:\/\/serveiseducatius.xtec.cat\/cda-delta\/wp-json\/wp\/v2\/pages\/23\/revisions"}],"predecessor-version":[{"id":9684,"href":"https:\/\/serveiseducatius.xtec.cat\/cda-delta\/wp-json\/wp\/v2\/pages\/23\/revisions\/9684"}],"up":[{"embeddable":true,"href":"https:\/\/serveiseducatius.xtec.cat\/cda-delta\/wp-json\/wp\/v2\/pages\/8235"}],"wp:attachment":[{"href":"https:\/\/serveiseducatius.xtec.cat\/cda-delta\/wp-json\/wp\/v2\/media?parent=23"}],"curies":[{"name":"wp","href":"https:\/\/api.w.org\/{rel}","templated":true}]}}