{"id":217,"date":"2013-12-06T17:04:53","date_gmt":"2013-12-06T17:04:53","guid":{"rendered":"http:\/\/blocs.xtec.cat\/cdadelta\/?page_id=217"},"modified":"2020-01-23T14:03:54","modified_gmt":"2020-01-23T13:03:54","slug":"proces-de-participacio-a-les-sortides","status":"publish","type":"page","link":"https:\/\/serveiseducatius.xtec.cat\/cda-delta\/modalitats\/proces-de-participacio-a-les-sortides\/","title":{"rendered":"Proc\u00e9s de participaci\u00f3 en les Sortides"},"content":{"rendered":"<h1><a href=\"https:\/\/serveiseducatius.xtec.cat\/cda-delta\/wp-content\/uploads\/usu1384\/2019\/02\/pan_mirador.jpg\"><img loading=\"lazy\" decoding=\"async\" class=\"alignnone size-full wp-image-8642\" src=\"https:\/\/serveiseducatius.xtec.cat\/cda-delta\/wp-content\/uploads\/usu1384\/2019\/02\/pan_mirador.jpg\" alt=\"\" width=\"1000\" height=\"352\" srcset=\"https:\/\/serveiseducatius.xtec.cat\/cda-delta\/wp-content\/uploads\/usu1384\/2019\/02\/pan_mirador.jpg 1000w, https:\/\/serveiseducatius.xtec.cat\/cda-delta\/wp-content\/uploads\/usu1384\/2019\/02\/pan_mirador-300x106.jpg 300w, https:\/\/serveiseducatius.xtec.cat\/cda-delta\/wp-content\/uploads\/usu1384\/2019\/02\/pan_mirador-768x270.jpg 768w\" sizes=\"auto, (max-width: 1000px) 100vw, 1000px\" \/><\/a><\/h1>\n<h1>Els tres moments (Abans, durant, despr\u00e9s)<\/h1>\n<h2><strong>Moment 1: La Trobada de Coordinaci\u00f3 (TC)<\/strong><\/h2>\n<p align=\"justify\">Una vegada feta la preinscripci\u00f3 i la inscripci\u00f3 definitiva (vegeu l&#8217;apartat corresponent), cal assistir a la TC.<\/p>\n<p align=\"justify\">La Trobada de Coordinaci\u00f3 es fa a la seu del Camp d\u2019Aprenentatge i \u00e9s obligat\u00f2ria per al professorat que vindr\u00e0 posteriorment a fer la Sortida amb el seu alumnat al CdA.<\/p>\n<p>Els objectius de la TC s\u00f3n:<\/p>\n<ul>\n<li>Con\u00e8ixer l\u2019oferta pedag\u00f2gica del CdA.<\/li>\n<li>Concretar les compet\u00e8ncies b\u00e0siques a treballar.<\/li>\n<li>Concretar\u00a0els aspectes did\u00e0ctics i organitzatius de la Sortida.<\/li>\n<li>Concretar el paper del professorat a la Sortida.<\/li>\n<li>Preparar les activitats pr\u00e8vies que cal treballar al centre abans de la Sortida.<\/li>\n<\/ul>\n<p>La inscripci\u00f3 es realitza telem\u00e0ticament mitjan\u00e7ant el GTAF.<\/p>\n<p>El CdA comunicar\u00e0 pr\u00e8viament al centre la data de la seva Trobada de Coordinaci\u00f3, l&#8217;horari, i el codi \u00a0per a poder incriure&#8217;s.<\/p>\n<h2><strong>Moment 1: Les activitats pr\u00e8vies al centre educatiu<\/strong><\/h2>\n<p>Abans de fer la Sortida, s&#8217;han de portar a terme una s\u00e8rie de tasques preparat\u00f2ries al centre educatiu:<\/p>\n<ul>\n<li>Descarregar i imprimir les c\u00f2pies del quadern de l&#8217;alumne.<\/li>\n<li>Comunicar a l&#8217;alumnat el que ha de portar i ha de saber.<\/li>\n<\/ul>\n<h2><strong>Moment 2: Paper del professorat a la Sortida<\/strong><\/h2>\n<ul>\n<li>Col\u00b7laborar i participar de manera activa en totes les activitats de la Sortida.<\/li>\n<li>Fer-se c\u00e0rrec del comportament dels alumnes.<\/li>\n<li>Fer avaluaci\u00f3 continuada del treball dels alumnes.<\/li>\n<\/ul>\n<h2><strong>Moment 3: Activitats posteriors al centre educatiu<\/strong><\/h2>\n<ul>\n<li>Realitzaci\u00f3 del treball posterior pactat amb el CdA.<\/li>\n<li>Avaluaci\u00f3 del proc\u00e9s de participaci\u00f3<\/li>\n<li>Avaluaci\u00f3 de l\u2019assoliment de les compet\u00e8ncies b\u00e0siques per part dels alumnes<\/li>\n<\/ul>\n<hr \/>\n<h1><strong>Despeses de les Sortides<\/strong><\/h1>\n<p>El Camp d&#8217;Aprenentatge cobra una\u00a0quota d&#8217;activitat d&#8217;ensenyament-aprenentatge. Actualment \u00e9s de 3 \u20ac per alumne i Sortida, que cal pagar el dia de la sortida.<\/p>\n<p>Consulteu en la p\u00e0gina web &#8220;Inscripci\u00f3 i quotes&#8221; del portal\u00a0de Camps d&#8217;Aprenentatge de l&#8217;Xtec tota la informaci\u00f3 sobre la quota, les condicions i els descomptes aplicables.<\/p>\n<p>El pagament es pot fer per transfer\u00e8ncia banc\u00e0ria al compte del Camp \u00a0<strong>2100-0140-97-0200275324 (IBAN: ES4721000140970200275324)<\/strong>. No es pot pagar amb targeta de cr\u00e8dit.<\/p>\n<p>El Camp lliurar\u00e0 la corresponent factura-rebut quan estigui comprovat el pagament.<\/p>\n<p>El centre educatiu es far\u00e0 c\u00e0rrec del trasllat per fer la Sortida o per arribar al CdA. Algunes Sortides tenen una despesa complement\u00e0ria de transport o de visita. Consulteu a la TC tots els detalls al respecte.<\/p>\n","protected":false},"excerpt":{"rendered":"<p>Els tres moments (Abans, durant, despr\u00e9s) Moment 1: La Trobada de Coordinaci\u00f3 (TC) Una vegada feta la preinscripci\u00f3 i la inscripci\u00f3 definitiva (vegeu l&#8217;apartat corresponent), cal assistir a la TC. La Trobada de Coordinaci\u00f3 es fa a la seu del Camp d\u2019Aprenentatge i \u00e9s obligat\u00f2ria per al professorat que vindr\u00e0 posteriorment a fer la Sortida [&hellip;]<\/p>\n","protected":false},"author":1,"featured_media":0,"parent":8260,"menu_order":0,"comment_status":"closed","ping_status":"closed","template":"","meta":{"_bbp_topic_count":0,"_bbp_reply_count":0,"_bbp_total_topic_count":0,"_bbp_total_reply_count":0,"_bbp_voice_count":0,"_bbp_anonymous_reply_count":0,"_bbp_topic_count_hidden":0,"_bbp_reply_count_hidden":0,"_bbp_forum_subforum_count":0,"site-sidebar-layout":"default","site-content-layout":"","ast-site-content-layout":"","site-content-style":"default","site-sidebar-style":"default","ast-global-header-display":"","ast-banner-title-visibility":"","ast-main-header-display":"","ast-hfb-above-header-display":"","ast-hfb-below-header-display":"","ast-hfb-mobile-header-display":"","site-post-title":"","ast-breadcrumbs-content":"","ast-featured-img":"","footer-sml-layout":"","theme-transparent-header-meta":"","adv-header-id-meta":"","stick-header-meta":"","header-above-stick-meta":"","header-main-stick-meta":"","header-below-stick-meta":"","astra-migrate-meta-layouts":"default","ast-page-background-enabled":"default","ast-page-background-meta":{"desktop":{"background-color":"var(--ast-global-color-4)","background-image":"","background-repeat":"repeat","background-position":"center center","background-size":"auto","background-attachment":"scroll","background-type":"","background-media":"","overlay-type":"","overlay-color":"","overlay-opacity":"","overlay-gradient":""},"tablet":{"background-color":"","background-image":"","background-repeat":"repeat","background-position":"center center","background-size":"auto","background-attachment":"scroll","background-type":"","background-media":"","overlay-type":"","overlay-color":"","overlay-opacity":"","overlay-gradient":""},"mobile":{"background-color":"","background-image":"","background-repeat":"repeat","background-position":"center center","background-size":"auto","background-attachment":"scroll","background-type":"","background-media":"","overlay-type":"","overlay-color":"","overlay-opacity":"","overlay-gradient":""}},"ast-content-background-meta":{"desktop":{"background-color":"var(--ast-global-color-5)","background-image":"","background-repeat":"repeat","background-position":"center center","background-size":"auto","background-attachment":"scroll","background-type":"","background-media":"","overlay-type":"","overlay-color":"","overlay-opacity":"","overlay-gradient":""},"tablet":{"background-color":"var(--ast-global-color-5)","background-image":"","background-repeat":"repeat","background-position":"center center","background-size":"auto","background-attachment":"scroll","background-type":"","background-media":"","overlay-type":"","overlay-color":"","overlay-opacity":"","overlay-gradient":""},"mobile":{"background-color":"var(--ast-global-color-5)","background-image":"","background-repeat":"repeat","background-position":"center center","background-size":"auto","background-attachment":"scroll","background-type":"","background-media":"","overlay-type":"","overlay-color":"","overlay-opacity":"","overlay-gradient":""}},"footnotes":""},"class_list":["post-217","page","type-page","status-publish","hentry"],"post_mailing_queue_ids":[],"_links":{"self":[{"href":"https:\/\/serveiseducatius.xtec.cat\/cda-delta\/wp-json\/wp\/v2\/pages\/217","targetHints":{"allow":["GET"]}}],"collection":[{"href":"https:\/\/serveiseducatius.xtec.cat\/cda-delta\/wp-json\/wp\/v2\/pages"}],"about":[{"href":"https:\/\/serveiseducatius.xtec.cat\/cda-delta\/wp-json\/wp\/v2\/types\/page"}],"author":[{"embeddable":true,"href":"https:\/\/serveiseducatius.xtec.cat\/cda-delta\/wp-json\/wp\/v2\/users\/1"}],"replies":[{"embeddable":true,"href":"https:\/\/serveiseducatius.xtec.cat\/cda-delta\/wp-json\/wp\/v2\/comments?post=217"}],"version-history":[{"count":2,"href":"https:\/\/serveiseducatius.xtec.cat\/cda-delta\/wp-json\/wp\/v2\/pages\/217\/revisions"}],"predecessor-version":[{"id":9400,"href":"https:\/\/serveiseducatius.xtec.cat\/cda-delta\/wp-json\/wp\/v2\/pages\/217\/revisions\/9400"}],"up":[{"embeddable":true,"href":"https:\/\/serveiseducatius.xtec.cat\/cda-delta\/wp-json\/wp\/v2\/pages\/8260"}],"wp:attachment":[{"href":"https:\/\/serveiseducatius.xtec.cat\/cda-delta\/wp-json\/wp\/v2\/media?parent=217"}],"curies":[{"name":"wp","href":"https:\/\/api.w.org\/{rel}","templated":true}]}}