{"id":214,"date":"2013-12-06T17:04:11","date_gmt":"2013-12-06T17:04:11","guid":{"rendered":"http:\/\/blocs.xtec.cat\/cdadelta\/?page_id=214"},"modified":"2019-09-06T12:20:20","modified_gmt":"2019-09-06T10:20:20","slug":"proces-de-participacion-a-les-estades","status":"publish","type":"page","link":"https:\/\/serveiseducatius.xtec.cat\/cda-delta\/ambits\/proces-de-participacion-a-les-estades\/","title":{"rendered":"Proc\u00e9s de participaci\u00f3 a les Estades"},"content":{"rendered":"<h2><a href=\"https:\/\/serveiseducatius.xtec.cat\/cda-delta\/wp-content\/uploads\/usu1384\/2019\/02\/capc_ulleres1.jpg\"><img loading=\"lazy\" decoding=\"async\" class=\"alignnone size-full wp-image-8619\" src=\"https:\/\/serveiseducatius.xtec.cat\/cda-delta\/wp-content\/uploads\/usu1384\/2019\/02\/capc_ulleres1.jpg\" alt=\"\" width=\"1000\" height=\"239\" srcset=\"https:\/\/serveiseducatius.xtec.cat\/cda-delta\/wp-content\/uploads\/usu1384\/2019\/02\/capc_ulleres1.jpg 1000w, https:\/\/serveiseducatius.xtec.cat\/cda-delta\/wp-content\/uploads\/usu1384\/2019\/02\/capc_ulleres1-300x72.jpg 300w, https:\/\/serveiseducatius.xtec.cat\/cda-delta\/wp-content\/uploads\/usu1384\/2019\/02\/capc_ulleres1-768x184.jpg 768w\" sizes=\"auto, (max-width: 1000px) 100vw, 1000px\" \/><\/a><\/h2>\n<h2>Els tres moments (Abans, durant i despr\u00e9s)<\/h2>\n<h4><strong>Moment 1: La Trobada de Coordinaci\u00f3 (TC)<\/strong><\/h4>\n<p align=\"justify\">Una vegada feta la preinscripci\u00f3 i la inscripci\u00f3 definitiva (vegeu l&#8217;apartat corresponent), cal assistir a la TC.<\/p>\n<p align=\"justify\">La Trobada de Coordinaci\u00f3 es fa a la seu del Camp d\u2019Aprenentatge, normalment al setembre, i \u00e9s <span style=\"color: #ff0000;\"><strong>d&#8217;assist\u00e8ncia\u00a0obligat\u00f2ria per al professorat que vindr\u00e0 posteriorment<\/strong><\/span> a fer l\u2019Estada amb el seu alumnat al CdA.<\/p>\n<p>Els objectius de la TC s\u00f3n:<\/p>\n<ul>\n<li>Con\u00e8ixer el CdA i l\u2019allotjament.<a href=\"http:\/\/serveiseducatius.xtec.cat\/cda-delta\/wp-content\/uploads\/usu1384\/2013\/12\/formac9.jpg\"><img loading=\"lazy\" decoding=\"async\" class=\"wp-image-276 alignright\" src=\"http:\/\/serveiseducatius.xtec.cat\/cda-delta\/wp-content\/uploads\/usu1384\/2013\/12\/formac9.jpg\" alt=\"formac9\" width=\"396\" height=\"297\" srcset=\"https:\/\/serveiseducatius.xtec.cat\/cda-delta\/wp-content\/uploads\/usu1384\/2013\/12\/formac9.jpg 542w, https:\/\/serveiseducatius.xtec.cat\/cda-delta\/wp-content\/uploads\/usu1384\/2013\/12\/formac9-300x225.jpg 300w, https:\/\/serveiseducatius.xtec.cat\/cda-delta\/wp-content\/uploads\/usu1384\/2013\/12\/formac9-200x150.jpg 200w\" sizes=\"auto, (max-width: 396px) 100vw, 396px\" \/><\/a><\/li>\n<li>Con\u00e8ixer l\u2019oferta pedag\u00f2gica del CdA.<\/li>\n<li>Concretar les compet\u00e8ncies b\u00e0siques que es volen treballar.<\/li>\n<li>Concretar el programa de l\u2019Estada i els aspectes did\u00e0ctics i organitzatius derivats.<\/li>\n<li>Concretar el paper del professorat a l\u2019Estada.<\/li>\n<li>Preparar les activitats pr\u00e8vies que cal fer al centre abans de l\u2019Estada.<\/li>\n<\/ul>\n<p>La inscripci\u00f3 es fa telem\u00e0ticament mitjan\u00e7ant l&#8217;aplicatiu CAMPS.<\/p>\n<p>El CdA comunicar\u00e0 pr\u00e8viament al centre la data de la seva Trobada de Coordinaci\u00f3, l&#8217;horari, i el codi del curs per a poder fer la preinscripci\u00f3. Aquest codi tamb\u00e9 el podeu consultar a l&#8217;aplicatiu CAMPS\u00a0on vau fer la preinscripci\u00f3.<\/p>\n<h4><strong>Moment 1: Les activitats pr\u00e8vies al centre educatiu<\/strong><\/h4>\n<p>Abans de venir a fer l&#8217;Estada, s&#8217;han de portar a terme una s\u00e8rie de tasques preparat\u00f2ries al centre educatiu:<\/p>\n<ul>\n<li>Descarregar i imprimir les c\u00f2pies del quadern de l&#8217;alumne.<\/li>\n<li>Treballar les activitats pr\u00e8vies pactades a la TC.<\/li>\n<li>Comunicar a l&#8217;alumnat el que ha de portar i ha de saber.<\/li>\n<li>Preparar els grups de treball i dormitoris.<\/li>\n<li>Trametre la setmana anterior el <em>Full de dades d&#8217;estadants<\/em> amb les dades de darrera hora.<\/li>\n<\/ul>\n<h4><strong>Moment 2: Paper del professorat a l&#8217;Estada<\/strong><\/h4>\n<ul>\n<li>Resoldre els temes administratius i pagaments de les quotes el primer dia d&#8217;Estada.<\/li>\n<li>Col\u00b7laborar i <strong>participar<\/strong> de manera activa en <strong>totes<\/strong> les activitats de l&#8217;Estada.<\/li>\n<li>Fer seguiment i avaluaci\u00f3 continuada del treball dels alumnes.<\/li>\n<li>Fer-se c\u00e0rrec dels aspectes convivencials i de lleure.<\/li>\n<li>Coordinar-se amb el professorat del CdA en tots els aspectes organitzatius i pedag\u00f2gics que es vagin plantejant durant l&#8217;Estada.<\/li>\n<\/ul>\n<h4><strong>Moment 3: Activitats posteriors al centre educatiu<\/strong><\/h4>\n<ul>\n<li>Realitzaci\u00f3 del treball posterior pactat amb el CdA.<\/li>\n<li>Avaluaci\u00f3 del proc\u00e9s de participaci\u00f3<\/li>\n<li>Avaluaci\u00f3 de l&#8217;assoliment de les compet\u00e8ncies b\u00e0siques per part dels alumnes<\/li>\n<\/ul>\n<hr \/>\n<h2><strong>Despeses de l&#8217;Estada<\/strong><\/h2>\n<p>El Camp d&#8217;Aprenentatge cobra dos tipus de quotes al centre participant:<\/p>\n<ul>\n<li>La <strong>quota d&#8217;activitat d&#8217;ensenyament-aprenentatge<\/strong>, que nom\u00e9s paguen els alumnes.<\/li>\n<li>La <strong>quota d&#8217;allotjament i manutenci\u00f3<\/strong>, que paguen tots els assistents (alumnes i professors).<\/li>\n<\/ul>\n<p>Consulteu tota la informaci\u00f3 sobre les quotes, condicions i descomptes aplicables\u00a0en \u00a0la p\u00e0gina web <em>Inscripci\u00f3 i quotes<\/em> del portal\u00a0de Camps d&#8217;Aprenentatge de l&#8217;Xtec .<\/p>\n<p>Recordeu que &#8211; en el nostre CdA &#8211; els <strong>descomptes<\/strong> s\u00f3n aplicables a la quota d&#8217;activitat, per\u00f2 <strong>NO a la quota d&#8217;allotjament.<\/strong><\/p>\n<p>Al <strong>setembre<\/strong> es paga una bestreta del 10% aproximat del cost calculat en aquell moment de la quota d&#8217;allotjament de l&#8217;estada.<\/p>\n<p>El <strong>primer d\u00eda de l&#8217;estada<\/strong> es fa el pagament de la quota d&#8217;activitat i de la resta de la quota d&#8217;alllotjament (pagaments per separat).<\/p>\n<p>El pagament de les dos quotes s&#8217;haur\u00e0 de fer\u00a0per transfer\u00e8ncia banc\u00e0ria al compte del Camp \u00a0<strong>2100-0140-97-0200275324<\/strong>. <strong>(IBAN: ES4721000140970200275324)<\/strong>. No es pot pagar amb targeta de cr\u00e8dit.<\/p>\n<p>El Camp lliurar\u00e0 les corresponents factures-rebut de les dos quotes quan estiguin comprovats els pagaments.<\/p>\n<p>El centre educatiu es far\u00e0 c\u00e0rrec del trasllat per arribar el primer dia al CdA i marxar el darrer dia. No s&#8217;haur\u00e0 de fer c\u00e0rrec de cap despesa m\u00e9s durant l&#8217;estada ni dels transports de les activitats, excepte d&#8217;algunes activitats o modalitats opcionals. A la TC es concreten tots els detalls al respecte.<\/p>\n","protected":false},"excerpt":{"rendered":"<p>Els tres moments (Abans, durant i despr\u00e9s) Moment 1: La Trobada de Coordinaci\u00f3 (TC) Una vegada feta la preinscripci\u00f3 i la inscripci\u00f3 definitiva (vegeu l&#8217;apartat corresponent), cal assistir a la TC. La Trobada de Coordinaci\u00f3 es fa a la seu del Camp d\u2019Aprenentatge, normalment al setembre, i \u00e9s d&#8217;assist\u00e8ncia\u00a0obligat\u00f2ria per al professorat que vindr\u00e0 posteriorment [&hellip;]<\/p>\n","protected":false},"author":1,"featured_media":0,"parent":8235,"menu_order":0,"comment_status":"closed","ping_status":"closed","template":"","meta":{"_bbp_topic_count":0,"_bbp_reply_count":0,"_bbp_total_topic_count":0,"_bbp_total_reply_count":0,"_bbp_voice_count":0,"_bbp_anonymous_reply_count":0,"_bbp_topic_count_hidden":0,"_bbp_reply_count_hidden":0,"_bbp_forum_subforum_count":0,"site-sidebar-layout":"default","site-content-layout":"","ast-site-content-layout":"","site-content-style":"default","site-sidebar-style":"default","ast-global-header-display":"","ast-banner-title-visibility":"","ast-main-header-display":"","ast-hfb-above-header-display":"","ast-hfb-below-header-display":"","ast-hfb-mobile-header-display":"","site-post-title":"","ast-breadcrumbs-content":"","ast-featured-img":"","footer-sml-layout":"","theme-transparent-header-meta":"","adv-header-id-meta":"","stick-header-meta":"","header-above-stick-meta":"","header-main-stick-meta":"","header-below-stick-meta":"","astra-migrate-meta-layouts":"default","ast-page-background-enabled":"default","ast-page-background-meta":{"desktop":{"background-color":"var(--ast-global-color-4)","background-image":"","background-repeat":"repeat","background-position":"center center","background-size":"auto","background-attachment":"scroll","background-type":"","background-media":"","overlay-type":"","overlay-color":"","overlay-opacity":"","overlay-gradient":""},"tablet":{"background-color":"","background-image":"","background-repeat":"repeat","background-position":"center center","background-size":"auto","background-attachment":"scroll","background-type":"","background-media":"","overlay-type":"","overlay-color":"","overlay-opacity":"","overlay-gradient":""},"mobile":{"background-color":"","background-image":"","background-repeat":"repeat","background-position":"center center","background-size":"auto","background-attachment":"scroll","background-type":"","background-media":"","overlay-type":"","overlay-color":"","overlay-opacity":"","overlay-gradient":""}},"ast-content-background-meta":{"desktop":{"background-color":"var(--ast-global-color-5)","background-image":"","background-repeat":"repeat","background-position":"center center","background-size":"auto","background-attachment":"scroll","background-type":"","background-media":"","overlay-type":"","overlay-color":"","overlay-opacity":"","overlay-gradient":""},"tablet":{"background-color":"var(--ast-global-color-5)","background-image":"","background-repeat":"repeat","background-position":"center center","background-size":"auto","background-attachment":"scroll","background-type":"","background-media":"","overlay-type":"","overlay-color":"","overlay-opacity":"","overlay-gradient":""},"mobile":{"background-color":"var(--ast-global-color-5)","background-image":"","background-repeat":"repeat","background-position":"center center","background-size":"auto","background-attachment":"scroll","background-type":"","background-media":"","overlay-type":"","overlay-color":"","overlay-opacity":"","overlay-gradient":""}},"footnotes":""},"class_list":["post-214","page","type-page","status-publish","hentry"],"post_mailing_queue_ids":[],"_links":{"self":[{"href":"https:\/\/serveiseducatius.xtec.cat\/cda-delta\/wp-json\/wp\/v2\/pages\/214","targetHints":{"allow":["GET"]}}],"collection":[{"href":"https:\/\/serveiseducatius.xtec.cat\/cda-delta\/wp-json\/wp\/v2\/pages"}],"about":[{"href":"https:\/\/serveiseducatius.xtec.cat\/cda-delta\/wp-json\/wp\/v2\/types\/page"}],"author":[{"embeddable":true,"href":"https:\/\/serveiseducatius.xtec.cat\/cda-delta\/wp-json\/wp\/v2\/users\/1"}],"replies":[{"embeddable":true,"href":"https:\/\/serveiseducatius.xtec.cat\/cda-delta\/wp-json\/wp\/v2\/comments?post=214"}],"version-history":[{"count":3,"href":"https:\/\/serveiseducatius.xtec.cat\/cda-delta\/wp-json\/wp\/v2\/pages\/214\/revisions"}],"predecessor-version":[{"id":9315,"href":"https:\/\/serveiseducatius.xtec.cat\/cda-delta\/wp-json\/wp\/v2\/pages\/214\/revisions\/9315"}],"up":[{"embeddable":true,"href":"https:\/\/serveiseducatius.xtec.cat\/cda-delta\/wp-json\/wp\/v2\/pages\/8235"}],"wp:attachment":[{"href":"https:\/\/serveiseducatius.xtec.cat\/cda-delta\/wp-json\/wp\/v2\/media?parent=214"}],"curies":[{"name":"wp","href":"https:\/\/api.w.org\/{rel}","templated":true}]}}