{"id":1468,"date":"2017-01-17T14:19:28","date_gmt":"2017-01-17T13:19:28","guid":{"rendered":"http:\/\/blocs.xtec.cat\/cdadelta\/?page_id=1468"},"modified":"2017-01-17T14:19:28","modified_gmt":"2017-01-17T13:19:28","slug":"rubriques-activitats-de-sortides","status":"publish","type":"page","link":"https:\/\/serveiseducatius.xtec.cat\/cda-delta\/rubriques-activitats-de-sortides\/","title":{"rendered":"R\u00fabriques activitats de sortides"},"content":{"rendered":"<table>\n<tbody>\n<tr>\n<td style=\"text-align: center;\">Activitats Riu.<\/td>\n<td style=\"text-align: left;\">\n<p style=\"text-align: center;\">\u00a0 \u00a0<a href=\"http:\/\/serveiseducatius.xtec.cat\/cda-delta\/wp-content\/uploads\/usu1384\/2017\/01\/R\u00fabrica-rius-al-mar.pdf\">Per qu\u00e8 el riu ha d&#8217;arribar al mar?<\/a><\/p>\n<p style=\"text-align: center;\"><a href=\"http:\/\/serveiseducatius.xtec.cat\/cda-delta\/wp-content\/uploads\/usu1384\/2017\/01\/R\u00fabrica-riu-dol\u00e7-o-salat.pdf\">El riu, dol\u00e7 o salat?<\/a><\/p>\n<p style=\"text-align: center;\"><a href=\"http:\/\/serveiseducatius.xtec.cat\/cda-delta\/wp-content\/uploads\/usu1384\/2017\/01\/R\u00fabrica-LAssut-la-gran-obra-de-lEbre.pdf\">L&#8217;Assut, la gran obre de l&#8217;Ebre.<\/a><\/p>\n<p style=\"text-align: center;\"><a href=\"http:\/\/serveiseducatius.xtec.cat\/cda-delta\/wp-content\/uploads\/usu1384\/2017\/01\/R\u00fabrica-Projecte-Ebre.pdf\">Projecte Ebre.<\/a><\/p>\n<\/td>\n<\/tr>\n<tr>\n<td style=\"text-align: center;\">Activitats Delta.<\/td>\n<td>\n<p style=\"text-align: center;\">\u00a0 \u00a0<a href=\"http:\/\/serveiseducatius.xtec.cat\/cda-delta\/wp-content\/uploads\/usu1384\/2017\/01\/R\u00fabrica-Garxal-un-delta-en-miniatura.pdf\">El Garxal, un delta en miniatura.<\/a><\/p>\n<p style=\"text-align: center;\"><a href=\"http:\/\/serveiseducatius.xtec.cat\/cda-delta\/wp-content\/uploads\/usu1384\/2017\/01\/R\u00fabrica-LA-ruta-de-les-basses.pdf\">La ruta de les basses.<\/a><\/p>\n<p style=\"text-align: center;\"><a href=\"http:\/\/serveiseducatius.xtec.cat\/cda-delta\/wp-content\/uploads\/usu1384\/2013\/12\/R\u00fabrica-aus-delta.pdf\">Les aus del Delta.<\/a><\/p>\n<p style=\"text-align: center;\"><a href=\"http:\/\/serveiseducatius.xtec.cat\/cda-delta\/wp-content\/uploads\/usu1384\/2013\/12\/R\u00fabrica-Aus-biodiversitat.pdf\">Les aus: indicador de biodiversitat.<\/a><\/p>\n<p style=\"text-align: center;\"><a href=\"http:\/\/serveiseducatius.xtec.cat\/cda-delta\/wp-content\/uploads\/usu1384\/2017\/01\/R\u00fabrica-ecosistemes-aqu\u00e0tics-del-delta.pdf\">Els ecosistemes aqu\u00e0tics del Delta.<\/a><\/p>\n<p style=\"text-align: center;\"><a href=\"http:\/\/serveiseducatius.xtec.cat\/cda-delta\/wp-content\/uploads\/usu1384\/2017\/01\/R\u00fabrica-Larrossar-bassa-i-conreu.pdf\">L&#8217;arrossar, bassa i conreu.<\/a><\/p>\n<p style=\"text-align: center;\"><a href=\"http:\/\/serveiseducatius.xtec.cat\/cda-delta\/wp-content\/uploads\/usu1384\/2017\/01\/R\u00fabrica-terra-de-sal.pdf\">Una terra de sal.<\/a><\/p>\n<\/td>\n<\/tr>\n<tr>\n<td style=\"text-align: center;\">Activitats Mar.<\/td>\n<td>\n<p style=\"text-align: center;\">\u00a0 \u00a0<a href=\"http:\/\/serveiseducatius.xtec.cat\/cda-delta\/wp-content\/uploads\/usu1384\/2017\/01\/R\u00fabrica-Rapita-port-i-platja.pdf\">La R\u00e0pita, port i platja.<\/a><\/p>\n<p style=\"text-align: center;\"><a href=\"http:\/\/serveiseducatius.xtec.cat\/cda-delta\/wp-content\/uploads\/usu1384\/2013\/12\/R\u00fabrica-que-menja-el-musclo.pdf\">Qu\u00e8 menja el musclo?<\/a><\/p>\n<p style=\"text-align: center;\"><a href=\"http:\/\/serveiseducatius.xtec.cat\/cda-delta\/wp-content\/uploads\/usu1384\/2017\/01\/R\u00fabrica-la-pesca-a-la-R\u00e0pita-.pdf\">La pesca a la R\u00e0pita.<\/a><\/p>\n<p style=\"text-align: center;\"><a href=\"http:\/\/serveiseducatius.xtec.cat\/cda-delta\/wp-content\/uploads\/usu1384\/2013\/12\/R\u00fabrica-La-badia-ecosistema-mar\u00ed.pdf\">La Badia, ecosistema mar\u00ed.<\/a><\/p>\n<\/td>\n<\/tr>\n<tr>\n<td style=\"text-align: center;\">Activitats Muntanya.<\/td>\n<td>\n<p style=\"text-align: center;\">\u00a0 \u00a0<a href=\"http:\/\/serveiseducatius.xtec.cat\/cda-delta\/wp-content\/uploads\/usu1384\/2017\/01\/R\u00fabrica-Card\u00f3.pdf\">Card\u00f3, la vall amagada.<\/a><\/p>\n<p style=\"text-align: center;\"><a href=\"http:\/\/serveiseducatius.xtec.cat\/cda-delta\/wp-content\/uploads\/usu1384\/2017\/01\/R\u00fabrica-Pugem-al-Port-a-poc-a-poc.pdf\">Pugem al port, a poc a poc.<\/a><\/p>\n<p style=\"text-align: center;\"><a href=\"http:\/\/serveiseducatius.xtec.cat\/cda-delta\/wp-content\/uploads\/usu1384\/2017\/01\/R\u00fabrica-El-bosc-de-pi-roig.pdf\">El bosc de pi roig<\/a>.<\/p>\n<p style=\"text-align: center;\"><a href=\"http:\/\/serveiseducatius.xtec.cat\/cda-delta\/wp-content\/uploads\/usu1384\/2017\/01\/R\u00fabrica-Montsi\u00e0-.pdf\">Descobrim el Montsi\u00e0<\/a>.<\/p>\n<p style=\"text-align: center;\"><a href=\"http:\/\/serveiseducatius.xtec.cat\/cda-delta\/wp-content\/uploads\/usu1384\/2017\/01\/R\u00fabrica-un-mar-doliveres.pdf\">Un mar d&#8217;oliveres<\/a><\/p>\n<\/td>\n<\/tr>\n<tr>\n<td style=\"text-align: center;\">Activitats Urbanes.<\/td>\n<td>\n<p style=\"text-align: center;\">\u00a0 \u00a0<a href=\"http:\/\/serveiseducatius.xtec.cat\/cda-delta\/wp-content\/uploads\/usu1384\/2017\/01\/R\u00fabrica-el-vol-de-lesparver.pdf\">El vol de l&#8217;esparver.<\/a><\/p>\n<p style=\"text-align: center;\">\u00a0 \u00a0<a href=\"http:\/\/serveiseducatius.xtec.cat\/cda-delta\/wp-content\/uploads\/usu1384\/2013\/12\/R\u00fabrica-Pugem-a-la-Torreta.pdf\">Pugem a la Torreta.<\/a><\/p>\n<p style=\"text-align: center;\">\u00a0 \u00a0<a href=\"http:\/\/serveiseducatius.xtec.cat\/cda-delta\/wp-content\/uploads\/usu1384\/2017\/01\/R\u00fabrica-La-R\u00e0pita-poblaci\u00f3-il\u00b7lustrada.-1.pdf\">La R\u00e0pita, projecte il\u00b7lustrat.<\/a><\/p>\n<p style=\"text-align: center;\">\u00a0 \u00a0<a href=\"http:\/\/serveiseducatius.xtec.cat\/cda-delta\/wp-content\/uploads\/usu1384\/2017\/01\/Els-arbres-del-parc.pdf\">Els arbres del parc.<\/a><\/p>\n<p style=\"text-align: center;\">\u00a0 \u00a0<a href=\"http:\/\/serveiseducatius.xtec.cat\/cda-delta\/wp-content\/uploads\/usu1384\/2017\/01\/R\u00fabrica-Les-muralles-de-Tortosa.pdf\">Les muralles de Tortosa.<\/a><\/p>\n<\/td>\n<\/tr>\n<\/tbody>\n<\/table>\n","protected":false},"excerpt":{"rendered":"<p>Activitats Riu. \u00a0 \u00a0Per qu\u00e8 el riu ha d&#8217;arribar al mar? El riu, dol\u00e7 o salat? L&#8217;Assut, la gran obre de l&#8217;Ebre. Projecte Ebre. Activitats Delta. \u00a0 \u00a0El Garxal, un delta en miniatura. La ruta de les basses. Les aus del Delta. Les aus: indicador de biodiversitat. Els ecosistemes aqu\u00e0tics del Delta. L&#8217;arrossar, bassa i [&hellip;]<\/p>\n","protected":false},"author":1,"featured_media":0,"parent":0,"menu_order":0,"comment_status":"closed","ping_status":"closed","template":"","meta":{"_bbp_topic_count":0,"_bbp_reply_count":0,"_bbp_total_topic_count":0,"_bbp_total_reply_count":0,"_bbp_voice_count":0,"_bbp_anonymous_reply_count":0,"_bbp_topic_count_hidden":0,"_bbp_reply_count_hidden":0,"_bbp_forum_subforum_count":0,"site-sidebar-layout":"default","site-content-layout":"","ast-site-content-layout":"","site-content-style":"default","site-sidebar-style":"default","ast-global-header-display":"","ast-banner-title-visibility":"","ast-main-header-display":"","ast-hfb-above-header-display":"","ast-hfb-below-header-display":"","ast-hfb-mobile-header-display":"","site-post-title":"","ast-breadcrumbs-content":"","ast-featured-img":"","footer-sml-layout":"","theme-transparent-header-meta":"","adv-header-id-meta":"","stick-header-meta":"","header-above-stick-meta":"","header-main-stick-meta":"","header-below-stick-meta":"","astra-migrate-meta-layouts":"default","ast-page-background-enabled":"default","ast-page-background-meta":{"desktop":{"background-color":"var(--ast-global-color-4)","background-image":"","background-repeat":"repeat","background-position":"center center","background-size":"auto","background-attachment":"scroll","background-type":"","background-media":"","overlay-type":"","overlay-color":"","overlay-opacity":"","overlay-gradient":""},"tablet":{"background-color":"","background-image":"","background-repeat":"repeat","background-position":"center center","background-size":"auto","background-attachment":"scroll","background-type":"","background-media":"","overlay-type":"","overlay-color":"","overlay-opacity":"","overlay-gradient":""},"mobile":{"background-color":"","background-image":"","background-repeat":"repeat","background-position":"center center","background-size":"auto","background-attachment":"scroll","background-type":"","background-media":"","overlay-type":"","overlay-color":"","overlay-opacity":"","overlay-gradient":""}},"ast-content-background-meta":{"desktop":{"background-color":"var(--ast-global-color-5)","background-image":"","background-repeat":"repeat","background-position":"center center","background-size":"auto","background-attachment":"scroll","background-type":"","background-media":"","overlay-type":"","overlay-color":"","overlay-opacity":"","overlay-gradient":""},"tablet":{"background-color":"var(--ast-global-color-5)","background-image":"","background-repeat":"repeat","background-position":"center center","background-size":"auto","background-attachment":"scroll","background-type":"","background-media":"","overlay-type":"","overlay-color":"","overlay-opacity":"","overlay-gradient":""},"mobile":{"background-color":"var(--ast-global-color-5)","background-image":"","background-repeat":"repeat","background-position":"center center","background-size":"auto","background-attachment":"scroll","background-type":"","background-media":"","overlay-type":"","overlay-color":"","overlay-opacity":"","overlay-gradient":""}},"footnotes":""},"class_list":["post-1468","page","type-page","status-publish","hentry"],"post_mailing_queue_ids":[],"_links":{"self":[{"href":"https:\/\/serveiseducatius.xtec.cat\/cda-delta\/wp-json\/wp\/v2\/pages\/1468","targetHints":{"allow":["GET"]}}],"collection":[{"href":"https:\/\/serveiseducatius.xtec.cat\/cda-delta\/wp-json\/wp\/v2\/pages"}],"about":[{"href":"https:\/\/serveiseducatius.xtec.cat\/cda-delta\/wp-json\/wp\/v2\/types\/page"}],"author":[{"embeddable":true,"href":"https:\/\/serveiseducatius.xtec.cat\/cda-delta\/wp-json\/wp\/v2\/users\/1"}],"replies":[{"embeddable":true,"href":"https:\/\/serveiseducatius.xtec.cat\/cda-delta\/wp-json\/wp\/v2\/comments?post=1468"}],"version-history":[{"count":1,"href":"https:\/\/serveiseducatius.xtec.cat\/cda-delta\/wp-json\/wp\/v2\/pages\/1468\/revisions"}],"predecessor-version":[{"id":8816,"href":"https:\/\/serveiseducatius.xtec.cat\/cda-delta\/wp-json\/wp\/v2\/pages\/1468\/revisions\/8816"}],"wp:attachment":[{"href":"https:\/\/serveiseducatius.xtec.cat\/cda-delta\/wp-json\/wp\/v2\/media?parent=1468"}],"curies":[{"name":"wp","href":"https:\/\/api.w.org\/{rel}","templated":true}]}}