{"id":138,"date":"2013-12-05T20:22:19","date_gmt":"2013-12-05T20:22:19","guid":{"rendered":"http:\/\/blocs.xtec.cat\/cdadelta\/?page_id=138"},"modified":"2019-12-16T12:54:57","modified_gmt":"2019-12-16T11:54:57","slug":"coneixer-la-rapita","status":"publish","type":"page","link":"https:\/\/serveiseducatius.xtec.cat\/cda-delta\/modalitats\/projectes\/coneixer-la-rapita\/","title":{"rendered":"Con\u00e8ixer la R\u00e0pita"},"content":{"rendered":"<h2 style=\"text-align: center;\" align=\"center\">Cicle de Confer\u00e8ncies\u00a0&#8220;Con\u00e8ixer la R\u00e0pita&#8221;<\/h2>\n<hr \/>\n<h3 align=\"left\">Curs 2019 &#8211; 20<\/h3>\n<ul>\n<li>&#8220;La formaci\u00f3 del m\u00f3n ib\u00e8ric a les Terres de l&#8217;Ebre&#8221; a c\u00e0rrec de Jordi Diloli Fons<\/li>\n<\/ul>\n<p><a href=\"https:\/\/serveiseducatius.xtec.cat\/cda-delta\/wp-content\/uploads\/usu1384\/2019\/11\/\u00edbers.jpg\"><img loading=\"lazy\" decoding=\"async\" class=\"alignnone wp-image-9349\" src=\"https:\/\/serveiseducatius.xtec.cat\/cda-delta\/wp-content\/uploads\/usu1384\/2019\/11\/\u00edbers.jpg\" alt=\"\" width=\"95\" height=\"136\" srcset=\"https:\/\/serveiseducatius.xtec.cat\/cda-delta\/wp-content\/uploads\/usu1384\/2019\/11\/\u00edbers.jpg 616w, https:\/\/serveiseducatius.xtec.cat\/cda-delta\/wp-content\/uploads\/usu1384\/2019\/11\/\u00edbers-210x300.jpg 210w\" sizes=\"auto, (max-width: 95px) 100vw, 95px\" \/><\/a><\/p>\n<h3 align=\"left\">Curs 2018 &#8211; 19<\/h3>\n<ul>\n<li><span style=\"font-size: 14px;\">&#8220;Ulls grossos a la serra del Montsi\u00e0. La desamortitzaci\u00f3 que no cessa&#8221; a c\u00e0rrec de Agust\u00ed Bel Beltran<\/span><\/li>\n<\/ul>\n<p><a href=\"https:\/\/serveiseducatius.xtec.cat\/cda-delta\/wp-content\/uploads\/usu1384\/2019\/06\/conrapita_ullsgrossos.jpg\"><img loading=\"lazy\" decoding=\"async\" class=\"alignnone wp-image-8713\" src=\"https:\/\/serveiseducatius.xtec.cat\/cda-delta\/wp-content\/uploads\/usu1384\/2019\/06\/conrapita_ullsgrossos.jpg\" alt=\"\" width=\"95\" height=\"134\" srcset=\"https:\/\/serveiseducatius.xtec.cat\/cda-delta\/wp-content\/uploads\/usu1384\/2019\/06\/conrapita_ullsgrossos.jpg 523w, https:\/\/serveiseducatius.xtec.cat\/cda-delta\/wp-content\/uploads\/usu1384\/2019\/06\/conrapita_ullsgrossos-212x300.jpg 212w\" sizes=\"auto, (max-width: 95px) 100vw, 95px\" \/><\/a><\/p>\n<hr \/>\n<h3 align=\"left\">Curs 2017 &#8211; 18<\/h3>\n<ul>\n<li><span style=\"font-size: 14px;\">&#8220;Etnobot\u00e0nica al Montsi\u00e0&#8221; a c\u00e0rrec de Salvador Cordero<\/span><\/li>\n<li><span style=\"font-size: 14px;\">&#8220;Apunts per una hist\u00f2ria naval de la badia dels Alfacs&#8221; a c\u00e0rrec de Josep Pitarch L\u00f3pez<\/span><\/li>\n<\/ul>\n<p><a href=\"https:\/\/serveiseducatius.xtec.cat\/cda-delta\/wp-content\/uploads\/usu1384\/2019\/06\/conebre_etnobotanica.png\">\u00a0 \u00a0 \u00a0 \u00a0 \u00a0 \u00a0\u00a0<\/a><a href=\"https:\/\/serveiseducatius.xtec.cat\/cda-delta\/wp-content\/uploads\/usu1384\/2019\/06\/conebre_etnobotanica.png\"><img loading=\"lazy\" decoding=\"async\" class=\"alignnone wp-image-8714\" src=\"https:\/\/serveiseducatius.xtec.cat\/cda-delta\/wp-content\/uploads\/usu1384\/2019\/06\/conebre_etnobotanica.png\" alt=\"\" width=\"95\" height=\"134\" srcset=\"https:\/\/serveiseducatius.xtec.cat\/cda-delta\/wp-content\/uploads\/usu1384\/2019\/06\/conebre_etnobotanica.png 421w, https:\/\/serveiseducatius.xtec.cat\/cda-delta\/wp-content\/uploads\/usu1384\/2019\/06\/conebre_etnobotanica-213x300.png 213w\" sizes=\"auto, (max-width: 95px) 100vw, 95px\" \/><\/a> \u00a0<a href=\"https:\/\/serveiseducatius.xtec.cat\/cda-delta\/wp-content\/uploads\/usu1384\/2019\/06\/conrapita_Historia-naval.jpg\">\u00a0 \u00a0 \u00a0 \u00a0 \u00a0<\/a><a href=\"https:\/\/serveiseducatius.xtec.cat\/cda-delta\/wp-content\/uploads\/usu1384\/2019\/06\/conrapita_Historia-naval.jpg\"><img loading=\"lazy\" decoding=\"async\" class=\"alignnone wp-image-8715\" src=\"https:\/\/serveiseducatius.xtec.cat\/cda-delta\/wp-content\/uploads\/usu1384\/2019\/06\/conrapita_Historia-naval.jpg\" alt=\"\" width=\"95\" height=\"134\" srcset=\"https:\/\/serveiseducatius.xtec.cat\/cda-delta\/wp-content\/uploads\/usu1384\/2019\/06\/conrapita_Historia-naval.jpg 452w, https:\/\/serveiseducatius.xtec.cat\/cda-delta\/wp-content\/uploads\/usu1384\/2019\/06\/conrapita_Historia-naval-212x300.jpg 212w\" sizes=\"auto, (max-width: 95px) 100vw, 95px\" \/><\/a><\/p>\n<hr \/>\n<h3 align=\"left\">Curs 2016 &#8211; 17<\/h3>\n<ul>\n<li><span style=\"font-size: 14px;\">&#8220;L&#8217;urbanisme il\u00b7lustrat i la fundaci\u00f3 de la nova poblaci\u00f3 de Sant Carles&#8221; a c\u00e0rrec de Paco Carles<\/span><\/li>\n<li><span style=\"font-size: 14px;\">&#8220;Els encanteris de la serra del Montsi\u00e0. Viv\u00e8ncies i an\u00e8cdotes&#8221; a c\u00e0rrec de Joan B. Beltran Reverter<\/span><\/li>\n<\/ul>\n<p><a href=\"https:\/\/serveiseducatius.xtec.cat\/cda-delta\/wp-content\/uploads\/usu1384\/2019\/06\/conrapita_urbanisme.png\">\u00a0 \u00a0 \u00a0 \u00a0\u00a0\u00a0 \u00a0 \u00a0 \u00a0<\/a><a href=\"https:\/\/serveiseducatius.xtec.cat\/cda-delta\/wp-content\/uploads\/usu1384\/2019\/06\/conrapita_urbanisme.png\"><img loading=\"lazy\" decoding=\"async\" class=\"alignnone wp-image-8709\" src=\"https:\/\/serveiseducatius.xtec.cat\/cda-delta\/wp-content\/uploads\/usu1384\/2019\/06\/conrapita_urbanisme.png\" alt=\"\" width=\"94\" height=\"134\" srcset=\"https:\/\/serveiseducatius.xtec.cat\/cda-delta\/wp-content\/uploads\/usu1384\/2019\/06\/conrapita_urbanisme.png 538w, https:\/\/serveiseducatius.xtec.cat\/cda-delta\/wp-content\/uploads\/usu1384\/2019\/06\/conrapita_urbanisme-211x300.png 211w\" sizes=\"auto, (max-width: 94px) 100vw, 94px\" \/> \u00a0 \u00a0 \u00a0 \u00a0 \u00a0<\/a><a href=\"https:\/\/serveiseducatius.xtec.cat\/cda-delta\/wp-content\/uploads\/usu1384\/2019\/06\/conrapita_encanteris.png\"><img loading=\"lazy\" decoding=\"async\" class=\"alignnone wp-image-8708\" src=\"https:\/\/serveiseducatius.xtec.cat\/cda-delta\/wp-content\/uploads\/usu1384\/2019\/06\/conrapita_encanteris.png\" alt=\"\" width=\"95\" height=\"134\" srcset=\"https:\/\/serveiseducatius.xtec.cat\/cda-delta\/wp-content\/uploads\/usu1384\/2019\/06\/conrapita_encanteris.png 508w, https:\/\/serveiseducatius.xtec.cat\/cda-delta\/wp-content\/uploads\/usu1384\/2019\/06\/conrapita_encanteris-212x300.png 212w\" sizes=\"auto, (max-width: 95px) 100vw, 95px\" \/><\/a><\/p>\n<hr \/>\n<h3 align=\"left\">Curs 2015 &#8211; 16<\/h3>\n<ul>\n<li><span style=\"font-size: 14px;\">&#8220;L&#8217;aigua al Montsi\u00e0: fonts i surg\u00e8ncies&#8221; a c\u00e0rrec d&#8217;\u00c0lvar Arasa<\/span><\/li>\n<li><span style=\"font-size: 14px;\">&#8220;Conflictos per la terra al delta de l&#8217;Ebre, una mirada hist\u00f3rica&#8221; a c\u00e0rrec de Noelia Borr\u00e0s<\/span><\/li>\n<li><span style=\"font-size: 14px;\">&#8220;La Guerra Civil a la R\u00e0pita&#8221; a c\u00e0rrec de Josep Pitarch<\/span><\/li>\n<\/ul>\n<h3 align=\"left\"><a href=\"https:\/\/serveiseducatius.xtec.cat\/cda-delta\/wp-content\/uploads\/usu1384\/2019\/06\/conrapita_fonts.png\">\u00a0 \u00a0 \u00a0\u00a0<\/a><a href=\"https:\/\/serveiseducatius.xtec.cat\/cda-delta\/wp-content\/uploads\/usu1384\/2019\/06\/conrapita_fonts.png\"><img loading=\"lazy\" decoding=\"async\" class=\"alignnone wp-image-8706\" src=\"https:\/\/serveiseducatius.xtec.cat\/cda-delta\/wp-content\/uploads\/usu1384\/2019\/06\/conrapita_fonts.png\" alt=\"\" width=\"95\" height=\"134\" srcset=\"https:\/\/serveiseducatius.xtec.cat\/cda-delta\/wp-content\/uploads\/usu1384\/2019\/06\/conrapita_fonts.png 540w, https:\/\/serveiseducatius.xtec.cat\/cda-delta\/wp-content\/uploads\/usu1384\/2019\/06\/conrapita_fonts-212x300.png 212w\" sizes=\"auto, (max-width: 95px) 100vw, 95px\" \/><\/a><a href=\"https:\/\/serveiseducatius.xtec.cat\/cda-delta\/wp-content\/uploads\/usu1384\/2019\/06\/conrapita_noelia.png\">\u00a0 \u00a0 \u00a0 \u00a0 \u00a0\u00a0<\/a><a href=\"https:\/\/serveiseducatius.xtec.cat\/cda-delta\/wp-content\/uploads\/usu1384\/2019\/06\/conrapita_noelia.png\"><img loading=\"lazy\" decoding=\"async\" class=\"alignnone wp-image-8707\" src=\"https:\/\/serveiseducatius.xtec.cat\/cda-delta\/wp-content\/uploads\/usu1384\/2019\/06\/conrapita_noelia.png\" alt=\"\" width=\"94\" height=\"134\" srcset=\"https:\/\/serveiseducatius.xtec.cat\/cda-delta\/wp-content\/uploads\/usu1384\/2019\/06\/conrapita_noelia.png 536w, https:\/\/serveiseducatius.xtec.cat\/cda-delta\/wp-content\/uploads\/usu1384\/2019\/06\/conrapita_noelia-211x300.png 211w\" sizes=\"auto, (max-width: 94px) 100vw, 94px\" \/><\/a><a href=\"https:\/\/serveiseducatius.xtec.cat\/cda-delta\/wp-content\/uploads\/usu1384\/2019\/06\/0.png\">\u00a0 \u00a0 \u00a0 \u00a0 \u00a0 \u00a0\u00a0<\/a><a href=\"https:\/\/serveiseducatius.xtec.cat\/cda-delta\/wp-content\/uploads\/usu1384\/2019\/06\/0.png\"><img loading=\"lazy\" decoding=\"async\" class=\"alignnone wp-image-8703\" src=\"https:\/\/serveiseducatius.xtec.cat\/cda-delta\/wp-content\/uploads\/usu1384\/2019\/06\/0.png\" alt=\"\" width=\"105\" height=\"134\" srcset=\"https:\/\/serveiseducatius.xtec.cat\/cda-delta\/wp-content\/uploads\/usu1384\/2019\/06\/0.png 470w, https:\/\/serveiseducatius.xtec.cat\/cda-delta\/wp-content\/uploads\/usu1384\/2019\/06\/0-235x300.png 235w\" sizes=\"auto, (max-width: 105px) 100vw, 105px\" \/><\/a><\/h3>\n<hr \/>\n<h3 align=\"left\">Curs 2008\u00a0&#8211; 09<\/h3>\n<ul>\n<li><span style=\"font-size: 14px;\">&#8220;25 anys del Camp d&#8217;Aprenentatge de l&#8217;Ebre&#8221;\u00a0a c\u00e0rrec de: \u00d3scar Cid \u00a0<\/span><\/li>\n<\/ul>\n<h4 align=\"center\"><\/h4>\n<hr \/>\n<h3 align=\"left\">Curs 2007- 08<\/h3>\n<ul>\n<li><span style=\"font-size: 14px;\">&#8220;La R\u00e0pita del segle XXI&#8221; a c\u00e0rrec de: Coia Poblet, CERES, Empresa redactora de\u00a0\u00a0 l&#8217;Agenda 21 de la R\u00e0pita.\u00a0<\/span><\/li>\n<li><span style=\"font-size: 14px;\">&#8220;La R\u00e0pita, naixement d&#8217;un poble&#8221; a c\u00e0rrec de: Camili Castell\u00e0.<\/span><\/li>\n<\/ul>\n<p><a href=\"https:\/\/serveiseducatius.xtec.cat\/cda-delta\/wp-content\/uploads\/usu1384\/2019\/06\/post_agenda21.png\"><img loading=\"lazy\" decoding=\"async\" class=\"alignnone size-full wp-image-8857\" src=\"https:\/\/serveiseducatius.xtec.cat\/cda-delta\/wp-content\/uploads\/usu1384\/2019\/06\/post_agenda21.png\" alt=\"\" width=\"93\" height=\"134\" \/>\u00a0 \u00a0 \u00a0 \u00a0 \u00a0 \u00a0 \u00a0\u00a0<\/a><a href=\"https:\/\/serveiseducatius.xtec.cat\/cda-delta\/wp-content\/uploads\/usu1384\/2019\/06\/post_neixementr.png\"><img loading=\"lazy\" decoding=\"async\" class=\"alignnone size-full wp-image-8858\" src=\"https:\/\/serveiseducatius.xtec.cat\/cda-delta\/wp-content\/uploads\/usu1384\/2019\/06\/post_neixementr.png\" alt=\"\" width=\"94\" height=\"134\" \/><\/a><\/p>\n<hr \/>\n<h3>Curs 2006-07<\/h3>\n<ul>\n<li><span style=\"font-size: 14px;\">&#8220;Funcionament i usos de la badia dels Alfacs&#8221; a c\u00e0rrec de: Jordi Quintano i Ignasi Salord, professors de l&#8217;escola d&#8217;aq\u00fcicultura de l&#8217;IES Alfacs.<\/span><\/li>\n<li><span style=\"font-size: 14px;\">&#8220;Els canals de navegaci\u00f3 de l&#8217;Ebre als Alfacs: s. XV &#8211; s. XIX&#8221; a c\u00e0rrec de: Emeteri Fabregat, historiador.<\/span><\/li>\n<li><span style=\"font-size: 14px;\">&#8220;La topon\u00edmia del terme de La R\u00e0pita&#8221; a c\u00e0rrec de: Paco Carles, historiador local.<\/span><\/li>\n<\/ul>\n<p><a href=\"https:\/\/serveiseducatius.xtec.cat\/cda-delta\/wp-content\/uploads\/usu1384\/2019\/06\/conrapita_badia.png\">\u00a0 \u00a0 \u00a0 \u00a0 \u00a0 \u00a0<\/a><a href=\"https:\/\/serveiseducatius.xtec.cat\/cda-delta\/wp-content\/uploads\/usu1384\/2019\/06\/conrapita_badia.png\"><img loading=\"lazy\" decoding=\"async\" class=\"alignnone wp-image-8722\" src=\"https:\/\/serveiseducatius.xtec.cat\/cda-delta\/wp-content\/uploads\/usu1384\/2019\/06\/conrapita_badia.png\" alt=\"\" width=\"94\" height=\"134\" srcset=\"https:\/\/serveiseducatius.xtec.cat\/cda-delta\/wp-content\/uploads\/usu1384\/2019\/06\/conrapita_badia.png 534w, https:\/\/serveiseducatius.xtec.cat\/cda-delta\/wp-content\/uploads\/usu1384\/2019\/06\/conrapita_badia-210x300.png 210w\" sizes=\"auto, (max-width: 94px) 100vw, 94px\" \/><\/a><a href=\"https:\/\/serveiseducatius.xtec.cat\/cda-delta\/wp-content\/uploads\/usu1384\/2019\/06\/conrapita_canalnaveg.png\">\u00a0 \u00a0 \u00a0 \u00a0 \u00a0 \u00a0 \u00a0\u00a0<\/a><a href=\"https:\/\/serveiseducatius.xtec.cat\/cda-delta\/wp-content\/uploads\/usu1384\/2019\/06\/conrapita_canalnaveg.png\"><img loading=\"lazy\" decoding=\"async\" class=\"alignnone wp-image-8720\" src=\"https:\/\/serveiseducatius.xtec.cat\/cda-delta\/wp-content\/uploads\/usu1384\/2019\/06\/conrapita_canalnaveg.png\" alt=\"\" width=\"94\" height=\"134\" srcset=\"https:\/\/serveiseducatius.xtec.cat\/cda-delta\/wp-content\/uploads\/usu1384\/2019\/06\/conrapita_canalnaveg.png 532w, https:\/\/serveiseducatius.xtec.cat\/cda-delta\/wp-content\/uploads\/usu1384\/2019\/06\/conrapita_canalnaveg-210x300.png 210w\" sizes=\"auto, (max-width: 94px) 100vw, 94px\" \/><\/a>\u00a0 \u00a0 \u00a0 \u00a0 \u00a0 \u00a0 \u00a0 \u00a0<a href=\"https:\/\/serveiseducatius.xtec.cat\/cda-delta\/wp-content\/uploads\/usu1384\/2019\/06\/conrapita_nomslloc.png\"><img loading=\"lazy\" decoding=\"async\" class=\"alignnone wp-image-8721\" src=\"https:\/\/serveiseducatius.xtec.cat\/cda-delta\/wp-content\/uploads\/usu1384\/2019\/06\/conrapita_nomslloc.png\" alt=\"\" width=\"92\" height=\"134\" srcset=\"https:\/\/serveiseducatius.xtec.cat\/cda-delta\/wp-content\/uploads\/usu1384\/2019\/06\/conrapita_nomslloc.png 524w, https:\/\/serveiseducatius.xtec.cat\/cda-delta\/wp-content\/uploads\/usu1384\/2019\/06\/conrapita_nomslloc-207x300.png 207w\" sizes=\"auto, (max-width: 92px) 100vw, 92px\" \/><\/a><\/p>\n<hr \/>\n<h3>Curs 2005-06<\/h3>\n<ul>\n<li><span style=\"font-size: 14px;\">&#8220;Les salines del delta de l&#8217;Ebre a l&#8217;Edat Mitjana&#8221; a c\u00e0rrec de Josep Pitarch.<\/span><\/li>\n<li><span style=\"font-size: 14px;\">&#8220;La pesca a Sant Carles&#8221; a c\u00e0rrec de Josep Tom\u00e0s F\u00e8lix Gombau.<\/span><\/li>\n<li><span style=\"font-size: 14px;\">&#8220;La serra del Montsi\u00e0&#8221; a c\u00e0rrec del Centre Excursionista la Foradada.<\/span><\/li>\n<\/ul>\n<p><a href=\"https:\/\/serveiseducatius.xtec.cat\/cda-delta\/wp-content\/uploads\/usu1384\/2019\/06\/post_pesca.png\">\u00a0 \u00a0 \u00a0 \u00a0 \u00a0 \u00a0 \u00a0 \u00a0 \u00a0 \u00a0 \u00a0 \u00a0 \u00a0 \u00a0 \u00a0 \u00a0 \u00a0 \u00a0 \u00a0 \u00a0 \u00a0 \u00a0 \u00a0 \u00a0<img loading=\"lazy\" decoding=\"async\" class=\"alignnone size-full wp-image-8860\" src=\"https:\/\/serveiseducatius.xtec.cat\/cda-delta\/wp-content\/uploads\/usu1384\/2019\/06\/post_pesca.png\" alt=\"\" width=\"95\" height=\"134\" \/><\/a>\u00a0 \u00a0 \u00a0 \u00a0 \u00a0 \u00a0 \u00a0\u00a0<a href=\"https:\/\/serveiseducatius.xtec.cat\/cda-delta\/wp-content\/uploads\/usu1384\/2019\/06\/post_serra.png\"><img loading=\"lazy\" decoding=\"async\" class=\"alignnone size-large wp-image-8861\" src=\"https:\/\/serveiseducatius.xtec.cat\/cda-delta\/wp-content\/uploads\/usu1384\/2019\/06\/post_serra.png\" alt=\"\" width=\"94\" height=\"134\" \/><\/a><\/p>\n<hr \/>\n<h3>Curs 2004-05<\/h3>\n<ul>\n<li><span style=\"font-size: 14px;\">&#8220;L&#8217;urbanisme a la nova poblacionalmente de Sant Carles de la R\u00e0pita&#8221; a c\u00e0rrec de Paco Carles.<\/span><\/li>\n<\/ul>\n<hr \/>\n<p>&nbsp;<\/p>\n","protected":false},"excerpt":{"rendered":"<p>Cicle de Confer\u00e8ncies\u00a0&#8220;Con\u00e8ixer la R\u00e0pita&#8221; Curs 2019 &#8211; 20 &#8220;La formaci\u00f3 del m\u00f3n ib\u00e8ric a les Terres de l&#8217;Ebre&#8221; a c\u00e0rrec de Jordi Diloli Fons Curs 2018 &#8211; 19 &#8220;Ulls grossos a la serra del Montsi\u00e0. La desamortitzaci\u00f3 que no cessa&#8221; a c\u00e0rrec de Agust\u00ed Bel Beltran Curs 2017 &#8211; 18 &#8220;Etnobot\u00e0nica al Montsi\u00e0&#8221; a [&hellip;]<\/p>\n","protected":false},"author":1,"featured_media":0,"parent":160,"menu_order":0,"comment_status":"closed","ping_status":"closed","template":"","meta":{"_bbp_topic_count":0,"_bbp_reply_count":0,"_bbp_total_topic_count":0,"_bbp_total_reply_count":0,"_bbp_voice_count":0,"_bbp_anonymous_reply_count":0,"_bbp_topic_count_hidden":0,"_bbp_reply_count_hidden":0,"_bbp_forum_subforum_count":0,"site-sidebar-layout":"default","site-content-layout":"","ast-site-content-layout":"","site-content-style":"default","site-sidebar-style":"default","ast-global-header-display":"","ast-banner-title-visibility":"","ast-main-header-display":"","ast-hfb-above-header-display":"","ast-hfb-below-header-display":"","ast-hfb-mobile-header-display":"","site-post-title":"","ast-breadcrumbs-content":"","ast-featured-img":"","footer-sml-layout":"","theme-transparent-header-meta":"","adv-header-id-meta":"","stick-header-meta":"","header-above-stick-meta":"","header-main-stick-meta":"","header-below-stick-meta":"","astra-migrate-meta-layouts":"default","ast-page-background-enabled":"default","ast-page-background-meta":{"desktop":{"background-color":"var(--ast-global-color-4)","background-image":"","background-repeat":"repeat","background-position":"center center","background-size":"auto","background-attachment":"scroll","background-type":"","background-media":"","overlay-type":"","overlay-color":"","overlay-opacity":"","overlay-gradient":""},"tablet":{"background-color":"","background-image":"","background-repeat":"repeat","background-position":"center center","background-size":"auto","background-attachment":"scroll","background-type":"","background-media":"","overlay-type":"","overlay-color":"","overlay-opacity":"","overlay-gradient":""},"mobile":{"background-color":"","background-image":"","background-repeat":"repeat","background-position":"center center","background-size":"auto","background-attachment":"scroll","background-type":"","background-media":"","overlay-type":"","overlay-color":"","overlay-opacity":"","overlay-gradient":""}},"ast-content-background-meta":{"desktop":{"background-color":"var(--ast-global-color-5)","background-image":"","background-repeat":"repeat","background-position":"center center","background-size":"auto","background-attachment":"scroll","background-type":"","background-media":"","overlay-type":"","overlay-color":"","overlay-opacity":"","overlay-gradient":""},"tablet":{"background-color":"var(--ast-global-color-5)","background-image":"","background-repeat":"repeat","background-position":"center center","background-size":"auto","background-attachment":"scroll","background-type":"","background-media":"","overlay-type":"","overlay-color":"","overlay-opacity":"","overlay-gradient":""},"mobile":{"background-color":"var(--ast-global-color-5)","background-image":"","background-repeat":"repeat","background-position":"center center","background-size":"auto","background-attachment":"scroll","background-type":"","background-media":"","overlay-type":"","overlay-color":"","overlay-opacity":"","overlay-gradient":""}},"footnotes":""},"class_list":["post-138","page","type-page","status-publish","hentry"],"post_mailing_queue_ids":[],"_links":{"self":[{"href":"https:\/\/serveiseducatius.xtec.cat\/cda-delta\/wp-json\/wp\/v2\/pages\/138","targetHints":{"allow":["GET"]}}],"collection":[{"href":"https:\/\/serveiseducatius.xtec.cat\/cda-delta\/wp-json\/wp\/v2\/pages"}],"about":[{"href":"https:\/\/serveiseducatius.xtec.cat\/cda-delta\/wp-json\/wp\/v2\/types\/page"}],"author":[{"embeddable":true,"href":"https:\/\/serveiseducatius.xtec.cat\/cda-delta\/wp-json\/wp\/v2\/users\/1"}],"replies":[{"embeddable":true,"href":"https:\/\/serveiseducatius.xtec.cat\/cda-delta\/wp-json\/wp\/v2\/comments?post=138"}],"version-history":[{"count":4,"href":"https:\/\/serveiseducatius.xtec.cat\/cda-delta\/wp-json\/wp\/v2\/pages\/138\/revisions"}],"predecessor-version":[{"id":9355,"href":"https:\/\/serveiseducatius.xtec.cat\/cda-delta\/wp-json\/wp\/v2\/pages\/138\/revisions\/9355"}],"up":[{"embeddable":true,"href":"https:\/\/serveiseducatius.xtec.cat\/cda-delta\/wp-json\/wp\/v2\/pages\/160"}],"wp:attachment":[{"href":"https:\/\/serveiseducatius.xtec.cat\/cda-delta\/wp-json\/wp\/v2\/media?parent=138"}],"curies":[{"name":"wp","href":"https:\/\/api.w.org\/{rel}","templated":true}]}}