{"id":137,"date":"2013-12-05T20:21:42","date_gmt":"2013-12-05T20:21:42","guid":{"rendered":"http:\/\/blocs.xtec.cat\/cdadelta\/?page_id=137"},"modified":"2019-06-16T17:40:39","modified_gmt":"2019-06-16T15:40:39","slug":"descobreix-la-teua-ciutat","status":"publish","type":"page","link":"https:\/\/serveiseducatius.xtec.cat\/cda-delta\/modalitats\/projectes\/descobreix-la-teua-ciutat\/","title":{"rendered":"Descobreix la teua ciutat"},"content":{"rendered":"<table>\n<tbody>\n<tr>\n<td colspan=\"2\" valign=\"top\">QU\u00c8 ES EL PLA D&#8217;ACTIVITATS EDUCATIVES &#8220;DESCOBREIX LA TEUA CIUTAT&#8221;?<\/p>\n<p>En el marc d&#8217;una concepci\u00f3 de l&#8217;educaci\u00f3 oberta, que contempla la ciutat com una font de recursos educatius i, a la vegada, en un objecte d&#8217;estudi, la regidoria d&#8217;Ensenyament de l&#8217;Ajuntament de Tortosa i els Serveis Educatius del Departament d&#8217;Educaci\u00f3 -Camp d&#8217;Aprenentatge de l&#8217;Ebre i Centre de Recursos Pedag\u00f2gics del Baix Ebre- han organitzat des de principis dels anys 90 el Pla d&#8217;Activitats Educatives &#8220;Descobreix la teua ciutat&#8221;.<\/p>\n<p>El conjunt d&#8217;activitats programades ha perm\u00e9s als alumnes dels nivells d&#8217;ensenyament obligatori de la ciutat de Tortosa apropar-se als espais i serveis que els ofereix la seua ciutat. Hem pret\u00e9s, tamb\u00e9, ajudar a con\u00e8ixer el funcionament de la ciutat i afavorir la formaci\u00f3 dels nostres alumnes vers una ciutat m\u00e9s sostenible.<\/p>\n<table style=\"width: 706px;\" border=\"1\" cellpadding=\"1\">\n<tbody>\n<tr>\n<td colspan=\"2\">\n<h3 align=\"center\">Educaci\u00f3 Infantil<\/h3>\n<\/td>\n<\/tr>\n<tr>\n<td>\n<h4>Sentim el parc\u00a0<strong><br \/>\n<\/strong><\/h4>\n<p align=\"justify\">Itinerari sensorial, dissenyat pel CdA de l&#8217;Ebre, que discorre per diferents arbres del Parc Teodoro Gonz\u00e1lez. Tocar, mesurar, olorar, escolar i explorar l&#8217;entorn immediat per tal de discriminar, relacionar i retenir dades sensorials s\u00f3n objectius d&#8217;aquetsa activitat.<\/p>\n<p align=\"justify\"><a href=\"http:\/\/www.xtec.cat\/cda-delta\/pdf\/tortosa\/prof_sentimparc.pdf\" target=\"_blank\" rel=\"noopener noreferrer\"><img loading=\"lazy\" decoding=\"async\" class=\"wp-image-8747 aligncenter\" src=\"https:\/\/serveiseducatius.xtec.cat\/cda-delta\/wp-content\/uploads\/usu1384\/2019\/06\/Doss_sentirparc.png\" alt=\"\" width=\"102\" height=\"134\" \/><\/a><\/p>\n<h5 style=\"text-align: center;\"><a href=\"http:\/\/www.xtec.cat\/cda-delta\/pdf\/tortosa\/prof_sentimparc.pdf\" target=\"_blank\" rel=\"noopener noreferrer\">Dossier del professorat\u00a0<\/a><\/h5>\n<\/td>\n<td>\n<h4>\u00a0La llegenda de la Cucafera<\/h4>\n<p>Recreaci\u00f3 en titelles de la llegenda de la Cucafera de Tortosa de la m\u00e0 de la Companyia l&#8217;Udol Teatre. Rufolet, la Cucafera, els nans .., com a personatges, i la cova d&#8217;en Rub\u00ed, la Catedral &#8230;, com a llocs significatius de la ciutat apropen als xiquets i xiquetes una llegenda sovint no gaire coneguda.<\/p>\n<p><a href=\"http:\/\/www.xtec.cat\/cda-delta\/pdf\/tortosa\/cucafera.pdf\" target=\"_blank\" rel=\"noopener noreferrer\"><img loading=\"lazy\" decoding=\"async\" class=\"wp-image-8748 aligncenter\" src=\"https:\/\/serveiseducatius.xtec.cat\/cda-delta\/wp-content\/uploads\/usu1384\/2019\/06\/Doss_cucafera.png\" alt=\"\" width=\"103\" height=\"134\" \/><\/a><\/p>\n<h5 style=\"text-align: center;\"><a href=\"http:\/\/www.xtec.cat\/cda-delta\/pdf\/tortosa\/cucafera.pdf\" target=\"_blank\" rel=\"noopener noreferrer\">Dossier del professorat<\/a><\/h5>\n<\/td>\n<\/tr>\n<tr align=\"center\">\n<td colspan=\"2\">\n<h3>\u00a0\u00a0 Cicle Mitj\u00e0<\/h3>\n<\/td>\n<\/tr>\n<tr>\n<td>\n<h4>\u00a0El mercat: rebost de la ciutat:\u00a0<strong><br \/>\n<\/strong><\/h4>\n<p align=\"justify\">El Camp d&#8217;Aprenentatge de l&#8217;Ebre ha preparat el joc &#8220;El Laberint del Mercat&#8221; mitjan\u00e7ant el qual els alumnes descobriran el mercat com a rebost de la ciutat. Enregistraran dades sobre parades, productes i preus i aprofundiran en la funci\u00f3 del mercat dins de la ciutat.<\/p>\n<p align=\"justify\"><a href=\"http:\/\/www.xtec.cat\/cda-delta\/pdf\/tortosa\/prof_mercat.pdf\" target=\"_blank\" rel=\"noopener noreferrer\"><img loading=\"lazy\" decoding=\"async\" class=\"wp-image-8751 aligncenter\" src=\"https:\/\/serveiseducatius.xtec.cat\/cda-delta\/wp-content\/uploads\/usu1384\/2019\/06\/Doss_mercat.png\" alt=\"\" width=\"101\" height=\"134\" \/><\/a><\/p>\n<h5 style=\"text-align: center;\" align=\"justify\"><a href=\"http:\/\/www.xtec.cat\/cda-delta\/pdf\/tortosa\/prof_mercat.pdf\" target=\"_blank\" rel=\"noopener noreferrer\"><span style=\"color: #000000;\"><span style=\"color: #000000;\">Dossier del professorat<\/span><\/span><\/a><\/h5>\n<p><a href=\"http:\/\/www.xtec.cat\/cda-delta\/pdf\/tortosa\/alum_mercat.pdf\" target=\"_blank\" rel=\"noopener noreferrer\"><img loading=\"lazy\" decoding=\"async\" class=\"aligncenter wp-image-8753\" src=\"https:\/\/serveiseducatius.xtec.cat\/cda-delta\/wp-content\/uploads\/usu1384\/2019\/06\/Alum_mercat.png\" alt=\"\" width=\"93\" height=\"134\" \/><\/a><\/p>\n<h5 style=\"text-align: center;\" align=\"justify\"><a href=\"http:\/\/www.xtec.cat\/cda-delta\/pdf\/tortosa\/alum_mercat.pdf\">Quadern de l&#8217;alumne A3<\/a><\/h5>\n<h5 style=\"text-align: center;\" align=\"justify\"><a href=\"http:\/\/www.xtec.cat\/cda-delta\/pdf\/tortosa\/aluma4_mercat.pdf\">Quadern de l&#8217;alumne A4\u00a0<\/a><\/h5>\n<\/td>\n<td>\n<h4>Con\u00e8ixer l&#8217;Ebre: de Tortosa a l&#8217;Illa dels Bous<\/h4>\n<p align=\"justify\">Itinerari fluvial per a la descoberta del riu al seu pas per Tortosa, dissenyat pel Camp d&#8217;Aprenentatge de l&#8217;Ebre. Al llarg del trajecte en barca es realitzar\u00e0 un joc de descoberta amb l&#8217;objectiu de copsar i comparar els diferents elements que configuren el paisatge fluvial.<\/p>\n<p align=\"justify\"><a href=\"http:\/\/www.xtec.cat\/cda-delta\/pdf\/tortosa\/prof_illabous.pdf\" target=\"_blank\" rel=\"noopener noreferrer\"><img loading=\"lazy\" decoding=\"async\" class=\"wp-image-8752 aligncenter\" src=\"https:\/\/serveiseducatius.xtec.cat\/cda-delta\/wp-content\/uploads\/usu1384\/2019\/06\/Alum_illabous.png\" alt=\"\" width=\"99\" height=\"134\" \/><\/a><\/p>\n<h5 style=\"text-align: center;\"><span style=\"color: #000000;\"><span style=\"color: #000000;\"><a href=\"http:\/\/www.xtec.cat\/cda-delta\/pdf\/tortosa\/prof_illabous.pdf\" target=\"_blank\" rel=\"noopener noreferrer\">Dossier del professorat<\/a><\/span><\/span><\/h5>\n<p><a href=\"http:\/\/www.xtec.cat\/cda-delta\/pdf\/tortosa\/alum_illabous.pdf\" target=\"_blank\" rel=\"noopener noreferrer\"><img loading=\"lazy\" decoding=\"async\" class=\"aligncenter wp-image-8754\" src=\"https:\/\/serveiseducatius.xtec.cat\/cda-delta\/wp-content\/uploads\/usu1384\/2019\/06\/Alum_illabous-1.png\" alt=\"\" width=\"99\" height=\"134\" \/><\/a><\/p>\n<h5 style=\"text-align: center;\"><a href=\"http:\/\/www.xtec.cat\/cda-delta\/pdf\/tortosa\/alum_illabous.pdf\">Quadern de l&#8217;alumne A3<\/a><\/h5>\n<h5 style=\"text-align: center;\"><a href=\"http:\/\/www.xtec.cat\/cda-delta\/pdf\/tortosa\/aluma4_illabous.pdf\">Quadern alumne A4\u00a0<\/a><\/h5>\n<\/td>\n<\/tr>\n<tr align=\"center\">\n<td colspan=\"2\">\n<h3>Cicle Superior<\/h3>\n<\/td>\n<\/tr>\n<tr>\n<td>\n<h4>Les muralles de Tortosa.\u00a0<strong><br \/>\n<\/strong><\/h4>\n<p align=\"justify\">Descobrir com i per qu\u00e8 la ciutat es defensava, transitar per les fortificacions que convertien Tortosa en una &#8220;pla\u00e7a forta&#8221; per a controlar l&#8217;estrat\u00e8gic pas de riu&#8230; pot resultar una activitat apassionant alhora que did\u00e0ctica de la m\u00e0 de l&#8217;activitat que ens planteja el CdA de l&#8217;Ebre. Fossats, baluards, troneres i revelins, &#8230; es convertiran en aules obertes per a descobrir el passat de la ciutat.<\/p>\n<p align=\"justify\"><a href=\"http:\/\/www.xtec.cat\/cda-delta\/pdf\/tortosa\/prof_muralles.pdf\" target=\"_blank\" rel=\"noopener noreferrer\"><img loading=\"lazy\" decoding=\"async\" class=\"wp-image-8757 aligncenter\" src=\"https:\/\/serveiseducatius.xtec.cat\/cda-delta\/wp-content\/uploads\/usu1384\/2019\/06\/Doss_muralles.png\" alt=\"\" width=\"98\" height=\"134\" \/><\/a><\/p>\n<h5 style=\"text-align: center;\"><a href=\"http:\/\/www.xtec.cat\/cda-delta\/pdf\/tortosa\/prof_muralles.pdf\"><span style=\"color: #000000;\"><span style=\"color: #000000;\">Dossier del professorat<\/span><\/span><\/a><\/h5>\n<p><a href=\"http:\/\/www.xtec.cat\/cda-delta\/pdf\/tortosa\/alum_muralles.pdf\" target=\"_blank\" rel=\"noopener noreferrer\"><img loading=\"lazy\" decoding=\"async\" class=\"aligncenter wp-image-8759\" src=\"https:\/\/serveiseducatius.xtec.cat\/cda-delta\/wp-content\/uploads\/usu1384\/2019\/06\/Alum_muralles.png\" alt=\"\" width=\"100\" height=\"134\" \/><\/a><\/p>\n<h5 style=\"text-align: center;\"><a href=\"http:\/\/www.xtec.cat\/cda-delta\/pdf\/tortosa\/alum_muralles.pdf\">Quadern de l&#8217;alumn A3<\/a><\/h5>\n<h5 style=\"text-align: center;\"><a href=\"http:\/\/www.xtec.cat\/cda-delta\/pdf\/tortosa\/aluma4_muralles.pdf\">Quadern de l&#8217;alumne A4\u00a0<\/a><\/h5>\n<\/td>\n<td>\n<h4>Descobrim els arbres del Parc<\/h4>\n<p align=\"justify\">Un itinerari guiat del CdA de l&#8217;Ebre ens permetr\u00e0 con\u00e8ixer els arbres m\u00e9s representatius del Parc de la ciutat. Mirarem d&#8217;esbrinar-ne el nom, la seua ecologia i els seus usos m\u00e9s habituals. Els arbres estan plens d&#8217;an\u00e8cdotes i de curiositats que anirem desvetllant en el nostre recorregut. Haurem d&#8217;iniciar-nos en l&#8217;\u00fas de les claus dicot\u00f2miques per a classificar-los. I tot ho farem per a que tots plegats estimem m\u00e9s el nostre Parc.<\/p>\n<p align=\"justify\"><a href=\"http:\/\/www.xtec.cat\/cda-delta\/pdf\/tortosa\/prof_arbresparc.pdf\" target=\"_blank\" rel=\"noopener noreferrer\"><img loading=\"lazy\" decoding=\"async\" class=\"wp-image-8761 aligncenter\" src=\"https:\/\/serveiseducatius.xtec.cat\/cda-delta\/wp-content\/uploads\/usu1384\/2019\/06\/Doss_arbresparc.png\" alt=\"\" width=\"99\" height=\"134\" \/><\/a><\/p>\n<h5 style=\"text-align: center;\"><a href=\"http:\/\/www.xtec.cat\/cda-delta\/pdf\/tortosa\/prof_arbresparc.pdf\"><span style=\"color: #000000;\"><span style=\"color: #000000;\">Dossier del professorat<\/span><\/span><\/a><\/h5>\n<p><a href=\"http:\/\/www.xtec.cat\/cda-delta\/pdf\/tortosa\/alum_arbresparc.pdf\" target=\"_blank\" rel=\"noopener noreferrer\"><img loading=\"lazy\" decoding=\"async\" class=\"aligncenter wp-image-8762\" src=\"https:\/\/serveiseducatius.xtec.cat\/cda-delta\/wp-content\/uploads\/usu1384\/2019\/06\/Alum_arbresparc.png\" alt=\"\" width=\"100\" height=\"134\" \/><\/a><\/p>\n<h5 style=\"text-align: center;\"><a href=\"http:\/\/www.xtec.cat\/cda-delta\/pdf\/tortosa\/alum_arbresparc.pdf\">Quadern de l&#8217;alumne A3<\/a><\/h5>\n<\/td>\n<\/tr>\n<tr align=\"center\">\n<td colspan=\"2\">\n<h3>Educaci\u00f3 Secund\u00e0ria Obligat\u00f2ria 1r Cicle<\/h3>\n<\/td>\n<\/tr>\n<tr>\n<td>\n<h4>Con\u00e8ixer l&#8217;Ebre: Tortosa, port i pont.\u00a0<strong><br \/>\n<\/strong><\/h4>\n<p align=\"justify\">Itinerari fluvial dissenyat pel CdA de l&#8217;Ebre per a la descoberta del riu al seu pas per Tortosa. Es tracta de descobrir la ciutat de Tortosa des de dins del propi riu comparant els diferents elements del paisatge fluvial des d&#8217;\u00e8poques passades foins avui<\/p>\n<p align=\"justify\"><a href=\"http:\/\/www.xtec.cat\/cda-delta\/pdf\/tortosa\/prof_pontport.pdf\" target=\"_blank\" rel=\"noopener noreferrer\"><img loading=\"lazy\" decoding=\"async\" class=\"aligncenter wp-image-8764\" src=\"https:\/\/serveiseducatius.xtec.cat\/cda-delta\/wp-content\/uploads\/usu1384\/2019\/06\/Doss_pont.png\" alt=\"\" width=\"101\" height=\"134\" \/><\/a><\/p>\n<h5 style=\"text-align: center;\"><span style=\"color: #000000;\"><span style=\"color: #000000;\"><a href=\"http:\/\/www.xtec.cat\/cda-delta\/pdf\/tortosa\/prof_pontport.pdf\" target=\"_blank\" rel=\"noopener noreferrer\">Dossier del professorat<\/a><\/span><\/span><\/h5>\n<p><a href=\"http:\/\/www.xtec.cat\/cda-delta\/pdf\/tortosa\/alum_pontport.pdf\" target=\"_blank\" rel=\"noopener noreferrer\"><img loading=\"lazy\" decoding=\"async\" class=\"aligncenter wp-image-8765\" src=\"https:\/\/serveiseducatius.xtec.cat\/cda-delta\/wp-content\/uploads\/usu1384\/2019\/06\/Alum_pont.png\" alt=\"\" width=\"100\" height=\"134\" \/><\/a><\/p>\n<h5 style=\"text-align: center;\"><a href=\"http:\/\/www.xtec.cat\/cda-delta\/pdf\/tortosa\/alum_pontport.pdf\">Quadern de l&#8217;alumne A3<\/a><\/h5>\n<h5 style=\"text-align: center;\"><a href=\"http:\/\/www.xtec.cat\/cda-delta\/pdf\/tortosa\/aluma4_pontport.pdf\">Quadern de l&#8217;alumne A4<\/a><\/h5>\n<\/td>\n<td>\n<h4>Llegir la ciutat: les parets parlen<\/h4>\n<p align=\"justify\">Un recorregut preparat pel Camp d\u2019aprenentatge de l\u2019Ebre per la gent antiga de la ciutat de Tortosa mitjan\u00e7ant un joc dirigit per a descobrir la seva hist\u00f2ria a trav\u00e9s dels missatges escrits en pedra, llegat dels nostres avantpassats.<\/p>\n<p align=\"justify\"><a href=\"http:\/\/www.xtec.cat\/cda-delta\/pdf\/tortosa\/prof_llegirciutat.pdf\" target=\"_blank\" rel=\"noopener noreferrer\"><img loading=\"lazy\" decoding=\"async\" class=\"aligncenter wp-image-8766\" src=\"https:\/\/serveiseducatius.xtec.cat\/cda-delta\/wp-content\/uploads\/usu1384\/2019\/06\/Doss_parets.png\" alt=\"\" width=\"101\" height=\"134\" \/><\/a><\/p>\n<h5 style=\"text-align: center;\" align=\"justify\"><a href=\"http:\/\/www.xtec.cat\/cda-delta\/pdf\/tortosa\/prof_llegirciutat.pdf\"><span style=\"color: #000000;\"><span style=\"color: #000000;\">Dossier del professorat<\/span><\/span><\/a><\/h5>\n<p><a href=\"http:\/\/www.xtec.cat\/cda-delta\/pdf\/tortosa\/alum_llegirciutat.pdf\" target=\"_blank\" rel=\"noopener noreferrer\"><img loading=\"lazy\" decoding=\"async\" class=\"aligncenter wp-image-8767\" src=\"https:\/\/serveiseducatius.xtec.cat\/cda-delta\/wp-content\/uploads\/usu1384\/2019\/06\/Alum_parets.png\" alt=\"\" width=\"104\" height=\"134\" \/><\/a><\/p>\n<h5 style=\"text-align: center;\" align=\"justify\"><a href=\"http:\/\/www.xtec.cat\/cda-delta\/pdf\/tortosa\/alum_llegirciutat.pdf\">Quadern de l&#8217;alumne A3<\/a><\/h5>\n<h5 style=\"text-align: center;\" align=\"justify\"><a href=\"http:\/\/www.xtec.cat\/cda-delta\/pdf\/tortosa\/aluma4_llegirciutat.pdf\">Quadern de l&#8217;alumne A4\u00a0<\/a><\/h5>\n<\/td>\n<\/tr>\n<tr>\n<td>\n<h4>El parc: un oasi a la ciutat<\/h4>\n<p align=\"justify\">Esta activitat del CdA t\u00e9 dues parts molt diferenciades. En la primera part, per mitj\u00e0 d&#8217;una activitat en petits grups, enquestarem a diferents usuaris del Parc per a con\u00e8ixer la seua relaci\u00f3 amb est espai urb\u00e0. Tamb\u00e9 farem una descoberta del espais singulars del Parc. En la segona part farem un itinerari bot\u00e0nic per tal d&#8217;aprofundir en el coneixement dels procediments d&#8217;identificaci\u00f3 i classificaci\u00f3 dels arbres aix\u00ed com del paper ecol\u00f2gic de cada esp\u00e8cie.<\/p>\n<p align=\"justify\"><a href=\"http:\/\/www.xtec.cat\/cda-delta\/pdf\/tortosa\/prof_oasis.pdf\" target=\"_blank\" rel=\"noopener noreferrer\"><img loading=\"lazy\" decoding=\"async\" class=\"aligncenter wp-image-8769\" src=\"https:\/\/serveiseducatius.xtec.cat\/cda-delta\/wp-content\/uploads\/usu1384\/2019\/06\/Doss_parcoasis.png\" alt=\"\" width=\"100\" height=\"134\" \/><\/a><\/p>\n<h5 style=\"text-align: center;\"><a href=\"http:\/\/www.xtec.cat\/cda-delta\/pdf\/tortosa\/prof_oasis.pdf\"><span style=\"color: #000000;\"><span style=\"color: #000000;\">Dossier del professorat\u00a0<\/span><\/span><\/a><\/h5>\n<p><a href=\"http:\/\/www.xtec.cat\/cda-delta\/pdf\/tortosa\/alum_oasis.pdf\" target=\"_blank\" rel=\"noopener noreferrer\"><img loading=\"lazy\" decoding=\"async\" class=\"aligncenter wp-image-8770\" src=\"https:\/\/serveiseducatius.xtec.cat\/cda-delta\/wp-content\/uploads\/usu1384\/2019\/06\/Alum_parcoasis.png\" alt=\"\" width=\"101\" height=\"134\" \/><\/a><\/p>\n<h5 style=\"text-align: center;\"><a href=\"http:\/\/www.xtec.cat\/cda-delta\/pdf\/tortosa\/alum_oasis.pdf\">Quadern de l&#8217;alumne\u00a0<\/a><\/h5>\n<\/td>\n<td><span style=\"font-size: small;\"><span style=\"font-family: 'Times New Roman';\">\u00a0<\/span><\/span><\/td>\n<\/tr>\n<tr align=\"center\">\n<td colspan=\"2\">\n<h3>\u00a0Educaci\u00f3 Secund\u00e0ria Obligat\u00f2ria 2n Cicle<\/h3>\n<\/td>\n<\/tr>\n<tr>\n<td>\n<h4>Projecte Ebre<\/h4>\n<p align=\"justify\">El CdA de l&#8217;Ebre proposa un treball de camp per a l&#8217;estudi de diferents par\u00e0metres biol\u00f2gics i mediambientals del riu Ebre al seu pas per la ciutat de Tortosa<\/p>\n<p align=\"justify\"><a href=\"http:\/\/www.xtec.cat\/cda-delta\/pdf\/tortosa\/prof_projebre.pdf\" target=\"_blank\" rel=\"noopener noreferrer\"><img loading=\"lazy\" decoding=\"async\" class=\"aligncenter wp-image-8772\" src=\"https:\/\/serveiseducatius.xtec.cat\/cda-delta\/wp-content\/uploads\/usu1384\/2019\/06\/Doss_projebre.png\" alt=\"\" width=\"103\" height=\"134\" \/><\/a><\/p>\n<h5 style=\"text-align: center;\"><a href=\"http:\/\/www.xtec.cat\/cda-delta\/pdf\/tortosa\/prof_projebre.pdf\"><span style=\"color: #000000;\"><span style=\"color: #000000;\">Dossier del professorat<\/span><\/span><\/a><\/h5>\n<p><a href=\"http:\/\/www.xtec.cat\/cda-delta\/pdf\/tortosa\/aluma4_projebre.pdf\" target=\"_blank\" rel=\"noopener noreferrer\"><img loading=\"lazy\" decoding=\"async\" class=\"aligncenter wp-image-8773\" src=\"https:\/\/serveiseducatius.xtec.cat\/cda-delta\/wp-content\/uploads\/usu1384\/2019\/06\/Alum_projebre.png\" alt=\"\" width=\"101\" height=\"134\" \/><\/a><\/p>\n<h5 style=\"text-align: center;\"><a href=\"http:\/\/www.xtec.cat\/cda-delta\/pdf\/tortosa\/alum_projebre.pdf\">Quadern de l&#8217;alumne A3<\/a><\/h5>\n<h5 style=\"text-align: center;\"><a href=\"http:\/\/www.xtec.cat\/cda-delta\/pdf\/tortosa\/aluma4_projebre.pdf\">Quadern de l&#8217;alumne A4\u00a0<\/a><\/h5>\n<\/td>\n<td><span style=\"font-family: 'Times New Roman'; font-size: small;\">\u00a0<\/span><\/td>\n<\/tr>\n<\/tbody>\n<\/table>\n<\/td>\n<\/tr>\n<\/tbody>\n<\/table>\n<p>&nbsp;<\/p>\n<p><span class=\"article_seperator\" style=\"color: #333333; font-family: Arial, Helvetica, sans-serif; font-size: 12px; font-style: normal; line-height: normal; background-color: #fafafa;\">\u00a0<\/span><\/p>\n","protected":false},"excerpt":{"rendered":"<p>QU\u00c8 ES EL PLA D&#8217;ACTIVITATS EDUCATIVES &#8220;DESCOBREIX LA TEUA CIUTAT&#8221;? En el marc d&#8217;una concepci\u00f3 de l&#8217;educaci\u00f3 oberta, que contempla la ciutat com una font de recursos educatius i, a la vegada, en un objecte d&#8217;estudi, la regidoria d&#8217;Ensenyament de l&#8217;Ajuntament de Tortosa i els Serveis Educatius del Departament d&#8217;Educaci\u00f3 -Camp d&#8217;Aprenentatge de l&#8217;Ebre i [&hellip;]<\/p>\n","protected":false},"author":1,"featured_media":0,"parent":160,"menu_order":0,"comment_status":"closed","ping_status":"closed","template":"","meta":{"_bbp_topic_count":0,"_bbp_reply_count":0,"_bbp_total_topic_count":0,"_bbp_total_reply_count":0,"_bbp_voice_count":0,"_bbp_anonymous_reply_count":0,"_bbp_topic_count_hidden":0,"_bbp_reply_count_hidden":0,"_bbp_forum_subforum_count":0,"site-sidebar-layout":"default","site-content-layout":"","ast-site-content-layout":"","site-content-style":"default","site-sidebar-style":"default","ast-global-header-display":"","ast-banner-title-visibility":"","ast-main-header-display":"","ast-hfb-above-header-display":"","ast-hfb-below-header-display":"","ast-hfb-mobile-header-display":"","site-post-title":"","ast-breadcrumbs-content":"","ast-featured-img":"","footer-sml-layout":"","theme-transparent-header-meta":"","adv-header-id-meta":"","stick-header-meta":"","header-above-stick-meta":"","header-main-stick-meta":"","header-below-stick-meta":"","astra-migrate-meta-layouts":"default","ast-page-background-enabled":"default","ast-page-background-meta":{"desktop":{"background-color":"var(--ast-global-color-4)","background-image":"","background-repeat":"repeat","background-position":"center center","background-size":"auto","background-attachment":"scroll","background-type":"","background-media":"","overlay-type":"","overlay-color":"","overlay-opacity":"","overlay-gradient":""},"tablet":{"background-color":"","background-image":"","background-repeat":"repeat","background-position":"center center","background-size":"auto","background-attachment":"scroll","background-type":"","background-media":"","overlay-type":"","overlay-color":"","overlay-opacity":"","overlay-gradient":""},"mobile":{"background-color":"","background-image":"","background-repeat":"repeat","background-position":"center center","background-size":"auto","background-attachment":"scroll","background-type":"","background-media":"","overlay-type":"","overlay-color":"","overlay-opacity":"","overlay-gradient":""}},"ast-content-background-meta":{"desktop":{"background-color":"var(--ast-global-color-5)","background-image":"","background-repeat":"repeat","background-position":"center center","background-size":"auto","background-attachment":"scroll","background-type":"","background-media":"","overlay-type":"","overlay-color":"","overlay-opacity":"","overlay-gradient":""},"tablet":{"background-color":"var(--ast-global-color-5)","background-image":"","background-repeat":"repeat","background-position":"center center","background-size":"auto","background-attachment":"scroll","background-type":"","background-media":"","overlay-type":"","overlay-color":"","overlay-opacity":"","overlay-gradient":""},"mobile":{"background-color":"var(--ast-global-color-5)","background-image":"","background-repeat":"repeat","background-position":"center center","background-size":"auto","background-attachment":"scroll","background-type":"","background-media":"","overlay-type":"","overlay-color":"","overlay-opacity":"","overlay-gradient":""}},"footnotes":""},"class_list":["post-137","page","type-page","status-publish","hentry"],"post_mailing_queue_ids":[],"_links":{"self":[{"href":"https:\/\/serveiseducatius.xtec.cat\/cda-delta\/wp-json\/wp\/v2\/pages\/137","targetHints":{"allow":["GET"]}}],"collection":[{"href":"https:\/\/serveiseducatius.xtec.cat\/cda-delta\/wp-json\/wp\/v2\/pages"}],"about":[{"href":"https:\/\/serveiseducatius.xtec.cat\/cda-delta\/wp-json\/wp\/v2\/types\/page"}],"author":[{"embeddable":true,"href":"https:\/\/serveiseducatius.xtec.cat\/cda-delta\/wp-json\/wp\/v2\/users\/1"}],"replies":[{"embeddable":true,"href":"https:\/\/serveiseducatius.xtec.cat\/cda-delta\/wp-json\/wp\/v2\/comments?post=137"}],"version-history":[{"count":2,"href":"https:\/\/serveiseducatius.xtec.cat\/cda-delta\/wp-json\/wp\/v2\/pages\/137\/revisions"}],"predecessor-version":[{"id":8775,"href":"https:\/\/serveiseducatius.xtec.cat\/cda-delta\/wp-json\/wp\/v2\/pages\/137\/revisions\/8775"}],"up":[{"embeddable":true,"href":"https:\/\/serveiseducatius.xtec.cat\/cda-delta\/wp-json\/wp\/v2\/pages\/160"}],"wp:attachment":[{"href":"https:\/\/serveiseducatius.xtec.cat\/cda-delta\/wp-json\/wp\/v2\/media?parent=137"}],"curies":[{"name":"wp","href":"https:\/\/api.w.org\/{rel}","templated":true}]}}