{"id":130,"date":"2013-12-05T20:15:53","date_gmt":"2013-12-05T20:15:53","guid":{"rendered":"http:\/\/blocs.xtec.cat\/cdadelta\/?page_id=130"},"modified":"2020-01-20T13:30:32","modified_gmt":"2020-01-20T12:30:32","slug":"inscripcio-a-les-sortides","status":"publish","type":"page","link":"https:\/\/serveiseducatius.xtec.cat\/cda-delta\/modalitats\/inscripcio-a-les-sortides\/","title":{"rendered":"Inscripcions a les Sortides"},"content":{"rendered":"<h2><strong><a href=\"https:\/\/serveiseducatius.xtec.cat\/cda-delta\/wp-content\/uploads\/usu1384\/2019\/02\/pan_barcariu.jpg\"><img loading=\"lazy\" decoding=\"async\" class=\"alignnone size-full wp-image-8638\" src=\"https:\/\/serveiseducatius.xtec.cat\/cda-delta\/wp-content\/uploads\/usu1384\/2019\/02\/pan_barcariu.jpg\" alt=\"\" width=\"1000\" height=\"255\" srcset=\"https:\/\/serveiseducatius.xtec.cat\/cda-delta\/wp-content\/uploads\/usu1384\/2019\/02\/pan_barcariu.jpg 1000w, https:\/\/serveiseducatius.xtec.cat\/cda-delta\/wp-content\/uploads\/usu1384\/2019\/02\/pan_barcariu-300x77.jpg 300w, https:\/\/serveiseducatius.xtec.cat\/cda-delta\/wp-content\/uploads\/usu1384\/2019\/02\/pan_barcariu-768x196.jpg 768w\" sizes=\"auto, (max-width: 1000px) 100vw, 1000px\" \/><\/a><\/strong><\/h2>\n<h2><strong>1. Preinscripci\u00f3 (maig i juny del curs anterior)<\/strong><\/h2>\n<p align=\"justify\">El per\u00edode de sol\u00b7licituds d&#8217;inscripci\u00f3 restar\u00e0 obert al llarg de la\u00a0<strong>segona quinzena de maig del curs anterior<\/strong>. El Departament d&#8217;Educaci\u00f3 far\u00e0 p\u00fablic l&#8217;inici d&#8217;aquest per\u00edode.<\/p>\n<p align=\"justify\">El programa de Sortides d\u2019un dia est\u00e0 destinat a centres educatius de les Terres de l\u2019Ebre. Nom\u00e9s s\u2019acceptaran sol\u00b7licituds d\u2019altres centres si queda disponibilitat al calendari.<\/p>\n<p align=\"justify\">Abans de fer la preinscripci\u00f3 es recomana consultar en aquest espai web l&#8217;oferta del Camp d&#8217;Aprenentatge i els <span style=\"text-decoration: underline;\">requisits de nivell i el nombre m\u00e0xim d&#8217;alumnat<\/span> de les diferents activitats.<\/p>\n<p><a href=\"https:\/\/serveiseducatius.xtec.cat\/cda-delta\/wp-content\/uploads\/usu1384\/2019\/07\/insc1.png\"><img loading=\"lazy\" decoding=\"async\" class=\" wp-image-9269 alignleft\" src=\"https:\/\/serveiseducatius.xtec.cat\/cda-delta\/wp-content\/uploads\/usu1384\/2019\/07\/insc1-150x150.png\" alt=\"\" width=\"103\" height=\"103\" \/><\/a>Haureu de formalitzar la sol\u00b7licitud de preinscripci\u00f3, necess\u00e0riament, a trav\u00e9s de l&#8217;aplicatiu APEX, que \u00e9s com\u00fa per a tots els Camps d&#8217;Aprenentatge i que es troba en la p\u00e0gina web &#8220;Inscripci\u00f3 i quotes&#8221; del portal de Camps d&#8217;Aprenentatge de l&#8217;Xtec: \u00a0<a href=\"http:\/\/xtec.gencat.cat\/ca\/serveis\/sesc\/cda\/inscripcio\/\" target=\"_blank\" rel=\"noopener noreferrer\">http:\/\/xtec.gencat.cat\/ca\/serveis\/sesc\/cda\/inscripcio\/<\/a><\/p>\n<p>Per entrar-hi, cal utilitzar l&#8217;identificador GICAR del professor (el de l&#8217;ATRI). Assegureu-vos que heu completat la tramesa i imprimiu-vos-en una c\u00f2pia.<\/p>\n<p><a href=\"https:\/\/serveiseducatius.xtec.cat\/cda-delta\/wp-content\/uploads\/usu1384\/2019\/07\/insc2.png\"><img loading=\"lazy\" decoding=\"async\" class=\" wp-image-9270 alignleft\" src=\"https:\/\/serveiseducatius.xtec.cat\/cda-delta\/wp-content\/uploads\/usu1384\/2019\/07\/insc2-150x150.png\" alt=\"\" width=\"107\" height=\"107\" \/><\/a>Un cop finalitzat el per\u00edode de sol\u00b7licituds, cada CdA les baremar\u00e0 i podreu consultar el resultat a partir del 26 de juny en el mateix aplicatiu, on, en cas afirmatiu, caldr\u00e0 clicar l&#8217;acceptaci\u00f3 de les dates assignades.<\/p>\n<p>En aquesta mateixa p\u00e0gina de l&#8217;Xtec podeu consultar el calendari exacte de preinscripci\u00f3, les quotes o preus, i les condicions d&#8217;\u00fas, entre altres informacions.<\/p>\n<h2><strong>2. Inscripci\u00f3 definitiva (<\/strong>setembre)<\/h2>\n<p align=\"justify\"><a href=\"https:\/\/serveiseducatius.xtec.cat\/cda-delta\/wp-content\/uploads\/usu1384\/2019\/07\/insc3.jpg\"><img loading=\"lazy\" decoding=\"async\" class=\" wp-image-9271 alignleft\" src=\"https:\/\/serveiseducatius.xtec.cat\/cda-delta\/wp-content\/uploads\/usu1384\/2019\/07\/insc3-150x150.jpg\" alt=\"\" width=\"103\" height=\"103\" \/><\/a>Des de l\u2019aplicaci\u00f3 CAMPS, es podran imprimir les adjudicacions. Aquests fulls d\u2019adjudicaci\u00f3 s\u2019hauran de lliurar al CdA signats pel director del centre educatiu. L&#8217;heu de fer arribar directament al Camp d&#8217;Aprenentatge per correu ordinari o b\u00e9 escanejat i adjunt per correu electr\u00f2nic.\u00a0<strong>Sempre abans del 30 de setembre.<\/strong><\/p>\n<h2 align=\"justify\"><\/h2>\n","protected":false},"excerpt":{"rendered":"<p>1. Preinscripci\u00f3 (maig i juny del curs anterior) El per\u00edode de sol\u00b7licituds d&#8217;inscripci\u00f3 restar\u00e0 obert al llarg de la\u00a0segona quinzena de maig del curs anterior. El Departament d&#8217;Educaci\u00f3 far\u00e0 p\u00fablic l&#8217;inici d&#8217;aquest per\u00edode. El programa de Sortides d\u2019un dia est\u00e0 destinat a centres educatius de les Terres de l\u2019Ebre. Nom\u00e9s s\u2019acceptaran sol\u00b7licituds d\u2019altres centres si [&hellip;]<\/p>\n","protected":false},"author":1,"featured_media":0,"parent":8260,"menu_order":0,"comment_status":"closed","ping_status":"closed","template":"","meta":{"_bbp_topic_count":0,"_bbp_reply_count":0,"_bbp_total_topic_count":0,"_bbp_total_reply_count":0,"_bbp_voice_count":0,"_bbp_anonymous_reply_count":0,"_bbp_topic_count_hidden":0,"_bbp_reply_count_hidden":0,"_bbp_forum_subforum_count":0,"site-sidebar-layout":"default","site-content-layout":"","ast-site-content-layout":"","site-content-style":"default","site-sidebar-style":"default","ast-global-header-display":"","ast-banner-title-visibility":"","ast-main-header-display":"","ast-hfb-above-header-display":"","ast-hfb-below-header-display":"","ast-hfb-mobile-header-display":"","site-post-title":"","ast-breadcrumbs-content":"","ast-featured-img":"","footer-sml-layout":"","theme-transparent-header-meta":"","adv-header-id-meta":"","stick-header-meta":"","header-above-stick-meta":"","header-main-stick-meta":"","header-below-stick-meta":"","astra-migrate-meta-layouts":"default","ast-page-background-enabled":"default","ast-page-background-meta":{"desktop":{"background-color":"var(--ast-global-color-4)","background-image":"","background-repeat":"repeat","background-position":"center center","background-size":"auto","background-attachment":"scroll","background-type":"","background-media":"","overlay-type":"","overlay-color":"","overlay-opacity":"","overlay-gradient":""},"tablet":{"background-color":"","background-image":"","background-repeat":"repeat","background-position":"center center","background-size":"auto","background-attachment":"scroll","background-type":"","background-media":"","overlay-type":"","overlay-color":"","overlay-opacity":"","overlay-gradient":""},"mobile":{"background-color":"","background-image":"","background-repeat":"repeat","background-position":"center center","background-size":"auto","background-attachment":"scroll","background-type":"","background-media":"","overlay-type":"","overlay-color":"","overlay-opacity":"","overlay-gradient":""}},"ast-content-background-meta":{"desktop":{"background-color":"var(--ast-global-color-5)","background-image":"","background-repeat":"repeat","background-position":"center center","background-size":"auto","background-attachment":"scroll","background-type":"","background-media":"","overlay-type":"","overlay-color":"","overlay-opacity":"","overlay-gradient":""},"tablet":{"background-color":"var(--ast-global-color-5)","background-image":"","background-repeat":"repeat","background-position":"center center","background-size":"auto","background-attachment":"scroll","background-type":"","background-media":"","overlay-type":"","overlay-color":"","overlay-opacity":"","overlay-gradient":""},"mobile":{"background-color":"var(--ast-global-color-5)","background-image":"","background-repeat":"repeat","background-position":"center center","background-size":"auto","background-attachment":"scroll","background-type":"","background-media":"","overlay-type":"","overlay-color":"","overlay-opacity":"","overlay-gradient":""}},"footnotes":""},"class_list":["post-130","page","type-page","status-publish","hentry"],"post_mailing_queue_ids":[],"_links":{"self":[{"href":"https:\/\/serveiseducatius.xtec.cat\/cda-delta\/wp-json\/wp\/v2\/pages\/130","targetHints":{"allow":["GET"]}}],"collection":[{"href":"https:\/\/serveiseducatius.xtec.cat\/cda-delta\/wp-json\/wp\/v2\/pages"}],"about":[{"href":"https:\/\/serveiseducatius.xtec.cat\/cda-delta\/wp-json\/wp\/v2\/types\/page"}],"author":[{"embeddable":true,"href":"https:\/\/serveiseducatius.xtec.cat\/cda-delta\/wp-json\/wp\/v2\/users\/1"}],"replies":[{"embeddable":true,"href":"https:\/\/serveiseducatius.xtec.cat\/cda-delta\/wp-json\/wp\/v2\/comments?post=130"}],"version-history":[{"count":3,"href":"https:\/\/serveiseducatius.xtec.cat\/cda-delta\/wp-json\/wp\/v2\/pages\/130\/revisions"}],"predecessor-version":[{"id":9387,"href":"https:\/\/serveiseducatius.xtec.cat\/cda-delta\/wp-json\/wp\/v2\/pages\/130\/revisions\/9387"}],"up":[{"embeddable":true,"href":"https:\/\/serveiseducatius.xtec.cat\/cda-delta\/wp-json\/wp\/v2\/pages\/8260"}],"wp:attachment":[{"href":"https:\/\/serveiseducatius.xtec.cat\/cda-delta\/wp-json\/wp\/v2\/media?parent=130"}],"curies":[{"name":"wp","href":"https:\/\/api.w.org\/{rel}","templated":true}]}}