{"id":998,"date":"2014-01-27T13:55:11","date_gmt":"2014-01-27T12:55:11","guid":{"rendered":"http:\/\/blocs.xtec.cat\/cdacansantoi2\/?page_id=998"},"modified":"2022-03-29T10:15:20","modified_gmt":"2022-03-29T08:15:20","slug":"biomassa-i-produccio-dun-bosc","status":"publish","type":"page","link":"https:\/\/serveiseducatius.xtec.cat\/cda-cansantoi\/ambits\/dinamica-dels-ecosistemes\/biomassa-i-produccio-dun-bosc\/","title":{"rendered":"Biomassa i producci\u00f3 d&#8217;un bosc (BAT)"},"content":{"rendered":"<p>&nbsp;<\/p>\n<table style=\"width: 564px;\" border=\"0\" cellspacing=\"0\" cellpadding=\"3\">\n<tbody>\n<tr style=\"height: 74px;\">\n<td style=\"height: 74px;\" width=\"94\">\n<div align=\"center\"><a href=\"http:\/\/www.xtec.cat\/cda-cansantoi\/Biomassa.pdf\" target=\"_blank\" rel=\"noopener noreferrer\"><img loading=\"lazy\" decoding=\"async\" class=\"wp-image-1371 aligncenter\" style=\"border: 0px none;\" src=\"http:\/\/serveiseducatius.xtec.cat\/cda-cansantoi\/wp-content\/uploads\/usu1385\/2014\/05\/qta.gif\" alt=\"Baixar quadern de treball de l'alumne\" width=\"40\" height=\"40\" \/><\/a><\/div>\n<\/td>\n<td style=\"height: 74px;\" width=\"94\">\n<div align=\"center\"><a href=\"http:\/\/www.xtec.cat\/cda-cansantoi\/Fulls_organitzacio_sortida\/organitzacio_sortida_bio_bat.doc\" target=\"_blank\" rel=\"noopener noreferrer\"><img loading=\"lazy\" decoding=\"async\" class=\"size-full wp-image-1358 aligncenter\" style=\"border: 0px none;\" src=\"http:\/\/serveiseducatius.xtec.cat\/cda-cansantoi\/wp-content\/uploads\/usu1385\/2014\/05\/carpeta_camp.png\" alt=\"Baixar full d'organitzaci\u00f3 de la sortida\" width=\"32\" height=\"32\" \/><\/a><\/div>\n<\/td>\n<td style=\"height: 74px;\" width=\"94\">\n<div align=\"center\"><a href=\"http:\/\/serveiseducatius.xtec.cat\/cda-cansantoi\/en-preparacio-2\/\" target=\"_blank\" rel=\"noopener noreferrer\"><img loading=\"lazy\" decoding=\"async\" class=\"aligncenter wp-image-1420\" style=\"border: 0px none;\" src=\"http:\/\/serveiseducatius.xtec.cat\/cda-cansantoi\/wp-content\/uploads\/usu1385\/2014\/01\/llibreta.gif\" alt=\"llibreta\" width=\"28\" height=\"36\" \/><\/a><\/div>\n<\/td>\n<td style=\"height: 74px;\" align=\"center\" width=\"94\">\n<div style=\"text-align: justify;\" align=\"center\"><a href=\"https:\/\/maps.google.com\/maps\/ms?msa=0&amp;msid=203310988220912994480.00044828f13fc5a67029b&amp;hl=ca&amp;ie=UTF8&amp;t=m&amp;ll=41.43552,2.04895&amp;spn=0.180173,0.291824&amp;z=11&amp;source=embed\" target=\"_blank\" rel=\"noopener noreferrer\"><img loading=\"lazy\" decoding=\"async\" class=\"size-full wp-image-1416\" style=\"border: 0px none;\" src=\"http:\/\/serveiseducatius.xtec.cat\/cda-cansantoi\/wp-content\/uploads\/usu1385\/2014\/01\/Punt-de-trobada.png\" alt=\"Punt de trobada\" width=\"44\" height=\"40\" \/><\/a><\/div>\n<\/td>\n<td style=\"height: 74px;\" width=\"94\"><\/td>\n<td style=\"height: 74px;\" width=\"94\"><span style=\"font-size: large;\"><strong><span style=\"color: #800000;\">BIO-BAT<\/span><\/strong><\/span><\/td>\n<\/tr>\n<tr style=\"height: 69px;\">\n<td style=\"height: 69px;\" width=\"94\">\n<div class=\"Estilo1\" align=\"center\">\n<div align=\"center\"><span style=\"font-size: xx-small;\">Quadern de treball<\/span><\/div>\n<\/div>\n<\/td>\n<td style=\"height: 69px;\" width=\"94\">\n<div class=\"Estilo1\" align=\"center\">\n<div align=\"center\"><span style=\"font-size: xx-small;\">Full d&#8217;organitzaci\u00f3 de sortida<\/span><\/div>\n<\/div>\n<\/td>\n<td style=\"height: 69px;\" width=\"94\">\n<div class=\"Estilo1\" align=\"center\">\n<div align=\"center\"><span style=\"font-size: xx-small;\">Propostes act. pr\u00e8vies i posteriors<\/span><\/div>\n<\/div>\n<\/td>\n<td style=\"height: 69px;\" width=\"94\">\n<div class=\"Estilo1\" align=\"center\">\n<div align=\"center\"><span style=\"font-size: xx-small;\">\u00a0<\/span><\/div>\n<\/div>\n<\/td>\n<td style=\"height: 69px;\" width=\"94\"><\/td>\n<td style=\"height: 69px;\" width=\"94\">\n<div class=\"Estilo1\" align=\"center\"><span style=\"font-size: xx-small;\">Codi activitat<\/span><\/div>\n<\/td>\n<\/tr>\n<\/tbody>\n<\/table>\n<p style=\"text-align: justify;\">\r\n\t<div class=\"slideshow_container slideshow_container_style-light\" style=\"height: 200px; \" data-slideshow-id=\"8777\" data-style-name=\"style-light\" data-style-version=\"2.3.1\" >\r\n\r\n\t\t\t\t\t<div class=\"slideshow_loading_icon\"><\/div>\r\n\t\t\r\n\t\t<div class=\"slideshow_content\" style=\"display: none;\">\r\n\r\n\t\t\t<div class=\"slideshow_view\"><div class=\"slideshow_slide slideshow_slide_image\">\n        <a href=\"https:\/\/lh3.googleusercontent.com\/-yhpjzvnBP_KQBN-9_3EPHc4RKdaGm7uLVJJMqz2yItkEE-4hIBg00iWCM6cJsDh_pY9s2BcPTvtlV_-go4PItlRNLv3rVgaVZv0PdkiDaLaE26TC5uXH46bbUuEOU6w-oyWTRZhFFrADOdl0ntxtrPE01p-QE5GQFtz0k71a_uuy5US-AgYLROmgVJ2gPEq5ThKz4V498F8dAbeC3XxoNwee10t-rpBs3NHNVs_metxAUzGqCf6wm2ZuO614MP17VMu_Oii7AFuGykxMA-ECQorVH0M2kl1rxYst1gXkee7OsxCA05djwvY4NWW0_vjEnjAjB3w2xi4g5rUy0NwpHEIEd201EVNDbEr5MfMb-kLjHW9-ThB4fk61_dAIWWb14IBl41MuDbsLbEBP0_jsrOHRP113jAoOK5486W16fP-2XkOPJP3zea2XgJESle8UcrlWpCvWGKuI_sqPTJy2RzWz_bJl7lw7QVOC_20TWpDZ-TIGzRgfTH_ElAN6Le407vyNtS74qd97OV2lTc99dIiWNibpJZBkxCggRRzeJFGv7X8VP79kKp4wLeF2EiO_w6rvmtmcbU2AlOzP4PuYw5LYH8Ho3LxRHgU3MyOpftGqpUhuMw-=w800-h600-no\" target=\"_blank\">        <img src=\"https:\/\/lh3.googleusercontent.com\/-yhpjzvnBP_KQBN-9_3EPHc4RKdaGm7uLVJJMqz2yItkEE-4hIBg00iWCM6cJsDh_pY9s2BcPTvtlV_-go4PItlRNLv3rVgaVZv0PdkiDaLaE26TC5uXH46bbUuEOU6w-oyWTRZhFFrADOdl0ntxtrPE01p-QE5GQFtz0k71a_uuy5US-AgYLROmgVJ2gPEq5ThKz4V498F8dAbeC3XxoNwee10t-rpBs3NHNVs_metxAUzGqCf6wm2ZuO614MP17VMu_Oii7AFuGykxMA-ECQorVH0M2kl1rxYst1gXkee7OsxCA05djwvY4NWW0_vjEnjAjB3w2xi4g5rUy0NwpHEIEd201EVNDbEr5MfMb-kLjHW9-ThB4fk61_dAIWWb14IBl41MuDbsLbEBP0_jsrOHRP113jAoOK5486W16fP-2XkOPJP3zea2XgJESle8UcrlWpCvWGKuI_sqPTJy2RzWz_bJl7lw7QVOC_20TWpDZ-TIGzRgfTH_ElAN6Le407vyNtS74qd97OV2lTc99dIiWNibpJZBkxCggRRzeJFGv7X8VP79kKp4wLeF2EiO_w6rvmtmcbU2AlOzP4PuYw5LYH8Ho3LxRHgU3MyOpftGqpUhuMw-=w800-h600-no\" alt=\"\"   \/>\n        <\/a>        <div class=\"slideshow_description_box slideshow_transparent\">\n                                        <\/div>\n<\/div>\n\t\n<div class=\"slideshow_slide slideshow_slide_image\">\n        <a href=\"https:\/\/lh3.googleusercontent.com\/3cH-gUGAfpD6mWkOtGQU2SMggx7kgoA6P-R0Sv1p4Z5AMfVwBojdkrokwZKcJU4Je6iZWSSURry0zdvuJNl8jHm1GxOPPBHNgUQd8oeZpI-WpzjXMzJJlIocSrV7buHeJVsZJBTZnAKXfxJIdDF1-MQMGj4SL5uPMaro22zyz3CQMopzeaoORIZqciPOX0XezZ85WhefcKnwkWxKPuNrkQxi1kv0sC8u57mTL1luaBvq9CsT6ZExEZas7lQzFrkZe6UllAxm8QMFbcKQp78limw3En1EGUR5lvUj1na_v0g1kQHUQD2ey-Hj22iK2qfVNpdnpREkcM9DO4d5RUtrHsJSaipynukB8cY6zmIu_BWBP_wKrEhj1_aSckXzDntvXBQyIt2MK_xTtRTE1biW_WDG8aMOx9YVubba9hfe8WUBvOdrEdrKadv3X0A_-6lCcZOq_wIp22DWCbLIMGlTSeLPzUqqkZCnxEQU_asmzIZyQYEx9HVfDNZmS9jBMPkvRzMFsZJFAkoVG3RiyTKbBsdBKGKjRgvsRAykytzF2A1CvYpreJWJ5w9ChiH2clwnSLPSMwPBQI1e2cVFtYRbSCSKuqSNtghzkAljh9z5cBYJToJBfKHF=w800-h600-no\" target=\"_blank\">        <img src=\"https:\/\/lh3.googleusercontent.com\/3cH-gUGAfpD6mWkOtGQU2SMggx7kgoA6P-R0Sv1p4Z5AMfVwBojdkrokwZKcJU4Je6iZWSSURry0zdvuJNl8jHm1GxOPPBHNgUQd8oeZpI-WpzjXMzJJlIocSrV7buHeJVsZJBTZnAKXfxJIdDF1-MQMGj4SL5uPMaro22zyz3CQMopzeaoORIZqciPOX0XezZ85WhefcKnwkWxKPuNrkQxi1kv0sC8u57mTL1luaBvq9CsT6ZExEZas7lQzFrkZe6UllAxm8QMFbcKQp78limw3En1EGUR5lvUj1na_v0g1kQHUQD2ey-Hj22iK2qfVNpdnpREkcM9DO4d5RUtrHsJSaipynukB8cY6zmIu_BWBP_wKrEhj1_aSckXzDntvXBQyIt2MK_xTtRTE1biW_WDG8aMOx9YVubba9hfe8WUBvOdrEdrKadv3X0A_-6lCcZOq_wIp22DWCbLIMGlTSeLPzUqqkZCnxEQU_asmzIZyQYEx9HVfDNZmS9jBMPkvRzMFsZJFAkoVG3RiyTKbBsdBKGKjRgvsRAykytzF2A1CvYpreJWJ5w9ChiH2clwnSLPSMwPBQI1e2cVFtYRbSCSKuqSNtghzkAljh9z5cBYJToJBfKHF=w800-h600-no\" alt=\"\"   \/>\n        <\/a>        <div class=\"slideshow_description_box slideshow_transparent\">\n                                        <\/div>\n<\/div>\n\t\n<div class=\"slideshow_slide slideshow_slide_image\">\n        <a href=\"https:\/\/lh3.googleusercontent.com\/LuyL0u_2v4Hw5wwjHnWldfp8kY-taGYmMdDfKZrS2_vtOLkbaHaEPJheLbaKztBtDLaHoAKUP2Zw8FEe71t2pu31RrOEC8NkO-i0y5jIQsbrFcSa-f8WW6CrDutbysACEccb-CnthymMuASq0lE-aPtJ-K5Aee67OiEs7iAcf4OnIOYDc6Wz3yKAwWhDXXBPQdlD9VGCt6aD1ZAampIsm7WrSHu_TTziWC-veUZq2lv8TPd5O7c-YKSIXUGwr8yyPKo6CwwkC6_SbZKjKMwhXy8l1vXiWek2rO4853BYfdC-G4ti542YzLRRojrRE8WkfWTpZeAO-qQ1CrCNzfJqsq1z3lqT1X2iiZdlbZtaQPkw3h0Bvg2ulZtiI4SfqTE9nq_jjVoNUn6JnoCjF0697Umg2Ju59Ae_Cprrz39xuO0otrlnJMDxS1ATv1b0gHcfY0hIDdGwjFL65TdVwvQP2MRnfIcfH1Jy1NtxxXNSzidB3GnEB-PF3qjZFIFrqMeOSJ3KvNUeYq0KKzhp7zGXeMJL-28EWyy2nRYFjgXXNYLctMW-VU2Afto2V_pRK3rzLX8TpOoyY7mobp3R9yBzblESsmHUE9fJSDloXgfiCAthQtRHrn95=w800-h600-no\" target=\"_blank\">        <img src=\"https:\/\/lh3.googleusercontent.com\/LuyL0u_2v4Hw5wwjHnWldfp8kY-taGYmMdDfKZrS2_vtOLkbaHaEPJheLbaKztBtDLaHoAKUP2Zw8FEe71t2pu31RrOEC8NkO-i0y5jIQsbrFcSa-f8WW6CrDutbysACEccb-CnthymMuASq0lE-aPtJ-K5Aee67OiEs7iAcf4OnIOYDc6Wz3yKAwWhDXXBPQdlD9VGCt6aD1ZAampIsm7WrSHu_TTziWC-veUZq2lv8TPd5O7c-YKSIXUGwr8yyPKo6CwwkC6_SbZKjKMwhXy8l1vXiWek2rO4853BYfdC-G4ti542YzLRRojrRE8WkfWTpZeAO-qQ1CrCNzfJqsq1z3lqT1X2iiZdlbZtaQPkw3h0Bvg2ulZtiI4SfqTE9nq_jjVoNUn6JnoCjF0697Umg2Ju59Ae_Cprrz39xuO0otrlnJMDxS1ATv1b0gHcfY0hIDdGwjFL65TdVwvQP2MRnfIcfH1Jy1NtxxXNSzidB3GnEB-PF3qjZFIFrqMeOSJ3KvNUeYq0KKzhp7zGXeMJL-28EWyy2nRYFjgXXNYLctMW-VU2Afto2V_pRK3rzLX8TpOoyY7mobp3R9yBzblESsmHUE9fJSDloXgfiCAthQtRHrn95=w800-h600-no\" alt=\"\"   \/>\n        <\/a>        <div class=\"slideshow_description_box slideshow_transparent\">\n                                        <\/div>\n<\/div>\n\t\n<div style=\"clear: both;\"><\/div><\/div><div class=\"slideshow_view\"><div class=\"slideshow_slide slideshow_slide_image\">\n        <a href=\"https:\/\/lh3.googleusercontent.com\/jLfma3BlIU2NU9LvJ25mHhh5HglNyD5qvLx3ZbtMM-lyPVR0NIwToDhLnKaLAEbB2Zc6hNCfL-iocbDdM-LwfxL3xwsdEheyu8BQ0sa2w-aVRW4yJX3rq69rTiiqXb1CqTzuGVKIUutkcy5pI0KyMp1Wj0a9na4ATaWmN9dK2q-pTYKfgaIC09VbLZ0QnMLnaj85u9EfFcPMt_QfX-wbuCnw0H8nQ1JuVY4R_5YHuF2Mcp4AM_59Cdf8C4TrCQrpMsA4x3zQg-3PH4Ro-WCtP6gMm-D830NE77DAlqwY8p-pIz_XlGdAIUXe1QawQnBV8W7o1qEwXICM1BGh7ea4_VwbePIemOHKG9ck1oIJaau_T_S_QyMo3DP81bD9MahXsqnfGhHxSHFBxhIJiTgFu4eRTe1wJlOR_OKiK7x5bcBxCAdN1gBwXn2Eb4_yA5R47Jfhm152NHIwDvyNvnceoDMGfWaSRKwM-l4MMoU2SmsojyO2wM8SlCLntmB0vBOXEBV2tsBorQaLs9ribYx4xB6v4wfOVk7jz2yjyfuFe3qdGJnhnBRhEif8gyXzbRJOK0WCw85zxTHPYyjGxH6L2RJ3XYe6qJ0sT94nciefRxr0fafhtDN3=w800-h600-no\" target=\"_blank\">        <img src=\"https:\/\/lh3.googleusercontent.com\/jLfma3BlIU2NU9LvJ25mHhh5HglNyD5qvLx3ZbtMM-lyPVR0NIwToDhLnKaLAEbB2Zc6hNCfL-iocbDdM-LwfxL3xwsdEheyu8BQ0sa2w-aVRW4yJX3rq69rTiiqXb1CqTzuGVKIUutkcy5pI0KyMp1Wj0a9na4ATaWmN9dK2q-pTYKfgaIC09VbLZ0QnMLnaj85u9EfFcPMt_QfX-wbuCnw0H8nQ1JuVY4R_5YHuF2Mcp4AM_59Cdf8C4TrCQrpMsA4x3zQg-3PH4Ro-WCtP6gMm-D830NE77DAlqwY8p-pIz_XlGdAIUXe1QawQnBV8W7o1qEwXICM1BGh7ea4_VwbePIemOHKG9ck1oIJaau_T_S_QyMo3DP81bD9MahXsqnfGhHxSHFBxhIJiTgFu4eRTe1wJlOR_OKiK7x5bcBxCAdN1gBwXn2Eb4_yA5R47Jfhm152NHIwDvyNvnceoDMGfWaSRKwM-l4MMoU2SmsojyO2wM8SlCLntmB0vBOXEBV2tsBorQaLs9ribYx4xB6v4wfOVk7jz2yjyfuFe3qdGJnhnBRhEif8gyXzbRJOK0WCw85zxTHPYyjGxH6L2RJ3XYe6qJ0sT94nciefRxr0fafhtDN3=w800-h600-no\" alt=\"\"   \/>\n        <\/a>        <div class=\"slideshow_description_box slideshow_transparent\">\n                                        <\/div>\n<\/div>\n\t\n<div class=\"slideshow_slide slideshow_slide_image\">\n        <a href=\"https:\/\/lh3.googleusercontent.com\/M4QPPP8nE04fKMhlnRaYW09ljp0alx90Kz28EpHBqgEHIltVUP2SwKsXbyZxWFB1UoYbQzbvjb_s55Mbb2OCbjaZupBPQ_FjOaC7_RlIoD3HJEL1Dzf7lju4WdkoVp8IAvtl_DsoK5cFuIRoyHbHRdprOIufC7YaEgEz41Kko9UF64Q2RGhvLjfOia8h7Mv780sFOcXlzFLtcU2MmXdBEgH1I8c10EZ2NOlvZTZ2rjg3r59H8e6AL-8wAdI2jvjpruiQW5ysYjjk1On3E5cpsjnAi84G4Zj61j9UnX8aJMqqmSeZwbCqWotC68xQp8pMO6ErTel_IAn4X9POiUppLf7gQNrvuFIfAXW397DXvmjWUOYY7s_-BDzJVc3HydHvGMsvi_z7-IRVm3Wl3yc_WRjwEmOv9_O0gSTFnCQhQo-SrXxzW-NEofb31GlxKRbjuXayt70hLSGMgjSFrPiz4R3yH3SfO7au7hPxgVV82rK01VXqXDrtLmqSRFDXZt6CedKDCLcyOsfZ567zz1cgDQga6cd4e7x9zfMGEsWHSYBgKHx296LFkEEvzbqoITTOqNKGb2zBcHIR8cOWLJqbDA8kjh0wMBy8q68N_77NE5twG24dOiGb=w800-h600-no\" target=\"_blank\">        <img src=\"https:\/\/lh3.googleusercontent.com\/M4QPPP8nE04fKMhlnRaYW09ljp0alx90Kz28EpHBqgEHIltVUP2SwKsXbyZxWFB1UoYbQzbvjb_s55Mbb2OCbjaZupBPQ_FjOaC7_RlIoD3HJEL1Dzf7lju4WdkoVp8IAvtl_DsoK5cFuIRoyHbHRdprOIufC7YaEgEz41Kko9UF64Q2RGhvLjfOia8h7Mv780sFOcXlzFLtcU2MmXdBEgH1I8c10EZ2NOlvZTZ2rjg3r59H8e6AL-8wAdI2jvjpruiQW5ysYjjk1On3E5cpsjnAi84G4Zj61j9UnX8aJMqqmSeZwbCqWotC68xQp8pMO6ErTel_IAn4X9POiUppLf7gQNrvuFIfAXW397DXvmjWUOYY7s_-BDzJVc3HydHvGMsvi_z7-IRVm3Wl3yc_WRjwEmOv9_O0gSTFnCQhQo-SrXxzW-NEofb31GlxKRbjuXayt70hLSGMgjSFrPiz4R3yH3SfO7au7hPxgVV82rK01VXqXDrtLmqSRFDXZt6CedKDCLcyOsfZ567zz1cgDQga6cd4e7x9zfMGEsWHSYBgKHx296LFkEEvzbqoITTOqNKGb2zBcHIR8cOWLJqbDA8kjh0wMBy8q68N_77NE5twG24dOiGb=w800-h600-no\" alt=\"\"   \/>\n        <\/a>        <div class=\"slideshow_description_box slideshow_transparent\">\n                                        <\/div>\n<\/div>\n\t\n<div class=\"slideshow_slide slideshow_slide_image\">\n        <a href=\"https:\/\/lh3.googleusercontent.com\/ifhLxf8_hqhY6WzMQRFckcqjevB5_nYUwRLvRfWdsZIRTR1ib2vzJxp_yRIEJ-1eH8oyJuQZFNXAvItGAW9IGBt3jDtGfW2l-gEIcoMxJMrdJ5Hu_-qmh_AAfjlXK1h0NKmvk_HIXAFpZuo4kO0D6q5deuGADmdcni4uxuTeKAYZRPR0apSMW2tplJeRhLDX7ux1Nr4G1hCjuYv-mq2s08P2pGhatixWS6GGr8qVV4LsXjH40gbAVgVvrdz-yeOb-C-OsGX6mWlxS3BhdMbjiYC7SbepP7NoANQhgp76YkWW83eUz8Kak0Mlg78vs_k_HsF1meViSio7PjokT0If4DbyrVgmmT3gWDF1uhyKSQMF_uIFQzCZwtufXoR6dL_RLzhD5HUTfiDAklgeafSyqvP63PFWrvCqsFhfQrIHEg2d20sNCs_OZhvCeHMxhEQqmxLo3pte8D_0n0GD9DAh3EVW6aQiBzatvTDkMdRNEaeZ7NN5GlEGHp3ESeH6zc63xe0m7LBpOTpOi5HvnqN_S-tzCcfRpEgm17cnSYrRo8ZlHGk1g9Z-nF3lePCLREmgFa38KtEYvnUmmeB41Y2qycU_p8LpXEAzteRjelxlNhGY4U6vjyWZ=w800-h600-no\" target=\"_blank\">        <img src=\"https:\/\/lh3.googleusercontent.com\/ifhLxf8_hqhY6WzMQRFckcqjevB5_nYUwRLvRfWdsZIRTR1ib2vzJxp_yRIEJ-1eH8oyJuQZFNXAvItGAW9IGBt3jDtGfW2l-gEIcoMxJMrdJ5Hu_-qmh_AAfjlXK1h0NKmvk_HIXAFpZuo4kO0D6q5deuGADmdcni4uxuTeKAYZRPR0apSMW2tplJeRhLDX7ux1Nr4G1hCjuYv-mq2s08P2pGhatixWS6GGr8qVV4LsXjH40gbAVgVvrdz-yeOb-C-OsGX6mWlxS3BhdMbjiYC7SbepP7NoANQhgp76YkWW83eUz8Kak0Mlg78vs_k_HsF1meViSio7PjokT0If4DbyrVgmmT3gWDF1uhyKSQMF_uIFQzCZwtufXoR6dL_RLzhD5HUTfiDAklgeafSyqvP63PFWrvCqsFhfQrIHEg2d20sNCs_OZhvCeHMxhEQqmxLo3pte8D_0n0GD9DAh3EVW6aQiBzatvTDkMdRNEaeZ7NN5GlEGHp3ESeH6zc63xe0m7LBpOTpOi5HvnqN_S-tzCcfRpEgm17cnSYrRo8ZlHGk1g9Z-nF3lePCLREmgFa38KtEYvnUmmeB41Y2qycU_p8LpXEAzteRjelxlNhGY4U6vjyWZ=w800-h600-no\" alt=\"\"   \/>\n        <\/a>        <div class=\"slideshow_description_box slideshow_transparent\">\n                                        <\/div>\n<\/div>\n\t\n<div style=\"clear: both;\"><\/div><\/div>\r\n\t\t<\/div>\r\n\r\n\t\t<div class=\"slideshow_controlPanel slideshow_transparent\" style=\"display: none;\"><ul><li class=\"slideshow_togglePlay\" data-play-text=\"Visualitza\" data-pause-text=\"Pausa\"><\/li><\/ul><\/div>\r\n\r\n\t\t<div class=\"slideshow_button slideshow_previous slideshow_transparent\" role=\"button\" data-previous-text=\"Anterior\" style=\"display: none;\"><\/div>\r\n\t\t<div class=\"slideshow_button slideshow_next slideshow_transparent\" role=\"button\" data-next-text=\"Seg\u00fcent\" style=\"display: none;\"><\/div>\r\n\r\n\t\t<div class=\"slideshow_pagination\" style=\"display: none;\" data-go-to-text=\"V\u00e9s a la diapositiva\"><div class=\"slideshow_pagination_center\"><\/div><\/div>\r\n\r\n\t\t<!-- WordPress Slideshow Version 2.3.1 -->\r\n\r\n\t\t\t<\/div>\r\n\r\n<\/p>\n<p style=\"text-align: justify;\"><strong>\u00c0mbit curricular:<\/strong>\u00a0Biologia; matem\u00e0tiques<\/p>\n<p style=\"text-align: justify;\"><strong>Lloc on es realitza:<\/strong>\u00a0Camp d&#8217;Aprenentatge i voltants<\/p>\n<p style=\"text-align: justify;\"><strong>Nivell educatiu:\u00a0<\/strong>Batxillerat<\/p>\n<p style=\"text-align: justify;\"><strong>Estacionalitat:\u00a0<\/strong>Tot l&#8217;any<\/p>\n<p style=\"text-align: justify;\"><strong>Objectius:<\/strong>\u00a0<span style=\"color: #000000;\"><span style=\"font-family: Arial, Helvetica;\">Aplicar t\u00e8cniques i procediments de l&#8217;ecologia forestal.<\/span>\u00a0\u00a0<\/span><br \/>\n<span style=\"color: #000000;\"><span style=\"font-family: Arial, Helvetica;\">Realitzar una estimaci\u00f3 de la biomassa i producci\u00f3 a\u00e8ries d&#8217;una parcel\u00b7la de bosc de pi blanc.<\/span>\u00a0\u00a0<\/span><br \/>\n<span style=\"font-family: Arial, Helvetica; color: #000000;\">Interpretar l&#8217;estat actual del bosc i dissenyar propostes per a una correcta gesti\u00f3.<\/span><\/p>\n<p style=\"text-align: justify;\"><strong>Compet\u00e8ncies b\u00e0siques que m\u00e9s potencia:<\/strong><\/p>\n<p style=\"text-align: justify;\"><strong>\u00c0mbit cientificotecnol\u00f2gic:<\/strong><\/p>\n<ul style=\"list-style-type: disc;\">\n<li><strong>Compet\u00e8ncia 2<\/strong>. Identificar i caracteritzar els sistemes biol\u00f2gics i geol\u00f2gics des de la perspectiva dels models, per comunicar i predir el comportament dels fen\u00f2mens naturals.<\/li>\n<\/ul>\n<p style=\"text-align: justify;\"><strong>Tipus d&#8217;activitat:<\/strong>\u00a0Treball de camp \/ laboratori<\/p>\n<p style=\"text-align: justify;\"><strong>Descripci\u00f3<\/strong><span style=\"color: #000000;\"><strong>:\u00a0<\/strong><span style=\"font-family: Arial, Helvetica;\">Es delimita una parcel\u00b7la de bosc i es fa una caracteritzaci\u00f3 topogr\u00e0fica.<\/span>\u00a0\u00a0<\/span><br \/>\n<span style=\"color: #000000;\"><span style=\"font-family: Arial, Helvetica;\">S&#8217;obtenen dades biom\u00e8triques dels arbres (al\u00e7ades, per\u00edmetres).<\/span>\u00a0\u00a0<\/span><br \/>\n<span style=\"color: #000000;\"><span style=\"font-family: Arial, Helvetica;\">C\u00e0lcul de diversos par\u00e0metres: \u00e0rea basal, densitat, volum, biomassa, producci\u00f3, productivitat mitjan\u00e7ant equacions matem\u00e0tiques amb el suport del full de c\u00e0lcul.<\/span>\u00a0\u00a0<\/span><br \/>\n<span style=\"font-family: Arial, Helvetica; color: #000000;\">Elaboraci\u00f3 de conclusions i propostes de gesti\u00f3.<\/span><\/p>\n<p style=\"text-align: justify;\"><strong>Material:<\/strong>\u00a0<span style=\"color: #000000;\"><span style=\"font-family: Arial, Helvetica;\">Quadern de treball.<\/span>\u00a0\u00a0<\/span><br \/>\n<span style=\"color: #000000;\"><span style=\"font-family: Arial, Helvetica;\">Estris de treball de camp: br\u00faixola, clin\u00f2metre, cinta diam\u00e8trica, barrina de Pressler, pal topogr\u00e0fic&#8230;<\/span>\u00a0\u00a0<\/span><br \/>\n<span style=\"font-family: Arial, Helvetica; color: #000000;\">Ordinador i programari adequat.<\/span><\/p>\n<p style=\"text-align: justify;\"><strong>Durada:<\/strong> mitja jornada<\/p>\n<p style=\"text-align: justify;\"><strong>Despla\u00e7ament<\/strong>:\u00a0Recorregut a peu (30 min)<\/p>\n<p style=\"text-align: justify;\">Per a m\u00e9s informaci\u00f3 consulteu el Full d&#8217;organitzaci\u00f3 de la sortida\u00a0\u2191<\/p>\n","protected":false},"excerpt":{"rendered":"<p>&nbsp; BIO-BAT Quadern de treball Full d&#8217;organitzaci\u00f3 de sortida Propostes act. pr\u00e8vies i posteriors \u00a0 Codi activitat \u00c0mbit curricular:\u00a0Biologia; matem\u00e0tiques Lloc on es realitza:\u00a0Camp d&#8217;Aprenentatge i voltants Nivell educatiu:\u00a0Batxillerat Estacionalitat:\u00a0Tot l&#8217;any Objectius:\u00a0Aplicar t\u00e8cniques i procediments de l&#8217;ecologia forestal.\u00a0\u00a0 Realitzar una estimaci\u00f3 de la biomassa i producci\u00f3 a\u00e8ries d&#8217;una parcel\u00b7la de bosc de pi blanc.\u00a0\u00a0 Interpretar [&hellip;]<\/p>\n","protected":false},"author":1,"featured_media":0,"parent":801,"menu_order":5,"comment_status":"closed","ping_status":"closed","template":"page-templates\/side-menu.php","meta":{"_bbp_topic_count":0,"_bbp_reply_count":0,"_bbp_total_topic_count":0,"_bbp_total_reply_count":0,"_bbp_voice_count":0,"_bbp_anonymous_reply_count":0,"_bbp_topic_count_hidden":0,"_bbp_reply_count_hidden":0,"_bbp_forum_subforum_count":0,"site-sidebar-layout":"default","site-content-layout":"","ast-site-content-layout":"","site-content-style":"default","site-sidebar-style":"default","ast-global-header-display":"","ast-banner-title-visibility":"","ast-main-header-display":"","ast-hfb-above-header-display":"","ast-hfb-below-header-display":"","ast-hfb-mobile-header-display":"","site-post-title":"","ast-breadcrumbs-content":"","ast-featured-img":"","footer-sml-layout":"","theme-transparent-header-meta":"","adv-header-id-meta":"","stick-header-meta":"","header-above-stick-meta":"","header-main-stick-meta":"","header-below-stick-meta":"","astra-migrate-meta-layouts":"default","ast-page-background-enabled":"default","ast-page-background-meta":{"desktop":{"background-color":"var(--ast-global-color-4)","background-image":"","background-repeat":"repeat","background-position":"center center","background-size":"auto","background-attachment":"scroll","background-type":"","background-media":"","overlay-type":"","overlay-color":"","overlay-opacity":"","overlay-gradient":""},"tablet":{"background-color":"","background-image":"","background-repeat":"repeat","background-position":"center center","background-size":"auto","background-attachment":"scroll","background-type":"","background-media":"","overlay-type":"","overlay-color":"","overlay-opacity":"","overlay-gradient":""},"mobile":{"background-color":"","background-image":"","background-repeat":"repeat","background-position":"center center","background-size":"auto","background-attachment":"scroll","background-type":"","background-media":"","overlay-type":"","overlay-color":"","overlay-opacity":"","overlay-gradient":""}},"ast-content-background-meta":{"desktop":{"background-color":"var(--ast-global-color-5)","background-image":"","background-repeat":"repeat","background-position":"center center","background-size":"auto","background-attachment":"scroll","background-type":"","background-media":"","overlay-type":"","overlay-color":"","overlay-opacity":"","overlay-gradient":""},"tablet":{"background-color":"var(--ast-global-color-5)","background-image":"","background-repeat":"repeat","background-position":"center center","background-size":"auto","background-attachment":"scroll","background-type":"","background-media":"","overlay-type":"","overlay-color":"","overlay-opacity":"","overlay-gradient":""},"mobile":{"background-color":"var(--ast-global-color-5)","background-image":"","background-repeat":"repeat","background-position":"center center","background-size":"auto","background-attachment":"scroll","background-type":"","background-media":"","overlay-type":"","overlay-color":"","overlay-opacity":"","overlay-gradient":""}},"footnotes":""},"class_list":["post-998","page","type-page","status-publish","hentry"],"post_mailing_queue_ids":[],"_links":{"self":[{"href":"https:\/\/serveiseducatius.xtec.cat\/cda-cansantoi\/wp-json\/wp\/v2\/pages\/998","targetHints":{"allow":["GET"]}}],"collection":[{"href":"https:\/\/serveiseducatius.xtec.cat\/cda-cansantoi\/wp-json\/wp\/v2\/pages"}],"about":[{"href":"https:\/\/serveiseducatius.xtec.cat\/cda-cansantoi\/wp-json\/wp\/v2\/types\/page"}],"author":[{"embeddable":true,"href":"https:\/\/serveiseducatius.xtec.cat\/cda-cansantoi\/wp-json\/wp\/v2\/users\/1"}],"replies":[{"embeddable":true,"href":"https:\/\/serveiseducatius.xtec.cat\/cda-cansantoi\/wp-json\/wp\/v2\/comments?post=998"}],"version-history":[{"count":5,"href":"https:\/\/serveiseducatius.xtec.cat\/cda-cansantoi\/wp-json\/wp\/v2\/pages\/998\/revisions"}],"predecessor-version":[{"id":14524,"href":"https:\/\/serveiseducatius.xtec.cat\/cda-cansantoi\/wp-json\/wp\/v2\/pages\/998\/revisions\/14524"}],"up":[{"embeddable":true,"href":"https:\/\/serveiseducatius.xtec.cat\/cda-cansantoi\/wp-json\/wp\/v2\/pages\/801"}],"wp:attachment":[{"href":"https:\/\/serveiseducatius.xtec.cat\/cda-cansantoi\/wp-json\/wp\/v2\/media?parent=998"}],"curies":[{"name":"wp","href":"https:\/\/api.w.org\/{rel}","templated":true}]}}