{"id":979,"date":"2014-01-27T13:19:48","date_gmt":"2014-01-27T12:19:48","guid":{"rendered":"http:\/\/blocs.xtec.cat\/cdacansantoi2\/?page_id=979"},"modified":"2022-01-19T14:21:28","modified_gmt":"2022-01-19T13:21:28","slug":"descoberta-del-delta-llobregat","status":"publish","type":"page","link":"https:\/\/serveiseducatius.xtec.cat\/cda-cansantoi\/ambits\/dinamica-dels-ecosistemes\/descoberta-del-delta-llobregat\/","title":{"rendered":"Descoberta del delta del Llobregat (CSP)"},"content":{"rendered":"<table style=\"width: 564px;\" border=\"0\" cellspacing=\"0\" cellpadding=\"3\">\n<tbody>\n<tr>\n<td width=\"94\">\n<div align=\"center\"><a href=\"http:\/\/www.xtec.cat\/cda-cansantoi\/Delta%20del%20Llobregat_csp.pdf\" target=\"_blank\" rel=\"noopener noreferrer\"><img loading=\"lazy\" decoding=\"async\" class=\"wp-image-1371 aligncenter\" style=\"border: 0px none;\" src=\"http:\/\/serveiseducatius.xtec.cat\/cda-cansantoi\/wp-content\/uploads\/usu1385\/2014\/05\/qta.gif\" alt=\"Baixar quadern de treball de l'alumne\" width=\"40\" height=\"40\" \/><\/a><\/div>\n<\/td>\n<td width=\"94\">\n<div align=\"center\"><a href=\"https:\/\/serveiseducatius.xtec.cat\/cda-cansantoi\/en-preparacio-2\/\" target=\"_blank\" rel=\"noopener noreferrer\"><img loading=\"lazy\" decoding=\"async\" class=\"aligncenter wp-image-1358 size-full\" style=\"border: 0px none;\" src=\"https:\/\/serveiseducatius.xtec.cat\/cda-cansantoi\/wp-content\/uploads\/usu1385\/2014\/05\/carpeta_camp.png\" alt=\"Baixar full d'organitzaci\u00f3 de la sortida\" width=\"32\" height=\"32\" \/><\/a><\/div>\n<\/td>\n<td width=\"94\">\n<div align=\"center\"><a href=\"https:\/\/serveiseducatius.xtec.cat\/cda-cansantoi\/en-preparacio-2\/\" target=\"_blank\" rel=\"noopener noreferrer\"><img loading=\"lazy\" decoding=\"async\" class=\"aligncenter wp-image-1420\" style=\"border: 0px none;\" src=\"http:\/\/serveiseducatius.xtec.cat\/cda-cansantoi\/wp-content\/uploads\/usu1385\/2014\/01\/llibreta.gif\" alt=\"llibreta\" width=\"28\" height=\"36\" \/><\/a><\/div>\n<\/td>\n<td align=\"center\" width=\"94\">\n<div align=\"center\"><a href=\"https:\/\/maps.google.es\/maps\/ms?msa=0&amp;msid=203310988220912994480.0004f9bc241a3c373eee4\" target=\"_blank\" rel=\"noopener noreferrer\"><img loading=\"lazy\" decoding=\"async\" class=\"size-full wp-image-1416 aligncenter\" style=\"border: 0px none;\" src=\"http:\/\/serveiseducatius.xtec.cat\/cda-cansantoi\/wp-content\/uploads\/usu1385\/2014\/01\/Punt-de-trobada.png\" alt=\"Punt de trobada\" width=\"44\" height=\"40\" \/><\/a><\/div>\n<\/td>\n<td width=\"94\">\n<div align=\"center\"><a title=\"Cost addicional activitats\" href=\"http:\/\/blocs.xtec.cat\/cdacansantoi\/cost-addicional-activitats\/\" target=\"_blank\" rel=\"noopener noreferrer\"><img loading=\"lazy\" decoding=\"async\" class=\"wp-image-1417 aligncenter\" style=\"border: 0px none;\" src=\"http:\/\/serveiseducatius.xtec.cat\/cda-cansantoi\/wp-content\/uploads\/usu1385\/2014\/01\/monedes.jpg\" alt=\"Cost addicional entrada\" width=\"40\" height=\"40\" \/><\/a><\/div>\n<\/td>\n<td width=\"94\"><span style=\"font-size: large;\"><strong><span style=\"color: #800000;\">DEL-CSP<\/span><\/strong><\/span><\/td>\n<\/tr>\n<tr>\n<td width=\"94\">\n<div class=\"Estilo1\" align=\"center\">\n<div align=\"center\"><span style=\"font-size: xx-small;\">Quadern de treball<\/span><\/div>\n<\/div>\n<\/td>\n<td width=\"94\">\n<div class=\"Estilo1\" align=\"center\">\n<div align=\"center\"><span style=\"font-size: xx-small;\">Full d&#8217;organitzaci\u00f3 de sortida<\/span><\/div>\n<\/div>\n<\/td>\n<td width=\"94\">\n<div class=\"Estilo1\" align=\"center\">\n<div align=\"center\"><span style=\"font-size: xx-small;\">Propostes act. pr\u00e8vies i posteriors<\/span><\/div>\n<\/div>\n<\/td>\n<td width=\"94\">\n<div class=\"Estilo1\" align=\"center\">\n<div align=\"center\"><span style=\"font-size: xx-small;\">Lloc de trobada<\/span><\/div>\n<\/div>\n<\/td>\n<td width=\"94\">\n<div class=\"Estilo1\" align=\"center\"><span style=\"font-size: xx-small;\">Cost addicional entrada<\/span><\/div>\n<\/td>\n<td width=\"94\">\n<div class=\"Estilo1\" align=\"center\"><span style=\"font-size: xx-small;\">Codi activitat<\/span><\/div>\n<\/td>\n<\/tr>\n<\/tbody>\n<\/table>\n<p style=\"text-align: justify;\"><span style=\"font-family: Arial, Helvetica; color: #000000;\"><strong>\u00c0mbit curricular:\u00a0<\/strong>\u00a0Coneixement del medi natural, social i cultural.<\/span><span style=\"font-family: Arial, Helvetica; color: #000000;\"><strong><a href=\"http:\/\/serveiseducatius.xtec.cat\/cda-cansantoi\/wp-content\/uploads\/usu1385\/2014\/05\/riu-llobregat-delta-.jpg\"><img loading=\"lazy\" decoding=\"async\" class=\"alignright size-full wp-image-1731\" src=\"http:\/\/serveiseducatius.xtec.cat\/cda-cansantoi\/wp-content\/uploads\/usu1385\/2014\/05\/riu-llobregat-delta-.jpg\" alt=\"riu llobregat delta-\" width=\"300\" height=\"225\" srcset=\"https:\/\/serveiseducatius.xtec.cat\/cda-cansantoi\/wp-content\/uploads\/usu1385\/2014\/05\/riu-llobregat-delta-.jpg 300w, https:\/\/serveiseducatius.xtec.cat\/cda-cansantoi\/wp-content\/uploads\/usu1385\/2014\/05\/riu-llobregat-delta--200x150.jpg 200w\" sizes=\"auto, (max-width: 300px) 100vw, 300px\" \/><\/a><\/strong><\/span><\/p>\n<p style=\"text-align: justify;\"><span style=\"font-family: Arial, Helvetica; color: #000000;\"><strong>Lloc on es realitza:<\/strong>\u00a0Delta del riu Llobregat (El Prat de Llobregat)<\/span><\/p>\n<p style=\"text-align: justify;\"><span style=\"font-family: Arial, Helvetica; color: #000000;\"><strong>Nivell educatiu:<\/strong>\u00a0Cicle Superior de Prim\u00e0ria.<\/span><\/p>\n<p style=\"text-align: justify;\"><span style=\"color: #000000;\"><span style=\"font-family: Arial, Helvetica;\"><strong>Estacionalitat:<\/strong>\u00a0Primavera<\/span>\u00a0<\/span><\/p>\n<p style=\"text-align: justify;\"><span style=\"color: #000000;\"><span style=\"font-family: Arial, Helvetica;\"><strong>Objectius:<\/strong>\u00a0Introduir-se en el coneixement del paisatge deltaic. Constatar les grans transformacions causades per les activitats humanes que ha sofert la part final del riu Llobregat. Valorar la riquesa biol\u00f2gica i paisatg\u00edstica de les zones humides com a patrimoni natural que cal conservar.\u00a0<\/span><br \/>\n<\/span><\/p>\n<p style=\"text-align: justify;\"><strong>Compet\u00e8ncies b\u00e0siques\u00a0 que m\u00e9s potencia<\/strong>:<\/p>\n<p><strong>\u2022 \u00c0mbit coneixement del medi:<br \/>\n<\/strong><\/p>\n<ul style=\"list-style-type: circle;\">\n<li><strong>Compet\u00e8ncia 1: <\/strong>Plantejar-se preguntes sobre el medi, utilitzar estrat\u00e8gies de cerca de dades i analitzar resultats per trobar respostes<\/li>\n<li><strong>Compet\u00e8ncia 4: <\/strong>Analitzar paisatges i ecosistemes tenint en compte els factors socials i naturals que els configuren, per valorar les actuacions que els afecten<strong><br \/>\n<\/strong><\/li>\n<li><strong>Compet\u00e8ncia 5:\u00a0<\/strong>Valorar problemes socials rellevants interpretant-ne les causes i les conseq\u00fc\u00e8ncies per plantejar propostes de futur<\/li>\n<\/ul>\n<p><strong>\u2022 \u00c0mbit educaci\u00f3 en valors:<\/strong><\/p>\n<ul style=\"list-style-type: circle;\">\n<li><strong>Compet\u00e8ncia 1: <\/strong>Actuar amb autonomia en la presa de decisions i assumir la responsabilitat dels propis actes<\/li>\n<li><strong>Compet\u00e8ncia 4: <\/strong>Mostrar actituds de respecte actiu envers les persones, les seves idees, opcions, creences i les cultures que les conformen<strong><br \/>\n<\/strong><\/li>\n<li><strong>Compet\u00e8ncia 5:<\/strong> Aplicar el di\u00e0leg com a eina d&#8217;entesa i participaci\u00f3 en les relacions entre les persones<\/li>\n<li><strong>Compet\u00e8ncia 6: <\/strong>Adoptar h\u00e0bits d&#8217;aprenentatge cooperatiu que promoguin el comprom\u00eds personal i les actituds de conviv\u00e8ncia<strong><br \/>\n<\/strong><\/li>\n<\/ul>\n<p style=\"text-align: justify;\"><span style=\"color: #000000;\"><span style=\"font-family: Arial, Helvetica;\"><strong>Tipus d&#8217;activitat:\u00a0<\/strong>Itinerari. Descoberta<\/span>.\u00a0<\/span><\/p>\n<p style=\"text-align: justify;\"><span style=\"font-family: Arial, Helvetica; color: #000000;\"><strong>Descripci\u00f3:<\/strong>\u00a0Itinerari a peu d&#8217;uns 5 km, du<\/span><span style=\"font-family: Arial, Helvetica; color: #000000;\">rant els quals es duen a terme les seg\u00fcents actuacions did\u00e0ctiques: 1.Interpretaci\u00f3 del paisatge deltaic tant des del punt de vista geogr\u00e0fic com dels impactes de l&#8217;activitat humana. 2. Determinaci\u00f3 de la qualitat de l&#8217;aigua del riu Llobregat a partir d&#8217;an\u00e0lisis simples de l&#8217;aigua i dels indicadors biol\u00f2gics. 3. Valoraci\u00f3 de la qualitat del bosc de ribera. 4. Observaci\u00f3 i descripci\u00f3 de les aus presents a les zones humides i a la platja.<\/span><\/p>\n<p style=\"text-align: justify;\"><span style=\"font-family: Arial, Helvetica; color: #000000;\"><strong>Material:\u00a0<\/strong>Quadern de treball de l&#8217;alumne. Cartografia de la zona. Material de recol\u00b7lecci\u00f3 d&#8217;invertebrats aqu\u00e0tics. Prism\u00e0tics. Fitxes d&#8217;identificaci\u00f3 d&#8217;aus, de plantes i d&#8217;invertebrats aqu\u00e0tics.<\/span><\/p>\n<p style=\"text-align: justify;\"><span style=\"font-family: Arial, Helvetica; color: #000000;\"><strong><a href=\"http:\/\/serveiseducatius.xtec.cat\/cda-cansantoi\/wp-content\/uploads\/usu1385\/2018\/05\/4bis-1.jpg\"><img loading=\"lazy\" decoding=\"async\" class=\"wp-image-9995 alignleft\" src=\"http:\/\/serveiseducatius.xtec.cat\/cda-cansantoi\/wp-content\/uploads\/usu1385\/2018\/05\/4bis-1.jpg\" alt=\"\" width=\"265\" height=\"190\" \/><\/a>Durada:<\/strong>\u00a04 hores:de 9h 30 min a 13 h 30 min<\/span><\/p>\n<p style=\"text-align: justify;\"><span style=\"font-family: Arial, Helvetica; color: #000000;\"><strong>Despla\u00e7ament:<\/strong>\u00a0A peu (durant l&#8217;itinerari)<\/span><\/p>\n<p style=\"text-align: justify;\"><strong>Observacions: <\/strong>Requereix dur cal\u00e7at adequat per caminar, gorra pel sol o impermeable lleuger (segons \u00e8poca) i aigua per al recorregut. Tamb\u00e9 \u00e9s recomanable que es porti una c\u00e0mera digital de fotografia per a cada grup d&#8217;alumnes.<\/p>\n<p style=\"text-align: justify;\">Per a m\u00e9s informaci\u00f3 consulteu el Full d&#8217;organitzaci\u00f3 de la sortida\u00a0\u2191<\/p>\n","protected":false},"excerpt":{"rendered":"<p>DEL-CSP Quadern de treball Full d&#8217;organitzaci\u00f3 de sortida Propostes act. pr\u00e8vies i posteriors Lloc de trobada Cost addicional entrada Codi activitat \u00c0mbit curricular:\u00a0\u00a0Coneixement del medi natural, social i cultural. Lloc on es realitza:\u00a0Delta del riu Llobregat (El Prat de Llobregat) Nivell educatiu:\u00a0Cicle Superior de Prim\u00e0ria. Estacionalitat:\u00a0Primavera\u00a0 Objectius:\u00a0Introduir-se en el coneixement del paisatge deltaic. Constatar les [&hellip;]<\/p>\n","protected":false},"author":1,"featured_media":0,"parent":801,"menu_order":6,"comment_status":"closed","ping_status":"closed","template":"page-templates\/side-menu.php","meta":{"_bbp_topic_count":0,"_bbp_reply_count":0,"_bbp_total_topic_count":0,"_bbp_total_reply_count":0,"_bbp_voice_count":0,"_bbp_anonymous_reply_count":0,"_bbp_topic_count_hidden":0,"_bbp_reply_count_hidden":0,"_bbp_forum_subforum_count":0,"site-sidebar-layout":"default","site-content-layout":"","ast-site-content-layout":"","site-content-style":"default","site-sidebar-style":"default","ast-global-header-display":"","ast-banner-title-visibility":"","ast-main-header-display":"","ast-hfb-above-header-display":"","ast-hfb-below-header-display":"","ast-hfb-mobile-header-display":"","site-post-title":"","ast-breadcrumbs-content":"","ast-featured-img":"","footer-sml-layout":"","theme-transparent-header-meta":"","adv-header-id-meta":"","stick-header-meta":"","header-above-stick-meta":"","header-main-stick-meta":"","header-below-stick-meta":"","astra-migrate-meta-layouts":"default","ast-page-background-enabled":"default","ast-page-background-meta":{"desktop":{"background-color":"var(--ast-global-color-4)","background-image":"","background-repeat":"repeat","background-position":"center center","background-size":"auto","background-attachment":"scroll","background-type":"","background-media":"","overlay-type":"","overlay-color":"","overlay-opacity":"","overlay-gradient":""},"tablet":{"background-color":"","background-image":"","background-repeat":"repeat","background-position":"center center","background-size":"auto","background-attachment":"scroll","background-type":"","background-media":"","overlay-type":"","overlay-color":"","overlay-opacity":"","overlay-gradient":""},"mobile":{"background-color":"","background-image":"","background-repeat":"repeat","background-position":"center center","background-size":"auto","background-attachment":"scroll","background-type":"","background-media":"","overlay-type":"","overlay-color":"","overlay-opacity":"","overlay-gradient":""}},"ast-content-background-meta":{"desktop":{"background-color":"var(--ast-global-color-5)","background-image":"","background-repeat":"repeat","background-position":"center center","background-size":"auto","background-attachment":"scroll","background-type":"","background-media":"","overlay-type":"","overlay-color":"","overlay-opacity":"","overlay-gradient":""},"tablet":{"background-color":"var(--ast-global-color-5)","background-image":"","background-repeat":"repeat","background-position":"center center","background-size":"auto","background-attachment":"scroll","background-type":"","background-media":"","overlay-type":"","overlay-color":"","overlay-opacity":"","overlay-gradient":""},"mobile":{"background-color":"var(--ast-global-color-5)","background-image":"","background-repeat":"repeat","background-position":"center center","background-size":"auto","background-attachment":"scroll","background-type":"","background-media":"","overlay-type":"","overlay-color":"","overlay-opacity":"","overlay-gradient":""}},"footnotes":""},"class_list":["post-979","page","type-page","status-publish","hentry"],"post_mailing_queue_ids":[],"_links":{"self":[{"href":"https:\/\/serveiseducatius.xtec.cat\/cda-cansantoi\/wp-json\/wp\/v2\/pages\/979","targetHints":{"allow":["GET"]}}],"collection":[{"href":"https:\/\/serveiseducatius.xtec.cat\/cda-cansantoi\/wp-json\/wp\/v2\/pages"}],"about":[{"href":"https:\/\/serveiseducatius.xtec.cat\/cda-cansantoi\/wp-json\/wp\/v2\/types\/page"}],"author":[{"embeddable":true,"href":"https:\/\/serveiseducatius.xtec.cat\/cda-cansantoi\/wp-json\/wp\/v2\/users\/1"}],"replies":[{"embeddable":true,"href":"https:\/\/serveiseducatius.xtec.cat\/cda-cansantoi\/wp-json\/wp\/v2\/comments?post=979"}],"version-history":[{"count":4,"href":"https:\/\/serveiseducatius.xtec.cat\/cda-cansantoi\/wp-json\/wp\/v2\/pages\/979\/revisions"}],"predecessor-version":[{"id":10136,"href":"https:\/\/serveiseducatius.xtec.cat\/cda-cansantoi\/wp-json\/wp\/v2\/pages\/979\/revisions\/10136"}],"up":[{"embeddable":true,"href":"https:\/\/serveiseducatius.xtec.cat\/cda-cansantoi\/wp-json\/wp\/v2\/pages\/801"}],"wp:attachment":[{"href":"https:\/\/serveiseducatius.xtec.cat\/cda-cansantoi\/wp-json\/wp\/v2\/media?parent=979"}],"curies":[{"name":"wp","href":"https:\/\/api.w.org\/{rel}","templated":true}]}}