{"id":947,"date":"2014-01-20T11:19:14","date_gmt":"2014-01-20T10:19:14","guid":{"rendered":"http:\/\/blocs.xtec.cat\/cdacansantoi2\/?page_id=947"},"modified":"2024-09-17T14:03:57","modified_gmt":"2024-09-17T12:03:57","slug":"les-comunitats-vegetals","status":"publish","type":"page","link":"https:\/\/serveiseducatius.xtec.cat\/cda-cansantoi\/ambits\/mon-vegetal-fongs\/les-comunitats-vegetals\/","title":{"rendered":"Descobrim les comunitats vegetals"},"content":{"rendered":"<p>&nbsp;<\/p>\n<table style=\"width: 40.7092%;\" border=\"0\" cellspacing=\"0\" cellpadding=\"3\">\n<tbody>\n<tr style=\"height: 57px;\">\n<td style=\"height: 57px; width: 112px;\" width=\"94\">\n<div align=\"center\"><a href=\"http:\/\/www.xtec.cat\/cda-cansantoi\/Les_comunitats_vegetals_csp_V3.pdf\"><img loading=\"lazy\" decoding=\"async\" class=\"wp-image-1371 aligncenter\" style=\"border: 0px none;\" src=\"http:\/\/serveiseducatius.xtec.cat\/cda-cansantoi\/wp-content\/uploads\/usu1385\/2014\/05\/qta.gif\" alt=\"Baixar quadern de treball de l'alumne\" width=\"40\" height=\"40\" \/><\/a><\/div>\n<\/td>\n<td style=\"height: 57px; width: 112px;\" width=\"94\">\n<div align=\"center\"><a href=\"http:\/\/www.xtec.cat\/cda-cansantoi\/Fulls_organitzacio_sortida\/organitzacio_sortida_cve-csp.doc\"><img loading=\"lazy\" decoding=\"async\" class=\"size-full wp-image-1358 aligncenter\" style=\"border: 0px none;\" src=\"http:\/\/serveiseducatius.xtec.cat\/cda-cansantoi\/wp-content\/uploads\/usu1385\/2014\/05\/carpeta_camp.png\" alt=\"Baixar full d'organitzaci\u00f3 de la sortida\" width=\"32\" height=\"32\" \/><\/a><\/div>\n<\/td>\n<td style=\"height: 57px; width: 112px;\" width=\"94\">\n<div align=\"center\"><a href=\"https:\/\/drive.google.com\/file\/d\/1nH3lTAIwLf6wSQmO6klyu9PmwIJFJcAs\/view?usp=drive_link\"><img loading=\"lazy\" decoding=\"async\" class=\"aligncenter wp-image-1420\" style=\"border: 0px none;\" src=\"http:\/\/serveiseducatius.xtec.cat\/cda-cansantoi\/wp-content\/uploads\/usu1385\/2014\/01\/llibreta.gif\" alt=\"llibreta\" width=\"28\" height=\"36\" \/><\/a><\/div>\n<\/td>\n<td style=\"height: 57px; width: 112px;\" align=\"center\" width=\"94\">\n<div align=\"center\"><a href=\"https:\/\/maps.google.com\/maps\/ms?msa=0&amp;msid=203310988220912994480.00044828f13fc5a67029b&amp;hl=ca&amp;ie=UTF8&amp;t=m&amp;ll=41.43552,2.04895&amp;spn=0.180173,0.291824&amp;z=11&amp;source=embed\"><img loading=\"lazy\" decoding=\"async\" class=\"size-full wp-image-1416 aligncenter\" style=\"border: 0px none;\" src=\"http:\/\/serveiseducatius.xtec.cat\/cda-cansantoi\/wp-content\/uploads\/usu1385\/2014\/01\/Punt-de-trobada.png\" alt=\"Punt de trobada\" width=\"44\" height=\"40\" \/><\/a><\/div>\n<\/td>\n<td style=\"height: 57px; width: 112px;\" width=\"94\"><span style=\"font-size: large;\"><strong><span style=\"color: #800000;\">CVE-CSP<\/span><\/strong><\/span><\/td>\n<\/tr>\n<tr style=\"height: 50px;\">\n<td style=\"height: 50px; width: 112px;\" width=\"94\">\n<div class=\"Estilo1\" align=\"center\">\n<div align=\"center\"><span style=\"font-size: xx-small;\">Quadern de treball<\/span><\/div>\n<\/div>\n<\/td>\n<td style=\"height: 50px; width: 112px;\" width=\"94\">\n<div class=\"Estilo1\" align=\"center\">\n<div align=\"center\"><span style=\"font-size: xx-small;\">Full d&#8217;organitzaci\u00f3 de la sortida<\/span><\/div>\n<\/div>\n<\/td>\n<td style=\"height: 50px; width: 112px;\" width=\"94\">\n<div class=\"Estilo1\" align=\"center\">\n<div align=\"center\"><span style=\"font-size: xx-small;\">Projecte competencial<\/span><\/div>\n<\/div>\n<\/td>\n<td style=\"height: 50px; width: 112px;\" width=\"94\">\n<div class=\"Estilo1\" align=\"center\">\n<div align=\"center\"><span style=\"font-size: xx-small;\">Lloc de trobada<\/span><\/div>\n<\/div>\n<\/td>\n<td style=\"height: 50px; width: 112px;\" width=\"94\">\n<div class=\"Estilo1\" align=\"center\"><span style=\"font-size: xx-small;\">Codi de l&#8217;activitat<\/span><\/div>\n<\/td>\n<\/tr>\n<\/tbody>\n<\/table>\n<p>&nbsp;<\/p>\n<p><span style=\"color: #000000;\"><span style=\"font-family: Arial,Helvetica;\"><strong>Lloc on es realitza:<\/strong> Camp d&#8217;Aprenentatge Can Santoi i voltants<\/span>\u00a0<\/span><\/p>\n<p><span style=\"color: #000000;\"><span style=\"font-family: Arial,Helvetica;\"><strong>Estacionalitat:<\/strong> Tot l&#8217;any\u00a0<\/span>\u00a0<\/span><\/p>\n<p><span style=\"color: #000000;\"><span style=\"font-family: Arial,Helvetica;\"><strong>Tipus d&#8217;activitat:<\/strong> Treball de camp<\/span>\u00a0<\/span><\/p>\n<p><span style=\"color: #000000;\"><span style=\"font-family: Arial,Helvetica;\"><strong>Descripci\u00f3:<\/strong><\/span><\/span><\/p>\n<ul>\n<li><span style=\"color: #000000;\"><span style=\"font-family: Arial,Helvetica;\">Activitat basada en l&#8217;estudi comparat de diferents comunitats vegetals fent especial atenci\u00f3 al microclima de cada una d&#8217;elles, l&#8217;estructura de la vegetaci\u00f3 i l&#8217;observaci\u00f3 acurada dels diferents trets adaptatius que presenten les plantes al seu medi concret.<\/span> <\/span><\/li>\n<li><span style=\"color: #000000;\"><span style=\"font-family: Arial,Helvetica;\">Localitzaci\u00f3 de la comunitat vegetal.<\/span> <\/span><\/li>\n<li><span style=\"color: #000000;\"><span style=\"font-family: Arial,Helvetica;\">Mesura de par\u00e0metres ambientals (temperatura, velocitat del vent, llum..)<\/span> <\/span><\/li>\n<li><span style=\"color: #000000;\"><span style=\"font-family: Arial,Helvetica;\">Descripci\u00f3 de la fisiognomia de la comunitat vegetal.<\/span> <\/span><\/li>\n<li><span style=\"color: #000000;\"><span style=\"font-family: Arial,Helvetica;\">Observaci\u00f3\/descripci\u00f3 de les plantes m\u00e9s importants i dels trets adaptatius mitjan\u00e7ant un senzill joc de recerca.<\/span> <\/span><\/li>\n<li><span style=\"color: #000000;\"><span style=\"font-family: Arial,Helvetica;\">Elaboraci\u00f3 de gr\u00e0fics i conclusions.<\/span>\u00a0<\/span><\/li>\n<\/ul>\n<p><span style=\"color: #000000;\"><span style=\"font-family: Arial,Helvetica;\"><strong>Nivell educatiu:\u00a0<\/strong> Tercer cicle d&#8217;educaci\u00f3 prim\u00e0ria (Cicle superior de prim\u00e0ria) <\/span>\u00a0<\/span><\/p>\n<p><span style=\"font-family: Arial,Helvetica; color: #000000;\"><strong>\u00c0rea:<\/strong> Coneixement del medi natural, social i cultural<\/span><\/p>\n<p><span style=\"color: #000000;\"><span style=\"font-family: Arial,Helvetica;\"><strong>Objectius:<\/strong><\/span><\/span><\/p>\n<p><strong>OB1:<\/strong> Identificar correctament les principals esp\u00e8cies vegetals d\u2019un vessant i saber descriure les seves caracter\u00edstiques per poder caracteritzar la comunitat vegetal.<br \/>\n<strong>OB2:<\/strong> Prendre dades de les variables ambientals utilitzant diferents aparells i instruments de mesura en les seves unitats corresponents per poder caracteritzar el bi\u00f2top.<br \/>\n<strong>OB3:<\/strong> Entendre com afecten les diferents condicions ambientals a les diverses adaptacions i comportaments de cada planta d\u2019un vessant per poder deduir la seva causalitat i finalitat.<br \/>\n<strong>OB4:<\/strong> Relacionar les diferents esp\u00e8cies de plantes amb la seva comunitat vegetal corresponent per poder classificar-la i comparar-la amb d\u2019altres.<br \/>\n<strong>OB5:<\/strong> Incorporar llenguatge t\u00e8cnic per familiaritzar-se i promoure l\u2019\u00fas de vocabulari cient\u00edfic.<br \/>\n<strong>OB6:<\/strong> Aprendre a treballar en equip (autoregulaci\u00f3 de la conducta, establiment de rols, fixaci\u00f3 d\u2019objectius comuns, etc.) per fomentar el cooperativisme, la inclusi\u00f3, la perspectiva de g\u00e8nere i la conviv\u00e8ncia en els \u00e0mbits propers.<\/p>\n<p><strong>Compet\u00e8ncies espec\u00edfiques:<\/strong><\/p>\n<p><strong>CE2:<\/strong> Plantejar-se preguntes sobre el m\u00f3n, aplicant les diferents formes de raonament i m\u00e8todes del pensament cient\u00edfic, per interpretar, respondre i predir els fets i fen\u00f2mens del medi natural, social i cultural i per prendre decisions creatives i decidir actuacions \u00e8tiques i socialment sostenibles.<br \/>\n<strong>CE5:<\/strong> Analitzar les caracter\u00edstiques de diferents elements o sistemes del medi natural, social i cultural, identificant la seva organitzaci\u00f3 i propietats, establint relacions entre aquests, per tal de recon\u00e8ixer el valor del patrimoni cultural i natural i emprendre accions per a un \u00fas responsable, la seva conservaci\u00f3 i la millora.<br \/>\n<strong>CE7:<\/strong> Observar, detectar, comprendre i interpretar canvis i continu\u00eftats del medi natural, social i cultural, analitzant relacions de causalitat, simultane\u00eftat i successi\u00f3, per explicar i valorar les relacions entre diferents elements i esdeveniments que permeten entendre el present i imaginar futurs possibles.<\/p>\n<p><strong>Indicadors operatius de les compet\u00e8ncies transversals:<\/strong><\/p>\n<p><strong>CD3:<\/strong> Participa en activitats i\/o projectes escolars mitjan\u00e7ant l\u2019\u00fas d\u2019eines o plataformes virtuals que li permetin construir nou coneixement, comunicar-se, treballar col\u2022laborativament, compartir dades i continguts en entorns digitals restringits i supervisats de manera segura i amb una actitud oberta i responsable davant el seu \u00fas.<br \/>\n<strong>CPSAA3:<\/strong> Reconeix i respecta les emocions i experi\u00e8ncies dels altres, participa activament en el treball en grup, assumeix les responsabilitats individuals assignades i dona feina estrat\u00e8gies cooperatives dirigides a la consecuci\u00f3 d\u2019objectius compartits.<br \/>\n<strong>CEM1:<\/strong> Reconeix necessitats i reptes a afrontar i elabora idees originals utilitzant destreses creatives i prenent consci\u00e8ncia de les conseq\u00fc\u00e8ncies i efectes que les idees puguin provocar en l\u2019entorn per proposar solucions valuoses que responguin a les necessitats detectades.<br \/>\n<strong>CC1:<\/strong> Ent\u00e9n els fets hist\u00f2rics i socials m\u00e9s rellevants relatius a la seva pr\u00f2pia identitat i cultura, reflexiona sobre les normes de conviv\u00e8ncia i les aplica de manera constructiva, dialogant i inclusiva en qualsevol context.<\/p>\n<p><span style=\"color: #000000;\"><span style=\"font-family: Arial,Helvetica;\"><strong>Material:<\/strong> Quadern de treball, a<\/span><\/span><span style=\"color: #000000;\"><span style=\"font-family: Arial,Helvetica;\">parells de mesura (term\u00f2metres, anem\u00f2metre, lux\u00f2metre&#8230;) i f<\/span><\/span><span style=\"color: #000000;\"><span style=\"font-family: Arial,Helvetica;\">itxes de suport (claus de classificaci\u00f3 de plantes, fitxes de descripci\u00f3&#8230;).<\/span>\u00a0<\/span><\/p>\n<p><span style=\"color: #000000;\"><span style=\"font-family: Arial,Helvetica;\"><strong>Durada:<\/strong>\u00a0 Mitja jornada.<\/span><\/span><\/p>\n<p><span style=\"color: #000000;\"><strong><span style=\"font-family: Arial,Helvetica;\">Despla\u00e7ament:<\/span><\/strong> <span style=\"font-family: Arial,Helvetica;\">Recorregut a peu (45 min)<\/span>\u00a0<\/span><\/p>\n<p>Per a m\u00e9s informaci\u00f3 consulteu el Full d&#8217;organitzaci\u00f3 de la sortida\u00a0\u2191<\/p>\n","protected":false},"excerpt":{"rendered":"<p>&nbsp; CVE-CSP Quadern de treball Full d&#8217;organitzaci\u00f3 de la sortida Projecte competencial Lloc de trobada Codi de l&#8217;activitat &nbsp; Lloc on es realitza: Camp d&#8217;Aprenentatge Can Santoi i voltants\u00a0 Estacionalitat: Tot l&#8217;any\u00a0\u00a0 Tipus d&#8217;activitat: Treball de camp\u00a0 Descripci\u00f3: Activitat basada en l&#8217;estudi comparat de diferents comunitats vegetals fent especial atenci\u00f3 al microclima de cada una [&hellip;]<\/p>\n","protected":false},"author":1,"featured_media":0,"parent":8533,"menu_order":4,"comment_status":"closed","ping_status":"closed","template":"page-templates\/side-menu.php","meta":{"_bbp_topic_count":0,"_bbp_reply_count":0,"_bbp_total_topic_count":0,"_bbp_total_reply_count":0,"_bbp_voice_count":0,"_bbp_anonymous_reply_count":0,"_bbp_topic_count_hidden":0,"_bbp_reply_count_hidden":0,"_bbp_forum_subforum_count":0,"site-sidebar-layout":"default","site-content-layout":"","ast-site-content-layout":"","site-content-style":"default","site-sidebar-style":"default","ast-global-header-display":"","ast-banner-title-visibility":"","ast-main-header-display":"","ast-hfb-above-header-display":"","ast-hfb-below-header-display":"","ast-hfb-mobile-header-display":"","site-post-title":"","ast-breadcrumbs-content":"","ast-featured-img":"","footer-sml-layout":"","theme-transparent-header-meta":"","adv-header-id-meta":"","stick-header-meta":"","header-above-stick-meta":"","header-main-stick-meta":"","header-below-stick-meta":"","astra-migrate-meta-layouts":"default","ast-page-background-enabled":"default","ast-page-background-meta":{"desktop":{"background-color":"var(--ast-global-color-4)","background-image":"","background-repeat":"repeat","background-position":"center center","background-size":"auto","background-attachment":"scroll","background-type":"","background-media":"","overlay-type":"","overlay-color":"","overlay-opacity":"","overlay-gradient":""},"tablet":{"background-color":"","background-image":"","background-repeat":"repeat","background-position":"center center","background-size":"auto","background-attachment":"scroll","background-type":"","background-media":"","overlay-type":"","overlay-color":"","overlay-opacity":"","overlay-gradient":""},"mobile":{"background-color":"","background-image":"","background-repeat":"repeat","background-position":"center center","background-size":"auto","background-attachment":"scroll","background-type":"","background-media":"","overlay-type":"","overlay-color":"","overlay-opacity":"","overlay-gradient":""}},"ast-content-background-meta":{"desktop":{"background-color":"var(--ast-global-color-5)","background-image":"","background-repeat":"repeat","background-position":"center center","background-size":"auto","background-attachment":"scroll","background-type":"","background-media":"","overlay-type":"","overlay-color":"","overlay-opacity":"","overlay-gradient":""},"tablet":{"background-color":"var(--ast-global-color-5)","background-image":"","background-repeat":"repeat","background-position":"center center","background-size":"auto","background-attachment":"scroll","background-type":"","background-media":"","overlay-type":"","overlay-color":"","overlay-opacity":"","overlay-gradient":""},"mobile":{"background-color":"var(--ast-global-color-5)","background-image":"","background-repeat":"repeat","background-position":"center center","background-size":"auto","background-attachment":"scroll","background-type":"","background-media":"","overlay-type":"","overlay-color":"","overlay-opacity":"","overlay-gradient":""}},"footnotes":""},"class_list":["post-947","page","type-page","status-publish","hentry"],"post_mailing_queue_ids":[],"_links":{"self":[{"href":"https:\/\/serveiseducatius.xtec.cat\/cda-cansantoi\/wp-json\/wp\/v2\/pages\/947","targetHints":{"allow":["GET"]}}],"collection":[{"href":"https:\/\/serveiseducatius.xtec.cat\/cda-cansantoi\/wp-json\/wp\/v2\/pages"}],"about":[{"href":"https:\/\/serveiseducatius.xtec.cat\/cda-cansantoi\/wp-json\/wp\/v2\/types\/page"}],"author":[{"embeddable":true,"href":"https:\/\/serveiseducatius.xtec.cat\/cda-cansantoi\/wp-json\/wp\/v2\/users\/1"}],"replies":[{"embeddable":true,"href":"https:\/\/serveiseducatius.xtec.cat\/cda-cansantoi\/wp-json\/wp\/v2\/comments?post=947"}],"version-history":[{"count":6,"href":"https:\/\/serveiseducatius.xtec.cat\/cda-cansantoi\/wp-json\/wp\/v2\/pages\/947\/revisions"}],"predecessor-version":[{"id":20743,"href":"https:\/\/serveiseducatius.xtec.cat\/cda-cansantoi\/wp-json\/wp\/v2\/pages\/947\/revisions\/20743"}],"up":[{"embeddable":true,"href":"https:\/\/serveiseducatius.xtec.cat\/cda-cansantoi\/wp-json\/wp\/v2\/pages\/8533"}],"wp:attachment":[{"href":"https:\/\/serveiseducatius.xtec.cat\/cda-cansantoi\/wp-json\/wp\/v2\/media?parent=947"}],"curies":[{"name":"wp","href":"https:\/\/api.w.org\/{rel}","templated":true}]}}