{"id":913,"date":"2014-01-20T10:35:40","date_gmt":"2014-01-20T09:35:40","guid":{"rendered":"http:\/\/blocs.xtec.cat\/cdacansantoi2\/?page_id=913"},"modified":"2025-09-03T15:18:55","modified_gmt":"2025-09-03T13:18:55","slug":"risc-dinundacio-a-la-riera-de-vallvidrera","status":"publish","type":"page","link":"https:\/\/serveiseducatius.xtec.cat\/cda-cansantoi\/ambits\/geologia\/risc-dinundacio-a-la-riera-de-vallvidrera\/","title":{"rendered":"Risc d&#8217;inundaci\u00f3 a la riera de Vallvidrera (BAT)"},"content":{"rendered":"<p>&nbsp;<\/p>\n<table style=\"width: 564px;\" border=\"0\" cellspacing=\"0\" cellpadding=\"3\">\n<tbody>\n<tr>\n<td width=\"94\">\n<div align=\"center\"><a href=\"http:\/\/www.xtec.cat\/cda-cansantoi\/Inundacions_batxillerat.pdf\" target=\"_blank\" rel=\"noopener noreferrer\"><img loading=\"lazy\" decoding=\"async\" class=\"wp-image-1371 aligncenter\" style=\"border: 0px none;\" src=\"http:\/\/serveiseducatius.xtec.cat\/cda-cansantoi\/wp-content\/uploads\/usu1385\/2014\/05\/qta.gif\" alt=\"Baixar quadern de treball de l'alumne\" width=\"40\" height=\"40\" \/><\/a><\/div>\n<\/td>\n<td width=\"94\">\n<div align=\"center\"><a title=\"En preparaci\u00f3\" href=\"https:\/\/drive.google.com\/file\/d\/1dngfunZzrEZZGE8NFxxKEesXmJjtuGDW\/view\" target=\"_blank\" rel=\"noopener noreferrer\"><img loading=\"lazy\" decoding=\"async\" class=\"aligncenter wp-image-1358\" style=\"border: 0px none;\" src=\"http:\/\/serveiseducatius.xtec.cat\/cda-cansantoi\/wp-content\/uploads\/usu1385\/2014\/05\/carpeta_camp.png\" alt=\"Baixar full d'organitzaci\u00f3 de la sortida\" width=\"32\" height=\"32\" \/><\/a><\/div>\n<\/td>\n<td width=\"94\">\n<div align=\"center\"><a href=\"http:\/\/serveiseducatius.xtec.cat\/cda-cansantoi\/wp-content\/uploads\/usu1385\/2014\/01\/llibreta.gif\"><img loading=\"lazy\" decoding=\"async\" class=\" wp-image-1420 aligncenter\" style=\"border: 0px none;\" src=\"http:\/\/serveiseducatius.xtec.cat\/cda-cansantoi\/wp-content\/uploads\/usu1385\/2014\/01\/llibreta.gif\" alt=\"llibreta\" width=\"28\" height=\"36\" \/><\/a><\/div>\n<\/td>\n<td align=\"center\" width=\"94\">\n<div align=\"center\"><a href=\"https:\/\/maps.google.com\/maps\/ms?msid=203310988220912994480.0004f20a7100b661a6270&amp;msa=0&amp;ll=41.416317,2.013255&amp;spn=0.007298,0.016512\" target=\"_blank\" rel=\"noopener noreferrer\"><img loading=\"lazy\" decoding=\"async\" class=\"size-full wp-image-1416 aligncenter\" style=\"border: 0px none;\" src=\"http:\/\/serveiseducatius.xtec.cat\/cda-cansantoi\/wp-content\/uploads\/usu1385\/2014\/01\/Punt-de-trobada.png\" alt=\"Punt de trobada\" width=\"44\" height=\"40\" \/><\/a><\/div>\n<\/td>\n<td width=\"94\"><\/td>\n<td width=\"94\"><span style=\"font-size: large;\"><strong><span style=\"color: #800000;\">INU-BAT<\/span><\/strong><\/span><\/td>\n<\/tr>\n<tr>\n<td width=\"94\">\n<div class=\"Estilo1\" align=\"center\">\n<div align=\"center\"><span style=\"font-size: xx-small;\">Quadern de treball<\/span><\/div>\n<\/div>\n<\/td>\n<td width=\"94\">\n<div class=\"Estilo1\" align=\"center\">\n<div align=\"center\"><span style=\"font-size: xx-small;\">Full d&#8217;organitzaci\u00f3 de sortida<\/span><\/div>\n<\/div>\n<\/td>\n<td width=\"94\">\n<div class=\"Estilo1\" align=\"center\">\n<div align=\"center\"><span style=\"font-size: xx-small;\">Propostes act. pr\u00e8vies i posteriors<\/span><\/div>\n<\/div>\n<\/td>\n<td width=\"94\">\n<div class=\"Estilo1\" align=\"center\">\n<div align=\"center\"><span style=\"font-size: xx-small;\">Lloc de trobada<\/span><\/div>\n<\/div>\n<\/td>\n<td width=\"94\">\n<div class=\"Estilo1\" align=\"center\"><span style=\"font-size: xx-small;\">\u00a0<\/span><\/div>\n<\/td>\n<td width=\"94\">\n<div class=\"Estilo1\" align=\"center\"><span style=\"font-size: xx-small;\">Codi activitat<\/span><\/div>\n<\/td>\n<\/tr>\n<\/tbody>\n<\/table>\n<p style=\"text-align: justify;\"><span style=\"font-family: Arial,Helvetica; color: #000000;\"><strong>\u00c0mbit curricular:<\/strong>\u00a0 Ci\u00e8ncies Ci\u00e8ncies de la Terra i del Medi Ambient, Geografia, Matem\u00e0tiques, Inform\u00e0tica.<a href=\"http:\/\/blocs.xtec.cat\/cdacansantoi\/files\/2014\/05\/Risc-inundaci\u00f3-BAT.jpg\"><img loading=\"lazy\" decoding=\"async\" class=\"alignright size-medium wp-image-1733\" src=\"http:\/\/blocs.xtec.cat\/cdacansantoi\/files\/2014\/05\/Risc-inundaci\u00f3-BAT-300x225.jpg\" alt=\"Risc inundaci\u00f3 BAT\" width=\"300\" height=\"225\" \/><\/a><\/span><\/p>\n<p style=\"text-align: justify;\"><span style=\"font-family: Arial,Helvetica; color: #000000;\"><strong>Lloc on es realitza:<\/strong> Recollida de dades al tram final de la riera de Vallvidrera (Molins de Rei) o b\u00e9, a d&#8217;altres trams similars de rieres properes al centre docent. C\u00e0lculs en el CdA Can Santoi o b\u00e9 en us espai habilitat a Molins de Rei<\/span><\/p>\n<p style=\"text-align: justify;\"><span style=\"font-family: Arial,Helvetica; color: #000000;\"><strong>Nivell educatiu:<\/strong> Batxillerat.Cicles Formatius<\/span><\/p>\n<p style=\"text-align: justify;\"><span style=\"color: #000000;\"><span style=\"font-family: Arial,Helvetica;\"><strong>Estacionalitat:<\/strong> Tot l&#8217;any<\/span>\u00a0<\/span><\/p>\n<p style=\"text-align: justify;\"><span style=\"font-family: Arial,Helvetica; color: #000000;\"><span style=\"font-family: Arial,Helvetica;\"><strong>Objectius:<\/strong> Introduir-se en els c\u00e0lculs d&#8217;avingudes per a l&#8217;avaluaci\u00f3 dels riscos naturals en alguns punts del territori. Mesurar sobre el terreny la llum d&#8217;alguns ponts suposadament amena\u00e7ats i d&#8217;altres par\u00e0metres necessaris per al c\u00e0lcul. Quantificar altres dades necess\u00e0ries que influeixen en el desenvolupament de les avingudes i aplicar-ne f\u00f3rmules experimentals senzilles. Realitzar els c\u00e0lculs a partir d&#8217;aplicacions inform\u00e0tiques. Realitzar un informe t\u00e8cnic que doni pautes de prevenci\u00f3 i d&#8217;ordenaci\u00f3 del territori sotm\u00e8s a risc d&#8217;inundaci\u00f3 per avingudes.\u00a0<\/span><\/span><\/p>\n<p><strong>Compet\u00e8ncies b\u00e0siques\u00a0 que m\u00e9s potencia<\/strong>:<\/p>\n<ul>\n<li><strong>Compet\u00e8ncies b\u00e0siques\u00a0 que m\u00e9s potencia:<\/strong>\n<ul>\n<li><strong>\u00c0mbit cientificotecnol\u00f2gic:<\/strong>\n<ul>\n<li><strong>Compet\u00e8ncia 1<\/strong>. Identificar i caracteritzar els sistemes f\u00edsics i qu\u00edmics des de la perspectiva dels models, per comunicar i predir el comportament dels fen\u00f2mens naturals<\/li>\n<li><strong>Compet\u00e8ncia 3.<\/strong>\u00a0Interpretar la hist\u00f2ria de l\u2019Univers, de la Terra i de la vida utilitzant els registres del passat<\/li>\n<li><strong>Compet\u00e8ncia 6<\/strong>. Recon\u00e8ixer i aplicar els processos implicats en l\u2019elaboraci\u00f3 i validaci\u00f3 del coneixement cient\u00edfic.<\/li>\n<\/ul>\n<\/li>\n<\/ul>\n<\/li>\n<li><strong>\u00c0mbit matem\u00e0tic<\/strong>\n<ul>\n<li><strong>Compet\u00e8ncia 2<\/strong>. Emprar conceptes, eines i estrat\u00e8gies matem\u00e0tiques per resoldre problemes.<\/li>\n<\/ul>\n<\/li>\n<li>\u00a0<strong>\u00c0mbit cultura i valors<\/strong>\n<ul>\n<li><strong>Compet\u00e8ncia 9<\/strong>. Analitzar cr\u00edticament l\u2019entorn natural des de la perspectiva \u00e8tica, individualment i de manera col\u00b7lectiva<\/li>\n<li><strong>Compet\u00e8ncia 10.\u00a0<\/strong>Realitzar activitats de participaci\u00f3 i de col\u00b7laboraci\u00f3 que promoguin actituds de comprom\u00eds i democr\u00e0tiques.<\/li>\n<\/ul>\n<\/li>\n<\/ul>\n<p style=\"text-align: justify;\"><span style=\"font-family: Arial,Helvetica; color: #000000;\"><strong>Tipus d&#8217;activitat:<\/strong> Treball de camp\/laboratori-aula d&#8217;inform\u00e0tica.<\/span><\/p>\n<p style=\"text-align: justify;\"><span style=\"font-family: Arial,Helvetica; color: #000000;\"><strong>Descripci\u00f3:<\/strong> Caracteritzaci\u00f3 topogr\u00e0fica i hidrodin\u00e0mica de la conca a estudiar.<br \/>\nSelecci\u00f3 de ponts possiblement amena\u00e7ats per avingudes epis\u00f2diques i c\u00e0lcul de la llum.<br \/>\nC\u00e0lcul cabals, superf\u00edcie de la conca, pendents, \u00e0rees d&#8217;inundaci\u00f3 i d&#8217;altres dades al camp o b\u00e9 a l&#8217;aula.<br \/>\nAplicar les f\u00f3rmules segons aplicacions inform\u00e0tiques i determinar la vulnerabilitat dels elements escollits.<br \/>\n<\/span><\/p>\n<p style=\"text-align: justify;\"><span style=\"font-family: Arial,Helvetica; color: #000000;\"><strong>Material:<\/strong> Quadern de treball, cinta m\u00e8trica, flex\u00f2metre, cron\u00f2metre, clin\u00f2metre, curv\u00edmetre, cartografia de la conca&#8230;<\/span><\/p>\n<p style=\"text-align: justify;\"><span style=\"color: #000000;\"><span style=\"font-family: Arial,Helvetica;\"><strong>Durada:<\/strong> Mitja jornada,de 9 h a 13 h 30 min<\/span>\u00a0<\/span><\/p>\n<p style=\"text-align: justify;\"><span style=\"color: #000000;\"><span style=\"font-family: Arial,Helvetica;\"><strong>Despla\u00e7ament:<\/strong>\u00a0Aproximadament 500 m des del punt de trobada.<\/span><span style=\"font-family: Arial,Helvetica;\"><br \/>\n<\/span><\/span><\/p>\n<p style=\"text-align: justify;\"><span style=\"font-family: Arial,Helvetica; color: #000000;\"><strong>Observacions:<\/strong>\u00a0<span style=\"font-family: Arial,Helvetica;\">Es proposa realitzar els c\u00e0lculs de la llum dels ponts del tram final de la riera de Vallvidrera a Molins de Rei. Es poden escollir altres rieres adequades previ sol\u00b7licitud i estudi.<\/span><\/span><\/p>\n<p style=\"text-align: justify;\">Per a m\u00e9s informaci\u00f3 consulteu el Full d&#8217;organitzaci\u00f3 de la sortida\u00a0\u2191<a href=\"http:\/\/www.xtec.cat\/cda-cansantoi\/Inundacions_batxillerat.pdf\" target=\"_blank\" rel=\"noopener noreferrer\"><br \/>\n<\/a><\/p>\n","protected":false},"excerpt":{"rendered":"<p>&nbsp; INU-BAT Quadern de treball Full d&#8217;organitzaci\u00f3 de sortida Propostes act. pr\u00e8vies i posteriors Lloc de trobada \u00a0 Codi activitat \u00c0mbit curricular:\u00a0 Ci\u00e8ncies Ci\u00e8ncies de la Terra i del Medi Ambient, Geografia, Matem\u00e0tiques, Inform\u00e0tica. Lloc on es realitza: Recollida de dades al tram final de la riera de Vallvidrera (Molins de Rei) o b\u00e9, a [&hellip;]<\/p>\n","protected":false},"author":1,"featured_media":0,"parent":8534,"menu_order":7,"comment_status":"closed","ping_status":"closed","template":"","meta":{"_bbp_topic_count":0,"_bbp_reply_count":0,"_bbp_total_topic_count":0,"_bbp_total_reply_count":0,"_bbp_voice_count":0,"_bbp_anonymous_reply_count":0,"_bbp_topic_count_hidden":0,"_bbp_reply_count_hidden":0,"_bbp_forum_subforum_count":0,"site-sidebar-layout":"default","site-content-layout":"","ast-site-content-layout":"default","site-content-style":"default","site-sidebar-style":"default","ast-global-header-display":"","ast-banner-title-visibility":"","ast-main-header-display":"","ast-hfb-above-header-display":"","ast-hfb-below-header-display":"","ast-hfb-mobile-header-display":"","site-post-title":"","ast-breadcrumbs-content":"","ast-featured-img":"","footer-sml-layout":"","theme-transparent-header-meta":"default","adv-header-id-meta":"","stick-header-meta":"","header-above-stick-meta":"","header-main-stick-meta":"","header-below-stick-meta":"","astra-migrate-meta-layouts":"set","ast-page-background-enabled":"default","ast-page-background-meta":{"desktop":{"background-color":"var(--ast-global-color-4)","background-image":"","background-repeat":"repeat","background-position":"center center","background-size":"auto","background-attachment":"scroll","background-type":"","background-media":"","overlay-type":"","overlay-color":"","overlay-opacity":"","overlay-gradient":""},"tablet":{"background-color":"","background-image":"","background-repeat":"repeat","background-position":"center center","background-size":"auto","background-attachment":"scroll","background-type":"","background-media":"","overlay-type":"","overlay-color":"","overlay-opacity":"","overlay-gradient":""},"mobile":{"background-color":"","background-image":"","background-repeat":"repeat","background-position":"center center","background-size":"auto","background-attachment":"scroll","background-type":"","background-media":"","overlay-type":"","overlay-color":"","overlay-opacity":"","overlay-gradient":""}},"ast-content-background-meta":{"desktop":{"background-color":"var(--ast-global-color-5)","background-image":"","background-repeat":"repeat","background-position":"center center","background-size":"auto","background-attachment":"scroll","background-type":"","background-media":"","overlay-type":"","overlay-color":"","overlay-opacity":"","overlay-gradient":""},"tablet":{"background-color":"var(--ast-global-color-5)","background-image":"","background-repeat":"repeat","background-position":"center center","background-size":"auto","background-attachment":"scroll","background-type":"","background-media":"","overlay-type":"","overlay-color":"","overlay-opacity":"","overlay-gradient":""},"mobile":{"background-color":"var(--ast-global-color-5)","background-image":"","background-repeat":"repeat","background-position":"center center","background-size":"auto","background-attachment":"scroll","background-type":"","background-media":"","overlay-type":"","overlay-color":"","overlay-opacity":"","overlay-gradient":""}},"footnotes":""},"class_list":["post-913","page","type-page","status-publish","hentry"],"post_mailing_queue_ids":[],"_links":{"self":[{"href":"https:\/\/serveiseducatius.xtec.cat\/cda-cansantoi\/wp-json\/wp\/v2\/pages\/913","targetHints":{"allow":["GET"]}}],"collection":[{"href":"https:\/\/serveiseducatius.xtec.cat\/cda-cansantoi\/wp-json\/wp\/v2\/pages"}],"about":[{"href":"https:\/\/serveiseducatius.xtec.cat\/cda-cansantoi\/wp-json\/wp\/v2\/types\/page"}],"author":[{"embeddable":true,"href":"https:\/\/serveiseducatius.xtec.cat\/cda-cansantoi\/wp-json\/wp\/v2\/users\/1"}],"replies":[{"embeddable":true,"href":"https:\/\/serveiseducatius.xtec.cat\/cda-cansantoi\/wp-json\/wp\/v2\/comments?post=913"}],"version-history":[{"count":5,"href":"https:\/\/serveiseducatius.xtec.cat\/cda-cansantoi\/wp-json\/wp\/v2\/pages\/913\/revisions"}],"predecessor-version":[{"id":23796,"href":"https:\/\/serveiseducatius.xtec.cat\/cda-cansantoi\/wp-json\/wp\/v2\/pages\/913\/revisions\/23796"}],"up":[{"embeddable":true,"href":"https:\/\/serveiseducatius.xtec.cat\/cda-cansantoi\/wp-json\/wp\/v2\/pages\/8534"}],"wp:attachment":[{"href":"https:\/\/serveiseducatius.xtec.cat\/cda-cansantoi\/wp-json\/wp\/v2\/media?parent=913"}],"curies":[{"name":"wp","href":"https:\/\/api.w.org\/{rel}","templated":true}]}}