{"id":9038,"date":"2017-07-05T13:55:24","date_gmt":"2017-07-05T11:55:24","guid":{"rendered":"http:\/\/serveiseducatius.xtec.cat\/cda-cansantoi\/?page_id=9038"},"modified":"2024-10-30T10:16:45","modified_gmt":"2024-10-30T09:16:45","slug":"articles-de-divulgacio","status":"publish","type":"page","link":"https:\/\/serveiseducatius.xtec.cat\/cda-cansantoi\/recursos\/articles-de-divulgacio\/","title":{"rendered":"Articles de divulgaci\u00f3"},"content":{"rendered":"<p>Des de Can Santoi volem oferir al\u00a0professorat un nou recurs per a treballar amb els alumnes des dels centres: un conjunt d&#8217;articles de divulgaci\u00f3 de tem\u00e0tiques relacionades amb els \u00e0mbits de treball del CdA<\/p>\n<p>De moment ens hem centrat en les seg\u00fcents tem\u00e0tiques:<\/p>\n<table style=\"width: 88.5742%;\" cellspacing=\"2\" cellpadding=\"2\">\n<tbody>\n<tr style=\"height: 31px;\">\n<td style=\"height: 31px; width: 22.6401%; text-align: center;\"><a href=\"http:\/\/serveiseducatius.xtec.cat\/cda-cansantoi\/categoria\/articles-aparells-meteorologia\/\">Aparells de meteorologia\u00a0<\/a><\/td>\n<td style=\"height: 31px; width: 18.9653%; text-align: center;\"><a href=\"http:\/\/serveiseducatius.xtec.cat\/cda-cansantoi\/categoria\/articles-animals-de-la-riera\/\">Els Animals de la riera<\/a><\/td>\n<td style=\"height: 31px; width: 17.5546%; text-align: center;\"><a href=\"http:\/\/serveiseducatius.xtec.cat\/cda-cansantoi\/categoria\/articles-energia-solar\/\">Energia solar<\/a><\/td>\n<td style=\"height: 31px; width: 14.3303%; text-align: center;\"><a href=\"http:\/\/serveiseducatius.xtec.cat\/cda-cansantoi\/categoria\/articles-vegetacio\/\" target=\"_blank\" rel=\"noopener noreferrer\">Vegetaci\u00f3<\/a><\/td>\n<td style=\"width: 13.349%; text-align: center;\"><a href=\"http:\/\/serveiseducatius.xtec.cat\/cda-cansantoi\/categoria\/articles-de-Geologia\/\">Geologia<\/a><\/td>\n<td style=\"width: 35.511%; text-align: center;\"><a href=\"https:\/\/serveiseducatius.xtec.cat\/cda-cansantoi\/categoria\/fauna-local\/\">Fauna local<\/a><\/td>\n<\/tr>\n<\/tbody>\n<\/table>\n","protected":false},"excerpt":{"rendered":"<p>Des de Can Santoi volem oferir al\u00a0professorat un nou recurs per a treballar amb els alumnes des dels centres: un conjunt d&#8217;articles de divulgaci\u00f3 de tem\u00e0tiques relacionades amb els \u00e0mbits de treball del CdA De moment ens hem centrat en les seg\u00fcents tem\u00e0tiques: Aparells de meteorologia\u00a0 Els Animals de la riera Energia solar Vegetaci\u00f3 Geologia [&hellip;]<\/p>\n","protected":false},"author":1,"featured_media":0,"parent":1404,"menu_order":2,"comment_status":"closed","ping_status":"closed","template":"page-templates\/side-menu.php","meta":{"_bbp_topic_count":0,"_bbp_reply_count":0,"_bbp_total_topic_count":0,"_bbp_total_reply_count":0,"_bbp_voice_count":0,"_bbp_anonymous_reply_count":0,"_bbp_topic_count_hidden":0,"_bbp_reply_count_hidden":0,"_bbp_forum_subforum_count":0,"site-sidebar-layout":"default","site-content-layout":"","ast-site-content-layout":"","site-content-style":"default","site-sidebar-style":"default","ast-global-header-display":"","ast-banner-title-visibility":"","ast-main-header-display":"","ast-hfb-above-header-display":"","ast-hfb-below-header-display":"","ast-hfb-mobile-header-display":"","site-post-title":"","ast-breadcrumbs-content":"","ast-featured-img":"","footer-sml-layout":"","theme-transparent-header-meta":"","adv-header-id-meta":"","stick-header-meta":"","header-above-stick-meta":"","header-main-stick-meta":"","header-below-stick-meta":"","astra-migrate-meta-layouts":"default","ast-page-background-enabled":"default","ast-page-background-meta":{"desktop":{"background-color":"var(--ast-global-color-4)","background-image":"","background-repeat":"repeat","background-position":"center center","background-size":"auto","background-attachment":"scroll","background-type":"","background-media":"","overlay-type":"","overlay-color":"","overlay-opacity":"","overlay-gradient":""},"tablet":{"background-color":"","background-image":"","background-repeat":"repeat","background-position":"center center","background-size":"auto","background-attachment":"scroll","background-type":"","background-media":"","overlay-type":"","overlay-color":"","overlay-opacity":"","overlay-gradient":""},"mobile":{"background-color":"","background-image":"","background-repeat":"repeat","background-position":"center center","background-size":"auto","background-attachment":"scroll","background-type":"","background-media":"","overlay-type":"","overlay-color":"","overlay-opacity":"","overlay-gradient":""}},"ast-content-background-meta":{"desktop":{"background-color":"var(--ast-global-color-5)","background-image":"","background-repeat":"repeat","background-position":"center center","background-size":"auto","background-attachment":"scroll","background-type":"","background-media":"","overlay-type":"","overlay-color":"","overlay-opacity":"","overlay-gradient":""},"tablet":{"background-color":"var(--ast-global-color-5)","background-image":"","background-repeat":"repeat","background-position":"center center","background-size":"auto","background-attachment":"scroll","background-type":"","background-media":"","overlay-type":"","overlay-color":"","overlay-opacity":"","overlay-gradient":""},"mobile":{"background-color":"var(--ast-global-color-5)","background-image":"","background-repeat":"repeat","background-position":"center center","background-size":"auto","background-attachment":"scroll","background-type":"","background-media":"","overlay-type":"","overlay-color":"","overlay-opacity":"","overlay-gradient":""}},"footnotes":""},"class_list":["post-9038","page","type-page","status-publish","hentry"],"post_mailing_queue_ids":[],"_links":{"self":[{"href":"https:\/\/serveiseducatius.xtec.cat\/cda-cansantoi\/wp-json\/wp\/v2\/pages\/9038","targetHints":{"allow":["GET"]}}],"collection":[{"href":"https:\/\/serveiseducatius.xtec.cat\/cda-cansantoi\/wp-json\/wp\/v2\/pages"}],"about":[{"href":"https:\/\/serveiseducatius.xtec.cat\/cda-cansantoi\/wp-json\/wp\/v2\/types\/page"}],"author":[{"embeddable":true,"href":"https:\/\/serveiseducatius.xtec.cat\/cda-cansantoi\/wp-json\/wp\/v2\/users\/1"}],"replies":[{"embeddable":true,"href":"https:\/\/serveiseducatius.xtec.cat\/cda-cansantoi\/wp-json\/wp\/v2\/comments?post=9038"}],"version-history":[{"count":6,"href":"https:\/\/serveiseducatius.xtec.cat\/cda-cansantoi\/wp-json\/wp\/v2\/pages\/9038\/revisions"}],"predecessor-version":[{"id":21258,"href":"https:\/\/serveiseducatius.xtec.cat\/cda-cansantoi\/wp-json\/wp\/v2\/pages\/9038\/revisions\/21258"}],"up":[{"embeddable":true,"href":"https:\/\/serveiseducatius.xtec.cat\/cda-cansantoi\/wp-json\/wp\/v2\/pages\/1404"}],"wp:attachment":[{"href":"https:\/\/serveiseducatius.xtec.cat\/cda-cansantoi\/wp-json\/wp\/v2\/media?parent=9038"}],"curies":[{"name":"wp","href":"https:\/\/api.w.org\/{rel}","templated":true}]}}