{"id":897,"date":"2014-01-20T09:56:35","date_gmt":"2014-01-20T08:56:35","guid":{"rendered":"http:\/\/blocs.xtec.cat\/cdacansantoi2\/?page_id=897"},"modified":"2022-03-23T14:42:29","modified_gmt":"2022-03-23T13:42:29","slug":"itinerari-geologic-roques-sedimentaris-batxillera","status":"publish","type":"page","link":"https:\/\/serveiseducatius.xtec.cat\/cda-cansantoi\/ambits\/geologia\/itinerari-geologic-roques-sedimentaris-batxillera\/","title":{"rendered":"Itinerari geol\u00f2gic: les roques i els ambients sedimentaris (BAT)"},"content":{"rendered":"<p>&nbsp;<\/p>\n<table style=\"width: 564px;\" border=\"0\" cellspacing=\"0\" cellpadding=\"3\">\n<tbody>\n<tr>\n<td width=\"94\">\n<div align=\"center\"><a href=\"http:\/\/www.xtec.cat\/cda-cansantoi\/Roques sedimentaries_bat_juny_2021.pdf\" target=\"_blank\" rel=\"noopener noreferrer\"><img loading=\"lazy\" decoding=\"async\" class=\"aligncenter wp-image-1371\" style=\"border: 0px none;\" src=\"http:\/\/serveiseducatius.xtec.cat\/cda-cansantoi\/wp-content\/uploads\/usu1385\/2014\/05\/qta.gif\" alt=\"Baixar quadern de treball de l'alumne\" width=\"40\" height=\"40\" \/><\/a><\/div>\n<\/td>\n<td width=\"94\">\n<div align=\"center\"><a href=\"http:\/\/www.xtec.cat\/cda-cansantoi\/Fulls_organitzacio_sortida\/organitzacio_sortida_sed-bat.doc\" target=\"_blank\" rel=\"noopener noreferrer\"><img loading=\"lazy\" decoding=\"async\" class=\"size-full wp-image-1358 aligncenter\" style=\"border: 0px none;\" src=\"http:\/\/serveiseducatius.xtec.cat\/cda-cansantoi\/wp-content\/uploads\/usu1385\/2014\/05\/carpeta_camp.png\" alt=\"Baixar full d'organitzaci\u00f3 de la sortida\" width=\"32\" height=\"32\" \/><\/a><\/div>\n<\/td>\n<td width=\"94\">\n<div align=\"center\"><a title=\"En preparaci\u00f3\" href=\"http:\/\/serveiseducatius.xtec.cat\/cda-cansantoi\/en-preparacio-2\/\" target=\"_blank\" rel=\"noopener noreferrer\"><img loading=\"lazy\" decoding=\"async\" class=\"aligncenter wp-image-1420\" style=\"border: 0px none;\" src=\"http:\/\/serveiseducatius.xtec.cat\/cda-cansantoi\/wp-content\/uploads\/usu1385\/2014\/01\/llibreta.gif\" alt=\"llibreta\" width=\"28\" height=\"36\" \/><\/a><\/div>\n<\/td>\n<td align=\"center\" width=\"94\">\n<div align=\"center\"><a href=\"https:\/\/maps.google.com\/maps\/ms?msid=203310988220912994480.0004f94e23e2c412c7531&amp;msa=0&amp;ll=41.417613,1.999919&amp;spn=0.014595,0.033023\" target=\"_blank\" rel=\"noopener noreferrer\"><img loading=\"lazy\" decoding=\"async\" class=\"size-full wp-image-1416 aligncenter\" style=\"border: 0px none;\" src=\"http:\/\/serveiseducatius.xtec.cat\/cda-cansantoi\/wp-content\/uploads\/usu1385\/2014\/01\/Punt-de-trobada.png\" alt=\"Punt de trobada\" width=\"44\" height=\"40\" \/><\/a><\/div>\n<\/td>\n<td width=\"94\"><\/td>\n<td width=\"94\"><span style=\"font-size: large;\"><strong><span style=\"color: #800000;\">SED-BAT<\/span><\/strong><\/span><\/td>\n<\/tr>\n<tr>\n<td width=\"94\">\n<div class=\"Estilo1\" align=\"center\">\n<div align=\"center\"><span style=\"font-size: xx-small;\">Quadern de treball<\/span><\/div>\n<\/div>\n<\/td>\n<td width=\"94\">\n<div class=\"Estilo1\" align=\"center\">\n<div align=\"center\"><span style=\"font-size: xx-small;\">Full d&#8217;organitzaci\u00f3 de sortida<\/span><\/div>\n<\/div>\n<\/td>\n<td width=\"94\">\n<div class=\"Estilo1\" align=\"center\">\n<div align=\"center\"><span style=\"font-size: xx-small;\">Propostes act. pr\u00e8vies i posteriors<\/span><\/div>\n<\/div>\n<\/td>\n<td width=\"94\">\n<div class=\"Estilo1\" align=\"center\">\n<div align=\"center\"><span style=\"font-size: xx-small;\">Lloc de trobada<\/span><\/div>\n<\/div>\n<\/td>\n<td width=\"94\">\n<div class=\"Estilo1\" align=\"center\"><span style=\"font-size: xx-small;\">\u00a0<\/span><\/div>\n<\/td>\n<td width=\"94\">\n<div class=\"Estilo1\" align=\"center\"><span style=\"font-size: xx-small;\">Codi activitat<\/span><\/div>\n<\/td>\n<\/tr>\n<\/tbody>\n<\/table>\n<p style=\"text-align: justify;\">\r\n\t<div class=\"slideshow_container slideshow_container_style-light\" style=\"height: 200px; \" data-slideshow-id=\"8821\" data-style-name=\"style-light\" data-style-version=\"2.3.1\" >\r\n\r\n\t\t\t\t\t<div class=\"slideshow_loading_icon\"><\/div>\r\n\t\t\r\n\t\t<div class=\"slideshow_content\" style=\"display: none;\">\r\n\r\n\t\t\t<div class=\"slideshow_view\"><div class=\"slideshow_slide slideshow_slide_image\">\n        <a href=\"https:\/\/lh3.googleusercontent.com\/KqPGwjNiHXhOmteve_mBm4Jzsf07UpZNwHvWwCwG7NpAPI7_88JH1VuL7645QEsh2BKI0BIIGoqOR-XOC_aafAPGaDKf57zNtz22AVfFQ0DPk7-64RryGq8xeTS-jX5g9Z1y0AZ8CoGJvOuZrdh3aArcFvfGESI4UT1acxwT23bI6KO5k6ktms-M-Gd2zBdCt_8cZvAtzTWgX5AVkjFLRqrqdEL6QV3OB4WAfNGNDJlSEFldT2ITCR9tCF3aR0hvt4ORPnW4bS_hbTZVCWRCSTS2ksVIivuMcOFNV6j7vNbEIIH7yqA_PKM8fgKX_crsJON0QU0i-4Vw7YB2K83EKPb_eg_xrv1ziAdsxiSzlkhiYD32xkhdgvjYJvRQMp4T_1qShWu2hT-xti4owQv_ccekVtnzGMGM0_64Q5UAoZs_5wjl00Ouc5YqCdKKwbpfPGLmea2KFP2FCiLlditti1NhDfWZ_f74DtGwM6Uo5zIcI7alfnsN3KZ1gx444r4mAYwW9GVgfwU3jyKLs9MIgOBtCmv1DqhRHdDipSUENCiGmGuNjTgzb5MpugFxqyQqQkmr_gM3qMsboe5VKcBzA9IvapkhvQ3I578cnAKZPOHHgZZSnlDx=w800-h600-no\" target=\"_blank\">        <img src=\"https:\/\/lh3.googleusercontent.com\/KqPGwjNiHXhOmteve_mBm4Jzsf07UpZNwHvWwCwG7NpAPI7_88JH1VuL7645QEsh2BKI0BIIGoqOR-XOC_aafAPGaDKf57zNtz22AVfFQ0DPk7-64RryGq8xeTS-jX5g9Z1y0AZ8CoGJvOuZrdh3aArcFvfGESI4UT1acxwT23bI6KO5k6ktms-M-Gd2zBdCt_8cZvAtzTWgX5AVkjFLRqrqdEL6QV3OB4WAfNGNDJlSEFldT2ITCR9tCF3aR0hvt4ORPnW4bS_hbTZVCWRCSTS2ksVIivuMcOFNV6j7vNbEIIH7yqA_PKM8fgKX_crsJON0QU0i-4Vw7YB2K83EKPb_eg_xrv1ziAdsxiSzlkhiYD32xkhdgvjYJvRQMp4T_1qShWu2hT-xti4owQv_ccekVtnzGMGM0_64Q5UAoZs_5wjl00Ouc5YqCdKKwbpfPGLmea2KFP2FCiLlditti1NhDfWZ_f74DtGwM6Uo5zIcI7alfnsN3KZ1gx444r4mAYwW9GVgfwU3jyKLs9MIgOBtCmv1DqhRHdDipSUENCiGmGuNjTgzb5MpugFxqyQqQkmr_gM3qMsboe5VKcBzA9IvapkhvQ3I578cnAKZPOHHgZZSnlDx=w800-h600-no\" alt=\"\"   \/>\n        <\/a>        <div class=\"slideshow_description_box slideshow_transparent\">\n                                        <\/div>\n<\/div>\n\t\n<div class=\"slideshow_slide slideshow_slide_image\">\n        <a href=\"https:\/\/lh3.googleusercontent.com\/DlPOvyxFOI3Vh28yIp5tF5M6QTTjLlfizkaUNYtT-hRBznXwx5EMTMRMfBaBKlSFFu8zQb80gRZfE8NeDxF6JnlE2VqUJX8QCz50EhE1QJWOLo6Dd60-CmCQD9kBUneCezwlKt0YUG1TcAaXComUVgYsn7kENcaG-SglyD6Ipyv0aYcNnylK5HbZCfNKliXTCEQPs5WBXMpcKedtZswurwC5GOrzkT_Q0HjBWrU3h4NUyQStrp1Q6ECPKM6b63B-YJaJzMwK1qwaGUqJH3YeSzwcTkVGHybVB_msYd14MbbqOwRpyB4s4F0QvUx6vbzBz3dPeZXPz7Af6V6PQgdZCps2f1Uz257XII889jMbbk08XcppxV90SaCeknapkxTIIWnve1-neMa_IkWgT-smSaEJq9Zowe0x00WkiMNfvrad_8Vwx-sCOKfoSnGqS74TC8CRcSduwlJnnIRva14WJ5sBsE36FpU30t9igi6rYNwuvJCZTJItisViY1m5Hmg88zrHy2vOq6d5Kpk3XkIC8rN0N_SsllWlR48FtqJzslpP-IssKbftxH3ZD5tap02J6E031drZ6UTMsORvKzhOKjo3BBCtahDmVmSQUZQlySeIFTJJfM1o=w800-h600-no\" target=\"_blank\">        <img src=\"https:\/\/lh3.googleusercontent.com\/DlPOvyxFOI3Vh28yIp5tF5M6QTTjLlfizkaUNYtT-hRBznXwx5EMTMRMfBaBKlSFFu8zQb80gRZfE8NeDxF6JnlE2VqUJX8QCz50EhE1QJWOLo6Dd60-CmCQD9kBUneCezwlKt0YUG1TcAaXComUVgYsn7kENcaG-SglyD6Ipyv0aYcNnylK5HbZCfNKliXTCEQPs5WBXMpcKedtZswurwC5GOrzkT_Q0HjBWrU3h4NUyQStrp1Q6ECPKM6b63B-YJaJzMwK1qwaGUqJH3YeSzwcTkVGHybVB_msYd14MbbqOwRpyB4s4F0QvUx6vbzBz3dPeZXPz7Af6V6PQgdZCps2f1Uz257XII889jMbbk08XcppxV90SaCeknapkxTIIWnve1-neMa_IkWgT-smSaEJq9Zowe0x00WkiMNfvrad_8Vwx-sCOKfoSnGqS74TC8CRcSduwlJnnIRva14WJ5sBsE36FpU30t9igi6rYNwuvJCZTJItisViY1m5Hmg88zrHy2vOq6d5Kpk3XkIC8rN0N_SsllWlR48FtqJzslpP-IssKbftxH3ZD5tap02J6E031drZ6UTMsORvKzhOKjo3BBCtahDmVmSQUZQlySeIFTJJfM1o=w800-h600-no\" alt=\"\"   \/>\n        <\/a>        <div class=\"slideshow_description_box slideshow_transparent\">\n                                        <\/div>\n<\/div>\n\t\n<div class=\"slideshow_slide slideshow_slide_image\">\n        <a href=\"https:\/\/lh3.googleusercontent.com\/U2SzbZKdgH_2wrPqa11xCTIkGZgo8-4_EaRa_Fy3AuTNDR4FcOqfCa-YKEtHUnkUCBAEmVrFuYKDtygzKMhxUvVG5RW2gDxQ_XBz7UURsKzol8-1cniFxotKseaZaZt6p5-26zJmynOAIgI7WNFXT18_nD_fgUnnSvicd12MTAl_Znm3Lg2QyaHZCVKhdm2si-GZxCFTiqbYuAyiUKpYIPFiPVt5X6AoHv83aWdcSuHDAL5pXTFGEMmir9beAi4rAbceJAqjqIQkLOywpeExxPeNlssdYhzpBH742nAcwJaWoAL_YQkwljzYbrVyofqvmIJWeKSos5_oHP4M_1qZoTv5QyY6cuH1LWY4p686DwbJ-BT9EI3hT8CcaiESY97IVtq4Bm68auHMslF9nhpjXUGRE6K8BSjl86L1OpjlMQGKnLh3t5CUcC_XAfenY5LdCI73Ccmh3QAnYJQdSGPea0Umttj7Vxm8JDiBVUzFH5ExX22aNVM5v8biJ6Ok9zeqFwD_EqXORgu1vlEnV_BZJmt64Wfa9Gcx20joU4NLeVoRqL-qWA7Nx4l5iQgYckFWj1_xTszI0HIKVeywhP_fUsuJrQ9qtGUBlguYGCulJyB7cZcgqqUU=w800-h600-no\" target=\"_blank\">        <img src=\"https:\/\/lh3.googleusercontent.com\/U2SzbZKdgH_2wrPqa11xCTIkGZgo8-4_EaRa_Fy3AuTNDR4FcOqfCa-YKEtHUnkUCBAEmVrFuYKDtygzKMhxUvVG5RW2gDxQ_XBz7UURsKzol8-1cniFxotKseaZaZt6p5-26zJmynOAIgI7WNFXT18_nD_fgUnnSvicd12MTAl_Znm3Lg2QyaHZCVKhdm2si-GZxCFTiqbYuAyiUKpYIPFiPVt5X6AoHv83aWdcSuHDAL5pXTFGEMmir9beAi4rAbceJAqjqIQkLOywpeExxPeNlssdYhzpBH742nAcwJaWoAL_YQkwljzYbrVyofqvmIJWeKSos5_oHP4M_1qZoTv5QyY6cuH1LWY4p686DwbJ-BT9EI3hT8CcaiESY97IVtq4Bm68auHMslF9nhpjXUGRE6K8BSjl86L1OpjlMQGKnLh3t5CUcC_XAfenY5LdCI73Ccmh3QAnYJQdSGPea0Umttj7Vxm8JDiBVUzFH5ExX22aNVM5v8biJ6Ok9zeqFwD_EqXORgu1vlEnV_BZJmt64Wfa9Gcx20joU4NLeVoRqL-qWA7Nx4l5iQgYckFWj1_xTszI0HIKVeywhP_fUsuJrQ9qtGUBlguYGCulJyB7cZcgqqUU=w800-h600-no\" alt=\"\"   \/>\n        <\/a>        <div class=\"slideshow_description_box slideshow_transparent\">\n                                        <\/div>\n<\/div>\n\t\n<div style=\"clear: both;\"><\/div><\/div><div class=\"slideshow_view\"><div class=\"slideshow_slide slideshow_slide_image\">\n        <a href=\"https:\/\/lh3.googleusercontent.com\/ym7GMtXZJfYAk1dngbcR-vP40OZCjzL376MsYlNdREeK9Zpw_xuENMAVsvahjDS_VvlCw2jI9li-9AdpQXuXIHNzX_pGWBCemAYFHhev3v129c2Lc-o7mfaQWkbeKgYJuxPXCtYS824I-1szI47aqAoESl0uE6gxukhWzQaFo0sk7itD736y8MPYllMVvJbrk-y54tbk_RQypsxlt8DylHzwyQRQORDHNGxpIQ7nT6i_Ef4HKgv38RpRnea-8D0J35z7YG07-s0_lkf1y0AgxRTKQUm_nr4KdtHSTCIYlYfWUeNXN0V0__2c3mWN01Uihl49dTb8Ihp31eXUeQ9Z5WBJhyW1E6BXaS04a7wmioGODel4WTO0ySi9hDfUTEqi8oHhLev84OOsbDihi3KnigHVJCnKUoS6fnu3TDYdFRXSQzBq7Iy_ZwPOzKJ2O7PEDba2ylWSb1g4YNJOjdxneTowts656XG8uw1Jzqt1lWUgcwd4eg1Zk7gwMZu4vSCC0DUUh81f5SjRcE2Cmev_zzBZjndrkz09HNeFhvMVj20vKpjnvc5z7OZiJTUSERNnsI8swDcEaFRgHr1_MHiOYZFk5AX-fSKlufDjoCGP2W6i0sSo2UoD=w800-h600-no\" target=\"_blank\">        <img src=\"https:\/\/lh3.googleusercontent.com\/ym7GMtXZJfYAk1dngbcR-vP40OZCjzL376MsYlNdREeK9Zpw_xuENMAVsvahjDS_VvlCw2jI9li-9AdpQXuXIHNzX_pGWBCemAYFHhev3v129c2Lc-o7mfaQWkbeKgYJuxPXCtYS824I-1szI47aqAoESl0uE6gxukhWzQaFo0sk7itD736y8MPYllMVvJbrk-y54tbk_RQypsxlt8DylHzwyQRQORDHNGxpIQ7nT6i_Ef4HKgv38RpRnea-8D0J35z7YG07-s0_lkf1y0AgxRTKQUm_nr4KdtHSTCIYlYfWUeNXN0V0__2c3mWN01Uihl49dTb8Ihp31eXUeQ9Z5WBJhyW1E6BXaS04a7wmioGODel4WTO0ySi9hDfUTEqi8oHhLev84OOsbDihi3KnigHVJCnKUoS6fnu3TDYdFRXSQzBq7Iy_ZwPOzKJ2O7PEDba2ylWSb1g4YNJOjdxneTowts656XG8uw1Jzqt1lWUgcwd4eg1Zk7gwMZu4vSCC0DUUh81f5SjRcE2Cmev_zzBZjndrkz09HNeFhvMVj20vKpjnvc5z7OZiJTUSERNnsI8swDcEaFRgHr1_MHiOYZFk5AX-fSKlufDjoCGP2W6i0sSo2UoD=w800-h600-no\" alt=\"\"   \/>\n        <\/a>        <div class=\"slideshow_description_box slideshow_transparent\">\n                                        <\/div>\n<\/div>\n\t\n<div class=\"slideshow_slide slideshow_slide_image\">\n        <a href=\"https:\/\/lh3.googleusercontent.com\/ZHTlt2K5SzfxRMA35zpCFl-Co74_rqTNxeKIXdzN5p-GwRmHOCY8klaLX9gHHV_1OCEHvg7CMohgX3q8ydp-eZcRiDQ3h7ALO5k5K5twm77VkX6aPQG6RsdLgTrIPmA1T_bS5x0f6MRnXEjLQUzpH087mZWls_34Wo4bDXAM3fjt-RG052B2g6JFJcVnrTsO0MHhCGOTj6Wer8TUOzPkIks5VtcM6iYhNilfTRZJHd_BAdIfYWiqx1B7nKx6OGt8fLeWRqI54V4IaRvuRlM33eHDmfga-dVX_ayzqmNoy5WLX38DcmrCGno2PnlzrgAUFqdi7LAVhz369a0zSrRGn9lPDOgR5ueXoGo6lun3jikhguTlOl25SEqV-Z2k-fLj90RvLkgemljloTGWWviwEeUyeRNuI3JN2gNT92cTIAadHOzPNiKg1ZycJkng_ZRVrH9VE0qrcySXcgPSfufru2R-5_c5TO3qhxwTECeyxdo0HDNWhHsVDhU8kBfl8pv-rS71Y9-AclmXbLiJi0_n24OOpVottsz4q1K4DUo7-TIHLTn_CMGTF7WkExSDXhiP9WMavx7ucCsUdmA-DIoSvTOHY2hk0IOMYnoUqXQmTAg0xMYNIxp1=w800-h600-no\" target=\"_blank\">        <img src=\"https:\/\/lh3.googleusercontent.com\/ZHTlt2K5SzfxRMA35zpCFl-Co74_rqTNxeKIXdzN5p-GwRmHOCY8klaLX9gHHV_1OCEHvg7CMohgX3q8ydp-eZcRiDQ3h7ALO5k5K5twm77VkX6aPQG6RsdLgTrIPmA1T_bS5x0f6MRnXEjLQUzpH087mZWls_34Wo4bDXAM3fjt-RG052B2g6JFJcVnrTsO0MHhCGOTj6Wer8TUOzPkIks5VtcM6iYhNilfTRZJHd_BAdIfYWiqx1B7nKx6OGt8fLeWRqI54V4IaRvuRlM33eHDmfga-dVX_ayzqmNoy5WLX38DcmrCGno2PnlzrgAUFqdi7LAVhz369a0zSrRGn9lPDOgR5ueXoGo6lun3jikhguTlOl25SEqV-Z2k-fLj90RvLkgemljloTGWWviwEeUyeRNuI3JN2gNT92cTIAadHOzPNiKg1ZycJkng_ZRVrH9VE0qrcySXcgPSfufru2R-5_c5TO3qhxwTECeyxdo0HDNWhHsVDhU8kBfl8pv-rS71Y9-AclmXbLiJi0_n24OOpVottsz4q1K4DUo7-TIHLTn_CMGTF7WkExSDXhiP9WMavx7ucCsUdmA-DIoSvTOHY2hk0IOMYnoUqXQmTAg0xMYNIxp1=w800-h600-no\" alt=\"\"   \/>\n        <\/a>        <div class=\"slideshow_description_box slideshow_transparent\">\n                                        <\/div>\n<\/div>\n\t\n<div class=\"slideshow_slide slideshow_slide_image\">\n        <a href=\"https:\/\/lh3.googleusercontent.com\/dyWBxf59INj0cH1ReFNhkxOiD9pDHio7Xnzy2L-WnVqhrqM6pkWGz3G-QPcUYiFRT5EBBM7bqXTPvafoVCNbw2GEYVZJJefRoRwCV7p1-Zksid1ouu9xBK6dWiX8mpT20Y5ypqObX3PAIKPuCFUomAnLCQJ8P6m_sdH5lZTEDx5MfgfW9M_Py6rdT8TfsqAbT3XsFvcSlNL8tyyLe5Fn5kDgTqHv1NfczPMDGLL0dt8rVTAK0okPl_uRaO94az8FDE3Ahz8iBXIgnBtxB1110jW2ITLWsWyXjRJecZIEl_EL-AMuEqf-8XoU39tPW8SDxYS2dMKJqkpS_-VIBfC4pWhuggEmVc6KcQnn3foKqPznSGxqcvncTLw_e7ET-RmAsk3x_Y5VfdR68gtdUYhtLSakiGmf8D5BYVfR1JNi_a3o0C6MrSNQqISFSXlA9DrM_-CoKrwf2prpnFhYp-J1xXxj-zYKbsyulsK8jyT1CNcY-ZtlzUh-zlBddDXvvPkA3If9E_9UyUQik-5n89j6v3hK69sC_0iAo2N80YSxigTqmokJmKkvfeXbvquwV15U3ICBPdGKBausViX9rZE3YFy9PWwh8hxtr9F0bEPwQFeND0xfoEbg=w800-h600-no\" target=\"_blank\">        <img src=\"https:\/\/lh3.googleusercontent.com\/dyWBxf59INj0cH1ReFNhkxOiD9pDHio7Xnzy2L-WnVqhrqM6pkWGz3G-QPcUYiFRT5EBBM7bqXTPvafoVCNbw2GEYVZJJefRoRwCV7p1-Zksid1ouu9xBK6dWiX8mpT20Y5ypqObX3PAIKPuCFUomAnLCQJ8P6m_sdH5lZTEDx5MfgfW9M_Py6rdT8TfsqAbT3XsFvcSlNL8tyyLe5Fn5kDgTqHv1NfczPMDGLL0dt8rVTAK0okPl_uRaO94az8FDE3Ahz8iBXIgnBtxB1110jW2ITLWsWyXjRJecZIEl_EL-AMuEqf-8XoU39tPW8SDxYS2dMKJqkpS_-VIBfC4pWhuggEmVc6KcQnn3foKqPznSGxqcvncTLw_e7ET-RmAsk3x_Y5VfdR68gtdUYhtLSakiGmf8D5BYVfR1JNi_a3o0C6MrSNQqISFSXlA9DrM_-CoKrwf2prpnFhYp-J1xXxj-zYKbsyulsK8jyT1CNcY-ZtlzUh-zlBddDXvvPkA3If9E_9UyUQik-5n89j6v3hK69sC_0iAo2N80YSxigTqmokJmKkvfeXbvquwV15U3ICBPdGKBausViX9rZE3YFy9PWwh8hxtr9F0bEPwQFeND0xfoEbg=w800-h600-no\" alt=\"\"   \/>\n        <\/a>        <div class=\"slideshow_description_box slideshow_transparent\">\n                                        <\/div>\n<\/div>\n\t\n<div style=\"clear: both;\"><\/div><\/div>\r\n\t\t<\/div>\r\n\r\n\t\t<div class=\"slideshow_controlPanel slideshow_transparent\" style=\"display: none;\"><ul><li class=\"slideshow_togglePlay\" data-play-text=\"Visualitza\" data-pause-text=\"Pausa\"><\/li><\/ul><\/div>\r\n\r\n\t\t<div class=\"slideshow_button slideshow_previous slideshow_transparent\" role=\"button\" data-previous-text=\"Anterior\" style=\"display: none;\"><\/div>\r\n\t\t<div class=\"slideshow_button slideshow_next slideshow_transparent\" role=\"button\" data-next-text=\"Seg\u00fcent\" style=\"display: none;\"><\/div>\r\n\r\n\t\t<div class=\"slideshow_pagination\" style=\"display: none;\" data-go-to-text=\"V\u00e9s a la diapositiva\"><div class=\"slideshow_pagination_center\"><\/div><\/div>\r\n\r\n\t\t<!-- WordPress Slideshow Version 2.3.1 -->\r\n\r\n\t\t\t<\/div>\r\n\r\n<\/p>\n<p style=\"text-align: justify;\"><span style=\"font-family: Arial,Helvetica; color: #000000;\"><strong>\u00c0mbit curricular:\u00a0<\/strong> Geologia<\/span><\/p>\n<p style=\"text-align: justify;\"><span style=\"color: #000000;\"><span style=\"font-family: Arial,Helvetica;\"><strong>Lloc on es realitza:<\/strong> Vessant oriental de les Planes de Pallej\u00e0 (mass\u00eds de l&#8217;Ordal)<\/span>\u00a0<\/span><\/p>\n<p style=\"text-align: justify;\"><span style=\"font-family: Arial,Helvetica; color: #000000;\"><strong>Nivell educatiu:<\/strong> Batxillerat<\/span><\/p>\n<p style=\"text-align: justify;\"><span style=\"font-family: Arial,Helvetica; color: #000000;\"><strong>Estacionalitat:<\/strong> Tot l&#8217;any. Es recomana evitar els mesos m\u00e9s calorosos (maig i juny) <\/span><\/p>\n<p style=\"text-align: justify;\"><span style=\"font-family: Arial,Helvetica; color: #000000;\"><strong>Objectius:<\/strong> <span style=\"font-family: Arial,Helvetica;\">Aplicar t\u00e8cniques espec\u00edfiques de geologia de camp. Recon\u00e8ixer la litologia i la g\u00e8nesi de les roques sediment\u00e0ries: conglomerats, gresos, calc\u00e0ries i dolomies). Interpretar els ambients sedimentaris que les han originat. Relacionar les roques amb els materials de construcci\u00f3 o altres de les quals deriven.Elaborar columnes estratigr\u00e0fiques. Realitzar alguna activitat d&#8217;aplicaci\u00f3.<\/span><\/span><\/p>\n<p><strong>Compet\u00e8ncies b\u00e0siques\u00a0 que m\u00e9s potencia<\/strong>:<\/p>\n<ul>\n<li><strong>\u00c0mbit cientificotecnol\u00f2gic:<\/strong>\n<ul>\n<li><strong>Compet\u00e8ncia 2<\/strong>. Identificar i caracteritzar els sistemes biol\u00f2gics i geol\u00f2gics des de la perspectiva dels models, per comunicar i predir el comportament dels fen\u00f2mens naturals.<\/li>\n<li><strong>Compet\u00e8ncia 3.<\/strong>\u00a0Interpretar la hist\u00f2ria de l\u2019univers, de la Terra i de la vida, utilitzant els registres del passat.<\/li>\n<li><strong>Compet\u00e8ncia 4.\u00a0<\/strong>Identificar i resoldre problemes cient\u00edfics susceptibles de ser investigats en l\u2019\u00e0mbit escolar, que impliquin el disseny, la realitzaci\u00f3 i la comunicaci\u00f3 d\u2019investigacions experimentals.<\/li>\n<\/ul>\n<\/li>\n<li>\u00a0<strong>\u00c0mbit cultura i valors<\/strong>\n<ul>\n<li><strong>Compet\u00e8ncia 9<\/strong>. Analitzar cr\u00edticament l\u2019entorn natural des de la perspectiva \u00e8tica, individualment i de manera col\u00b7lectiva<\/li>\n<li><strong>Compet\u00e8ncia 10.\u00a0<\/strong>Realitzar activitats de participaci\u00f3 i de col\u00b7laboraci\u00f3 que promoguin actituds de comprom\u00eds i democr\u00e0tiques.<\/li>\n<\/ul>\n<\/li>\n<\/ul>\n<p style=\"text-align: justify;\"><span style=\"font-family: Arial,Helvetica; color: #000000;\"><strong>Tipus d&#8217;activitat:<\/strong> Itinerari de muntanya<\/span><\/p>\n<p style=\"text-align: justify;\"><span style=\"color: #000000;\"><strong><span style=\"font-family: Arial,Helvetica;\">Descripci\u00f3: <\/span><\/strong><span style=\"font-family: Arial,Helvetica;\">Recorregut durant el qual s&#8217;estudien diversos afloraments de roques sediment\u00e0ries. Localitzaci\u00f3 (amb tecnologia GPS), observaci\u00f3 i descripci\u00f3 dels afloraments, de les roques i dels seus components minerals. Interpretaci\u00f3 de la seva g\u00e8nesi. Determinaci\u00f3 de cabussaments i e possibles sorg\u00e8ncies d&#8217;aigua. <\/span><\/span><\/p>\n<p style=\"text-align: justify;\"><span style=\"color: #000000;\"><span style=\"font-family: Arial,Helvetica;\"><strong>Material:<\/strong> Mapa topogr\u00e0fic, br\u00faixola, lupa de m\u00e0, \u00e0cid clorh\u00eddric dilu\u00eft, martell de ge\u00f2leg, clin\u00f2metre. GPS. Quadern de treball.<\/span>\u00a0<\/span><\/p>\n<p style=\"text-align: justify;\"><span style=\"color: #000000;\"><span style=\"font-family: Arial,Helvetica;\"><strong>Durada:<\/strong> Mitja jornada,\u00a0, de 9 h 30 min a 13 h 30 min\u00a0<\/span><br \/>\n<\/span><\/p>\n<p style=\"text-align: justify;\"><span style=\"color: #000000;\"><strong><span style=\"font-family: Arial,Helvetica;\">Despla\u00e7ament:<\/span><\/strong> <span style=\"font-family: Arial,Helvetica;\">Recorregut a peu, 2 hores<\/span>\u00a0per camins de muntanya<\/span><\/p>\n<p style=\"text-align: justify;\">Per a m\u00e9s informaci\u00f3 consulteu el Full d&#8217;organitzaci\u00f3 de la sortida\u00a0\u2191<\/p>\n<p style=\"text-align: justify;\">\n","protected":false},"excerpt":{"rendered":"<p>&nbsp; SED-BAT Quadern de treball Full d&#8217;organitzaci\u00f3 de sortida Propostes act. pr\u00e8vies i posteriors Lloc de trobada \u00a0 Codi activitat \u00c0mbit curricular:\u00a0 Geologia Lloc on es realitza: Vessant oriental de les Planes de Pallej\u00e0 (mass\u00eds de l&#8217;Ordal)\u00a0 Nivell educatiu: Batxillerat Estacionalitat: Tot l&#8217;any. Es recomana evitar els mesos m\u00e9s calorosos (maig i juny) Objectius: Aplicar [&hellip;]<\/p>\n","protected":false},"author":1,"featured_media":0,"parent":8534,"menu_order":6,"comment_status":"closed","ping_status":"closed","template":"page-templates\/side-menu.php","meta":{"_bbp_topic_count":0,"_bbp_reply_count":0,"_bbp_total_topic_count":0,"_bbp_total_reply_count":0,"_bbp_voice_count":0,"_bbp_anonymous_reply_count":0,"_bbp_topic_count_hidden":0,"_bbp_reply_count_hidden":0,"_bbp_forum_subforum_count":0,"site-sidebar-layout":"default","site-content-layout":"","ast-site-content-layout":"","site-content-style":"default","site-sidebar-style":"default","ast-global-header-display":"","ast-banner-title-visibility":"","ast-main-header-display":"","ast-hfb-above-header-display":"","ast-hfb-below-header-display":"","ast-hfb-mobile-header-display":"","site-post-title":"","ast-breadcrumbs-content":"","ast-featured-img":"","footer-sml-layout":"","theme-transparent-header-meta":"","adv-header-id-meta":"","stick-header-meta":"","header-above-stick-meta":"","header-main-stick-meta":"","header-below-stick-meta":"","astra-migrate-meta-layouts":"default","ast-page-background-enabled":"default","ast-page-background-meta":{"desktop":{"background-color":"var(--ast-global-color-4)","background-image":"","background-repeat":"repeat","background-position":"center center","background-size":"auto","background-attachment":"scroll","background-type":"","background-media":"","overlay-type":"","overlay-color":"","overlay-opacity":"","overlay-gradient":""},"tablet":{"background-color":"","background-image":"","background-repeat":"repeat","background-position":"center center","background-size":"auto","background-attachment":"scroll","background-type":"","background-media":"","overlay-type":"","overlay-color":"","overlay-opacity":"","overlay-gradient":""},"mobile":{"background-color":"","background-image":"","background-repeat":"repeat","background-position":"center center","background-size":"auto","background-attachment":"scroll","background-type":"","background-media":"","overlay-type":"","overlay-color":"","overlay-opacity":"","overlay-gradient":""}},"ast-content-background-meta":{"desktop":{"background-color":"var(--ast-global-color-5)","background-image":"","background-repeat":"repeat","background-position":"center center","background-size":"auto","background-attachment":"scroll","background-type":"","background-media":"","overlay-type":"","overlay-color":"","overlay-opacity":"","overlay-gradient":""},"tablet":{"background-color":"var(--ast-global-color-5)","background-image":"","background-repeat":"repeat","background-position":"center center","background-size":"auto","background-attachment":"scroll","background-type":"","background-media":"","overlay-type":"","overlay-color":"","overlay-opacity":"","overlay-gradient":""},"mobile":{"background-color":"var(--ast-global-color-5)","background-image":"","background-repeat":"repeat","background-position":"center center","background-size":"auto","background-attachment":"scroll","background-type":"","background-media":"","overlay-type":"","overlay-color":"","overlay-opacity":"","overlay-gradient":""}},"footnotes":""},"class_list":["post-897","page","type-page","status-publish","hentry"],"post_mailing_queue_ids":[],"_links":{"self":[{"href":"https:\/\/serveiseducatius.xtec.cat\/cda-cansantoi\/wp-json\/wp\/v2\/pages\/897","targetHints":{"allow":["GET"]}}],"collection":[{"href":"https:\/\/serveiseducatius.xtec.cat\/cda-cansantoi\/wp-json\/wp\/v2\/pages"}],"about":[{"href":"https:\/\/serveiseducatius.xtec.cat\/cda-cansantoi\/wp-json\/wp\/v2\/types\/page"}],"author":[{"embeddable":true,"href":"https:\/\/serveiseducatius.xtec.cat\/cda-cansantoi\/wp-json\/wp\/v2\/users\/1"}],"replies":[{"embeddable":true,"href":"https:\/\/serveiseducatius.xtec.cat\/cda-cansantoi\/wp-json\/wp\/v2\/comments?post=897"}],"version-history":[{"count":3,"href":"https:\/\/serveiseducatius.xtec.cat\/cda-cansantoi\/wp-json\/wp\/v2\/pages\/897\/revisions"}],"predecessor-version":[{"id":14471,"href":"https:\/\/serveiseducatius.xtec.cat\/cda-cansantoi\/wp-json\/wp\/v2\/pages\/897\/revisions\/14471"}],"up":[{"embeddable":true,"href":"https:\/\/serveiseducatius.xtec.cat\/cda-cansantoi\/wp-json\/wp\/v2\/pages\/8534"}],"wp:attachment":[{"href":"https:\/\/serveiseducatius.xtec.cat\/cda-cansantoi\/wp-json\/wp\/v2\/media?parent=897"}],"curies":[{"name":"wp","href":"https:\/\/api.w.org\/{rel}","templated":true}]}}