{"id":8918,"date":"2014-02-03T13:42:12","date_gmt":"2014-02-03T13:42:12","guid":{"rendered":"http:\/\/blocs.xtec.cat\/cdacansantoi2\/?page_id=1020"},"modified":"2025-03-06T11:49:58","modified_gmt":"2025-03-06T10:49:58","slug":"colonia-guell-pri","status":"publish","type":"page","link":"https:\/\/serveiseducatius.xtec.cat\/cda-cansantoi\/colonia-guell-pri\/","title":{"rendered":"La Col\u00f2nia G\u00fcell (Prim\u00e0ria)"},"content":{"rendered":"<p>&nbsp;<\/p>\n<table style=\"width: 564px;\" border=\"0\" cellspacing=\"0\" cellpadding=\"3\">\n<tbody>\n<tr>\n<td width=\"94\">\n<div align=\"center\"><a href=\"http:\/\/www.xtec.cat\/cda-cansantoi\/Colonia _Guell_pri.pdf\" target=\"_blank\" rel=\"noopener noreferrer\"><img loading=\"lazy\" decoding=\"async\" class=\"wp-image-1371 aligncenter\" style=\"border: 0px none;\" src=\"http:\/\/serveiseducatius.xtec.cat\/cda-cansantoi\/wp-content\/uploads\/usu1385\/2014\/05\/qta.gif\" alt=\"Baixar quadern de treball de l'alumne\" width=\"40\" height=\"40\" \/><\/a><\/div>\n<\/td>\n<td width=\"94\">\n<div align=\"center\"><a href=\"http:\/\/www.xtec.cat\/cda-cansantoi\/Fulls_organitzacio_sortida\/organitzacio_sortida_col-pri.doc\" target=\"_blank\" rel=\"noopener noreferrer\"><img loading=\"lazy\" decoding=\"async\" class=\"size-full wp-image-1358 aligncenter\" style=\"border: 0px none;\" src=\"http:\/\/serveiseducatius.xtec.cat\/cda-cansantoi\/wp-content\/uploads\/usu1385\/2014\/05\/carpeta_camp.png\" alt=\"Baixar full d'organitzaci\u00f3 de la sortida\" width=\"32\" height=\"32\" \/><\/a><\/div>\n<\/td>\n<td width=\"94\">\n<div align=\"center\"><a href=\"http:\/\/www.xtec.cat\/cda-cansantoi\/colonia_guell_pri_guia_02.pdf\" target=\"_blank\" rel=\"noopener noreferrer\"><img loading=\"lazy\" decoding=\"async\" class=\"aligncenter wp-image-1420\" style=\"border: 0px none;\" src=\"http:\/\/serveiseducatius.xtec.cat\/cda-cansantoi\/wp-content\/uploads\/usu1385\/2014\/01\/llibreta.gif\" alt=\"llibreta\" width=\"28\" height=\"36\" \/><\/a><\/div>\n<\/td>\n<td align=\"center\" width=\"94\">\n<div align=\"center\"><a href=\"https:\/\/mapsengine.google.com\/map\/edit?mid=zr_p_MqWVj2I.kWXR-BBGBQXc\"><img loading=\"lazy\" decoding=\"async\" class=\"size-full wp-image-1416 aligncenter\" style=\"border: 0px none;\" src=\"http:\/\/serveiseducatius.xtec.cat\/cda-cansantoi\/wp-content\/uploads\/usu1385\/2014\/01\/Punt-de-trobada.png\" alt=\"Punt de trobada\" width=\"44\" height=\"40\" \/><\/a><\/div>\n<\/td>\n<td width=\"94\">\n<div align=\"center\"><a title=\"Cost addicional activitats\" href=\"https:\/\/serveiseducatius.xtec.cat\/cda-cansantoi\/cost-addicional-activitats-2\/\" target=\"_blank\" rel=\"noopener noreferrer\"><img loading=\"lazy\" decoding=\"async\" class=\"aligncenter wp-image-1417\" style=\"border: 0px none;\" src=\"http:\/\/serveiseducatius.xtec.cat\/cda-cansantoi\/wp-content\/uploads\/usu1385\/2014\/01\/monedes.jpg\" alt=\"Cost addicional entrada\" width=\"40\" height=\"40\" \/><\/a><\/div>\n<\/td>\n<td width=\"94\"><span style=\"font-size: large;\"><strong><span style=\"color: #800000;\">COL-PRI<\/span><\/strong><\/span><\/td>\n<\/tr>\n<tr>\n<td width=\"94\">\n<div class=\"Estilo1\" align=\"center\">\n<div align=\"center\"><span style=\"font-size: xx-small;\">Quadern de treball<\/span><\/div>\n<\/div>\n<\/td>\n<td width=\"94\">\n<div class=\"Estilo1\" align=\"center\">\n<div align=\"center\"><span style=\"font-size: xx-small;\">Full d&#8217;organitzaci\u00f3 de la sortida<\/span><\/div>\n<\/div>\n<\/td>\n<td width=\"94\">\n<div class=\"Estilo1\" align=\"center\">\n<div align=\"center\"><span style=\"font-size: xx-small;\">Propostes d&#8217;activitats pr\u00e8vies i posteriors<\/span><\/div>\n<\/div>\n<\/td>\n<td width=\"94\">\n<div class=\"Estilo1\" align=\"center\">\n<div align=\"center\"><span style=\"font-size: xx-small;\">Lloc de trobada<\/span><\/div>\n<\/div>\n<\/td>\n<td width=\"94\">\n<div class=\"Estilo1\" align=\"center\"><span style=\"font-size: xx-small;\">Cost addicional de l&#8217;entrada<\/span><\/div>\n<\/td>\n<td width=\"94\">\n<div class=\"Estilo1\" align=\"center\"><span style=\"font-size: xx-small;\">Codi de l&#8217;activitat<\/span><\/div>\n<\/td>\n<\/tr>\n<\/tbody>\n<\/table>\n<p>&nbsp;<\/p>\n<p><span style=\"font-family: Arial,Helvetica; color: #000000;\"><strong>Lloc on es realitza:<\/strong> Col\u00f2nia G\u00fcell (Sta. Coloma de Cervell\u00f3).<\/span><\/p>\n<p><span style=\"font-family: Arial,Helvetica; color: #000000;\"><strong>Estacionalitat:<\/strong> Tot l&#8217;any<\/span><\/p>\n<p style=\"text-align: justify;\"><span style=\"font-family: Arial,Helvetica; color: #000000;\"><strong>Tipus d&#8217;activitat:<\/strong> Itinerari de descoberta.<\/span><\/p>\n<p style=\"text-align: justify;\"><strong style=\"color: #000000; font-family: Arial, Helvetica; font-size: 1em; text-align: justify;\">Descripci\u00f3:<\/strong><span style=\"color: #000000; font-family: Arial, Helvetica; font-size: 1em; text-align: justify;\"> Els alumnes, organitzats en petits grups, fan un recorregut guiat per la col\u00f2nia, tot\u00a0<\/span><span style=\"font-family: Arial,Helvetica; color: #000000;\">realitzant tasques d\u2019observaci\u00f3 i de descripci\u00f3\u00a0 dels edificis m\u00e9s rellevants.\u00a0<\/span><span style=\"font-family: Arial,Helvetica; color: #000000;\">A la zona industrial veuen, entre d\u2019altres, la f\u00e0brica de pisos tipus \u201cmanchesteri\u00e0\u201d, els assecadors i la xemeneia. <\/span><span style=\"font-family: Arial,Helvetica; color: #000000;\">A la zona residencial observen les cases dels obrers, m\u00e9s senzilles, o les resid\u00e8ncie<\/span><span style=\"font-family: Arial,Helvetica; color: #000000;\">s m\u00e9s luxoses de l\u2019administrador (Ca l\u2019Espinal) o del secretari; tamb\u00e9 veuen els edificis socials, com l\u2019escola, la cooperativa.\u00a0<\/span><span style=\"font-family: Arial,Helvetica; color: #000000;\">Finalment, es reuneix tot el grup classe per tal de fer una visita guiada a la cripta de la col\u00f2nia, dissenyada per Antoni Gaud\u00ed. En primer lloc s\u2019observa l\u2019exterior i despr\u00e9s l\u2019interior tot remarcant els aspectes arquitect\u00f2nics i simb\u00f2lics de l\u2019obra del genial arq<\/span><span style=\"color: #000000; font-family: Arial, Helvetica; font-size: 1em;\">uitecte.<\/span><\/p>\n<p style=\"text-align: justify;\"><span style=\"font-family: Arial,Helvetica; color: #000000;\"><strong>Nivell educatiu:<\/strong> Tercer cicle de l&#8217;educaci\u00f3 prim\u00e0ria (Cicle superior de prim\u00e0ria).<\/span><\/p>\n<p style=\"text-align: justify;\"><span style=\"font-family: Arial,Helvetica; color: #000000;\"><strong>\u00c0rea:<\/strong> Coneixement del medi natural, social i cultural. Educaci\u00f3 art\u00edstica.<\/span><\/p>\n<p style=\"text-align: justify;\"><span style=\"color: #000000;\"><span style=\"font-family: Arial,Helvetica;\"><strong>Objectius d&#8217;aprenentatge:<\/strong> <\/span><\/span><\/p>\n<p style=\"text-align: justify;\"><strong>OB1:<\/strong> Completar un itinerari pels edificis m\u00e9s representatius de la Col\u00f2nia G\u00fcell per contextualitzar-la i deduir com es vivia a una col\u00f2nia t\u00e8xtil fa m\u00e9s d\u2019un segle.<br \/>\n<strong>OB2:<\/strong> Observar i analitzar els elements decoratius i arquitect\u00f2nics dels principals edificis per entendre el modernisme popular.<br \/>\n<strong>OB3<\/strong><strong>:<\/strong> Observar i descriure els elements i t\u00e8cniques arquitect\u00f2niques m\u00e9s destacables de la Cripta per entendre la decoraci\u00f3 i la simbologia modernista emprada per Antoni Gaud\u00ed.<br \/>\n<strong>OB4:<\/strong> Aprendre a treballar en equip (autoregulaci\u00f3 de la conducta, establiment de rols, fixaci\u00f3 d\u2019objectius comuns, etc.) per fomentar el cooperativisme, la inclusi\u00f3, la perspectiva de g\u00e8nere i la conviv\u00e8ncia en els \u00e0mbits propers.<\/p>\n<p><strong>Compet\u00e8ncies espec\u00edfiques<\/strong>:<\/p>\n<p><strong>CECMNSC5<\/strong>: Analitzar les caracter\u00edstiques de diferents elements o sistemes del medi natural, social i cultural, identificant la seva organitzaci\u00f3 i propietats, establint relacions entre aquests, per tal de recon\u00e8ixer el valor del patrimoni cultural i natural i emprendre accions per a un \u00fas responsable, la seva conservaci\u00f3 i la millora.<br \/>\n<strong>CECMNSC7:<\/strong> Observar, detectar, comprendre i interpretar canvis i continu\u00eftats del medi natural, social i cultural, analitzant relacions de causalitat, simultane\u00eftat i successi\u00f3, per explicar i valorar les relacions entre diferents elements i esdeveniments que permeten entendre el present i imaginar futurs possibles.<br \/>\n<strong>CECMNSC8:<\/strong> Recon\u00e8ixer, valorar i defensar la diversitat i la igualtat de g\u00e8nere reflexionant sobre q\u00fcestions \u00e8tiques i mostrant empatia i respecte, per tal de construir una societat diversa i equitativa i contribuir al benestar individual i col\u2022lectiu i a la consecuci\u00f3 dels valors dels drets humans.<br \/>\n<strong>CEEA1:<\/strong> Descobrir propostes art\u00edstiques de diferents cultures, \u00e8poques i estils, mitjan\u00e7ant la percepci\u00f3 i la viv\u00e8ncia, per desenvolupar la curiositat, el respecte i el gaudi<\/p>\n<p><strong>Indicadors operatius de les compet\u00e8ncies transversals:<\/strong><\/p>\n<p><strong>CPSAA3:<\/strong> Reconeix i respecta les emocions i experi\u00e8ncies dels altres, participa activament en el treball en grup, assumeix les responsabilitats individuals assignades i dona feina estrat\u00e8gies cooperatives dirigides a la consecuci\u00f3 d\u2019objectius compartits.<br \/>\n<strong>CC1:<\/strong> Ent\u00e9n els fets hist\u00f2rics i socials m\u00e9s rellevants relatius a la seva pr\u00f2pia identitat i cultura, reflexiona sobre les normes de conviv\u00e8ncia i les aplica de manera constructiva, dialogant i inclusiva en qualsevol context.<br \/>\n<strong>CC3:<\/strong> Reflexiona i dialoga sobre valors i problemes \u00e8tics d\u2019actualitat, comprenent la necessitat de respectar diferents cultures i creences, cuidar l\u2019entorn, rebutjar prejudicis i estereotips, i oposar-se a qualsevol forma de discriminaci\u00f3 i viol\u00e8ncia \u2014incloent-hi la viol\u00e8ncia masclista, LGTBI-f\u00f2bica, racista o capacitista\u2014 o fonamentalisme ideol\u00f2gic.<\/p>\n<p style=\"text-align: justify;\"><span style=\"font-family: Arial,Helvetica; color: #000000;\"><strong>Material:<\/strong> Quadern de treball de l\u2019alumne, carpeta o suport<br \/>\n<\/span><\/p>\n<p style=\"text-align: justify;\"><span style=\"font-family: Arial,Helvetica; color: #000000;\"><strong>Durada:<\/strong> Mitja jornada<\/span><\/p>\n<p style=\"text-align: justify;\"><span style=\"font-family: Arial,Helvetica; color: #000000;\"><strong>Despla\u00e7ament:<\/strong> En autocar o FFCC fins a la Col\u00f2nia G\u00fcell. A peu per l\u2019interior del recinte.<\/span><\/p>\n<p style=\"text-align: justify;\"><strong>Observacions: <\/strong><span style=\"font-family: Arial,Helvetica; color: #000000;\">Com a preparaci\u00f3 de l&#8217;activitat o si voleu ampliar coneixements sobre la Col\u00f2nia, us podeu adre\u00e7ar a <span style=\"color: #339966;\">&#8220;l&#8217;<a href=\"http:\/\/www.xtec.cat\/crp-baixllobregat6\/colonia\/itinerari.htm\"><span style=\"color: #339966;\">Itinerari virtual de la Col\u00f2nia G\u00fcell i la Cripta Gaud\u00ed<\/span><\/a>&#8220;<\/span> realitzat pel <span style=\"color: #339966;\"><span style=\"color: #339966;\"><a href=\"https:\/\/serveiseducatius.xtec.cat\/baixllobregat6\/categoria\/crp\/\">Centre de Recursos Pedag\u00f2gics del Baix Llobregat VI<\/a> <\/span>&#8211;<\/span> Sant Vicen\u00e7 dels Horts.<\/span><\/p>\n<p>&nbsp;<\/p>\n<p>Per a m\u00e9s informaci\u00f3, baixeu-vos el full d\u2019organitzaci\u00f3 de sortides.\u2191<\/p>\n","protected":false},"excerpt":{"rendered":"<p>&nbsp; COL-PRI Quadern de treball Full d&#8217;organitzaci\u00f3 de la sortida Propostes d&#8217;activitats pr\u00e8vies i posteriors Lloc de trobada Cost addicional de l&#8217;entrada Codi de l&#8217;activitat &nbsp; Lloc on es realitza: Col\u00f2nia G\u00fcell (Sta. Coloma de Cervell\u00f3). Estacionalitat: Tot l&#8217;any Tipus d&#8217;activitat: Itinerari de descoberta. Descripci\u00f3: Els alumnes, organitzats en petits grups, fan un recorregut guiat [&hellip;]<\/p>\n","protected":false},"author":3,"featured_media":0,"parent":0,"menu_order":0,"comment_status":"closed","ping_status":"closed","template":"","meta":{"_bbp_topic_count":0,"_bbp_reply_count":0,"_bbp_total_topic_count":0,"_bbp_total_reply_count":0,"_bbp_voice_count":0,"_bbp_anonymous_reply_count":0,"_bbp_topic_count_hidden":0,"_bbp_reply_count_hidden":0,"_bbp_forum_subforum_count":0,"site-sidebar-layout":"default","site-content-layout":"","ast-site-content-layout":"","site-content-style":"default","site-sidebar-style":"default","ast-global-header-display":"","ast-banner-title-visibility":"","ast-main-header-display":"","ast-hfb-above-header-display":"","ast-hfb-below-header-display":"","ast-hfb-mobile-header-display":"","site-post-title":"","ast-breadcrumbs-content":"","ast-featured-img":"","footer-sml-layout":"","theme-transparent-header-meta":"","adv-header-id-meta":"","stick-header-meta":"","header-above-stick-meta":"","header-main-stick-meta":"","header-below-stick-meta":"","astra-migrate-meta-layouts":"default","ast-page-background-enabled":"default","ast-page-background-meta":{"desktop":{"background-color":"var(--ast-global-color-4)","background-image":"","background-repeat":"repeat","background-position":"center center","background-size":"auto","background-attachment":"scroll","background-type":"","background-media":"","overlay-type":"","overlay-color":"","overlay-opacity":"","overlay-gradient":""},"tablet":{"background-color":"","background-image":"","background-repeat":"repeat","background-position":"center center","background-size":"auto","background-attachment":"scroll","background-type":"","background-media":"","overlay-type":"","overlay-color":"","overlay-opacity":"","overlay-gradient":""},"mobile":{"background-color":"","background-image":"","background-repeat":"repeat","background-position":"center center","background-size":"auto","background-attachment":"scroll","background-type":"","background-media":"","overlay-type":"","overlay-color":"","overlay-opacity":"","overlay-gradient":""}},"ast-content-background-meta":{"desktop":{"background-color":"var(--ast-global-color-5)","background-image":"","background-repeat":"repeat","background-position":"center center","background-size":"auto","background-attachment":"scroll","background-type":"","background-media":"","overlay-type":"","overlay-color":"","overlay-opacity":"","overlay-gradient":""},"tablet":{"background-color":"var(--ast-global-color-5)","background-image":"","background-repeat":"repeat","background-position":"center center","background-size":"auto","background-attachment":"scroll","background-type":"","background-media":"","overlay-type":"","overlay-color":"","overlay-opacity":"","overlay-gradient":""},"mobile":{"background-color":"var(--ast-global-color-5)","background-image":"","background-repeat":"repeat","background-position":"center center","background-size":"auto","background-attachment":"scroll","background-type":"","background-media":"","overlay-type":"","overlay-color":"","overlay-opacity":"","overlay-gradient":""}},"footnotes":""},"class_list":["post-8918","page","type-page","status-publish","hentry"],"post_mailing_queue_ids":[],"_links":{"self":[{"href":"https:\/\/serveiseducatius.xtec.cat\/cda-cansantoi\/wp-json\/wp\/v2\/pages\/8918","targetHints":{"allow":["GET"]}}],"collection":[{"href":"https:\/\/serveiseducatius.xtec.cat\/cda-cansantoi\/wp-json\/wp\/v2\/pages"}],"about":[{"href":"https:\/\/serveiseducatius.xtec.cat\/cda-cansantoi\/wp-json\/wp\/v2\/types\/page"}],"author":[{"embeddable":true,"href":"https:\/\/serveiseducatius.xtec.cat\/cda-cansantoi\/wp-json\/wp\/v2\/users\/3"}],"replies":[{"embeddable":true,"href":"https:\/\/serveiseducatius.xtec.cat\/cda-cansantoi\/wp-json\/wp\/v2\/comments?post=8918"}],"version-history":[{"count":6,"href":"https:\/\/serveiseducatius.xtec.cat\/cda-cansantoi\/wp-json\/wp\/v2\/pages\/8918\/revisions"}],"predecessor-version":[{"id":22486,"href":"https:\/\/serveiseducatius.xtec.cat\/cda-cansantoi\/wp-json\/wp\/v2\/pages\/8918\/revisions\/22486"}],"wp:attachment":[{"href":"https:\/\/serveiseducatius.xtec.cat\/cda-cansantoi\/wp-json\/wp\/v2\/media?parent=8918"}],"curies":[{"name":"wp","href":"https:\/\/api.w.org\/{rel}","templated":true}]}}