{"id":8909,"date":"2014-01-20T11:34:55","date_gmt":"2014-01-20T11:34:55","guid":{"rendered":"http:\/\/blocs.xtec.cat\/cdacansantoi2\/?page_id=962"},"modified":"2022-01-14T12:27:49","modified_gmt":"2022-01-14T11:27:49","slug":"descobrim-la-riera","status":"publish","type":"page","link":"https:\/\/serveiseducatius.xtec.cat\/cda-cansantoi\/descobrim-la-riera\/","title":{"rendered":"Descobrim la riera"},"content":{"rendered":"<p>&nbsp;<\/p>\n<table style=\"width: 564px;\" border=\"0\" cellspacing=\"0\" cellpadding=\"3\">\n<tbody>\n<tr>\n<td width=\"94\">\n<div align=\"center\"><a href=\"http:\/\/www.xtec.cat\/cda-cansantoi\/Descobrim%20la%20riera_cmp.PDF\"><img loading=\"lazy\" decoding=\"async\" class=\"wp-image-1371 aligncenter\" style=\"border: 0px none;\" src=\"http:\/\/serveiseducatius.xtec.cat\/cda-cansantoi\/wp-content\/uploads\/usu1385\/2014\/05\/qta.gif\" alt=\"Baixar quadern de treball de l'alumne\" width=\"40\" height=\"40\" \/><\/a><\/div>\n<\/td>\n<td width=\"94\">\n<div align=\"center\"><a href=\"http:\/\/www.xtec.cat\/cda-cansantoi\/Fulls_organitzacio_sortida\/organitzacio_sortida_rie-cmp.doc\" target=\"_blank\" rel=\"noopener\"><img loading=\"lazy\" decoding=\"async\" class=\"aligncenter wp-image-1358 size-full\" style=\"border: 0px none;\" src=\"http:\/\/serveiseducatius.xtec.cat\/cda-cansantoi\/wp-content\/uploads\/usu1385\/2014\/05\/carpeta_camp.png\" alt=\"Baixar full d'organitzaci\u00f3 de la sortida\" width=\"32\" height=\"32\" \/><\/a><\/div>\n<\/td>\n<td width=\"94\">\n<div align=\"center\"><a href=\"http:\/\/www.xtec.cat\/cda-cansantoi\/Guies prof\/Descobrim la riera_cmp_guia.pdf\" target=\"_blank\" rel=\"noopener\"><img loading=\"lazy\" decoding=\"async\" class=\"aligncenter wp-image-1420\" style=\"border: 0px none;\" src=\"http:\/\/serveiseducatius.xtec.cat\/cda-cansantoi\/wp-content\/uploads\/usu1385\/2014\/01\/llibreta.gif\" alt=\"llibreta\" width=\"28\" height=\"36\" \/><\/a><\/div>\n<\/td>\n<td align=\"center\" width=\"94\">\n<div align=\"center\"><a href=\"https:\/\/serveiseducatius.xtec.cat\/cda-cansantoi\/el-camp\/on-som\/\"><img loading=\"lazy\" decoding=\"async\" class=\"aligncenter wp-image-1416 size-full\" style=\"border: 0px none;\" src=\"https:\/\/serveiseducatius.xtec.cat\/cda-cansantoi\/wp-content\/uploads\/usu1385\/2014\/01\/Punt-de-trobada.png\" alt=\"Punt de trobada\" width=\"44\" height=\"40\" \/><\/a><\/div>\n<\/td>\n<td width=\"94\"><\/td>\n<td width=\"94\"><span style=\"font-size: large;\"><strong><span style=\"color: #800000;\">RIE-CMP<\/span><\/strong><\/span><\/td>\n<\/tr>\n<tr>\n<td width=\"94\">\n<div class=\"Estilo1\" align=\"center\">\n<div align=\"center\"><span style=\"font-size: xx-small;\">Quadern de treball<\/span><\/div>\n<\/div>\n<\/td>\n<td width=\"94\">\n<div class=\"Estilo1\" align=\"center\">\n<div align=\"center\"><span style=\"font-size: xx-small;\">Full d&#8217;organitzaci\u00f3 de sortida<\/span><\/div>\n<\/div>\n<\/td>\n<td width=\"94\">\n<div class=\"Estilo1\" align=\"center\">\n<div align=\"center\"><span style=\"font-size: xx-small;\">Propostes act. pr\u00e8vies i posteriors<\/span><\/div>\n<\/div>\n<\/td>\n<td width=\"94\">\n<div class=\"Estilo1\" align=\"center\">\n<div align=\"center\"><span style=\"font-size: xx-small;\">Lloc de trobada<\/span><\/div>\n<\/div>\n<\/td>\n<td width=\"94\">\n<div class=\"Estilo1\" align=\"center\"><span style=\"font-size: xx-small;\">\u00a0<\/span><\/div>\n<\/td>\n<td width=\"94\">\n<div class=\"Estilo1\" align=\"center\"><span style=\"font-size: xx-small;\">Codi activitat<\/span><\/div>\n<\/td>\n<\/tr>\n<\/tbody>\n<\/table>\n<p style=\"text-align: justify;\"><span style=\"font-family: Arial,Helvetica; color: #000000;\"><strong>\u00c0mbit curricular<\/strong>: Coneixement del medi natural, social i cultural<a href=\"http:\/\/serveiseducatius.xtec.cat\/cda-cansantoi\/wp-content\/uploads\/usu1385\/2014\/05\/riera-2.jpg\"><img loading=\"lazy\" decoding=\"async\" class=\"alignright size-full wp-image-1729\" src=\"http:\/\/serveiseducatius.xtec.cat\/cda-cansantoi\/wp-content\/uploads\/usu1385\/2014\/05\/riera-2.jpg\" alt=\"riera 2\" width=\"300\" height=\"225\" srcset=\"https:\/\/serveiseducatius.xtec.cat\/cda-cansantoi\/wp-content\/uploads\/usu1385\/2014\/05\/riera-2.jpg 300w, https:\/\/serveiseducatius.xtec.cat\/cda-cansantoi\/wp-content\/uploads\/usu1385\/2014\/05\/riera-2-200x150.jpg 200w\" sizes=\"auto, (max-width: 300px) 100vw, 300px\" \/><\/a><\/span><\/p>\n<p style=\"text-align: justify;\"><span style=\"color: #000000;\"><span style=\"font-family: Arial,Helvetica;\"><strong>Lloc on es realitza:<\/strong> Camp d&#8217;Aprenentatge i riera de Vallvidrera<\/span>\u00a0<\/span><\/p>\n<p style=\"text-align: justify;\"><span style=\"color: #000000;\"><span style=\"font-family: Arial,Helvetica;\"><strong>Nivell educatiu:<\/strong> Cicle Mitj\u00e0 d&#8217;EP<\/span>\u00a0<\/span><\/p>\n<p style=\"text-align: justify;\"><span style=\"color: #000000;\"><span style=\"font-family: Arial,Helvetica;\"><strong>Estacionalitat:<\/strong> Tot l&#8217;any<\/span>\u00a0<\/span><\/p>\n<p style=\"text-align: justify;\"><span style=\"color: #000000;\"><span style=\"font-family: Arial,Helvetica;\"><strong>Objectius:<\/strong> Iniciar-se en el coneixement d&#8217;una riera: el medi aqu\u00e0tic, les plantes i els animals.<\/span>\u00a0<\/span><\/p>\n<p style=\"text-align: justify;\"><span style=\"color: #000000;\"><span style=\"font-family: Arial,Helvetica;\"><strong>Tipus d&#8217;activitat:<\/strong> Treball de camp \/ laboratori<\/span>\u00a0<\/span><\/p>\n<p style=\"text-align: justify;\"><span style=\"color: #000000;\"><span style=\"font-family: Arial,Helvetica;\"><strong>Descripci\u00f3:<\/strong> Activitat d&#8217;iniciaci\u00f3 a l&#8217;ecologia de camp. Mesura de par\u00e0metres f\u00edsics elementals de l&#8217;aigua de la riera (temperatura, color, olor, amplada, fond\u00e0ria..). Observaci\u00f3 de vegetals dins i fora de l&#8217;aigua. Recol\u00b7lecci\u00f3 controlada de mostres de macroinvertebrats de la riera: observaci\u00f3, descripci\u00f3 i identificaci\u00f3. Elaboraci\u00f3 de resums i conclusions<\/span>\u00a0<\/span><\/p>\n<p style=\"text-align: justify;\"><span style=\"color: #000000;\"><span style=\"font-family: Arial,Helvetica;\"><strong>Material:<\/strong> Quadern de treball.<\/span>\u00a0 <\/span><br \/>\n<span style=\"color: #000000;\"><span style=\"font-family: Arial,Helvetica;\">Estris de treball de camp: xarxes de recol\u00b7lecci\u00f3, pots, term\u00f2metres, cinta m\u00e8trica&#8230;.<\/span>\u00a0 <\/span><br \/>\n<span style=\"color: #000000;\"><span style=\"font-family: Arial,Helvetica;\">Estris de laboratori: lupes binoculars, safates, plaques de Petri.<\/span> <span style=\"font-family: Arial,Helvetica;\">, fitxes de suport.<\/span>\u00a0<\/span><\/p>\n<p style=\"text-align: justify;\"><span style=\"color: #000000;\"><span style=\"font-family: Arial,Helvetica;\"><strong>Durada:\u00a0<\/strong>\u00a0Mitja jornada<\/span><\/span><\/p>\n<p style=\"text-align: justify;\"><span style=\"color: #000000;\"><strong><span style=\"font-family: Arial,Helvetica;\">Despla\u00e7ament:<\/span><\/strong> <span style=\"font-family: Arial,Helvetica;\">Recorregut a peu, 30 min<\/span>\u00a0<\/span><\/p>\n<p style=\"text-align: justify;\"><span style=\"font-family: Arial,Helvetica; color: #000000;\"><strong>Observacions:<\/strong> Cal portar botes d&#8217;aigua.<\/span><\/p>\n","protected":false},"excerpt":{"rendered":"<p>&nbsp; RIE-CMP Quadern de treball Full d&#8217;organitzaci\u00f3 de sortida Propostes act. pr\u00e8vies i posteriors Lloc de trobada \u00a0 Codi activitat \u00c0mbit curricular: Coneixement del medi natural, social i cultural Lloc on es realitza: Camp d&#8217;Aprenentatge i riera de Vallvidrera\u00a0 Nivell educatiu: Cicle Mitj\u00e0 d&#8217;EP\u00a0 Estacionalitat: Tot l&#8217;any\u00a0 Objectius: Iniciar-se en el coneixement d&#8217;una riera: el [&hellip;]<\/p>\n","protected":false},"author":3,"featured_media":0,"parent":0,"menu_order":0,"comment_status":"closed","ping_status":"closed","template":"","meta":{"_bbp_topic_count":0,"_bbp_reply_count":0,"_bbp_total_topic_count":0,"_bbp_total_reply_count":0,"_bbp_voice_count":0,"_bbp_anonymous_reply_count":0,"_bbp_topic_count_hidden":0,"_bbp_reply_count_hidden":0,"_bbp_forum_subforum_count":0,"site-sidebar-layout":"default","site-content-layout":"","ast-site-content-layout":"","site-content-style":"default","site-sidebar-style":"default","ast-global-header-display":"","ast-banner-title-visibility":"","ast-main-header-display":"","ast-hfb-above-header-display":"","ast-hfb-below-header-display":"","ast-hfb-mobile-header-display":"","site-post-title":"","ast-breadcrumbs-content":"","ast-featured-img":"","footer-sml-layout":"","theme-transparent-header-meta":"","adv-header-id-meta":"","stick-header-meta":"","header-above-stick-meta":"","header-main-stick-meta":"","header-below-stick-meta":"","astra-migrate-meta-layouts":"default","ast-page-background-enabled":"default","ast-page-background-meta":{"desktop":{"background-color":"var(--ast-global-color-4)","background-image":"","background-repeat":"repeat","background-position":"center center","background-size":"auto","background-attachment":"scroll","background-type":"","background-media":"","overlay-type":"","overlay-color":"","overlay-opacity":"","overlay-gradient":""},"tablet":{"background-color":"","background-image":"","background-repeat":"repeat","background-position":"center center","background-size":"auto","background-attachment":"scroll","background-type":"","background-media":"","overlay-type":"","overlay-color":"","overlay-opacity":"","overlay-gradient":""},"mobile":{"background-color":"","background-image":"","background-repeat":"repeat","background-position":"center center","background-size":"auto","background-attachment":"scroll","background-type":"","background-media":"","overlay-type":"","overlay-color":"","overlay-opacity":"","overlay-gradient":""}},"ast-content-background-meta":{"desktop":{"background-color":"var(--ast-global-color-5)","background-image":"","background-repeat":"repeat","background-position":"center center","background-size":"auto","background-attachment":"scroll","background-type":"","background-media":"","overlay-type":"","overlay-color":"","overlay-opacity":"","overlay-gradient":""},"tablet":{"background-color":"var(--ast-global-color-5)","background-image":"","background-repeat":"repeat","background-position":"center center","background-size":"auto","background-attachment":"scroll","background-type":"","background-media":"","overlay-type":"","overlay-color":"","overlay-opacity":"","overlay-gradient":""},"mobile":{"background-color":"var(--ast-global-color-5)","background-image":"","background-repeat":"repeat","background-position":"center center","background-size":"auto","background-attachment":"scroll","background-type":"","background-media":"","overlay-type":"","overlay-color":"","overlay-opacity":"","overlay-gradient":""}},"footnotes":""},"class_list":["post-8909","page","type-page","status-publish","hentry"],"post_mailing_queue_ids":[],"_links":{"self":[{"href":"https:\/\/serveiseducatius.xtec.cat\/cda-cansantoi\/wp-json\/wp\/v2\/pages\/8909","targetHints":{"allow":["GET"]}}],"collection":[{"href":"https:\/\/serveiseducatius.xtec.cat\/cda-cansantoi\/wp-json\/wp\/v2\/pages"}],"about":[{"href":"https:\/\/serveiseducatius.xtec.cat\/cda-cansantoi\/wp-json\/wp\/v2\/types\/page"}],"author":[{"embeddable":true,"href":"https:\/\/serveiseducatius.xtec.cat\/cda-cansantoi\/wp-json\/wp\/v2\/users\/3"}],"replies":[{"embeddable":true,"href":"https:\/\/serveiseducatius.xtec.cat\/cda-cansantoi\/wp-json\/wp\/v2\/comments?post=8909"}],"version-history":[{"count":1,"href":"https:\/\/serveiseducatius.xtec.cat\/cda-cansantoi\/wp-json\/wp\/v2\/pages\/8909\/revisions"}],"predecessor-version":[{"id":13855,"href":"https:\/\/serveiseducatius.xtec.cat\/cda-cansantoi\/wp-json\/wp\/v2\/pages\/8909\/revisions\/13855"}],"wp:attachment":[{"href":"https:\/\/serveiseducatius.xtec.cat\/cda-cansantoi\/wp-json\/wp\/v2\/media?parent=8909"}],"curies":[{"name":"wp","href":"https:\/\/api.w.org\/{rel}","templated":true}]}}