{"id":8545,"date":"2014-04-25T10:55:45","date_gmt":"2014-04-25T09:55:45","guid":{"rendered":"http:\/\/blocs.xtec.cat\/cdacansantoi2\/?page_id=1163"},"modified":"2025-12-11T13:33:53","modified_gmt":"2025-12-11T12:33:53","slug":"que-fem","status":"publish","type":"page","link":"https:\/\/serveiseducatius.xtec.cat\/cda-cansantoi\/el-camp\/que-fem\/","title":{"rendered":"Qu\u00e8 fem?"},"content":{"rendered":"<p>&nbsp;<\/p>\n<figure id=\"attachment_1185\" aria-describedby=\"caption-attachment-1185\" style=\"width: 358px\" class=\"wp-caption alignright\"><img loading=\"lazy\" decoding=\"async\" class=\"wp-image-1185\" src=\"http:\/\/serveiseducatius.xtec.cat\/cda-cansantoi\/wp-content\/uploads\/usu1385\/2014\/04\/esquema_actuacions_cda-300x240.png\" alt=\"esquema_actuacions_cda\" width=\"358\" height=\"286\" \/><figcaption id=\"caption-attachment-1185\" class=\"wp-caption-text\"><span style=\"font-size: 8pt; color: #808080;\">Blau: Actuacions destinades preferentment a l&#8217;alumnat Verd: Actuacions destinades preferentment al professorat Violeta: Actuacions destinades a ambd\u00f3s col\u00b7lectiu<\/span><\/figcaption><\/figure>\n<p><span style=\"font-size: 18pt;\"><strong>Activitats<\/strong><\/span><\/p>\n<p style=\"text-align: justify;\"><a href=\"http:\/\/serveiseducatius.xtec.cat\/cda-cansantoi\/wp-content\/uploads\/usu1385\/2014\/04\/riera-e1478511510907.jpg\"><img loading=\"lazy\" decoding=\"async\" class=\"alignleft wp-image-1241\" style=\"margin-right: 8px; margin-left: 5px;\" src=\"http:\/\/blocs.xtec.cat\/cdacansantoi\/files\/2014\/04\/riera-300x225.jpg\" alt=\"riera\" width=\"325\" height=\"244\" \/><\/a>Les activitats s\u00f3n adequades per a desenvolupar aspectes concrets del curr\u00edculum d&#8217;una forma pr\u00e0ctica i experimental. El contacte directe amb el medi o l&#8217;objecte d&#8217;estudi potencia els aspectes emocionals i vivencials de l&#8217;alumnat i en refor\u00e7a l&#8217;aprenentatge.<\/p>\n<p>&nbsp;<\/p>\n<p>Les tem\u00e0tiques de treball que ofereix el CdA de Can Santoi es centren b\u00e0sicament en la descoberta i la interpretaci\u00f3 del <strong>patrimoni natural de Collserola<\/strong> (ecosistemes mediterranis, geologia, meteorologia, etc&#8230;), per\u00f2 tamb\u00e9 oferim <strong>activitats de caire tecnol\u00f2gic<\/strong> (aplicacions de l&#8217;energia solar, tecnologia GPS&#8230;) i altres d&#8217;<strong>aspectes hist\u00f2rics i culturals d&#8217;inter\u00e8s de la comarca del Baix Llobregat<\/strong> (Col\u00f2nia G\u00fcell, modernisme a Sant Joan Desp\u00ed&#8230;).<\/p>\n<p style=\"text-align: justify;\">La majoria de les nostres <a href=\"https:\/\/serveiseducatius.xtec.cat\/cda-cansantoi\/ambits\/\">Activitats<\/a> les realitzem al magn\u00edfic entorn del CdA Can Santoi. Consulteu-les al nostre mapa interactiu.<\/p>\n<p><strong>Mapa interactiu de les activitats del CdA Can Santoi a l&#8217;entorn proper del Camp<\/strong><\/p>\n<p style=\"text-align: center;\"><div class=\"h5p-iframe-wrapper\"><iframe id=\"h5p-iframe-2\" class=\"h5p-iframe\" data-content-id=\"2\" style=\"height:1px\" src=\"about:blank\" frameBorder=\"0\" scrolling=\"no\" title=\"Zones de projectes prop del CdA Can Santoi\"><\/iframe><\/div><\/p>\n<p style=\"text-align: justify;\">A m\u00e9s, tamb\u00e9 ens desplacem per la zona d&#8217;inter\u00e8s proper al Camp d&#8217;Aprenentatge. Consulta el mapa interactiu per descobrir m\u00e9s informaci\u00f3 de les activitats que realitzem a la comarca del Baix Llobregat.<\/p>\n<p><strong>Mapa interactiu de les activitats del CdA Can Santoi a la comarca del Baix Llobregat<\/strong><\/p>\n<div class=\"postbox h5p-sidebar\">\n<div class=\"h5p-action-bar-settings h5p-panel\" style=\"text-align: center;\"><code><div class=\"h5p-iframe-wrapper\"><iframe id=\"h5p-iframe-4\" class=\"h5p-iframe\" data-content-id=\"4\" style=\"height:1px\" src=\"about:blank\" frameBorder=\"0\" scrolling=\"no\" title=\"Mapa activitats Can Santoi\"><\/iframe><\/div><\/code><\/div>\n<\/div>\n<div class=\"postbox h5p-sidebar\"><\/div>\n<div><\/div>\n<p>&nbsp;<\/p>\n<p>Les actuacions del Camp d&#8217;Aprenentatge van destinades a desenvolupar el perfil\u00a0competencial de sortida i en l&#8217;\u00e8xit escolar de l&#8217;alumnat de nivells compresos entre<strong> cicle mitj\u00e0 de prim\u00e0ria fins a Batxillerat, escola d&#8217;adults i determinats Cicles Formatius<\/strong>.<\/p>\n<p>I ho fem, evidentment, a trav\u00e9s dels centres docents p\u00fablics i concertats de Catalunya i amb la indispensable col\u00b7laboraci\u00f3 i participaci\u00f3 dels seus mestres i professors.<\/p>\n<p>Per tal d&#8217;aconseguir-ho oferim un ventall de serveis for\u00e7a diversos, per\u00f2 complementaris i que es reforcen entre ells.<\/p>\n<p style=\"text-align: justify;\"><span style=\"font-size: 18pt;\"><strong>Els projectes<\/strong><\/span><\/p>\n<p style=\"text-align: justify;\">Els projectes compartits entre centres docents i el Camp d&#8217;Aprenentatge impliquen un nivell m\u00e9s elevat d&#8217;implicaci\u00f3 i de participaci\u00f3 m\u00fatua. Poden suposar la creaci\u00f3 d&#8217;un grup de treball per tal de definir conjuntament els objectius, les activitats d&#8217;aprenentatge, la metodologia i l&#8217;avaluaci\u00f3.<\/p>\n<p><span style=\"font-size: 16px; text-align: justify;\">Les modalitats poden ser diverses i estan en funci\u00f3 de la manera en que s&#8217;articula el projecte:<\/span><\/p>\n<ul>\n<li style=\"text-align: justify;\">Diverses sortides d&#8217;un dia d&#8217;un mateix grup classe per a realitzar un projecte concret.<\/li>\n<li style=\"text-align: justify;\">Diversos centres de diferents indrets de Catalunya amb un projecte com\u00fa en el qual es comparteixen dades i experi\u00e8ncies.<\/li>\n<\/ul>\n<p style=\"text-align: justify;\"><span style=\"font-size: 18pt;\"><strong>Formaci\u00f3 i assessorament del professorat<\/strong><\/span><\/p>\n<p style=\"text-align: justify;\">Col\u00b7laborem en la formaci\u00f3 inicial i permanent del professorat mitjan\u00e7ant:<a href=\"http:\/\/serveiseducatius.xtec.cat\/cda-cansantoi\/wp-content\/uploads\/usu1385\/2014\/04\/curs-estiu07-046-e1478511521386.jpg\"><img loading=\"lazy\" decoding=\"async\" class=\"alignleft size-medium wp-image-1240\" src=\"http:\/\/blocs.xtec.cat\/cdacansantoi\/files\/2014\/04\/curs-estiu07-046-300x225.jpg\" alt=\"curs-estiu07 046\" width=\"309\" height=\"236\" \/><\/a><\/p>\n<ul>\n<li>les trobades de coordinaci\u00f3 per a la preparaci\u00f3 d&#8217;estades i de sortides.<\/li>\n<li>les presentacions del servei educatiu per al professorat recentment incorporat.<\/li>\n<li>les visites d&#8217;estudiants universitaris.<\/li>\n<li>l&#8217;oferta de cursos de formaci\u00f3 sobre tem\u00e0tiques pr\u00f2pies del CdA.<\/li>\n<\/ul>\n<p style=\"text-align: justify;\">Tamb\u00e9 facilitem assessorament personalitzat a aquells professors que ho sol\u00b7licitin sobre temes espec\u00edfics del Camp.<\/p>\n<p style=\"text-align: justify;\"><span style=\"font-size: 18pt;\"><strong>Recursos<\/strong><\/span><\/p>\n<p style=\"text-align: justify;\">Finalment, oferim un ventall de recursos, \u00fatils tant per l&#8217;alumnat com per al professorat que posem a la seva disposici\u00f3:<\/p>\n<ul>\n<li>guions i quaderns de treball<\/li>\n<li>aplicacions inform\u00e0tiques<\/li>\n<li>fons documental especialitzat<\/li>\n<li>dades meteorol\u00f2giques<\/li>\n<li>articles cient\u00edfics, t\u00e8cnics i relacionats amb l&#8217;entorn natural i patrimonial que aniran apareixent en aquest mateix web<\/li>\n<li>pr\u00e9stec de materials i aparells did\u00e0ctics<\/li>\n<\/ul>\n<p>&nbsp;<\/p>\n<p><span style=\"font-size: 18pt;\"><strong>Perfil competencial i compet\u00e8ncies espec\u00edfiques<\/strong><\/span><\/p>\n<p style=\"text-align: justify;\">En totes les propostes did\u00e0ctiques del Camp d&#8217;Aprenentatge Can Santoi es treballen diferents <strong>compet\u00e8ncies clau<\/strong> cercant contribuir a l&#8217;assoliment del <strong>perfil competencial de sortida<\/strong> de l&#8217;alumnat al final de l&#8217;educaci\u00f3 b\u00e0sica (prim\u00e0ria, secund\u00e0ria i cicles formatius) i al batxillerat. A m\u00e9s, cada activitat contribueix al desenvolupament de les <strong>compet\u00e8ncies espec\u00edfiques de les \u00e0rees de medi natural, social i cultural<\/strong> (prim\u00e0ria) i de la mat\u00e8ria de <strong>biologia i geologia<\/strong> (ESO), aix\u00ed com les mat\u00e8ries de modalitat del batxillerat de ci\u00e8ncies i tecnologia de <strong>Biologia<\/strong> i <strong>Geologia i Ci\u00e8ncies Ambientals<\/strong>.<\/p>\n<p>Podeu consultar les compet\u00e8ncies clau i espec\u00edfiques per a cada situaci\u00f3 d&#8217;aprenentatge\/proposta did\u00e0ctica i <a href=\"https:\/\/serveiseducatius.xtec.cat\/cda-cansantoi\/el-camp\/nivells\/\">nivell<\/a>.<\/p>\n","protected":false},"excerpt":{"rendered":"<p>&nbsp; Activitats Les activitats s\u00f3n adequades per a desenvolupar aspectes concrets del curr\u00edculum d&#8217;una forma pr\u00e0ctica i experimental. El contacte directe amb el medi o l&#8217;objecte d&#8217;estudi potencia els aspectes emocionals i vivencials de l&#8217;alumnat i en refor\u00e7a l&#8217;aprenentatge. &nbsp; Les tem\u00e0tiques de treball que ofereix el CdA de Can Santoi es centren b\u00e0sicament en [&hellip;]<\/p>\n","protected":false},"author":1,"featured_media":0,"parent":8225,"menu_order":2,"comment_status":"closed","ping_status":"closed","template":"","meta":{"_bbp_topic_count":0,"_bbp_reply_count":0,"_bbp_total_topic_count":0,"_bbp_total_reply_count":0,"_bbp_voice_count":0,"_bbp_anonymous_reply_count":0,"_bbp_topic_count_hidden":0,"_bbp_reply_count_hidden":0,"_bbp_forum_subforum_count":0,"site-sidebar-layout":"default","site-content-layout":"","ast-site-content-layout":"default","site-content-style":"default","site-sidebar-style":"default","ast-global-header-display":"","ast-banner-title-visibility":"","ast-main-header-display":"","ast-hfb-above-header-display":"","ast-hfb-below-header-display":"","ast-hfb-mobile-header-display":"","site-post-title":"","ast-breadcrumbs-content":"","ast-featured-img":"","footer-sml-layout":"","theme-transparent-header-meta":"default","adv-header-id-meta":"","stick-header-meta":"","header-above-stick-meta":"","header-main-stick-meta":"","header-below-stick-meta":"","astra-migrate-meta-layouts":"set","ast-page-background-enabled":"default","ast-page-background-meta":{"desktop":{"background-color":"var(--ast-global-color-4)","background-image":"","background-repeat":"repeat","background-position":"center center","background-size":"auto","background-attachment":"scroll","background-type":"","background-media":"","overlay-type":"","overlay-color":"","overlay-opacity":"","overlay-gradient":""},"tablet":{"background-color":"","background-image":"","background-repeat":"repeat","background-position":"center center","background-size":"auto","background-attachment":"scroll","background-type":"","background-media":"","overlay-type":"","overlay-color":"","overlay-opacity":"","overlay-gradient":""},"mobile":{"background-color":"","background-image":"","background-repeat":"repeat","background-position":"center center","background-size":"auto","background-attachment":"scroll","background-type":"","background-media":"","overlay-type":"","overlay-color":"","overlay-opacity":"","overlay-gradient":""}},"ast-content-background-meta":{"desktop":{"background-color":"var(--ast-global-color-5)","background-image":"","background-repeat":"repeat","background-position":"center center","background-size":"auto","background-attachment":"scroll","background-type":"","background-media":"","overlay-type":"","overlay-color":"","overlay-opacity":"","overlay-gradient":""},"tablet":{"background-color":"var(--ast-global-color-5)","background-image":"","background-repeat":"repeat","background-position":"center center","background-size":"auto","background-attachment":"scroll","background-type":"","background-media":"","overlay-type":"","overlay-color":"","overlay-opacity":"","overlay-gradient":""},"mobile":{"background-color":"var(--ast-global-color-5)","background-image":"","background-repeat":"repeat","background-position":"center center","background-size":"auto","background-attachment":"scroll","background-type":"","background-media":"","overlay-type":"","overlay-color":"","overlay-opacity":"","overlay-gradient":""}},"footnotes":""},"class_list":["post-8545","page","type-page","status-publish","hentry"],"post_mailing_queue_ids":[],"_links":{"self":[{"href":"https:\/\/serveiseducatius.xtec.cat\/cda-cansantoi\/wp-json\/wp\/v2\/pages\/8545","targetHints":{"allow":["GET"]}}],"collection":[{"href":"https:\/\/serveiseducatius.xtec.cat\/cda-cansantoi\/wp-json\/wp\/v2\/pages"}],"about":[{"href":"https:\/\/serveiseducatius.xtec.cat\/cda-cansantoi\/wp-json\/wp\/v2\/types\/page"}],"author":[{"embeddable":true,"href":"https:\/\/serveiseducatius.xtec.cat\/cda-cansantoi\/wp-json\/wp\/v2\/users\/1"}],"replies":[{"embeddable":true,"href":"https:\/\/serveiseducatius.xtec.cat\/cda-cansantoi\/wp-json\/wp\/v2\/comments?post=8545"}],"version-history":[{"count":6,"href":"https:\/\/serveiseducatius.xtec.cat\/cda-cansantoi\/wp-json\/wp\/v2\/pages\/8545\/revisions"}],"predecessor-version":[{"id":24507,"href":"https:\/\/serveiseducatius.xtec.cat\/cda-cansantoi\/wp-json\/wp\/v2\/pages\/8545\/revisions\/24507"}],"up":[{"embeddable":true,"href":"https:\/\/serveiseducatius.xtec.cat\/cda-cansantoi\/wp-json\/wp\/v2\/pages\/8225"}],"wp:attachment":[{"href":"https:\/\/serveiseducatius.xtec.cat\/cda-cansantoi\/wp-json\/wp\/v2\/media?parent=8545"}],"curies":[{"name":"wp","href":"https:\/\/api.w.org\/{rel}","templated":true}]}}