{"id":8539,"date":"2013-11-18T10:16:41","date_gmt":"2013-11-18T09:16:41","guid":{"rendered":"http:\/\/blocs.xtec.cat\/cdaaltbergueda\/?page_id=359"},"modified":"2017-07-04T13:51:10","modified_gmt":"2017-07-04T11:51:10","slug":"formulari-de-valoracio-estades","status":"publish","type":"page","link":"https:\/\/serveiseducatius.xtec.cat\/cda-cansantoi\/amb-els-centres\/formulari-de-valoracio\/formulari-de-valoracio-estades\/","title":{"rendered":"Valoracions d&#8217;estades"},"content":{"rendered":"<p><span style=\"background-color: #ffffff; color: #000080;\"><strong>Avaluaci\u00f3 per part del professorat<\/strong><\/span><\/p>\n<p>Un cop finalitzada l&#8217;estada al Camp d&#8217;Aprenentatge i d&#8217;haver realitzat els treballs posteriors amb els alumnes al vostre centre, cal que valoreu com ha anat tot plegat. En previsi\u00f3 de possibles oblits, us enviarem un correu electr\u00f2nic uns dies despr\u00e9s de l&#8217;estada per fer-vos-en mem\u00f2ria.<\/p>\n<p><a href=\"https:\/\/goo.gl\/forms\/5TezYlRGX5S7mUIB2\"><img loading=\"lazy\" decoding=\"async\" class=\"alignleft wp-image-2074\" src=\"http:\/\/blocs.xtec.cat\/cdacansantoi\/files\/2013\/11\/imatge_avaluacio_estada.gif\" alt=\"imatge_avaluacio_estada\" width=\"92\" height=\"118\" \/><\/a>Hem creat formularis a &#8220;google drive&#8221; per a completar les vostres valoracions. Cal contestar tots els camps amb asterisc (*) i al final clicar el bot\u00f3 \u201cenvia\u201d. Completeu una sola enquesta per estada. Gr\u00e0cies!<\/p>\n<p><a href=\"https:\/\/goo.gl\/forms\/5TezYlRGX5S7mUIB2\" target=\"_blank\">Acc\u00e9s a l&#8217;enquesta<\/a><\/p>\n<p><span style=\"background-color: #ffffff; color: #000080;\"><strong>Avaluaci\u00f3 per part de l&#8217;alumnat<\/strong><\/span><\/p>\n<p>La sessi\u00f3 d&#8217;avaluaci\u00f3 amb els alumnes est\u00e0 pensada per a fer-la al centre docent despr\u00e9s de l&#8217;estada a Can Santoi i d&#8217;haver realitzat les activitats posteriors acordades. Les respostes s\u00f3n per grup de treball, no per a cada alumne de forma individual.<\/p>\n<p>El format est\u00e0 basat en un formulari electr\u00f2nic a internet que trobareu al <a href=\"http:\/\/serveiseducatius.xtec.cat\/cda-cansantoi\/nodes\/\">Node de la vostra estada\u00a0<\/a><\/p>\n","protected":false},"excerpt":{"rendered":"<p>Avaluaci\u00f3 per part del professorat Un cop finalitzada l&#8217;estada al Camp d&#8217;Aprenentatge i d&#8217;haver realitzat els treballs posteriors amb els alumnes al vostre centre, cal que valoreu com ha anat tot plegat. En previsi\u00f3 de possibles oblits, us enviarem un correu electr\u00f2nic uns dies despr\u00e9s de l&#8217;estada per fer-vos-en mem\u00f2ria. Hem creat formularis a &#8220;google [&hellip;]<\/p>\n","protected":false},"author":1,"featured_media":0,"parent":359,"menu_order":1,"comment_status":"closed","ping_status":"closed","template":"page-templates\/side-menu.php","meta":{"_bbp_topic_count":0,"_bbp_reply_count":0,"_bbp_total_topic_count":0,"_bbp_total_reply_count":0,"_bbp_voice_count":0,"_bbp_anonymous_reply_count":0,"_bbp_topic_count_hidden":0,"_bbp_reply_count_hidden":0,"_bbp_forum_subforum_count":0,"site-sidebar-layout":"default","site-content-layout":"","ast-site-content-layout":"","site-content-style":"default","site-sidebar-style":"default","ast-global-header-display":"","ast-banner-title-visibility":"","ast-main-header-display":"","ast-hfb-above-header-display":"","ast-hfb-below-header-display":"","ast-hfb-mobile-header-display":"","site-post-title":"","ast-breadcrumbs-content":"","ast-featured-img":"","footer-sml-layout":"","theme-transparent-header-meta":"","adv-header-id-meta":"","stick-header-meta":"","header-above-stick-meta":"","header-main-stick-meta":"","header-below-stick-meta":"","astra-migrate-meta-layouts":"default","ast-page-background-enabled":"default","ast-page-background-meta":{"desktop":{"background-color":"var(--ast-global-color-4)","background-image":"","background-repeat":"repeat","background-position":"center center","background-size":"auto","background-attachment":"scroll","background-type":"","background-media":"","overlay-type":"","overlay-color":"","overlay-opacity":"","overlay-gradient":""},"tablet":{"background-color":"","background-image":"","background-repeat":"repeat","background-position":"center center","background-size":"auto","background-attachment":"scroll","background-type":"","background-media":"","overlay-type":"","overlay-color":"","overlay-opacity":"","overlay-gradient":""},"mobile":{"background-color":"","background-image":"","background-repeat":"repeat","background-position":"center center","background-size":"auto","background-attachment":"scroll","background-type":"","background-media":"","overlay-type":"","overlay-color":"","overlay-opacity":"","overlay-gradient":""}},"ast-content-background-meta":{"desktop":{"background-color":"var(--ast-global-color-5)","background-image":"","background-repeat":"repeat","background-position":"center center","background-size":"auto","background-attachment":"scroll","background-type":"","background-media":"","overlay-type":"","overlay-color":"","overlay-opacity":"","overlay-gradient":""},"tablet":{"background-color":"var(--ast-global-color-5)","background-image":"","background-repeat":"repeat","background-position":"center center","background-size":"auto","background-attachment":"scroll","background-type":"","background-media":"","overlay-type":"","overlay-color":"","overlay-opacity":"","overlay-gradient":""},"mobile":{"background-color":"var(--ast-global-color-5)","background-image":"","background-repeat":"repeat","background-position":"center center","background-size":"auto","background-attachment":"scroll","background-type":"","background-media":"","overlay-type":"","overlay-color":"","overlay-opacity":"","overlay-gradient":""}},"footnotes":""},"class_list":["post-8539","page","type-page","status-publish","hentry"],"post_mailing_queue_ids":[],"_links":{"self":[{"href":"https:\/\/serveiseducatius.xtec.cat\/cda-cansantoi\/wp-json\/wp\/v2\/pages\/8539","targetHints":{"allow":["GET"]}}],"collection":[{"href":"https:\/\/serveiseducatius.xtec.cat\/cda-cansantoi\/wp-json\/wp\/v2\/pages"}],"about":[{"href":"https:\/\/serveiseducatius.xtec.cat\/cda-cansantoi\/wp-json\/wp\/v2\/types\/page"}],"author":[{"embeddable":true,"href":"https:\/\/serveiseducatius.xtec.cat\/cda-cansantoi\/wp-json\/wp\/v2\/users\/1"}],"replies":[{"embeddable":true,"href":"https:\/\/serveiseducatius.xtec.cat\/cda-cansantoi\/wp-json\/wp\/v2\/comments?post=8539"}],"version-history":[{"count":3,"href":"https:\/\/serveiseducatius.xtec.cat\/cda-cansantoi\/wp-json\/wp\/v2\/pages\/8539\/revisions"}],"predecessor-version":[{"id":9018,"href":"https:\/\/serveiseducatius.xtec.cat\/cda-cansantoi\/wp-json\/wp\/v2\/pages\/8539\/revisions\/9018"}],"up":[{"embeddable":true,"href":"https:\/\/serveiseducatius.xtec.cat\/cda-cansantoi\/wp-json\/wp\/v2\/pages\/359"}],"wp:attachment":[{"href":"https:\/\/serveiseducatius.xtec.cat\/cda-cansantoi\/wp-json\/wp\/v2\/media?parent=8539"}],"curies":[{"name":"wp","href":"https:\/\/api.w.org\/{rel}","templated":true}]}}